{"id":866,"date":"2025-03-29T16:17:20","date_gmt":"2025-03-29T16:17:20","guid":{"rendered":"https:\/\/havteam.me\/?page_id=866"},"modified":"2026-04-23T17:02:48","modified_gmt":"2026-04-23T17:02:48","slug":"token","status":"publish","type":"page","link":"https:\/\/www.havteam.me\/?page_id=866","title":{"rendered":"Token"},"content":{"rendered":"\n<figure class=\"wp-block-table is-style-regular\"><table class=\"has-fixed-layout\"><tbody><tr><td><a href=\"https:\/\/www.havteam.me\/?page_id=631\" title=\"\" target=\"_blank\" rel=\"noopener\"><mark style=\"background-color:rgba(0, 0, 0, 0)\" class=\"has-inline-color has-ast-global-color-0-color\">Giao Di\u1ec7n<\/mark><\/a><\/td><td><mark style=\"background-color:rgba(0, 0, 0, 0)\" class=\"has-inline-color has-ast-global-color-0-color\"><a href=\"https:\/\/www.havteam.me\/?page_id=853\" title=\"\" target=\"_blank\" rel=\"noopener\">C\u1eeda H\u00e0ng<\/a><\/mark><\/td><td><mark style=\"background-color:rgba(0, 0, 0, 0)\" class=\"has-inline-color has-ast-global-color-0-color\"><a href=\"https:\/\/www.havteam.me\/?page_id=859\" title=\"\" target=\"_blank\" rel=\"noopener\">Ch\u1ee9c N\u0103ng<\/a><\/mark><\/td><\/tr><tr><td><mark style=\"background-color:rgba(0, 0, 0, 0)\" class=\"has-inline-color has-ast-global-color-0-color\"><a href=\"https:\/\/www.havteam.me\/?page_id=638\" title=\"\" target=\"_blank\" rel=\"noopener\">H\u1ed7 tr\u1ee3<\/a><\/mark><\/td><td><mark style=\"background-color:rgba(0, 0, 0, 0)\" class=\"has-inline-color has-ast-global-color-0-color\"><a href=\"https:\/\/www.havteam.me\/?page_id=650\" title=\"\" target=\"_blank\" rel=\"noopener\"><span class=\"notranslate\">Supercell ID<\/span><\/a><\/mark><\/td><td><mark style=\"background-color:rgba(0, 0, 0, 0)\" class=\"has-inline-color has-ast-global-color-2-color\"><strong><span class=\"notranslate\">Token<\/span><\/strong><\/mark><\/td><\/tr><tr><td><mark style=\"background-color:rgba(0, 0, 0, 0)\" class=\"has-inline-color has-ast-global-color-0-color\"><a href=\"https:\/\/www.havteam.me\/?page_id=840\" title=\"\" target=\"_blank\" rel=\"noopener\">Nh\u00e2n B\u1ea3n<\/a><\/mark><\/td><td><a title=\"\" href=\"https:\/\/www.havteam.me\/?page_id=202\" target=\"_blank\" rel=\"noopener\"><mark style=\"background-color:rgba(0, 0, 0, 0)\" class=\"has-inline-color has-ast-global-color-0-color\">B\u00e0n ph\u00edm<\/mark><\/a><\/td><td><mark style=\"background-color:rgba(0, 0, 0, 0)\" class=\"has-inline-color has-ast-global-color-0-color\"><a href=\"https:\/\/www.havteam.me\/?page_id=873\" title=\"\" target=\"_blank\" rel=\"noopener\">\u1ee8ng d\u1ee5ng<\/a><\/mark><\/td><\/tr><tr><td><mark style=\"background-color:rgba(0, 0, 0, 0)\" class=\"has-inline-color has-ast-global-color-0-color\"><a href=\"https:\/\/www.havteam.me\/?page_id=846\" title=\"\" target=\"_blank\" rel=\"noopener\">C\u00e0i \u0110\u1eb7t<\/a><\/mark><\/td><td><mark style=\"background-color:rgba(0, 0, 0, 0)\" class=\"has-inline-color has-ast-global-color-0-color\"><a href=\"https:\/\/www.havteam.me\/?page_id=3421\" target=\"_blank\" rel=\"noopener\">M\u1eb7c \u0111\u1ecbnh<\/a><\/mark><\/td><td><mark style=\"background-color:rgba(0, 0, 0, 0)\" class=\"has-inline-color has-ast-global-color-0-color\"><a title=\"\" href=\"https:\/\/www.havteam.me\/?page_id=110\" target=\"_blank\" rel=\"noopener\">\u21a9 Tr\u1edf v\u1ec1<\/a><\/mark><\/td><\/tr><\/tbody><\/table><\/figure>\n\n\n\n<div class=\"wp-block-columns is-not-stacked-on-mobile is-layout-flex wp-container-core-columns-is-layout-07b7b7eb wp-block-columns-is-layout-flex\" style=\"padding-top:0;padding-right:0;padding-bottom:0;padding-left:0\">\n<div class=\"wp-block-column is-layout-flow wp-block-column-is-layout-flow\" style=\"flex-basis:65%\">\n<h4 class=\"wp-block-heading\"><strong><strong><strong><strong><span class=\"notranslate\">Token<\/span>  l\u00e0 g\u00ec<\/strong><\/strong><\/strong><\/strong> ?<br><\/h4>\n<\/div>\n\n\n\n<div class=\"wp-block-column is-layout-flow wp-block-column-is-layout-flow\" style=\"flex-basis:35%\">\n<div class=\"wp-block-buttons is-content-justification-right is-layout-flex wp-container-core-buttons-is-layout-d445cf74 wp-block-buttons-is-layout-flex\">\n<div class=\"wp-block-button is-style-outline is-style-outline--1\"><a class=\"wp-block-button__link wp-element-button\" href=\"https:\/\/www.havteam.me\/?page_id=116\" target=\"_blank\" rel=\"noopener\"><mark style=\"background-color:rgba(0, 0, 0, 0)\" class=\"has-inline-color has-ast-global-color-2-color\"><strong>Mua<\/strong><\/mark> \ud83d\udd11<\/a><\/div>\n<\/div>\n<\/div>\n<\/div>\n\n\n\n<p> <span class=\"notranslate\">Token<\/span>  c\u00f3 2 d\u1ea1ng l\u00e0  <strong><mark style=\"background-color:rgba(0, 0, 0, 0);color:#ff6900\" class=\"has-inline-color\"><span class=\"notranslate\">Farm Token<\/span><\/mark><\/strong> <strong><mark style=\"background-color:rgba(0, 0, 0, 0);color:#ff6900\" class=\"has-inline-color\">&amp;<\/mark><\/strong> <span class=\"notranslate\"><strong><mark style=\"background-color:rgba(0, 0, 0, 0);color:#ff6900\" class=\"has-inline-color\">File Token<\/mark><\/strong><\/span><br>\u2728<strong><mark style=\"background-color:rgba(0, 0, 0, 0);color:#ff6900\" class=\"has-inline-color\"><span class=\"notranslate\">Farm Token<\/span> <\/mark><\/strong>l\u00e0 \u0111o\u1ea1n m\u00e3 g\u1ed3m  <strong><mark style=\"background-color:rgba(0, 0, 0, 0);color:#ff6900\" class=\"has-inline-color\">ID &amp; Pass token<\/mark><\/strong>   \u0111\u01b0\u1ee3c m\u00e3 h\u00f3a ra t\u1eeb c\u00e1c Farm ch\u01b0a c\u00f3 \u0111\u0103ng k\u00fd Mail (C\u00f2n g\u1ecdi l\u00e0 Farm tr\u1eafng)<br>\u2728<span class=\"notranslate\"><strong><mark style=\"background-color:rgba(0, 0, 0, 0);color:#ff6900\" class=\"has-inline-color\">File Token<\/mark><\/strong><\/span>  l\u00e0 m\u1ed9t <strong>th\u01b0 m\u1ee5c<\/strong> ch\u1ee9a c\u00e1c file  <strong><mark style=\"background-color:rgba(0, 0, 0, 0);color:#ff6900\" class=\"has-inline-color\">.XML<\/mark><\/strong>  ( C\u00e1c file th\u00f4ng tin h\u1ed3 s\u01a1 c\u1ee7a 1 Farm)<\/p>\n\n\n\n<h4 class=\"wp-block-heading has-text-align-center\">C\u00e1ch t\u1ea1o ra n\u00f3 ?<\/h4>\n\n\n\n<p>C\u00e1ch t\u1ea1o ra c\u00e1c  <span class=\"notranslate\">Token<\/span> ? \ud83d\udc49 S\u1eed d\u1ee5ng  <strong><mark style=\"background-color:rgba(0, 0, 0, 0);color:#ff6900\" class=\"has-inline-color\"><span class=\"notranslate\">Bot Auto<\/span><\/mark><\/strong>  tr\u00ean  <strong><mark style=\"background-color:rgba(0, 0, 0, 0);color:#ff6900\" class=\"has-inline-color\">M\u00e1y t\u00ednh (PC)<\/mark><\/strong>  \u0111\u1ec3 t\u1ea1o ra h\u00e0ng lo\u1ea1t <span class=\"notranslate\">Token<\/span> &#8230;<br>T\u1ea1o ra c\u00e1c v\u1eadt ph\u1ea9m game. \u0110\u1ec3 d\u1ec5 d\u00e0ng mua b\u00e1n, trao \u0111\u1ed5i v\u1eadt ph\u1ea9m trong Farm c\u0169ng nh\u01b0 t\u00e0i kho\u1ea3n Farm.<br><strong><br><\/strong>\u26a0\ufe0f <span class=\"notranslate\"><strong><mark style=\"background-color:rgba(0, 0, 0, 0);color:#ff6900\" class=\"has-inline-color\">Bot Auto<\/mark><\/strong> <\/span><mark style=\"background-color:rgba(0, 0, 0, 0)\" class=\"has-inline-color has-ast-global-color-2-color\">&amp;<\/mark>  s\u1eed d\u1ee5ng tr\u00ean  <strong><mark style=\"background-color:rgba(0, 0, 0, 0);color:#ff6900\" class=\"has-inline-color\">M\u00e1y t\u00ednh<\/mark><\/strong>  s\u1ebd b\u1ecb Supercell qu\u00e9t, v\u00e0 b\u1ecb  <strong><mark style=\"background-color:rgba(0, 0, 0, 0);color:#ff6900\" class=\"has-inline-color\">kh\u00f3a Shop<\/mark><\/strong>  l\u00e0 \u0111i\u1ec1u hi\u1ec3n nhi\u00ean .<br>*** <strong>Team kh\u00f4ng b\u00e1n <span class=\"notranslate\">Bot Auto<\/span>  v\u00e0 kh\u00f4ng b\u00e1n  <span class=\"notranslate\">TOKEN<\/span><\/strong><br>Ch\u1ec9 b\u00e1n  <strong><mark style=\"background-color:rgba(0, 0, 0, 0);color:#ff6900\" class=\"has-inline-color\">FOX<\/mark><\/strong>  l\u00e0 \u1ee9ng d\u1ee5ng qu\u1ea3n l\u00fd, d\u1ecbch \u0111\u1ecdc m\u1edf <strong>FARM<\/strong> l\u00ean t\u1eeb  <strong><mark style=\"background-color:rgba(0, 0, 0, 0);color:#ff6900\" class=\"has-inline-color\">Farm Token<\/mark><\/strong> <strong><mark style=\"background-color:rgba(0, 0, 0, 0);color:#ff6900\" class=\"has-inline-color\">&amp;<\/mark><\/strong> <strong><mark style=\"background-color:rgba(0, 0, 0, 0);color:#ff6900\" class=\"has-inline-color\">File Token<\/mark><\/strong> .<\/p>\n\n\n\n<h2 class=\"wp-block-heading has-text-align-center\">Giao di\u1ec7n tab  <span class=\"notranslate\">Token<\/span><\/h2>\n\n\n\n<div class=\"wp-block-columns is-not-stacked-on-mobile is-layout-flex wp-container-core-columns-is-layout-07b7b7eb wp-block-columns-is-layout-flex\" style=\"padding-top:0;padding-right:0;padding-bottom:0;padding-left:0\">\n<div class=\"wp-block-column is-layout-flow wp-block-column-is-layout-flow\">\n<figure class=\"wp-block-image size-full\"><img fetchpriority=\"high\" decoding=\"async\" width=\"840\" height=\"963\" src=\"https:\/\/www.havteam.me\/wp-content\/uploads\/2025\/08\/Screenshot_20250811-182109_FX-Beta.jpg\" alt=\"\" class=\"wp-image-3015\" srcset=\"https:\/\/havteam.me\/wp-content\/uploads\/2025\/08\/Screenshot_20250811-182109_FX-Beta.jpg 840w, https:\/\/havteam.me\/wp-content\/uploads\/2025\/08\/Screenshot_20250811-182109_FX-Beta-600x688.jpg 600w, https:\/\/havteam.me\/wp-content\/uploads\/2025\/08\/Screenshot_20250811-182109_FX-Beta-64x73.jpg 64w, https:\/\/havteam.me\/wp-content\/uploads\/2025\/08\/Screenshot_20250811-182109_FX-Beta-262x300.jpg 262w, https:\/\/havteam.me\/wp-content\/uploads\/2025\/08\/Screenshot_20250811-182109_FX-Beta-768x880.jpg 768w\" sizes=\"(max-width: 840px) 100vw, 840px\" \/><figcaption class=\"wp-element-caption\">Tab Token<\/figcaption><\/figure>\n<\/div>\n\n\n\n<div class=\"wp-block-column is-layout-flow wp-block-column-is-layout-flow\">\n<figure class=\"wp-block-image size-full\"><img decoding=\"async\" width=\"840\" height=\"1015\" src=\"https:\/\/www.havteam.me\/wp-content\/uploads\/2025\/08\/Screenshot_20250811-181935_FX-Beta.jpg\" alt=\"\" class=\"wp-image-3016\" srcset=\"https:\/\/havteam.me\/wp-content\/uploads\/2025\/08\/Screenshot_20250811-181935_FX-Beta.jpg 840w, https:\/\/havteam.me\/wp-content\/uploads\/2025\/08\/Screenshot_20250811-181935_FX-Beta-600x725.jpg 600w, https:\/\/havteam.me\/wp-content\/uploads\/2025\/08\/Screenshot_20250811-181935_FX-Beta-64x77.jpg 64w, https:\/\/havteam.me\/wp-content\/uploads\/2025\/08\/Screenshot_20250811-181935_FX-Beta-248x300.jpg 248w, https:\/\/havteam.me\/wp-content\/uploads\/2025\/08\/Screenshot_20250811-181935_FX-Beta-768x928.jpg 768w\" sizes=\"(max-width: 840px) 100vw, 840px\" \/><figcaption class=\"wp-element-caption\">\u0110\u00e8 gi\u1eef d\u00f2ng Token c\u00f3 th\u1ec3&nbsp;\ud83d\udcdd<strong>Ch\u1ec9nh s\u1eeda, \ud83d\udcdd\u0110\u1ed5i t\u00ean , \ud83d\uddd1\ufe0fX\u00f3a, \ud83d\udce4Chia s\u1ebb<\/strong><\/figcaption><\/figure>\n<\/div>\n<\/div>\n\n\n\n<p>\ud83d\udfe2 \ud83d\udcc1<strong><mark style=\"background-color:rgba(0, 0, 0, 0);color:#00d084\" class=\"has-inline-color\">T\u1ea1o <\/mark><\/strong><br>T\u1ea1o nh\u00f3m th\u01b0 m\u1ee5c \u0111\u1ec3 d\u1ec5 d\u00e0ng qu\u1ea3n l\u00fd c\u00e1c  <span class=\"notranslate\">Farm Token<\/span><br>\ud83d\udd35 \ud83d\udce5<strong><mark style=\"background-color:rgba(0, 0, 0, 0)\" class=\"has-inline-color has-ast-global-color-0-color\">M\u1edf Farm<\/mark><\/strong> <br>M\u1edf Farm (B\u1eb1ng ID &amp; Pass token) : M\u1edf c\u00e1c  <span class=\"notranslate\">Farm Token<\/span>  t\u1eeb \u0111o\u1ea1n code<br>\ud83d\udfe0 \ud83d\uddc2\ufe0f<strong><mark style=\"background-color:rgba(0, 0, 0, 0);color:#ff6900\" class=\"has-inline-color\">Danh s\u00e1ch<\/mark><\/strong><br>M\u1edf danh s\u00e1ch n\u1ed5i \u0111\u1ec3 chuy\u1ec3n \u0111\u1ed5i Farm nhanh<br>\ud83d\udcd1 List danh s\u00e1ch Token<\/p>\n\n\n\n<p><\/p>\n\n\n\n<h2 class=\"wp-block-heading has-text-align-center\">H\u01b0\u1edbng d\u1eabn s\u1eed d\u1ee5ng<\/h2>\n\n\n\n<figure class=\"wp-block-table\"><table class=\"has-fixed-layout\"><tbody><tr><td>1. <strong>C\u00e1ch t\u1ea1o<\/strong> <strong><span class=\"notranslate\">Farm <mark style=\"background-color:rgba(0, 0, 0, 0);color:#ff6900\" class=\"has-inline-color\">Level 1<\/mark><\/span><\/strong> <strong><strong>&amp;<\/strong> L\u01b0u n\u00f3 th\u00e0nh  <mark style=\"background-color:rgba(0, 0, 0, 0);color:#ff6900\" class=\"has-inline-color\"><span class=\"notranslate\">Token<\/span><\/mark><\/strong><br><a href=\"https:\/\/www.havteam.me\/?page_id=3449\" target=\"_blank\" rel=\"noopener\">Xem th\u00eam >><\/a><\/td><\/tr><tr><td>2. <strong>C\u00e1ch<\/strong> <strong>m\u1edf  <span class=\"notranslate\"><mark style=\"background-color:rgba(0, 0, 0, 0);color:#ff6900\" class=\"has-inline-color\"><span class=\"notranslate\">Farm<\/span> <strong><span class=\"notranslate\">Token<\/span><\/strong><\/mark> <\/span>v\u1edbi  <span class=\"notranslate\">ID<\/span><\/strong> <strong><strong><strong>&amp;<\/strong><\/strong> <span class=\"notranslate\">Pass<\/span><\/strong><a href=\"https:\/\/www.havteam.me\/?page_id=3449\" target=\"_blank\" rel=\"noopener\"><br><\/a><a href=\"https:\/\/www.havteam.me\/?page_id=3454\" target=\"_blank\" rel=\"noopener\">Xem th\u00eam >><\/a><\/td><\/tr><tr><td>3. <strong>C\u00e1ch<\/strong> <strong>m\u1edf  <span class=\"notranslate\">Farm <\/span>v\u1edbi  <mark style=\"background-color:rgba(0, 0, 0, 0);color:#ff6900\" class=\"has-inline-color\">File  <span class=\"notranslate\">Token<\/span><\/mark><\/strong><a href=\"https:\/\/www.havteam.me\/?page_id=3449\" target=\"_blank\" rel=\"noopener\"><br><\/a><a href=\"https:\/\/www.havteam.me\/?page_id=3457\" target=\"_blank\" rel=\"noopener\">Xem th\u00eam >><\/a><\/td><\/tr><tr><td>4. <strong>C\u00e1ch<\/strong> <strong>chuy\u1ec3n \u0111\u1ed5i   <mark style=\"background-color:rgba(0, 0, 0, 0);color:#ff6900\" class=\"has-inline-color\"><span class=\"notranslate\">Farm Token<\/span>  &lt;-> File Token<\/mark><\/strong><a href=\"https:\/\/www.havteam.me\/?page_id=3449\" target=\"_blank\" rel=\"noopener\"><br><\/a><a href=\"https:\/\/www.havteam.me\/?page_id=4884\" target=\"_blank\" rel=\"noopener\">Xem th\u00eam >><\/a><\/td><\/tr><tr><td>5. <strong>C\u00e1ch<\/strong> <strong>Di chuy\u1ec3n, Chia s\u1ebb  <span class=\"notranslate\"><mark style=\"background-color:rgba(0, 0, 0, 0);color:#ff6900\" class=\"has-inline-color\">Token<\/mark><\/span><\/strong><a href=\"https:\/\/www.havteam.me\/?page_id=3449\" target=\"_blank\" rel=\"noopener\"><br><\/a><a href=\"https:\/\/www.havteam.me\/?page_id=3515\" target=\"_blank\" rel=\"noopener\">Xem th\u00eam >><\/a><\/td><\/tr><tr><td>6. <strong>C\u00e1ch<\/strong> <strong>g\u00e1n m\u1ed9t  <mark style=\"background-color:rgba(0, 0, 0, 0);color:#ff6900\" class=\"has-inline-color\">Mail<\/mark>  v\u00e0o  <span class=\"notranslate\">Token<\/span><\/strong><a href=\"https:\/\/www.havteam.me\/?page_id=3449\" target=\"_blank\" rel=\"noopener\"><br><\/a><a href=\"https:\/\/www.havteam.me\/?page_id=4070\" target=\"_blank\" rel=\"noopener\">Xem th\u00eam >><\/a><\/td><\/tr><\/tbody><\/table><\/figure>\n\n\n\n<h2 class=\"wp-block-heading has-text-align-center\">Fix l\u1ed7i<\/h2>\n\n\n\n<div class=\"wp-block-media-text is-stacked-on-mobile\" style=\"grid-template-columns:31% auto\"><figure class=\"wp-block-media-text__media\"><img decoding=\"async\" width=\"925\" height=\"593\" src=\"https:\/\/www.havteam.me\/wp-content\/uploads\/2026\/04\/E3.jpg\" alt=\"\" class=\"wp-image-5810 size-full\" srcset=\"https:\/\/havteam.me\/wp-content\/uploads\/2026\/04\/E3.jpg 925w, https:\/\/havteam.me\/wp-content\/uploads\/2026\/04\/E3-300x192.jpg 300w, https:\/\/havteam.me\/wp-content\/uploads\/2026\/04\/E3-768x492.jpg 768w, https:\/\/havteam.me\/wp-content\/uploads\/2026\/04\/E3-600x385.jpg 600w\" sizes=\"(max-width: 925px) 100vw, 925px\" \/><\/figure><div class=\"wp-block-media-text__content\">\n<p><mark style=\"background-color:rgba(0, 0, 0, 0);color:#ff6900\" class=\"has-inline-color\"><strong>Error white creating<br><\/strong><\/mark> T\u1ea1o Farm LV1 \u0111\u1ec3 \ud83d\udc49 <strong><a href=\"https:\/\/www.havteam.me\/?page_id=3449\" target=\"_blank\" rel=\"noopener\">Kh\u1eafc ph\u1ee5c &gt;&gt;<\/a><\/strong><\/p>\n<\/div><\/div>\n\n\n\n<p><\/p>\n","protected":false},"excerpt":{"rendered":"<p>Giao Di\u1ec7n C\u1eeda H\u00e0ng Ch\u1ee9c N\u0103ng H\u1ed7 tr\u1ee3 Supercell ID Token Nh\u00e2n B\u1ea3n B\u00e0n ph\u00edm \u1ee8ng d\u1ee5ng C\u00e0i \u0110\u1eb7t M\u1eb7c [&hellip;]<\/p>\n","protected":false},"author":1,"featured_media":0,"parent":0,"menu_order":0,"comment_status":"closed","ping_status":"closed","template":"","meta":{"site-sidebar-layout":"default","site-content-layout":"","ast-site-content-layout":"","site-content-style":"default","site-sidebar-style":"default","ast-global-header-display":"","ast-banner-title-visibility":"","ast-main-header-display":"","ast-hfb-above-header-display":"","ast-hfb-below-header-display":"","ast-hfb-mobile-header-display":"","site-post-title":"disabled","ast-breadcrumbs-content":"","ast-featured-img":"","footer-sml-layout":"","ast-disable-related-posts":"","theme-transparent-header-meta":"","adv-header-id-meta":"","stick-header-meta":"","header-above-stick-meta":"","header-main-stick-meta":"","header-below-stick-meta":"","astra-migrate-meta-layouts":"default","ast-page-background-enabled":"default","ast-page-background-meta":{"desktop":{"background-color":"var(--ast-global-color-5)","background-image":"","background-repeat":"repeat","background-position":"center center","background-size":"auto","background-attachment":"scroll","background-type":"","background-media":"","overlay-type":"","overlay-color":"","overlay-opacity":"","overlay-gradient":""},"tablet":{"background-color":"","background-image":"","background-repeat":"repeat","background-position":"center center","background-size":"auto","background-attachment":"scroll","background-type":"","background-media":"","overlay-type":"","overlay-color":"","overlay-opacity":"","overlay-gradient":""},"mobile":{"background-color":"","background-image":"","background-repeat":"repeat","background-position":"center center","background-size":"auto","background-attachment":"scroll","background-type":"","background-media":"","overlay-type":"","overlay-color":"","overlay-opacity":"","overlay-gradient":""}},"ast-content-background-meta":{"desktop":{"background-color":"var(--ast-global-color-4)","background-image":"","background-repeat":"repeat","background-position":"center center","background-size":"auto","background-attachment":"scroll","background-type":"","background-media":"","overlay-type":"","overlay-color":"","overlay-opacity":"","overlay-gradient":""},"tablet":{"background-color":"var(--ast-global-color-4)","background-image":"","background-repeat":"repeat","background-position":"center center","background-size":"auto","background-attachment":"scroll","background-type":"","background-media":"","overlay-type":"","overlay-color":"","overlay-opacity":"","overlay-gradient":""},"mobile":{"background-color":"var(--ast-global-color-4)","background-image":"","background-repeat":"repeat","background-position":"center center","background-size":"auto","background-attachment":"scroll","background-type":"","background-media":"","overlay-type":"","overlay-color":"","overlay-opacity":"","overlay-gradient":""}},"footnotes":""},"class_list":["post-866","page","type-page","status-publish","hentry"],"_links":{"self":[{"href":"https:\/\/www.havteam.me\/index.php?rest_route=\/wp\/v2\/pages\/866","targetHints":{"allow":["GET"]}}],"collection":[{"href":"https:\/\/www.havteam.me\/index.php?rest_route=\/wp\/v2\/pages"}],"about":[{"href":"https:\/\/www.havteam.me\/index.php?rest_route=\/wp\/v2\/types\/page"}],"author":[{"embeddable":true,"href":"https:\/\/www.havteam.me\/index.php?rest_route=\/wp\/v2\/users\/1"}],"replies":[{"embeddable":true,"href":"https:\/\/www.havteam.me\/index.php?rest_route=%2Fwp%2Fv2%2Fcomments&post=866"}],"version-history":[{"count":192,"href":"https:\/\/www.havteam.me\/index.php?rest_route=\/wp\/v2\/pages\/866\/revisions"}],"predecessor-version":[{"id":5884,"href":"https:\/\/www.havteam.me\/index.php?rest_route=\/wp\/v2\/pages\/866\/revisions\/5884"}],"wp:attachment":[{"href":"https:\/\/www.havteam.me\/index.php?rest_route=%2Fwp%2Fv2%2Fmedia&parent=866"}],"curies":[{"name":"wp","href":"https:\/\/api.w.org\/{rel}","templated":true}]}}