{"id":859,"date":"2025-03-29T16:10:41","date_gmt":"2025-03-29T16:10:41","guid":{"rendered":"https:\/\/havteam.me\/?page_id=859"},"modified":"2026-03-29T11:36:37","modified_gmt":"2026-03-29T11:36:37","slug":"chuc-nang","status":"publish","type":"page","link":"https:\/\/www.havteam.me\/?page_id=859","title":{"rendered":"Ch\u1ee9c N\u0103ng"},"content":{"rendered":"\n<figure class=\"wp-block-table is-style-regular\"><table class=\"has-fixed-layout\"><tbody><tr><td><a href=\"https:\/\/www.havteam.me\/?page_id=631\" title=\"\" target=\"_blank\" rel=\"noopener\"><mark style=\"background-color:rgba(0, 0, 0, 0)\" class=\"has-inline-color has-ast-global-color-0-color\">Giao Di\u1ec7n<\/mark><\/a><\/td><td><mark style=\"background-color:rgba(0, 0, 0, 0)\" class=\"has-inline-color has-ast-global-color-0-color\"><a href=\"https:\/\/www.havteam.me\/?page_id=853\" title=\"\" target=\"_blank\" rel=\"noopener\">C\u1eeda H\u00e0ng<\/a><\/mark><\/td><td><mark style=\"background-color:rgba(0, 0, 0, 0)\" class=\"has-inline-color has-ast-global-color-2-color\"><strong>Ch\u1ee9c N\u0103ng<\/strong><\/mark><\/td><\/tr><tr><td><mark style=\"background-color:rgba(0, 0, 0, 0)\" class=\"has-inline-color has-ast-global-color-0-color\"><a href=\"https:\/\/www.havteam.me\/?page_id=638\" title=\"\" target=\"_blank\" rel=\"noopener\">H\u1ed7 tr\u1ee3<\/a><\/mark><\/td><td><mark style=\"background-color:rgba(0, 0, 0, 0)\" class=\"has-inline-color has-ast-global-color-0-color\"><a href=\"https:\/\/www.havteam.me\/?page_id=650\" title=\"\" target=\"_blank\" rel=\"noopener\"><span class=\"notranslate\">Supercell ID<\/span><\/a><\/mark><\/td><td><mark style=\"background-color:rgba(0, 0, 0, 0)\" class=\"has-inline-color has-ast-global-color-0-color\"><a href=\"https:\/\/www.havteam.me\/?page_id=866\" title=\"\" target=\"_blank\" rel=\"noopener\"><span class=\"notranslate\">Token<\/span><\/a><\/mark><\/td><\/tr><tr><td><mark style=\"background-color:rgba(0, 0, 0, 0)\" class=\"has-inline-color has-ast-global-color-0-color\"><a href=\"https:\/\/www.havteam.me\/?page_id=840\" title=\"\" target=\"_blank\" rel=\"noopener\">Nh\u00e2n B\u1ea3n<\/a><\/mark><\/td><td><a title=\"\" href=\"https:\/\/www.havteam.me\/?page_id=202\" target=\"_blank\" rel=\"noopener\"><mark style=\"background-color:rgba(0, 0, 0, 0)\" class=\"has-inline-color has-ast-global-color-0-color\">B\u00e0n ph\u00edm<\/mark><\/a><\/td><td><mark style=\"background-color:rgba(0, 0, 0, 0)\" class=\"has-inline-color has-ast-global-color-0-color\"><a href=\"https:\/\/www.havteam.me\/?page_id=873\" title=\"\" target=\"_blank\" rel=\"noopener\">\u1ee8ng d\u1ee5ng<\/a><\/mark><\/td><\/tr><tr><td><mark style=\"background-color:rgba(0, 0, 0, 0)\" class=\"has-inline-color has-ast-global-color-0-color\"><a href=\"https:\/\/www.havteam.me\/?page_id=846\" title=\"\" target=\"_blank\" rel=\"noopener\">C\u00e0i \u0110\u1eb7t<\/a><\/mark><\/td><td><mark style=\"background-color:rgba(0, 0, 0, 0)\" class=\"has-inline-color has-ast-global-color-0-color\"><a href=\"https:\/\/www.havteam.me\/?page_id=3421\" target=\"_blank\" rel=\"noopener\">M\u1eb7c \u0111\u1ecbnh<\/a><\/mark><\/td><td><mark style=\"background-color:rgba(0, 0, 0, 0)\" class=\"has-inline-color has-ast-global-color-0-color\"><a title=\"\" href=\"https:\/\/www.havteam.me\/?page_id=110\" target=\"_blank\" rel=\"noopener\">\u21a9 Tr\u1edf v\u1ec1<\/a><\/mark><\/td><\/tr><\/tbody><\/table><\/figure>\n\n\n\n<div class=\"wp-block-columns is-not-stacked-on-mobile is-layout-flex wp-container-core-columns-is-layout-07b7b7eb wp-block-columns-is-layout-flex\" style=\"padding-top:0;padding-right:0;padding-bottom:0;padding-left:0\">\n<div class=\"wp-block-column is-layout-flow wp-block-column-is-layout-flow\" style=\"flex-basis:65%\">\n<h4 class=\"wp-block-heading\"><strong><strong>C<\/strong>h\u1ee9c n\u0103ng<\/strong><\/h4>\n<\/div>\n\n\n\n<div class=\"wp-block-column is-layout-flow wp-block-column-is-layout-flow\" style=\"flex-basis:35%\">\n<div class=\"wp-block-buttons is-content-justification-right is-layout-flex wp-container-core-buttons-is-layout-d445cf74 wp-block-buttons-is-layout-flex\">\n<div class=\"wp-block-button is-style-outline is-style-outline--1\"><a class=\"wp-block-button__link wp-element-button\" href=\"https:\/\/www.havteam.me\/?page_id=116\" target=\"_blank\" rel=\"noopener\"><mark style=\"background-color:rgba(0, 0, 0, 0)\" class=\"has-inline-color has-ast-global-color-2-color\"><strong>Mua<\/strong><\/mark> \ud83d\udd11<\/a><\/div>\n<\/div>\n<\/div>\n<\/div>\n\n\n\n<figure class=\"wp-block-image aligncenter size-large is-resized\"><img fetchpriority=\"high\" decoding=\"async\" width=\"1024\" height=\"570\" src=\"https:\/\/www.havteam.me\/wp-content\/uploads\/2026\/03\/Screenshot_20260313_222346_FX-Pro-1024x570.jpg\" alt=\"\" class=\"wp-image-5099\" style=\"width:600px\" srcset=\"https:\/\/havteam.me\/wp-content\/uploads\/2026\/03\/Screenshot_20260313_222346_FX-Pro-1024x570.jpg 1024w, https:\/\/havteam.me\/wp-content\/uploads\/2026\/03\/Screenshot_20260313_222346_FX-Pro-300x167.jpg 300w, https:\/\/havteam.me\/wp-content\/uploads\/2026\/03\/Screenshot_20260313_222346_FX-Pro-768x428.jpg 768w, https:\/\/havteam.me\/wp-content\/uploads\/2026\/03\/Screenshot_20260313_222346_FX-Pro-600x334.jpg 600w, https:\/\/havteam.me\/wp-content\/uploads\/2026\/03\/Screenshot_20260313_222346_FX-Pro.jpg 1200w\" sizes=\"(max-width: 1024px) 100vw, 1024px\" \/><\/figure>\n\n\n\n<p><mark style=\"background-color:rgba(0, 0, 0, 0);color:#ff6900\" class=\"has-inline-color\"><strong>-C\u00e2u C\u00e1 L\u1edbn (Event)<\/strong><\/mark> ch\u1ec9 \u00e1p d\u1ee5ng khi c\u00f3 Event c\u00e2u c\u00e1 \ud83d\udc20\u2022\u00b0\u2022\u00b0\u2022\u00b0\u2022\u00b0\u00b0~<br>C\u00e1c m\u1ed3i <strong>\ud83d\udfe0<\/strong>\ud83d\udfe3\ud83d\udd35\ud83d\udfe2 c\u00e2u \ud83d\udc20 tr\u00ean <strong>9Kg<\/strong> , M\u1ed3i c\u00e2u <strong><mark style=\"background-color:rgba(0, 0, 0, 0);color:#f70c0c\" class=\"has-inline-color\">\ud83d\udd34<\/mark><\/strong> c\u00e2u \ud83d\udc20 tr\u00ean<strong>3,5Kg<\/strong> <br>N\u1ebfu kh\u00f4ng c\u00f3 s\u1ef1 ki\u1ec7n c\u00e2u c\u00e1 c\u0169ng c\u00f3 th\u1ec3 d\u00f9ng m\u1ed3i c\u00e2u \u0110\u1ecf<strong><mark style=\"background-color:rgba(0, 0, 0, 0);color:#f70c0c\" class=\"has-inline-color\">\ud83d\udd34<\/mark><\/strong> c\u00e2u \ud83d\udc20 tr\u00ean 3,5kg<br>*N\u1ebfu <strong>OFF<\/strong> lm\u1eb7c \u0111\u1ecbnh c\u00e2u c\u00e1 Nhanh<\/p>\n\n\n\n<figure class=\"wp-block-video aligncenter\"><video height=\"720\" style=\"aspect-ratio: 896 \/ 720;\" width=\"896\" controls src=\"https:\/\/www.havteam.me\/wp-content\/uploads\/2025\/03\/cau-ca.mp4\"><\/video><figcaption class=\"wp-element-caption\">C\u00e1ch c\u00e2u : <strong><mark style=\"background-color:rgba(0, 0, 0, 0)\" class=\"has-inline-color has-ast-global-color-2-color\">Th\u1ea3 m\u1ed3i li\u00ean t\u1ee5c \u0111\u1ebfn khi \u0111\u01b0\u1ee3c C\u00e1 l\u1edbn s\u1ebd t\u1ef1 c\u00e2u l\u00ean<\/mark><\/strong><\/figcaption><\/figure>\n\n\n\n<p><mark style=\"background-color:rgba(0, 0, 0, 0);color:#ff6900\" class=\"has-inline-color\"><strong>-Tr\u1ea3 Help nhanh <\/strong><\/mark><br>Nh\u1ea5n tr\u1ea3 Help 1 click<br>* Ng\u01b0\u1eddi Help s\u1ebd kh\u00f4ng \u0111\u01b0\u1ee3c th\u01b0 c\u00e1m \u01a1n (Test qu\u00e0)<\/p>\n\n\n\n<figure class=\"wp-block-video\"><video height=\"720\" style=\"aspect-ratio: 900 \/ 720;\" width=\"900\" controls src=\"https:\/\/www.havteam.me\/wp-content\/uploads\/2025\/03\/Help.mp4\"><\/video><\/figure>\n\n\n\n<p><mark style=\"background-color:rgba(0, 0, 0, 0);color:#ff6900\" class=\"has-inline-color\"><strong>-C\u00e2y tr\u1ed3ng th\u00e0nh c\u00e2y c\u00e0 ph\u00ea <\/strong><\/mark><br>T\u1ea5t c\u1ea3 c\u00e1c c\u00e2y tr\u1ed3ng th\u00e0nh c\u00e2y c\u00e0 ph\u00ea d\u1ec5 thu ho\u1ea1ch<\/p>\n\n\n\n<div class=\"wp-block-columns is-not-stacked-on-mobile is-layout-flex wp-container-core-columns-is-layout-ec2e7a44 wp-block-columns-is-layout-flex\" style=\"padding-top:0;padding-bottom:0\">\n<div class=\"wp-block-column is-layout-flow wp-block-column-is-layout-flow\">\n<figure class=\"wp-block-image aligncenter size-large\"><img decoding=\"async\" width=\"1024\" height=\"820\" src=\"https:\/\/www.havteam.me\/wp-content\/uploads\/2025\/03\/z6459092946920_77638219e5dfcd440cf7b18ba2d38915-1024x820.jpg\" alt=\"\" class=\"wp-image-1066\" srcset=\"https:\/\/havteam.me\/wp-content\/uploads\/2025\/03\/z6459092946920_77638219e5dfcd440cf7b18ba2d38915-1024x820.jpg 1024w, https:\/\/havteam.me\/wp-content\/uploads\/2025\/03\/z6459092946920_77638219e5dfcd440cf7b18ba2d38915-600x480.jpg 600w, https:\/\/havteam.me\/wp-content\/uploads\/2025\/03\/z6459092946920_77638219e5dfcd440cf7b18ba2d38915-64x51.jpg 64w, https:\/\/havteam.me\/wp-content\/uploads\/2025\/03\/z6459092946920_77638219e5dfcd440cf7b18ba2d38915-300x240.jpg 300w, https:\/\/havteam.me\/wp-content\/uploads\/2025\/03\/z6459092946920_77638219e5dfcd440cf7b18ba2d38915-768x615.jpg 768w, https:\/\/havteam.me\/wp-content\/uploads\/2025\/03\/z6459092946920_77638219e5dfcd440cf7b18ba2d38915-1536x1230.jpg 1536w, https:\/\/havteam.me\/wp-content\/uploads\/2025\/03\/z6459092946920_77638219e5dfcd440cf7b18ba2d38915-2048x1640.jpg 2048w\" sizes=\"(max-width: 1024px) 100vw, 1024px\" \/><figcaption class=\"wp-element-caption\">M\u1eb7c \u0111\u1ecbnh<\/figcaption><\/figure>\n<\/div>\n\n\n\n<div class=\"wp-block-column is-layout-flow wp-block-column-is-layout-flow\">\n<figure class=\"wp-block-image aligncenter size-large\"><img decoding=\"async\" width=\"1024\" height=\"820\" src=\"https:\/\/www.havteam.me\/wp-content\/uploads\/2025\/03\/z6459092947091_7ccb542c8a2139155c88dce5ae18eab6-1024x820.jpg\" alt=\"\" class=\"wp-image-1067\" srcset=\"https:\/\/havteam.me\/wp-content\/uploads\/2025\/03\/z6459092947091_7ccb542c8a2139155c88dce5ae18eab6-1024x820.jpg 1024w, https:\/\/havteam.me\/wp-content\/uploads\/2025\/03\/z6459092947091_7ccb542c8a2139155c88dce5ae18eab6-600x480.jpg 600w, https:\/\/havteam.me\/wp-content\/uploads\/2025\/03\/z6459092947091_7ccb542c8a2139155c88dce5ae18eab6-64x51.jpg 64w, https:\/\/havteam.me\/wp-content\/uploads\/2025\/03\/z6459092947091_7ccb542c8a2139155c88dce5ae18eab6-300x240.jpg 300w, https:\/\/havteam.me\/wp-content\/uploads\/2025\/03\/z6459092947091_7ccb542c8a2139155c88dce5ae18eab6-768x615.jpg 768w, https:\/\/havteam.me\/wp-content\/uploads\/2025\/03\/z6459092947091_7ccb542c8a2139155c88dce5ae18eab6-1536x1230.jpg 1536w, https:\/\/havteam.me\/wp-content\/uploads\/2025\/03\/z6459092947091_7ccb542c8a2139155c88dce5ae18eab6-2048x1640.jpg 2048w\" sizes=\"(max-width: 1024px) 100vw, 1024px\" \/><figcaption class=\"wp-element-caption\">MOD<\/figcaption><\/figure>\n<\/div>\n<\/div>\n\n\n\n<p><strong><mark style=\"background-color:rgba(0, 0, 0, 0);color:#ff6900\" class=\"has-inline-color\">-Gift 35 &gt; 0 Phi\u1ebfu<\/mark> <br><\/strong>H\u1ed7 tr\u1ee3 Test qu\u00e0 th\u01b0 0 phi\u1ebfu (\u1ea2o)<\/p>\n\n\n\n<div class=\"wp-block-columns is-not-stacked-on-mobile is-layout-flex wp-container-core-columns-is-layout-ec2e7a44 wp-block-columns-is-layout-flex\" style=\"padding-top:0;padding-bottom:0\">\n<div class=\"wp-block-column is-layout-flow wp-block-column-is-layout-flow\">\n<figure class=\"wp-block-image aligncenter size-large\"><img loading=\"lazy\" decoding=\"async\" width=\"1024\" height=\"691\" src=\"https:\/\/www.havteam.me\/wp-content\/uploads\/2025\/04\/off-1024x691.jpg\" alt=\"\" class=\"wp-image-1243\" srcset=\"https:\/\/havteam.me\/wp-content\/uploads\/2025\/04\/off-1024x691.jpg 1024w, https:\/\/havteam.me\/wp-content\/uploads\/2025\/04\/off-600x405.jpg 600w, https:\/\/havteam.me\/wp-content\/uploads\/2025\/04\/off-64x43.jpg 64w, https:\/\/havteam.me\/wp-content\/uploads\/2025\/04\/off-300x202.jpg 300w, https:\/\/havteam.me\/wp-content\/uploads\/2025\/04\/off-768x518.jpg 768w, https:\/\/havteam.me\/wp-content\/uploads\/2025\/04\/off-1536x1036.jpg 1536w, https:\/\/havteam.me\/wp-content\/uploads\/2025\/04\/off.jpg 1767w\" sizes=\"(max-width: 1024px) 100vw, 1024px\" \/><figcaption class=\"wp-element-caption\">OFF<\/figcaption><\/figure>\n<\/div>\n\n\n\n<div class=\"wp-block-column is-layout-flow wp-block-column-is-layout-flow\">\n<figure class=\"wp-block-image aligncenter size-large\"><img loading=\"lazy\" decoding=\"async\" width=\"1024\" height=\"687\" src=\"https:\/\/www.havteam.me\/wp-content\/uploads\/2025\/04\/on-1024x687.jpg\" alt=\"\" class=\"wp-image-1244\" srcset=\"https:\/\/havteam.me\/wp-content\/uploads\/2025\/04\/on-1024x687.jpg 1024w, https:\/\/havteam.me\/wp-content\/uploads\/2025\/04\/on-600x403.jpg 600w, https:\/\/havteam.me\/wp-content\/uploads\/2025\/04\/on-64x43.jpg 64w, https:\/\/havteam.me\/wp-content\/uploads\/2025\/04\/on-300x201.jpg 300w, https:\/\/havteam.me\/wp-content\/uploads\/2025\/04\/on-768x515.jpg 768w, https:\/\/havteam.me\/wp-content\/uploads\/2025\/04\/on-1536x1031.jpg 1536w, https:\/\/havteam.me\/wp-content\/uploads\/2025\/04\/on.jpg 1758w\" sizes=\"(max-width: 1024px) 100vw, 1024px\" \/><figcaption class=\"wp-element-caption\">ON<\/figcaption><\/figure>\n<\/div>\n<\/div>\n\n\n\n<p><strong><mark style=\"background-color:rgba(0, 0, 0, 0);color:#ff6900\" class=\"has-inline-color\">-Hi\u1ec3n th\u1ecb Qu\u1eb7ng <\/mark><\/strong>\ud83d\udc49\ud83d\udc8e <br>C\u00e1c qu\u1eb7ng th\u00e0nh h\u00ecnh d\u00e1ng Kim C\u01b0\u01a1ng (\u1ea2o)<\/p>\n\n\n\n<figure class=\"wp-block-video\"><video height=\"720\" style=\"aspect-ratio: 900 \/ 720;\" width=\"900\" controls src=\"https:\/\/www.havteam.me\/wp-content\/uploads\/2025\/03\/KC.mp4\"><\/video><\/figure>\n\n\n\n<p><strong><mark style=\"background-color:rgba(0, 0, 0, 0);color:#ff6900\" class=\"has-inline-color\">-Level Greg<\/mark><\/strong><br>C\u00f3 th\u1ec3 t\u00f9y ch\u1ec9nh C\u1ea5p \u0111\u1ed9 nh\u00e0 Greg t\u1eeb 1 \u0111\u1ebfn 1500<\/p>\n\n\n\n<figure class=\"wp-block-image aligncenter size-large\"><img loading=\"lazy\" decoding=\"async\" width=\"1024\" height=\"820\" src=\"https:\/\/www.havteam.me\/wp-content\/uploads\/2025\/03\/1000-1024x820.jpg\" alt=\"\" class=\"wp-image-1091\" srcset=\"https:\/\/havteam.me\/wp-content\/uploads\/2025\/03\/1000-1024x820.jpg 1024w, https:\/\/havteam.me\/wp-content\/uploads\/2025\/03\/1000-600x480.jpg 600w, https:\/\/havteam.me\/wp-content\/uploads\/2025\/03\/1000-64x51.jpg 64w, https:\/\/havteam.me\/wp-content\/uploads\/2025\/03\/1000-300x240.jpg 300w, https:\/\/havteam.me\/wp-content\/uploads\/2025\/03\/1000-768x615.jpg 768w, https:\/\/havteam.me\/wp-content\/uploads\/2025\/03\/1000-1536x1230.jpg 1536w, https:\/\/havteam.me\/wp-content\/uploads\/2025\/03\/1000-2048x1640.jpg 2048w\" sizes=\"(max-width: 1024px) 100vw, 1024px\" \/><\/figure>\n\n\n\n<p><strong><mark style=\"background-color:rgba(0, 0, 0, 0);color:#ff6900\" class=\"has-inline-color\">-Th\u1ee9c \u0103n th\u00fa c\u01b0ng<\/mark><\/strong><br>Lo\u1ea1i : L\u00faa m\u00ec, Qu\u1eb7ng, Tr\u00e1i C\u00e2y<br>S\u1ed1 l\u01b0\u1ee3ng : &#8230;<\/p>\n\n\n\n<div class=\"wp-block-columns is-not-stacked-on-mobile is-layout-flex wp-container-core-columns-is-layout-ec2e7a44 wp-block-columns-is-layout-flex\" style=\"padding-top:0;padding-bottom:0\">\n<div class=\"wp-block-column is-layout-flow wp-block-column-is-layout-flow\">\n<figure class=\"wp-block-image aligncenter size-large\"><img loading=\"lazy\" decoding=\"async\" width=\"1024\" height=\"688\" src=\"https:\/\/www.havteam.me\/wp-content\/uploads\/2025\/03\/z6456719237366_d9b33decd079f08a5cb8620e2b378965-1024x688.jpg\" alt=\"\" class=\"wp-image-930\" srcset=\"https:\/\/havteam.me\/wp-content\/uploads\/2025\/03\/z6456719237366_d9b33decd079f08a5cb8620e2b378965-1024x688.jpg 1024w, https:\/\/havteam.me\/wp-content\/uploads\/2025\/03\/z6456719237366_d9b33decd079f08a5cb8620e2b378965-600x403.jpg 600w, https:\/\/havteam.me\/wp-content\/uploads\/2025\/03\/z6456719237366_d9b33decd079f08a5cb8620e2b378965-64x43.jpg 64w, https:\/\/havteam.me\/wp-content\/uploads\/2025\/03\/z6456719237366_d9b33decd079f08a5cb8620e2b378965-300x202.jpg 300w, https:\/\/havteam.me\/wp-content\/uploads\/2025\/03\/z6456719237366_d9b33decd079f08a5cb8620e2b378965-768x516.jpg 768w, https:\/\/havteam.me\/wp-content\/uploads\/2025\/03\/z6456719237366_d9b33decd079f08a5cb8620e2b378965-1536x1033.jpg 1536w, https:\/\/havteam.me\/wp-content\/uploads\/2025\/03\/z6456719237366_d9b33decd079f08a5cb8620e2b378965.jpg 1791w\" sizes=\"(max-width: 1024px) 100vw, 1024px\" \/><figcaption class=\"wp-element-caption\">M\u1eb7c \u0111\u1ecbnh<\/figcaption><\/figure>\n<\/div>\n\n\n\n<div class=\"wp-block-column is-layout-flow wp-block-column-is-layout-flow\">\n<figure class=\"wp-block-image aligncenter size-large\"><img loading=\"lazy\" decoding=\"async\" width=\"1024\" height=\"675\" src=\"https:\/\/www.havteam.me\/wp-content\/uploads\/2025\/03\/z6456719230568_eb2f237dacffa665763da645130d904e-1024x675.jpg\" alt=\"\" class=\"wp-image-931\" srcset=\"https:\/\/havteam.me\/wp-content\/uploads\/2025\/03\/z6456719230568_eb2f237dacffa665763da645130d904e-1024x675.jpg 1024w, https:\/\/havteam.me\/wp-content\/uploads\/2025\/03\/z6456719230568_eb2f237dacffa665763da645130d904e-600x396.jpg 600w, https:\/\/havteam.me\/wp-content\/uploads\/2025\/03\/z6456719230568_eb2f237dacffa665763da645130d904e-64x42.jpg 64w, https:\/\/havteam.me\/wp-content\/uploads\/2025\/03\/z6456719230568_eb2f237dacffa665763da645130d904e-300x198.jpg 300w, https:\/\/havteam.me\/wp-content\/uploads\/2025\/03\/z6456719230568_eb2f237dacffa665763da645130d904e-768x506.jpg 768w, https:\/\/havteam.me\/wp-content\/uploads\/2025\/03\/z6456719230568_eb2f237dacffa665763da645130d904e-1536x1013.jpg 1536w, https:\/\/havteam.me\/wp-content\/uploads\/2025\/03\/z6456719230568_eb2f237dacffa665763da645130d904e.jpg 1908w\" sizes=\"(max-width: 1024px) 100vw, 1024px\" \/><figcaption class=\"wp-element-caption\">MOD<\/figcaption><\/figure>\n<\/div>\n<\/div>\n\n\n\n<p><\/p>\n","protected":false},"excerpt":{"rendered":"<p>Giao Di\u1ec7n C\u1eeda H\u00e0ng Ch\u1ee9c N\u0103ng H\u1ed7 tr\u1ee3 Supercell ID Token Nh\u00e2n B\u1ea3n B\u00e0n ph\u00edm \u1ee8ng d\u1ee5ng C\u00e0i \u0110\u1eb7t M\u1eb7c [&hellip;]<\/p>\n","protected":false},"author":1,"featured_media":0,"parent":0,"menu_order":0,"comment_status":"closed","ping_status":"closed","template":"","meta":{"site-sidebar-layout":"default","site-content-layout":"","ast-site-content-layout":"","site-content-style":"default","site-sidebar-style":"default","ast-global-header-display":"","ast-banner-title-visibility":"","ast-main-header-display":"","ast-hfb-above-header-display":"","ast-hfb-below-header-display":"","ast-hfb-mobile-header-display":"","site-post-title":"disabled","ast-breadcrumbs-content":"","ast-featured-img":"","footer-sml-layout":"","ast-disable-related-posts":"","theme-transparent-header-meta":"","adv-header-id-meta":"","stick-header-meta":"","header-above-stick-meta":"","header-main-stick-meta":"","header-below-stick-meta":"","astra-migrate-meta-layouts":"default","ast-page-background-enabled":"default","ast-page-background-meta":{"desktop":{"background-color":"var(--ast-global-color-5)","background-image":"","background-repeat":"repeat","background-position":"center center","background-size":"auto","background-attachment":"scroll","background-type":"","background-media":"","overlay-type":"","overlay-color":"","overlay-opacity":"","overlay-gradient":""},"tablet":{"background-color":"","background-image":"","background-repeat":"repeat","background-position":"center center","background-size":"auto","background-attachment":"scroll","background-type":"","background-media":"","overlay-type":"","overlay-color":"","overlay-opacity":"","overlay-gradient":""},"mobile":{"background-color":"","background-image":"","background-repeat":"repeat","background-position":"center center","background-size":"auto","background-attachment":"scroll","background-type":"","background-media":"","overlay-type":"","overlay-color":"","overlay-opacity":"","overlay-gradient":""}},"ast-content-background-meta":{"desktop":{"background-color":"var(--ast-global-color-4)","background-image":"","background-repeat":"repeat","background-position":"center center","background-size":"auto","background-attachment":"scroll","background-type":"","background-media":"","overlay-type":"","overlay-color":"","overlay-opacity":"","overlay-gradient":""},"tablet":{"background-color":"var(--ast-global-color-4)","background-image":"","background-repeat":"repeat","background-position":"center center","background-size":"auto","background-attachment":"scroll","background-type":"","background-media":"","overlay-type":"","overlay-color":"","overlay-opacity":"","overlay-gradient":""},"mobile":{"background-color":"var(--ast-global-color-4)","background-image":"","background-repeat":"repeat","background-position":"center center","background-size":"auto","background-attachment":"scroll","background-type":"","background-media":"","overlay-type":"","overlay-color":"","overlay-opacity":"","overlay-gradient":""}},"footnotes":""},"class_list":["post-859","page","type-page","status-publish","hentry"],"_links":{"self":[{"href":"https:\/\/www.havteam.me\/index.php?rest_route=\/wp\/v2\/pages\/859","targetHints":{"allow":["GET"]}}],"collection":[{"href":"https:\/\/www.havteam.me\/index.php?rest_route=\/wp\/v2\/pages"}],"about":[{"href":"https:\/\/www.havteam.me\/index.php?rest_route=\/wp\/v2\/types\/page"}],"author":[{"embeddable":true,"href":"https:\/\/www.havteam.me\/index.php?rest_route=\/wp\/v2\/users\/1"}],"replies":[{"embeddable":true,"href":"https:\/\/www.havteam.me\/index.php?rest_route=%2Fwp%2Fv2%2Fcomments&post=859"}],"version-history":[{"count":40,"href":"https:\/\/www.havteam.me\/index.php?rest_route=\/wp\/v2\/pages\/859\/revisions"}],"predecessor-version":[{"id":5526,"href":"https:\/\/www.havteam.me\/index.php?rest_route=\/wp\/v2\/pages\/859\/revisions\/5526"}],"wp:attachment":[{"href":"https:\/\/www.havteam.me\/index.php?rest_route=%2Fwp%2Fv2%2Fmedia&parent=859"}],"curies":[{"name":"wp","href":"https:\/\/api.w.org\/{rel}","templated":true}]}}