{"id":853,"date":"2025-03-29T16:06:34","date_gmt":"2025-03-29T16:06:34","guid":{"rendered":"https:\/\/havteam.me\/?page_id=853"},"modified":"2026-03-29T11:34:26","modified_gmt":"2026-03-29T11:34:26","slug":"cua-hang","status":"publish","type":"page","link":"https:\/\/www.havteam.me\/?page_id=853","title":{"rendered":"C\u1eeda H\u00e0ng"},"content":{"rendered":"\n<figure class=\"wp-block-table is-style-regular\"><table class=\"has-fixed-layout\"><tbody><tr><td><a href=\"https:\/\/www.havteam.me\/?page_id=631\" title=\"\" target=\"_blank\" rel=\"noopener\"><mark style=\"background-color:rgba(0, 0, 0, 0)\" class=\"has-inline-color has-ast-global-color-0-color\">Giao Di\u1ec7n<\/mark><\/a><\/td><td><mark style=\"background-color:rgba(0, 0, 0, 0)\" class=\"has-inline-color has-ast-global-color-2-color\"><strong>C\u1eeda H\u00e0ng<\/strong><\/mark><\/td><td class=\"has-text-align-left\" data-align=\"left\"><mark style=\"background-color:rgba(0, 0, 0, 0)\" class=\"has-inline-color has-ast-global-color-0-color\"><a href=\"https:\/\/www.havteam.me\/?page_id=859\" title=\"\" target=\"_blank\" rel=\"noopener\">Ch\u1ee9c N\u0103ng<\/a><\/mark><\/td><\/tr><tr><td><mark style=\"background-color:rgba(0, 0, 0, 0)\" class=\"has-inline-color has-ast-global-color-0-color\"><a href=\"https:\/\/www.havteam.me\/?page_id=638\" title=\"\" target=\"_blank\" rel=\"noopener\">H\u1ed7 tr\u1ee3<\/a><\/mark><\/td><td><mark style=\"background-color:rgba(0, 0, 0, 0)\" class=\"has-inline-color has-ast-global-color-0-color\"><a title=\"\" href=\"https:\/\/www.havteam.me\/?page_id=650\" target=\"_blank\" rel=\"noopener\"><span class=\"notranslate\">Supercell ID<\/span><\/a><\/mark><\/td><td class=\"has-text-align-left\" data-align=\"left\"><mark style=\"background-color:rgba(0, 0, 0, 0)\" class=\"has-inline-color has-ast-global-color-0-color\"><a title=\"\" href=\"https:\/\/www.havteam.me\/?page_id=866\" target=\"_blank\" rel=\"noopener\"><span class=\"notranslate\">Token<\/span><\/a><\/mark> <\/td><\/tr><tr><td><mark style=\"background-color:rgba(0, 0, 0, 0)\" class=\"has-inline-color has-ast-global-color-0-color\"><a href=\"https:\/\/www.havteam.me\/?page_id=840\" title=\"\" target=\"_blank\" rel=\"noopener\">Nh\u00e2n B\u1ea3n<\/a><\/mark><\/td><td><a title=\"\" href=\"https:\/\/www.havteam.me\/?page_id=202\" target=\"_blank\" rel=\"noopener\"><mark style=\"background-color:rgba(0, 0, 0, 0)\" class=\"has-inline-color has-ast-global-color-0-color\">B\u00e0n ph\u00edm<\/mark><\/a><\/td><td class=\"has-text-align-left\" data-align=\"left\"><mark style=\"background-color:rgba(0, 0, 0, 0)\" class=\"has-inline-color has-ast-global-color-0-color\"><a href=\"https:\/\/www.havteam.me\/?page_id=873\" title=\"\" target=\"_blank\" rel=\"noopener\">\u1ee8ng d\u1ee5ng<\/a><\/mark><\/td><\/tr><tr><td><mark style=\"background-color:rgba(0, 0, 0, 0)\" class=\"has-inline-color has-ast-global-color-0-color\"><a href=\"https:\/\/www.havteam.me\/?page_id=846\" title=\"\" target=\"_blank\" rel=\"noopener\">C\u00e0i \u0110\u1eb7t<\/a><\/mark><\/td><td><mark style=\"background-color:rgba(0, 0, 0, 0)\" class=\"has-inline-color has-ast-global-color-0-color\"><a href=\"https:\/\/www.havteam.me\/?page_id=3421\" target=\"_blank\" rel=\"noopener\">M\u1eb7c \u0111\u1ecbnh<\/a><\/mark><\/td><td class=\"has-text-align-left\" data-align=\"left\"><mark style=\"background-color:rgba(0, 0, 0, 0)\" class=\"has-inline-color has-ast-global-color-0-color\"><a title=\"\" href=\"https:\/\/www.havteam.me\/?page_id=110\" target=\"_blank\" rel=\"noopener\">\u21a9 Tr\u1edf v\u1ec1<\/a><\/mark><\/td><\/tr><\/tbody><\/table><\/figure>\n\n\n\n<div class=\"wp-block-columns is-not-stacked-on-mobile is-layout-flex wp-container-core-columns-is-layout-07b7b7eb wp-block-columns-is-layout-flex\" style=\"padding-top:0;padding-right:0;padding-bottom:0;padding-left:0\">\n<div class=\"wp-block-column is-layout-flow wp-block-column-is-layout-flow\" style=\"flex-basis:65%\">\n<h4 class=\"wp-block-heading\"><strong><strong>C\u1eeda h\u00e0ng<\/strong><\/strong><\/h4>\n<\/div>\n\n\n\n<div class=\"wp-block-column is-layout-flow wp-block-column-is-layout-flow\" style=\"flex-basis:35%\">\n<div class=\"wp-block-buttons is-content-justification-right is-layout-flex wp-container-core-buttons-is-layout-d445cf74 wp-block-buttons-is-layout-flex\">\n<div class=\"wp-block-button is-style-outline is-style-outline--1\"><a class=\"wp-block-button__link wp-element-button\" href=\"https:\/\/www.havteam.me\/?page_id=116\" target=\"_blank\" rel=\"noopener\"><mark style=\"background-color:rgba(0, 0, 0, 0)\" class=\"has-inline-color has-ast-global-color-2-color\"><strong>Mua<\/strong><\/mark> \ud83d\udd11<\/a><\/div>\n<\/div>\n<\/div>\n<\/div>\n\n\n\n<figure class=\"wp-block-image aligncenter size-large is-resized\"><img fetchpriority=\"high\" decoding=\"async\" width=\"1024\" height=\"463\" src=\"https:\/\/www.havteam.me\/wp-content\/uploads\/2026\/01\/Screenshot_20260119_105743_Menu-90-1024x463.jpg\" alt=\"\" class=\"wp-image-4229\" style=\"width:600px\" srcset=\"https:\/\/havteam.me\/wp-content\/uploads\/2026\/01\/Screenshot_20260119_105743_Menu-90-1024x463.jpg 1024w, https:\/\/havteam.me\/wp-content\/uploads\/2026\/01\/Screenshot_20260119_105743_Menu-90-300x136.jpg 300w, https:\/\/havteam.me\/wp-content\/uploads\/2026\/01\/Screenshot_20260119_105743_Menu-90-768x347.jpg 768w, https:\/\/havteam.me\/wp-content\/uploads\/2026\/01\/Screenshot_20260119_105743_Menu-90-600x271.jpg 600w, https:\/\/havteam.me\/wp-content\/uploads\/2026\/01\/Screenshot_20260119_105743_Menu-90.jpg 1200w\" sizes=\"(max-width: 1024px) 100vw, 1024px\" \/><\/figure>\n\n\n\n<h5 class=\"wp-block-heading\"><mark style=\"background-color:rgba(0, 0, 0, 0);color:#ff6900\" class=\"has-inline-color\">-\u1ea8n Barn <br>-\u1ea8n Silo <br>-\u1ea8n M\u1edf \u0111\u1ea5t<\/mark><br><br>T\u1ea1m \u1ea9n c\u00e1c v\u1eadt ph\u1ea9m tr\u00e1nh b\u00e1n nh\u1ea7m ra ngo\u00e0i Shop<br>*Khi b\u1ea1n m\u1edf ch\u1ee9c n\u0103ng \u1ea9n, c\u0169ng s\u1ebd kh\u00f4ng mua \u0111\u01b0\u1ee3c c\u00e1c v\u1eadt ph\u1ea9m \u0111\u00f3 t\u1ea1i Farm kh\u00e1c<br><\/h5>\n\n\n\n<figure class=\"wp-block-video aligncenter\"><video height=\"720\" style=\"aspect-ratio: 900 \/ 720;\" width=\"900\" controls src=\"https:\/\/www.havteam.me\/wp-content\/uploads\/2025\/03\/An-Barn.mp4\"><\/video><\/figure>\n\n\n\n<h5 class=\"wp-block-heading\"><mark style=\"background-color:rgba(0, 0, 0, 0);color:#ff6900\" class=\"has-inline-color\">-Qu\u1ea3ng C\u00e1o Ngay<\/mark> <br>Lun b\u1eadt qu\u1ea3ng c\u00e1o ngay b\u00e1n l\u00ean Shop khi \u0111\u1ee7 \u0111i\u1ec1u ki\u1ec7n<\/h5>\n\n\n\n<figure class=\"wp-block-video\"><video height=\"720\" style=\"aspect-ratio: 900 \/ 720;\" width=\"900\" controls src=\"https:\/\/www.havteam.me\/wp-content\/uploads\/2025\/03\/QCN.mp4\"><\/video><\/figure>\n\n\n\n<h5 class=\"wp-block-heading\"><mark style=\"background-color:rgba(0, 0, 0, 0);color:#ff6900\" class=\"has-inline-color\">-Kho &#8211; S\u1eafp x\u1ebfp theo c\u1ea5p \u0111\u1ed9<\/mark><br>M\u1eb7c \u0111\u1ecbnh c\u00e1c v\u1eadt ph\u1ea9m trong kho s\u1ebd hi\u1ec3n th\u1ecb theo s\u1ed1 l\u01b0\u1ee3ng , (Nhi\u1ec1u nh\u1ea5t \u0111\u1ebfn h\u1ebft)<br>Khi b\u1eadt ti\u1ec7n \u00edch n\u00e0y , C\u00e1c v\u1eadt ph\u1ea9m s\u1ebd hi\u1ec3n th\u1ecb theo c\u1ea5p \u0111\u1ed9 c\u1ee7a V\u1eadt ph\u1ea9m<\/h5>\n\n\n\n<h5 class=\"wp-block-heading\"><mark style=\"background-color:rgba(0, 0, 0, 0);color:#ff6900\" class=\"has-inline-color\">-Gi\u00e1 b\u00e1n <\/mark><br>M\u1eb7c \u0111\u1ecbnh &gt; gi\u00e1 m\u1eb7c \u0111\u1ecbnh c\u1ee7a Game<br>T\u1ed1i thi\u1ec3u &gt; gi\u00e1 10 coin <br>T\u1ed1i \u0111a &gt; gi\u00e1 Cao (t\u0103ng gi\u00e1 n\u1eefa s\u1ebd b\u1ecb <mark style=\"background-color:rgba(0, 0, 0, 0);color:#f21010\" class=\"has-inline-color\"><strong>Reload<\/strong><\/mark> game)<\/h5>\n\n\n\n<figure class=\"wp-block-video\"><video height=\"720\" style=\"aspect-ratio: 900 \/ 720;\" width=\"900\" controls src=\"https:\/\/www.havteam.me\/wp-content\/uploads\/2025\/03\/Min-max-2.mp4\"><\/video><\/figure>\n\n\n\n<h4 class=\"wp-block-heading has-text-align-center\"><mark style=\"background-color:rgba(0, 0, 0, 0);color:#ff6900\" class=\"has-inline-color\">*N\u1ebfu thi\u1ebfu ti\u1ec7n \u00edch&#8230; \ud83d\udc49 Kh\u1edfi \u0111\u1ed9ng l\u1ea1i thi\u1ebft b\u1ecb, ho\u1eb7c c\u00e0i \u0111\u1eb7t l\u1ea1i FOX<\/mark><\/h4>\n\n\n\n<p><\/p>\n","protected":false},"excerpt":{"rendered":"<p>Giao Di\u1ec7n C\u1eeda H\u00e0ng Ch\u1ee9c N\u0103ng H\u1ed7 tr\u1ee3 Supercell ID Token Nh\u00e2n B\u1ea3n B\u00e0n ph\u00edm \u1ee8ng d\u1ee5ng C\u00e0i \u0110\u1eb7t M\u1eb7c [&hellip;]<\/p>\n","protected":false},"author":1,"featured_media":0,"parent":0,"menu_order":0,"comment_status":"closed","ping_status":"closed","template":"","meta":{"site-sidebar-layout":"default","site-content-layout":"","ast-site-content-layout":"","site-content-style":"default","site-sidebar-style":"default","ast-global-header-display":"","ast-banner-title-visibility":"","ast-main-header-display":"","ast-hfb-above-header-display":"","ast-hfb-below-header-display":"","ast-hfb-mobile-header-display":"","site-post-title":"disabled","ast-breadcrumbs-content":"","ast-featured-img":"","footer-sml-layout":"","ast-disable-related-posts":"","theme-transparent-header-meta":"","adv-header-id-meta":"","stick-header-meta":"","header-above-stick-meta":"","header-main-stick-meta":"","header-below-stick-meta":"","astra-migrate-meta-layouts":"default","ast-page-background-enabled":"default","ast-page-background-meta":{"desktop":{"background-color":"var(--ast-global-color-5)","background-image":"","background-repeat":"repeat","background-position":"center center","background-size":"auto","background-attachment":"scroll","background-type":"","background-media":"","overlay-type":"","overlay-color":"","overlay-opacity":"","overlay-gradient":""},"tablet":{"background-color":"","background-image":"","background-repeat":"repeat","background-position":"center center","background-size":"auto","background-attachment":"scroll","background-type":"","background-media":"","overlay-type":"","overlay-color":"","overlay-opacity":"","overlay-gradient":""},"mobile":{"background-color":"","background-image":"","background-repeat":"repeat","background-position":"center center","background-size":"auto","background-attachment":"scroll","background-type":"","background-media":"","overlay-type":"","overlay-color":"","overlay-opacity":"","overlay-gradient":""}},"ast-content-background-meta":{"desktop":{"background-color":"var(--ast-global-color-4)","background-image":"","background-repeat":"repeat","background-position":"center center","background-size":"auto","background-attachment":"scroll","background-type":"","background-media":"","overlay-type":"","overlay-color":"","overlay-opacity":"","overlay-gradient":""},"tablet":{"background-color":"var(--ast-global-color-4)","background-image":"","background-repeat":"repeat","background-position":"center center","background-size":"auto","background-attachment":"scroll","background-type":"","background-media":"","overlay-type":"","overlay-color":"","overlay-opacity":"","overlay-gradient":""},"mobile":{"background-color":"var(--ast-global-color-4)","background-image":"","background-repeat":"repeat","background-position":"center center","background-size":"auto","background-attachment":"scroll","background-type":"","background-media":"","overlay-type":"","overlay-color":"","overlay-opacity":"","overlay-gradient":""}},"footnotes":""},"class_list":["post-853","page","type-page","status-publish","hentry"],"_links":{"self":[{"href":"https:\/\/www.havteam.me\/index.php?rest_route=\/wp\/v2\/pages\/853","targetHints":{"allow":["GET"]}}],"collection":[{"href":"https:\/\/www.havteam.me\/index.php?rest_route=\/wp\/v2\/pages"}],"about":[{"href":"https:\/\/www.havteam.me\/index.php?rest_route=\/wp\/v2\/types\/page"}],"author":[{"embeddable":true,"href":"https:\/\/www.havteam.me\/index.php?rest_route=\/wp\/v2\/users\/1"}],"replies":[{"embeddable":true,"href":"https:\/\/www.havteam.me\/index.php?rest_route=%2Fwp%2Fv2%2Fcomments&post=853"}],"version-history":[{"count":26,"href":"https:\/\/www.havteam.me\/index.php?rest_route=\/wp\/v2\/pages\/853\/revisions"}],"predecessor-version":[{"id":5524,"href":"https:\/\/www.havteam.me\/index.php?rest_route=\/wp\/v2\/pages\/853\/revisions\/5524"}],"wp:attachment":[{"href":"https:\/\/www.havteam.me\/index.php?rest_route=%2Fwp%2Fv2%2Fmedia&parent=853"}],"curies":[{"name":"wp","href":"https:\/\/api.w.org\/{rel}","templated":true}]}}