{"id":840,"date":"2025-03-29T15:50:56","date_gmt":"2025-03-29T15:50:56","guid":{"rendered":"https:\/\/havteam.me\/?page_id=840"},"modified":"2026-03-29T11:58:26","modified_gmt":"2026-03-29T11:58:26","slug":"nhan-ban","status":"publish","type":"page","link":"https:\/\/www.havteam.me\/?page_id=840","title":{"rendered":"Nh\u00e2n B\u1ea3n"},"content":{"rendered":"\n<figure class=\"wp-block-table is-style-regular\"><table class=\"has-fixed-layout\"><tbody><tr><td><a href=\"https:\/\/www.havteam.me\/?page_id=631\" title=\"\" target=\"_blank\" rel=\"noopener\"><mark style=\"background-color:rgba(0, 0, 0, 0)\" class=\"has-inline-color has-ast-global-color-0-color\">Giao Di\u1ec7n<\/mark><\/a><\/td><td><mark style=\"background-color:rgba(0, 0, 0, 0)\" class=\"has-inline-color has-ast-global-color-0-color\"><a href=\"https:\/\/www.havteam.me\/?page_id=853\" title=\"\" target=\"_blank\" rel=\"noopener\">C\u1eeda H\u00e0ng<\/a><\/mark><\/td><td><mark style=\"background-color:rgba(0, 0, 0, 0)\" class=\"has-inline-color has-ast-global-color-0-color\"><a href=\"https:\/\/www.havteam.me\/?page_id=859\" title=\"\" target=\"_blank\" rel=\"noopener\">Ch\u1ee9c N\u0103ng<\/a><\/mark><\/td><\/tr><tr><td><mark style=\"background-color:rgba(0, 0, 0, 0)\" class=\"has-inline-color has-ast-global-color-0-color\"><a href=\"https:\/\/www.havteam.me\/?page_id=638\" title=\"\" target=\"_blank\" rel=\"noopener\">H\u1ed7 tr\u1ee3<\/a><\/mark><\/td><td><mark style=\"background-color:rgba(0, 0, 0, 0)\" class=\"has-inline-color has-ast-global-color-0-color\"><a href=\"https:\/\/www.havteam.me\/?page_id=650\" title=\"\" target=\"_blank\" rel=\"noopener\"><span class=\"notranslate\">Supercell ID<\/span><\/a><\/mark><\/td><td><mark style=\"background-color:rgba(0, 0, 0, 0)\" class=\"has-inline-color has-ast-global-color-0-color\"><a href=\"https:\/\/www.havteam.me\/?page_id=866\" title=\"\" target=\"_blank\" rel=\"noopener\"><span class=\"notranslate\">Token<\/span><\/a><\/mark><\/td><\/tr><tr><td><mark style=\"background-color:rgba(0, 0, 0, 0)\" class=\"has-inline-color has-ast-global-color-2-color\"><strong>Nh\u00e2n B\u1ea3n<\/strong><\/mark><\/td><td><a title=\"\" href=\"https:\/\/www.havteam.me\/?page_id=202\" target=\"_blank\" rel=\"noopener\"><mark style=\"background-color:rgba(0, 0, 0, 0)\" class=\"has-inline-color has-ast-global-color-0-color\">B\u00e0n ph\u00edm<\/mark><\/a><\/td><td><mark style=\"background-color:rgba(0, 0, 0, 0)\" class=\"has-inline-color has-ast-global-color-0-color\"><a href=\"https:\/\/www.havteam.me\/?page_id=873\" title=\"\" target=\"_blank\" rel=\"noopener\">\u1ee8ng d\u1ee5ng<\/a><\/mark><\/td><\/tr><tr><td><mark style=\"background-color:rgba(0, 0, 0, 0)\" class=\"has-inline-color has-ast-global-color-0-color\"><a href=\"https:\/\/www.havteam.me\/?page_id=846\" title=\"\" target=\"_blank\" rel=\"noopener\">C\u00e0i \u0110\u1eb7t<\/a><\/mark><\/td><td><mark style=\"background-color:rgba(0, 0, 0, 0)\" class=\"has-inline-color has-ast-global-color-0-color\"><a href=\"https:\/\/www.havteam.me\/?page_id=3421\" target=\"_blank\" rel=\"noopener\">M\u1eb7c \u0111\u1ecbnh<\/a><\/mark><\/td><td><mark style=\"background-color:rgba(0, 0, 0, 0)\" class=\"has-inline-color has-ast-global-color-0-color\"><a title=\"\" href=\"https:\/\/www.havteam.me\/?page_id=110\" target=\"_blank\" rel=\"noopener\">\u21a9 Tr\u1edf v\u1ec1<\/a><\/mark><\/td><\/tr><\/tbody><\/table><\/figure>\n\n\n\n<div class=\"wp-block-columns is-not-stacked-on-mobile is-layout-flex wp-container-core-columns-is-layout-07b7b7eb wp-block-columns-is-layout-flex\" style=\"padding-top:0;padding-right:0;padding-bottom:0;padding-left:0\">\n<div class=\"wp-block-column is-layout-flow wp-block-column-is-layout-flow\" style=\"flex-basis:65%\">\n<h4 class=\"wp-block-heading\"><span class=\"notranslate\">NH\u00c2N B\u1ea2N<\/span><br><\/h4>\n<\/div>\n\n\n\n<div class=\"wp-block-column is-layout-flow wp-block-column-is-layout-flow\" style=\"flex-basis:35%\">\n<div class=\"wp-block-buttons is-content-justification-right is-layout-flex wp-container-core-buttons-is-layout-d445cf74 wp-block-buttons-is-layout-flex\">\n<div class=\"wp-block-button is-style-outline is-style-outline--1\"><a class=\"wp-block-button__link wp-element-button\" href=\"https:\/\/www.havteam.me\/?page_id=116\" target=\"_blank\" rel=\"noopener\"><mark style=\"background-color:rgba(0, 0, 0, 0)\" class=\"has-inline-color has-ast-global-color-2-color\"><strong>Mua<\/strong><\/mark> \ud83d\udd11<\/a><\/div>\n<\/div>\n<\/div>\n<\/div>\n\n\n\n<h4 class=\"wp-block-heading has-text-align-left\">C\u00f3 th\u1ec3 nh\u00e2n b\u1ea3n FOX th\u00e0nh nhi\u1ec1u b\u1ea3n con, <br>C\u00f3 th\u1ec3 ch\u01a1i nhi\u1ec1u Farm c\u00f9ng 1 l\u00fac tr\u00ean \u0111i\u1ec7n tho\u1ea1i<\/h4>\n\n\n\n<figure class=\"wp-block-image aligncenter size-large\"><img fetchpriority=\"high\" decoding=\"async\" width=\"1024\" height=\"599\" src=\"https:\/\/www.havteam.me\/wp-content\/uploads\/2025\/08\/Screenshot_20250822-223025_FX-Pro-1024x599.jpg\" alt=\"\" class=\"wp-image-3125\" srcset=\"https:\/\/havteam.me\/wp-content\/uploads\/2025\/08\/Screenshot_20250822-223025_FX-Pro-1024x599.jpg 1024w, https:\/\/havteam.me\/wp-content\/uploads\/2025\/08\/Screenshot_20250822-223025_FX-Pro-600x351.jpg 600w, https:\/\/havteam.me\/wp-content\/uploads\/2025\/08\/Screenshot_20250822-223025_FX-Pro-64x37.jpg 64w, https:\/\/havteam.me\/wp-content\/uploads\/2025\/08\/Screenshot_20250822-223025_FX-Pro-300x176.jpg 300w, https:\/\/havteam.me\/wp-content\/uploads\/2025\/08\/Screenshot_20250822-223025_FX-Pro-768x450.jpg 768w, https:\/\/havteam.me\/wp-content\/uploads\/2025\/08\/Screenshot_20250822-223025_FX-Pro-1536x899.jpg 1536w, https:\/\/havteam.me\/wp-content\/uploads\/2025\/08\/Screenshot_20250822-223025_FX-Pro.jpg 1768w\" sizes=\"(max-width: 1024px) 100vw, 1024px\" \/><\/figure>\n\n\n\n<p class=\"has-text-align-center\">B\u1ea1n c\u00f3 th\u1ec3 t\u1ea1o ra nhi\u1ec1u nh\u00e2n b\u1ea3n c\u1ee7a FOX nh\u1ea5n n\u00fat &#8220;T\u1ea1o&#8221;<br><\/p>\n\n\n\n<p>\ud83d\udfe2 T\u1ea1o &#8211; T\u1ea1o v\u00e0 \u0111\u1eb7t t\u00ean  m\u1ed9t nh\u00e2n b\u1ea3n m\u1edbi<br>-C\u00f3 th\u1ec3 t\u1ea1o Max 50 nh\u00e2n b\u1ea3n<br>-C\u00f3 th\u1ec3 t\u1ea1o ph\u00edm t\u1eaft ra ngo\u00e0i m\u00e0n h\u00ecnh \u0111i\u1ec7n tho\u1ea1i<\/p>\n\n\n\n<figure class=\"wp-block-image size-large\"><img decoding=\"async\" width=\"1024\" height=\"374\" src=\"https:\/\/www.havteam.me\/wp-content\/uploads\/2025\/09\/Screenshot_20250908_112950_FX-Pro-1024x374.jpg\" alt=\"\" class=\"wp-image-3297\" srcset=\"https:\/\/havteam.me\/wp-content\/uploads\/2025\/09\/Screenshot_20250908_112950_FX-Pro-1024x374.jpg 1024w, https:\/\/havteam.me\/wp-content\/uploads\/2025\/09\/Screenshot_20250908_112950_FX-Pro-600x219.jpg 600w, https:\/\/havteam.me\/wp-content\/uploads\/2025\/09\/Screenshot_20250908_112950_FX-Pro-64x23.jpg 64w, https:\/\/havteam.me\/wp-content\/uploads\/2025\/09\/Screenshot_20250908_112950_FX-Pro-300x110.jpg 300w, https:\/\/havteam.me\/wp-content\/uploads\/2025\/09\/Screenshot_20250908_112950_FX-Pro-768x280.jpg 768w, https:\/\/havteam.me\/wp-content\/uploads\/2025\/09\/Screenshot_20250908_112950_FX-Pro.jpg 1200w\" sizes=\"(max-width: 1024px) 100vw, 1024px\" \/><figcaption class=\"wp-element-caption\">\u0110\u00e8 gi\u1eef nh\u00e2n b\u1ea3n v\u1eeba t\u1ea1o \u0111\u1ec3 t\u1ea1o Ph\u00edm t\u1eaft<\/figcaption><\/figure>\n\n\n\n<p>\ud83d\udfe0 Danh s\u00e1ch &#8211; Danh s\u00e1ch n\u1ed5i chuy\u1ec3n \u0111\u1ed5i nhanh gi\u1eefa c\u00e1c Nh\u00e2n b\u1ea3n do b\u1ea1n t\u1ea1o ra<\/p>\n\n\n\n<h3 class=\"wp-block-heading\"><mark style=\"background-color:rgba(0, 0, 0, 0);color:#ff6900\" class=\"has-inline-color\">C\u00e1ch S\u1eed d\u1ee5ng<\/mark><\/h3>\n\n\n\n<p>B1 : T\u1ea1o v\u00e0 \u0111\u1eb7t t\u00ean cho nh\u00e2n b\u1ea3n<br>B2 :  V\u00e0o danh s\u00e1ch Farm (Tab <span class=\"notranslate\">Supercell iD<\/span> ho\u1eb7c <span class=\"notranslate\">Token<\/span> \u0110\u00e8 gi\u1eef v\u00e0o Farm c\u1ea7n m\u1edf &gt; ch\u1ecdn &#8220;Nh\u00e2n b\u1ea3n&#8221;<br>Ch\u1ecdn \u0111\u1ebfn nh\u00e2n b\u1ea3n mu\u1ed1n m\u1edf Farm .<\/p>\n\n\n\n<figure class=\"wp-block-image size-large\"><img decoding=\"async\" width=\"1024\" height=\"418\" src=\"https:\/\/www.havteam.me\/wp-content\/uploads\/2025\/09\/Screenshot_20250908_113741_FX-Pro-1024x418.jpg\" alt=\"\" class=\"wp-image-3300\" srcset=\"https:\/\/havteam.me\/wp-content\/uploads\/2025\/09\/Screenshot_20250908_113741_FX-Pro-1024x418.jpg 1024w, https:\/\/havteam.me\/wp-content\/uploads\/2025\/09\/Screenshot_20250908_113741_FX-Pro-600x245.jpg 600w, https:\/\/havteam.me\/wp-content\/uploads\/2025\/09\/Screenshot_20250908_113741_FX-Pro-64x26.jpg 64w, https:\/\/havteam.me\/wp-content\/uploads\/2025\/09\/Screenshot_20250908_113741_FX-Pro-300x123.jpg 300w, https:\/\/havteam.me\/wp-content\/uploads\/2025\/09\/Screenshot_20250908_113741_FX-Pro-768x314.jpg 768w, https:\/\/havteam.me\/wp-content\/uploads\/2025\/09\/Screenshot_20250908_113741_FX-Pro.jpg 1200w\" sizes=\"(max-width: 1024px) 100vw, 1024px\" \/><\/figure>\n\n\n\n<figure class=\"wp-block-embed is-type-video is-provider-youtube wp-block-embed-youtube wp-embed-aspect-4-3 wp-has-aspect-ratio\"><div class=\"wp-block-embed__wrapper\">\n<iframe title=\"Clone F\ud83e\udd8aX\" width=\"500\" height=\"375\" src=\"https:\/\/www.youtube.com\/embed\/gsbWrWHl2Ss?feature=oembed\" frameborder=\"0\" allow=\"accelerometer; autoplay; clipboard-write; encrypted-media; gyroscope; picture-in-picture; web-share\" referrerpolicy=\"strict-origin-when-cross-origin\" allowfullscreen><\/iframe>\n<\/div><\/figure>\n","protected":false},"excerpt":{"rendered":"<p>Giao Di\u1ec7n C\u1eeda H\u00e0ng Ch\u1ee9c N\u0103ng H\u1ed7 tr\u1ee3 Supercell ID Token Nh\u00e2n B\u1ea3n B\u00e0n ph\u00edm \u1ee8ng d\u1ee5ng C\u00e0i \u0110\u1eb7t M\u1eb7c [&hellip;]<\/p>\n","protected":false},"author":1,"featured_media":0,"parent":0,"menu_order":0,"comment_status":"closed","ping_status":"closed","template":"","meta":{"site-sidebar-layout":"default","site-content-layout":"","ast-site-content-layout":"","site-content-style":"default","site-sidebar-style":"default","ast-global-header-display":"","ast-banner-title-visibility":"","ast-main-header-display":"","ast-hfb-above-header-display":"","ast-hfb-below-header-display":"","ast-hfb-mobile-header-display":"","site-post-title":"disabled","ast-breadcrumbs-content":"","ast-featured-img":"","footer-sml-layout":"","ast-disable-related-posts":"","theme-transparent-header-meta":"","adv-header-id-meta":"","stick-header-meta":"","header-above-stick-meta":"","header-main-stick-meta":"","header-below-stick-meta":"","astra-migrate-meta-layouts":"default","ast-page-background-enabled":"default","ast-page-background-meta":{"desktop":{"background-color":"var(--ast-global-color-5)","background-image":"","background-repeat":"repeat","background-position":"center center","background-size":"auto","background-attachment":"scroll","background-type":"","background-media":"","overlay-type":"","overlay-color":"","overlay-opacity":"","overlay-gradient":""},"tablet":{"background-color":"","background-image":"","background-repeat":"repeat","background-position":"center center","background-size":"auto","background-attachment":"scroll","background-type":"","background-media":"","overlay-type":"","overlay-color":"","overlay-opacity":"","overlay-gradient":""},"mobile":{"background-color":"","background-image":"","background-repeat":"repeat","background-position":"center center","background-size":"auto","background-attachment":"scroll","background-type":"","background-media":"","overlay-type":"","overlay-color":"","overlay-opacity":"","overlay-gradient":""}},"ast-content-background-meta":{"desktop":{"background-color":"var(--ast-global-color-4)","background-image":"","background-repeat":"repeat","background-position":"center center","background-size":"auto","background-attachment":"scroll","background-type":"","background-media":"","overlay-type":"","overlay-color":"","overlay-opacity":"","overlay-gradient":""},"tablet":{"background-color":"var(--ast-global-color-4)","background-image":"","background-repeat":"repeat","background-position":"center center","background-size":"auto","background-attachment":"scroll","background-type":"","background-media":"","overlay-type":"","overlay-color":"","overlay-opacity":"","overlay-gradient":""},"mobile":{"background-color":"var(--ast-global-color-4)","background-image":"","background-repeat":"repeat","background-position":"center center","background-size":"auto","background-attachment":"scroll","background-type":"","background-media":"","overlay-type":"","overlay-color":"","overlay-opacity":"","overlay-gradient":""}},"footnotes":""},"class_list":["post-840","page","type-page","status-publish","hentry"],"_links":{"self":[{"href":"https:\/\/www.havteam.me\/index.php?rest_route=\/wp\/v2\/pages\/840","targetHints":{"allow":["GET"]}}],"collection":[{"href":"https:\/\/www.havteam.me\/index.php?rest_route=\/wp\/v2\/pages"}],"about":[{"href":"https:\/\/www.havteam.me\/index.php?rest_route=\/wp\/v2\/types\/page"}],"author":[{"embeddable":true,"href":"https:\/\/www.havteam.me\/index.php?rest_route=\/wp\/v2\/users\/1"}],"replies":[{"embeddable":true,"href":"https:\/\/www.havteam.me\/index.php?rest_route=%2Fwp%2Fv2%2Fcomments&post=840"}],"version-history":[{"count":15,"href":"https:\/\/www.havteam.me\/index.php?rest_route=\/wp\/v2\/pages\/840\/revisions"}],"predecessor-version":[{"id":5543,"href":"https:\/\/www.havteam.me\/index.php?rest_route=\/wp\/v2\/pages\/840\/revisions\/5543"}],"wp:attachment":[{"href":"https:\/\/www.havteam.me\/index.php?rest_route=%2Fwp%2Fv2%2Fmedia&parent=840"}],"curies":[{"name":"wp","href":"https:\/\/api.w.org\/{rel}","templated":true}]}}