{"id":650,"date":"2025-03-28T10:39:52","date_gmt":"2025-03-28T10:39:52","guid":{"rendered":"https:\/\/havteam.me\/?page_id=650"},"modified":"2026-04-23T17:09:41","modified_gmt":"2026-04-23T17:09:41","slug":"supercell-id","status":"publish","type":"page","link":"https:\/\/www.havteam.me\/?page_id=650","title":{"rendered":"Supercell ID"},"content":{"rendered":"\n<figure class=\"wp-block-table is-style-regular\"><table class=\"has-fixed-layout\"><tbody><tr><td><mark style=\"background-color:rgba(0, 0, 0, 0)\" class=\"has-inline-color has-ast-global-color-0-color\"><a href=\"https:\/\/www.havteam.me\/?page_id=631\" title=\"\" target=\"_blank\" rel=\"noopener\">Giao Di\u1ec7n<\/a><\/mark><\/td><td><mark style=\"background-color:rgba(0, 0, 0, 0)\" class=\"has-inline-color has-ast-global-color-0-color\"><a href=\"https:\/\/www.havteam.me\/?page_id=853\" title=\"\" target=\"_blank\" rel=\"noopener\">C\u1eeda H\u00e0ng<\/a><\/mark><\/td><td><mark style=\"background-color:rgba(0, 0, 0, 0)\" class=\"has-inline-color has-ast-global-color-0-color\"><a href=\"https:\/\/www.havteam.me\/?page_id=859\" title=\"\" target=\"_blank\" rel=\"noopener\">Ch\u1ee9c N\u0103ng<\/a><\/mark><\/td><\/tr><tr><td><mark style=\"background-color:rgba(0, 0, 0, 0)\" class=\"has-inline-color has-ast-global-color-0-color\"><a href=\"https:\/\/www.havteam.me\/?page_id=638\" title=\"\" target=\"_blank\" rel=\"noopener\">H\u1ed7 tr\u1ee3<\/a><\/mark><\/td><td><mark style=\"background-color:rgba(0, 0, 0, 0)\" class=\"has-inline-color has-ast-global-color-2-color\"><strong><span class=\"notranslate\">Supercell ID<\/span><\/strong><\/mark><\/td><td><mark style=\"background-color:rgba(0, 0, 0, 0)\" class=\"has-inline-color has-ast-global-color-0-color\"><a title=\"\" href=\"https:\/\/www.havteam.me\/?page_id=866\" target=\"_blank\" rel=\"noopener\"><span class=\"notranslate\">Token<\/span><\/a><\/mark><\/td><\/tr><tr><td><mark style=\"background-color:rgba(0, 0, 0, 0)\" class=\"has-inline-color has-ast-global-color-0-color\"><a href=\"https:\/\/www.havteam.me\/?page_id=840\" title=\"\" target=\"_blank\" rel=\"noopener\">Nh\u00e2n B\u1ea3n<\/a><\/mark><\/td><td><a title=\"\" href=\"https:\/\/www.havteam.me\/?page_id=202\" target=\"_blank\" rel=\"noopener\"><mark style=\"background-color:rgba(0, 0, 0, 0)\" class=\"has-inline-color has-ast-global-color-0-color\">B\u00e0n ph\u00edm<\/mark><\/a><\/td><td><mark style=\"background-color:rgba(0, 0, 0, 0)\" class=\"has-inline-color has-ast-global-color-0-color\"><a href=\"https:\/\/www.havteam.me\/?page_id=873\" title=\"\" target=\"_blank\" rel=\"noopener\">\u1ee8ng d\u1ee5ng<\/a><\/mark><\/td><\/tr><tr><td><mark style=\"background-color:rgba(0, 0, 0, 0)\" class=\"has-inline-color has-ast-global-color-0-color\"><a href=\"https:\/\/www.havteam.me\/?page_id=846\" title=\"\" target=\"_blank\" rel=\"noopener\">C\u00e0i \u0110\u1eb7t<\/a><\/mark><\/td><td><mark style=\"background-color:rgba(0, 0, 0, 0)\" class=\"has-inline-color has-ast-global-color-0-color\"><a href=\"https:\/\/www.havteam.me\/?page_id=3421\" target=\"_blank\" rel=\"noopener\">M\u1eb7c \u0111\u1ecbnh<\/a><\/mark><\/td><td><mark style=\"background-color:rgba(0, 0, 0, 0)\" class=\"has-inline-color has-ast-global-color-0-color\"><a title=\"\" href=\"https:\/\/www.havteam.me\/?page_id=110\" target=\"_blank\" rel=\"noopener\">\u21a9 Tr\u1edf v\u1ec1<\/a><\/mark><\/td><\/tr><\/tbody><\/table><\/figure>\n\n\n\n<div class=\"wp-block-columns is-not-stacked-on-mobile is-layout-flex wp-container-core-columns-is-layout-07b7b7eb wp-block-columns-is-layout-flex\" style=\"padding-top:0;padding-right:0;padding-bottom:0;padding-left:0\">\n<div class=\"wp-block-column is-layout-flow wp-block-column-is-layout-flow\" style=\"flex-basis:65%\">\n<h4 class=\"wp-block-heading\"><span class=\"notranslate\">Supercell ID<\/span><\/h4>\n<\/div>\n\n\n\n<div class=\"wp-block-column is-layout-flow wp-block-column-is-layout-flow\" style=\"flex-basis:35%\">\n<div class=\"wp-block-buttons is-content-justification-right is-layout-flex wp-container-core-buttons-is-layout-d445cf74 wp-block-buttons-is-layout-flex\">\n<div class=\"wp-block-button is-style-outline is-style-outline--1\"><a class=\"wp-block-button__link wp-element-button\" href=\"https:\/\/www.havteam.me\/?page_id=116\" target=\"_blank\" rel=\"noopener\"><mark style=\"background-color:rgba(0, 0, 0, 0)\" class=\"has-inline-color has-ast-global-color-2-color\"><strong>Mua<\/strong><\/mark> \ud83d\udd11<\/a><\/div>\n<\/div>\n<\/div>\n<\/div>\n\n\n\n<p><strong>Qu\u1ea3n l\u00fd &amp; l\u01b0u c\u00e1c Farm \u0111\u00e3 c\u00f3 mail (SC iD)<br><\/strong>L\u01b0u th\u00e0nh File trong b\u1ed9 nh\u1edb <strong>l\u01b0u tr\u1eef \u0110i\u1ec7n tho\u1ea1i<\/strong> t\u1ea1i th\u01b0 m\u1ee5c <strong><mark style=\"background-color:rgba(0, 0, 0, 0);color:#ff6900\" class=\"has-inline-color\"><span class=\"notranslate\">HAV_ProfileID<\/span><\/mark><\/strong><br><strong><mark style=\"background-color:rgba(0, 0, 0, 0)\" class=\"has-inline-color has-ast-global-color-2-color\">C\u1eadp nh\u1eadt b\u1ea3n game hay x\u00f3a kh\u00f4ng c\u1ea7n \u0111\u0103ng nh\u1eadp l\u1ea1i Mail<\/mark><\/strong><\/p>\n\n\n\n<h2 class=\"wp-block-heading has-text-align-center\">Giao Di\u1ec7n<\/h2>\n\n\n\n<figure class=\"wp-block-image aligncenter size-large\"><img fetchpriority=\"high\" decoding=\"async\" width=\"1024\" height=\"676\" src=\"https:\/\/www.havteam.me\/wp-content\/uploads\/2025\/10\/hhh-1024x676.jpg\" alt=\"\" class=\"wp-image-3581\" srcset=\"https:\/\/havteam.me\/wp-content\/uploads\/2025\/10\/hhh-1024x676.jpg 1024w, https:\/\/havteam.me\/wp-content\/uploads\/2025\/10\/hhh-600x396.jpg 600w, https:\/\/havteam.me\/wp-content\/uploads\/2025\/10\/hhh-64x42.jpg 64w, https:\/\/havteam.me\/wp-content\/uploads\/2025\/10\/hhh-300x198.jpg 300w, https:\/\/havteam.me\/wp-content\/uploads\/2025\/10\/hhh-768x507.jpg 768w, https:\/\/havteam.me\/wp-content\/uploads\/2025\/10\/hhh-1536x1014.jpg 1536w, https:\/\/havteam.me\/wp-content\/uploads\/2025\/10\/hhh.jpg 1647w\" sizes=\"(max-width: 1024px) 100vw, 1024px\" \/><\/figure>\n\n\n\n<p>\ud83d\udfe2 T\u1ea1o &#8211; T\u1ea1o th\u01b0 m\u1ee5c \u0111\u1ec3 ch\u1ee9a c\u00e1c T\u00e0i kho\u1ea3n Farm<br>\ud83d\udfe0 Danh s\u00e1ch &#8211; T\u1ea1o danh s\u00e1ch n\u1ed5i truy c\u1eadp nhanh Farm<\/p>\n\n\n\n<h2 class=\"wp-block-heading has-text-align-center\">H\u01b0\u1edbng d\u1eabn s\u1eed d\u1ee5ng<\/h2>\n\n\n\n<figure class=\"wp-block-table\"><table class=\"has-fixed-layout\"><tbody><tr><td><strong>1. <mark style=\"background-color:rgba(0, 0, 0, 0);color:#ff6900\" class=\"has-inline-color\">M\u1edf<\/mark>  Farm \u0111\u00e3 c\u00f3 Mail<\/strong> t\u1eeb  <span class=\"notranslate\"><strong>FOX<\/strong> <\/span><br><a href=\"https:\/\/www.havteam.me\/?page_id=4195\" target=\"_blank\" rel=\"noopener\">Xem th\u00eam ><\/a><\/td><\/tr><tr><td><strong><strong>2. <mark style=\"background-color:rgba(0, 0, 0, 0);color:#ff6900\" class=\"has-inline-color\">L\u01b0u<\/mark>  Farm c\u00f3 Mail<\/strong> (<strong>SC iD<\/strong>)<\/strong> l\u00ean  <strong>FOX<\/strong><br><a href=\"https:\/\/www.havteam.me\/?page_id=3547\" target=\"_blank\" rel=\"noopener\">Xem th\u00eam ><\/a><\/td><\/tr><tr><td><strong>3. M\u1edf Farm (SC iD) \u0111\u00e3 l\u01b0u<\/strong> b\u1eb1ng  <span class=\"notranslate\">FOX <\/span> <br><a href=\"https:\/\/www.havteam.me\/?page_id=3549\" target=\"_blank\" rel=\"noopener\">Xem th\u00eam ><\/a><\/td><\/tr><tr><td><strong>4. M\u1edf  <mark style=\"background-color:rgba(0, 0, 0, 0);color:#ff6900\" class=\"has-inline-color\">File Farm<\/mark>  (SC iD) \u0111\u00e3 l\u01b0u<\/strong> b\u1eb1ng ch\u01b0\u01a1ng tr\u00ecnh kh\u00e1c<br><a href=\"https:\/\/www.havteam.me\/?page_id=5602\" target=\"_blank\" rel=\"noopener\">Xem th\u00eam ><\/a><\/td><\/tr><tr><td><strong>5. <mark style=\"background-color:rgba(0, 0, 0, 0);color:#ff6900\" class=\"has-inline-color\">Backup<\/mark>  Farm <\/strong>(<strong>SC iD<\/strong>) th\u00e0nh File<br><a href=\"https:\/\/www.havteam.me\/?page_id=5024\" target=\"_blank\" rel=\"noopener\">Xem th\u00eam ><\/a><\/td><\/tr><tr><td><strong>6. <mark style=\"background-color:rgba(0, 0, 0, 0);color:#ff6900\" class=\"has-inline-color\">Di chuy\u1ec3n, Chia s\u1ebb<\/mark>  Farm<\/strong> (<strong>SC iD<\/strong>)<br><a href=\"https:\/\/www.havteam.me\/?page_id=3566\" target=\"_blank\" rel=\"noopener\">Xem th\u00eam ><\/a><\/td><\/tr><\/tbody><\/table><\/figure>\n","protected":false},"excerpt":{"rendered":"<p>Giao Di\u1ec7n C\u1eeda H\u00e0ng Ch\u1ee9c N\u0103ng H\u1ed7 tr\u1ee3 Supercell ID Token Nh\u00e2n B\u1ea3n B\u00e0n ph\u00edm \u1ee8ng d\u1ee5ng C\u00e0i \u0110\u1eb7t M\u1eb7c [&hellip;]<\/p>\n","protected":false},"author":1,"featured_media":0,"parent":0,"menu_order":0,"comment_status":"closed","ping_status":"closed","template":"","meta":{"site-sidebar-layout":"default","site-content-layout":"","ast-site-content-layout":"","site-content-style":"default","site-sidebar-style":"default","ast-global-header-display":"","ast-banner-title-visibility":"","ast-main-header-display":"","ast-hfb-above-header-display":"","ast-hfb-below-header-display":"","ast-hfb-mobile-header-display":"","site-post-title":"disabled","ast-breadcrumbs-content":"","ast-featured-img":"","footer-sml-layout":"","ast-disable-related-posts":"","theme-transparent-header-meta":"","adv-header-id-meta":"","stick-header-meta":"","header-above-stick-meta":"","header-main-stick-meta":"","header-below-stick-meta":"","astra-migrate-meta-layouts":"default","ast-page-background-enabled":"default","ast-page-background-meta":{"desktop":{"background-color":"var(--ast-global-color-5)","background-image":"","background-repeat":"repeat","background-position":"center center","background-size":"auto","background-attachment":"scroll","background-type":"","background-media":"","overlay-type":"","overlay-color":"","overlay-opacity":"","overlay-gradient":""},"tablet":{"background-color":"","background-image":"","background-repeat":"repeat","background-position":"center center","background-size":"auto","background-attachment":"scroll","background-type":"","background-media":"","overlay-type":"","overlay-color":"","overlay-opacity":"","overlay-gradient":""},"mobile":{"background-color":"","background-image":"","background-repeat":"repeat","background-position":"center center","background-size":"auto","background-attachment":"scroll","background-type":"","background-media":"","overlay-type":"","overlay-color":"","overlay-opacity":"","overlay-gradient":""}},"ast-content-background-meta":{"desktop":{"background-color":"var(--ast-global-color-4)","background-image":"","background-repeat":"repeat","background-position":"center center","background-size":"auto","background-attachment":"scroll","background-type":"","background-media":"","overlay-type":"","overlay-color":"","overlay-opacity":"","overlay-gradient":""},"tablet":{"background-color":"var(--ast-global-color-4)","background-image":"","background-repeat":"repeat","background-position":"center center","background-size":"auto","background-attachment":"scroll","background-type":"","background-media":"","overlay-type":"","overlay-color":"","overlay-opacity":"","overlay-gradient":""},"mobile":{"background-color":"var(--ast-global-color-4)","background-image":"","background-repeat":"repeat","background-position":"center center","background-size":"auto","background-attachment":"scroll","background-type":"","background-media":"","overlay-type":"","overlay-color":"","overlay-opacity":"","overlay-gradient":""}},"footnotes":""},"class_list":["post-650","page","type-page","status-publish","hentry"],"_links":{"self":[{"href":"https:\/\/www.havteam.me\/index.php?rest_route=\/wp\/v2\/pages\/650","targetHints":{"allow":["GET"]}}],"collection":[{"href":"https:\/\/www.havteam.me\/index.php?rest_route=\/wp\/v2\/pages"}],"about":[{"href":"https:\/\/www.havteam.me\/index.php?rest_route=\/wp\/v2\/types\/page"}],"author":[{"embeddable":true,"href":"https:\/\/www.havteam.me\/index.php?rest_route=\/wp\/v2\/users\/1"}],"replies":[{"embeddable":true,"href":"https:\/\/www.havteam.me\/index.php?rest_route=%2Fwp%2Fv2%2Fcomments&post=650"}],"version-history":[{"count":62,"href":"https:\/\/www.havteam.me\/index.php?rest_route=\/wp\/v2\/pages\/650\/revisions"}],"predecessor-version":[{"id":5890,"href":"https:\/\/www.havteam.me\/index.php?rest_route=\/wp\/v2\/pages\/650\/revisions\/5890"}],"wp:attachment":[{"href":"https:\/\/www.havteam.me\/index.php?rest_route=%2Fwp%2Fv2%2Fmedia&parent=650"}],"curies":[{"name":"wp","href":"https:\/\/api.w.org\/{rel}","templated":true}]}}