{"id":638,"date":"2025-03-28T10:30:11","date_gmt":"2025-03-28T10:30:11","guid":{"rendered":"https:\/\/havteam.me\/?page_id=638"},"modified":"2026-03-29T11:38:07","modified_gmt":"2026-03-29T11:38:07","slug":"ho-tro","status":"publish","type":"page","link":"https:\/\/www.havteam.me\/?page_id=638","title":{"rendered":"H\u1ed7 Tr\u1ee3"},"content":{"rendered":"\n<figure class=\"wp-block-table is-style-regular\"><table class=\"has-fixed-layout\"><tbody><tr><td><mark style=\"background-color:rgba(0, 0, 0, 0)\" class=\"has-inline-color has-ast-global-color-0-color\"><a href=\"https:\/\/www.havteam.me\/?page_id=631\" title=\"\" target=\"_blank\" rel=\"noopener\">Giao Di\u1ec7n<\/a><\/mark><\/td><td><mark style=\"background-color:rgba(0, 0, 0, 0)\" class=\"has-inline-color has-ast-global-color-0-color\"><a href=\"https:\/\/www.havteam.me\/?page_id=853\" title=\"\" target=\"_blank\" rel=\"noopener\">C\u1eeda H\u00e0ng<\/a><\/mark><\/td><td><mark style=\"background-color:rgba(0, 0, 0, 0)\" class=\"has-inline-color has-ast-global-color-0-color\"><a href=\"https:\/\/www.havteam.me\/?page_id=859\" title=\"\" target=\"_blank\" rel=\"noopener\">Ch\u1ee9c N\u0103ng<\/a><\/mark><\/td><\/tr><tr><td><mark style=\"background-color:rgba(0, 0, 0, 0)\" class=\"has-inline-color has-ast-global-color-2-color\"><strong>H\u1ed7 tr\u1ee3<\/strong><\/mark><\/td><td><mark style=\"background-color:rgba(0, 0, 0, 0)\" class=\"has-inline-color has-ast-global-color-0-color\"><a href=\"https:\/\/www.havteam.me\/?page_id=650\" title=\"\" target=\"_blank\" rel=\"noopener\"><span class=\"notranslate\">Supercell ID<\/span><\/a><\/mark><\/td><td><mark style=\"background-color:rgba(0, 0, 0, 0)\" class=\"has-inline-color has-ast-global-color-0-color\"><a href=\"https:\/\/www.havteam.me\/?page_id=866\" title=\"\" target=\"_blank\" rel=\"noopener\"><span class=\"notranslate\">Token<\/span><\/a><\/mark><\/td><\/tr><tr><td><mark style=\"background-color:rgba(0, 0, 0, 0)\" class=\"has-inline-color has-ast-global-color-0-color\"><a href=\"https:\/\/www.havteam.me\/?page_id=840\" title=\"\" target=\"_blank\" rel=\"noopener\">Nh\u00e2n B\u1ea3n<\/a><\/mark><\/td><td><a title=\"\" href=\"https:\/\/www.havteam.me\/?page_id=202\" target=\"_blank\" rel=\"noopener\"><mark style=\"background-color:rgba(0, 0, 0, 0)\" class=\"has-inline-color has-ast-global-color-0-color\">B\u00e0n ph\u00edm<\/mark><\/a><\/td><td><mark style=\"background-color:rgba(0, 0, 0, 0)\" class=\"has-inline-color has-ast-global-color-0-color\"><a href=\"https:\/\/www.havteam.me\/?page_id=873\" title=\"\" target=\"_blank\" rel=\"noopener\">\u1ee8ng d\u1ee5ng<\/a><\/mark><\/td><\/tr><tr><td><mark style=\"background-color:rgba(0, 0, 0, 0)\" class=\"has-inline-color has-ast-global-color-0-color\"><a href=\"https:\/\/www.havteam.me\/?page_id=846\" title=\"\" target=\"_blank\" rel=\"noopener\">C\u00e0i \u0110\u1eb7t<\/a><\/mark><\/td><td><mark style=\"background-color:rgba(0, 0, 0, 0)\" class=\"has-inline-color has-ast-global-color-0-color\"><a href=\"https:\/\/www.havteam.me\/?page_id=3421\" target=\"_blank\" rel=\"noopener\">M\u1eb7c \u0111\u1ecbnh<\/a><\/mark><\/td><td><mark style=\"background-color:rgba(0, 0, 0, 0)\" class=\"has-inline-color has-ast-global-color-0-color\"><a title=\"\" href=\"https:\/\/www.havteam.me\/?page_id=110\" target=\"_blank\" rel=\"noopener\">\u21a9 Tr\u1edf v\u1ec1<\/a><\/mark><\/td><\/tr><\/tbody><\/table><\/figure>\n\n\n\n<div class=\"wp-block-columns is-not-stacked-on-mobile is-layout-flex wp-container-core-columns-is-layout-07b7b7eb wp-block-columns-is-layout-flex\" style=\"padding-top:0;padding-right:0;padding-bottom:0;padding-left:0\">\n<div class=\"wp-block-column is-layout-flow wp-block-column-is-layout-flow\" style=\"flex-basis:65%\">\n<h4 class=\"wp-block-heading\"><strong><strong>H\u1ed7 tr\u1ee3<\/strong><\/strong><\/h4>\n<\/div>\n\n\n\n<div class=\"wp-block-column is-layout-flow wp-block-column-is-layout-flow\" style=\"flex-basis:35%\">\n<div class=\"wp-block-buttons is-content-justification-right is-layout-flex wp-container-core-buttons-is-layout-d445cf74 wp-block-buttons-is-layout-flex\">\n<div class=\"wp-block-button is-style-outline is-style-outline--1\"><a class=\"wp-block-button__link wp-element-button\" href=\"https:\/\/www.havteam.me\/?page_id=116\" target=\"_blank\" rel=\"noopener\"><mark style=\"background-color:rgba(0, 0, 0, 0)\" class=\"has-inline-color has-ast-global-color-2-color\"><strong>Mua<\/strong><\/mark> \ud83d\udd11<\/a><\/div>\n<\/div>\n<\/div>\n<\/div>\n\n\n\n<figure class=\"wp-block-image aligncenter size-large is-resized\"><img fetchpriority=\"high\" decoding=\"async\" width=\"1024\" height=\"532\" src=\"https:\/\/www.havteam.me\/wp-content\/uploads\/2026\/01\/Screenshot_20260119_114805_Menu-90-1024x532.jpg\" alt=\"\" class=\"wp-image-4253\" style=\"aspect-ratio:1.567390505734928;object-fit:contain;width:600px\" srcset=\"https:\/\/havteam.me\/wp-content\/uploads\/2026\/01\/Screenshot_20260119_114805_Menu-90-1024x532.jpg 1024w, https:\/\/havteam.me\/wp-content\/uploads\/2026\/01\/Screenshot_20260119_114805_Menu-90-300x156.jpg 300w, https:\/\/havteam.me\/wp-content\/uploads\/2026\/01\/Screenshot_20260119_114805_Menu-90-768x399.jpg 768w, https:\/\/havteam.me\/wp-content\/uploads\/2026\/01\/Screenshot_20260119_114805_Menu-90-600x312.jpg 600w, https:\/\/havteam.me\/wp-content\/uploads\/2026\/01\/Screenshot_20260119_114805_Menu-90.jpg 1200w\" sizes=\"(max-width: 1024px) 100vw, 1024px\" \/><\/figure>\n\n\n\n<p><strong><mark style=\"background-color:rgba(0, 0, 0, 0);color:#ff6900\" class=\"has-inline-color\">-Gi\u1ea3m c\u1ea5u h\u00ecnh Game<br><\/mark><\/strong>Gi\u1ea3m \u0111\u1ed3 h\u1ecda Game , \u1ea8n con Qu\u1ea1 khi v\u00e0o Game<\/p>\n\n\n\n<figure class=\"wp-block-video\"><video height=\"360\" style=\"aspect-ratio: 576 \/ 360;\" width=\"576\" controls src=\"https:\/\/www.havteam.me\/wp-content\/uploads\/2025\/06\/test.mp4\"><\/video><\/figure>\n\n\n\n<p><strong><mark style=\"background-color:rgba(0, 0, 0, 0);color:#ff6900\" class=\"has-inline-color\">-UI\/UX c\u0169 <\/mark><\/strong><br>Chuy\u1ec3n \u0111\u1ed5i giao di\u1ec7n b\u1ea3ng ch\u1ea1y xe m\u1edbi v\u00e0 c\u0169<\/p>\n\n\n\n<div class=\"wp-block-columns is-not-stacked-on-mobile is-layout-flex wp-container-core-columns-is-layout-ec2e7a44 wp-block-columns-is-layout-flex\" style=\"padding-top:0;padding-bottom:0\">\n<div class=\"wp-block-column is-layout-flow wp-block-column-is-layout-flow\">\n<figure class=\"wp-block-image aligncenter size-large is-resized\"><img decoding=\"async\" width=\"1024\" height=\"728\" src=\"https:\/\/www.havteam.me\/wp-content\/uploads\/2025\/12\/IMG_5161-1024x728.jpg\" alt=\"\" class=\"wp-image-4080\" style=\"aspect-ratio:1.4066804242453328;width:397px;height:auto\" srcset=\"https:\/\/havteam.me\/wp-content\/uploads\/2025\/12\/IMG_5161-1024x728.jpg 1024w, https:\/\/havteam.me\/wp-content\/uploads\/2025\/12\/IMG_5161-300x213.jpg 300w, https:\/\/havteam.me\/wp-content\/uploads\/2025\/12\/IMG_5161-768x546.jpg 768w, https:\/\/havteam.me\/wp-content\/uploads\/2025\/12\/IMG_5161-600x426.jpg 600w, https:\/\/havteam.me\/wp-content\/uploads\/2025\/12\/IMG_5161.jpg 1499w\" sizes=\"(max-width: 1024px) 100vw, 1024px\" \/><figcaption class=\"wp-element-caption\">M\u1eb7c \u0111\u1ecbnh<\/figcaption><\/figure>\n<\/div>\n\n\n\n<div class=\"wp-block-column is-layout-flow wp-block-column-is-layout-flow\">\n<figure class=\"wp-block-image aligncenter size-large is-resized\"><img decoding=\"async\" width=\"1024\" height=\"779\" src=\"https:\/\/www.havteam.me\/wp-content\/uploads\/2025\/12\/IMG_0172-1024x779.jpg\" alt=\"\" class=\"wp-image-4081\" style=\"aspect-ratio:1.3145714670134996;width:363px;height:auto\" srcset=\"https:\/\/havteam.me\/wp-content\/uploads\/2025\/12\/IMG_0172-1024x779.jpg 1024w, https:\/\/havteam.me\/wp-content\/uploads\/2025\/12\/IMG_0172-300x228.jpg 300w, https:\/\/havteam.me\/wp-content\/uploads\/2025\/12\/IMG_0172-768x584.jpg 768w, https:\/\/havteam.me\/wp-content\/uploads\/2025\/12\/IMG_0172-600x457.jpg 600w, https:\/\/havteam.me\/wp-content\/uploads\/2025\/12\/IMG_0172.jpg 1506w\" sizes=\"(max-width: 1024px) 100vw, 1024px\" \/><figcaption class=\"wp-element-caption\">ON<\/figcaption><\/figure>\n<\/div>\n<\/div>\n\n\n\n<h6 class=\"wp-block-heading\"><strong><mark style=\"background-color:rgba(0, 0, 0, 0);color:#ff6900\" class=\"has-inline-color\">-\u1ea8n s\u1eed d\u1ee5ng <\/mark>\ud83d\udc8e<\/strong><br>Ch\u1eb7n s\u1eed d\u1ee5ng Kim c\u01b0\u01a1ng cho c\u00e1c \u0111\u01a1n h\u00e0ng xe t\u1ea3i thi\u1ebfu v\u1eadt ph\u1ea9m khi Auto<\/h6>\n\n\n\n<div class=\"wp-block-columns is-not-stacked-on-mobile is-layout-flex wp-container-core-columns-is-layout-ec2e7a44 wp-block-columns-is-layout-flex\" style=\"padding-top:0;padding-bottom:0\">\n<div class=\"wp-block-column is-layout-flow wp-block-column-is-layout-flow\">\n<figure class=\"wp-block-video aligncenter\"><video height=\"720\" style=\"aspect-ratio: 900 \/ 720;\" width=\"900\" controls src=\"https:\/\/www.havteam.me\/wp-content\/uploads\/2025\/04\/6469492457625.mp4\"><\/video><figcaption class=\"wp-element-caption\">M\u1eb7c \u0111\u1ecbnh<\/figcaption><\/figure>\n<\/div>\n\n\n\n<div class=\"wp-block-column is-layout-flow wp-block-column-is-layout-flow\">\n<figure class=\"wp-block-video aligncenter\"><video height=\"720\" style=\"aspect-ratio: 900 \/ 720;\" width=\"900\" controls src=\"https:\/\/www.havteam.me\/wp-content\/uploads\/2025\/04\/6469491428452.mp4\"><\/video><figcaption class=\"wp-element-caption\">Mod ON<\/figcaption><\/figure>\n<\/div>\n<\/div>\n\n\n\n<p><mark style=\"background-color:rgba(0, 0, 0, 0);color:#ff6900\" class=\"has-inline-color\"><strong>-C\u1ed1 \u0111\u1ecbnh<\/strong> <\/mark>(H\u1ed7 tr\u1ee3 Auto)<br>K\u1ebft h\u1ee3p v\u1edbi Zoom t\u00f9y ch\u1ec9nh. Khi chuy\u1ec3n \u0111\u1ed5i gi\u1eefa c\u00e1c Farm s\u1ebd \u1edf v\u1ecb tr\u00ed c\u1ed1 \u0111\u1ecbnh \u0111\u1ec3 d\u1ec5 d\u00e0ng s\u1eed d\u1ee5ng Bot Auto<\/p>\n\n\n\n<p><mark style=\"background-color:rgba(0, 0, 0, 0);color:#ff6900\" class=\"has-inline-color\"><strong>-Zoom t\u00f9y ch\u1ec9nh <\/strong><\/mark>(H\u1ed7 tr\u1ee3 Auto) <br><mark style=\"background-color:rgba(0, 0, 0, 0)\" class=\"has-inline-color has-ast-global-color-2-color\">Th\u00f4ng s\u1ed1 ph\u1ee5 thu\u1ed9c v\u00e0o m\u00e0n h\u00ecnh v\u00e0 \u0111\u1ed9 ph\u00e2n gi\u1ea3i m\u00e0n h\u00ecnh \u0111i\u1ec7n tho\u1ea1i <br><\/mark>B\u1ea1n t\u1ef1 t\u00ecm th\u00f4ng s\u1ed1 ph\u00f9 h\u1ee3p , v\u00ed d\u1ee5 Phone Ad s\u1ebd l\u00e0 20 &#8211; 30 &#8211; 30 .<\/p>\n\n\n\n<figure class=\"wp-block-image aligncenter size-large\"><img loading=\"lazy\" decoding=\"async\" width=\"1024\" height=\"354\" src=\"https:\/\/www.havteam.me\/wp-content\/uploads\/2026\/01\/Screenshot_20251011-101810_FX-Pro-1024x354.jpg\" alt=\"\" class=\"wp-image-4259\" srcset=\"https:\/\/havteam.me\/wp-content\/uploads\/2026\/01\/Screenshot_20251011-101810_FX-Pro-1024x354.jpg 1024w, https:\/\/havteam.me\/wp-content\/uploads\/2026\/01\/Screenshot_20251011-101810_FX-Pro-300x104.jpg 300w, https:\/\/havteam.me\/wp-content\/uploads\/2026\/01\/Screenshot_20251011-101810_FX-Pro-768x265.jpg 768w, https:\/\/havteam.me\/wp-content\/uploads\/2026\/01\/Screenshot_20251011-101810_FX-Pro-1536x530.jpg 1536w, https:\/\/havteam.me\/wp-content\/uploads\/2026\/01\/Screenshot_20251011-101810_FX-Pro-600x207.jpg 600w, https:\/\/havteam.me\/wp-content\/uploads\/2026\/01\/Screenshot_20251011-101810_FX-Pro.jpg 1668w\" sizes=\"(max-width: 1024px) 100vw, 1024px\" \/><\/figure>\n\n\n\n<p class=\"has-text-align-center\">Xem Clip Demo &gt;&gt; <strong><a href=\"https:\/\/youtu.be\/wH4bZb8yE94\" target=\"_blank\" rel=\"noopener\">YOUTUBE<\/a><\/strong><\/p>\n\n\n\n<p><strong><mark style=\"background-color:rgba(0, 0, 0, 0);color:#ff6900\" class=\"has-inline-color\">-Thay \u0111\u1ed5i v\u1ecb tr\u00ed<\/mark><\/strong><br>C\u00f3 th\u1ec3 thay \u0111\u1ed5i v\u1ecb tr\u00ed \u2705Thuy\u1ec1n c\u00e1, \u2705H\u1ea7m m\u1ecf, \u2705B\u1ea3ng \u0111\u1eb7t h\u00e0ng<\/p>\n\n\n\n<figure class=\"wp-block-image aligncenter size-large\"><img loading=\"lazy\" decoding=\"async\" width=\"1024\" height=\"576\" src=\"https:\/\/www.havteam.me\/wp-content\/uploads\/2025\/09\/20250916_132757-1024x576.jpg\" alt=\"\" class=\"wp-image-3350\" style=\"object-fit:cover\" srcset=\"https:\/\/havteam.me\/wp-content\/uploads\/2025\/09\/20250916_132757-1024x576.jpg 1024w, https:\/\/havteam.me\/wp-content\/uploads\/2025\/09\/20250916_132757-scaled-600x338.jpg 600w, https:\/\/havteam.me\/wp-content\/uploads\/2025\/09\/20250916_132757-scaled-64x36.jpg 64w, https:\/\/havteam.me\/wp-content\/uploads\/2025\/09\/20250916_132757-300x169.jpg 300w, https:\/\/havteam.me\/wp-content\/uploads\/2025\/09\/20250916_132757-768x432.jpg 768w, https:\/\/havteam.me\/wp-content\/uploads\/2025\/09\/20250916_132757-1536x864.jpg 1536w, https:\/\/havteam.me\/wp-content\/uploads\/2025\/09\/20250916_132757-2048x1152.jpg 2048w\" sizes=\"(max-width: 1024px) 100vw, 1024px\" \/><figcaption class=\"wp-element-caption\">Demo thay \u0111\u1ed5i thuy\u1ec1n c\u00e1 &amp; H\u1ea7m m\u1ecf<\/figcaption><\/figure>\n\n\n\n<h6 class=\"wp-block-heading\"><mark style=\"background-color:rgba(0, 0, 0, 0);color:#ff6900\" class=\"has-inline-color\">-\u1ea8n bi\u1ec3u t\u01b0\u1ee3ng<\/mark><br>C\u00f3 th\u1ec3 \u1ea9n c\u00e1c bi\u1ec3u t\u01b0\u1ee3ng : \u2705B\u1ed9 t\u0103ng c\u01b0\u1eddng, \u2705B\u1ed9 s\u01b0u t\u1eadp, \u2705V\u00e9 n\u00f4ng tr\u1ea1i, \u2705S\u1ef1 ki\u1ec7n,\u2705 \u0110ua ng\u1ef1a<br>T\u0103ng kh\u00f4ng gian ch\u01a1i game tr\u00ean m\u00e0n h\u00ecnh nh\u1ecf<br><\/h6>\n\n\n\n<div class=\"wp-block-columns is-not-stacked-on-mobile is-layout-flex wp-container-core-columns-is-layout-ec2e7a44 wp-block-columns-is-layout-flex\" style=\"padding-top:0;padding-bottom:0\">\n<div class=\"wp-block-column is-layout-flow wp-block-column-is-layout-flow\">\n<figure class=\"wp-block-image aligncenter size-large\"><img loading=\"lazy\" decoding=\"async\" width=\"1024\" height=\"640\" src=\"https:\/\/www.havteam.me\/wp-content\/uploads\/2026\/01\/Screenshot_20260119_122204_Menu-90-1024x640.jpg\" alt=\"\" class=\"wp-image-4265\" srcset=\"https:\/\/havteam.me\/wp-content\/uploads\/2026\/01\/Screenshot_20260119_122204_Menu-90-1024x640.jpg 1024w, https:\/\/havteam.me\/wp-content\/uploads\/2026\/01\/Screenshot_20260119_122204_Menu-90-300x188.jpg 300w, https:\/\/havteam.me\/wp-content\/uploads\/2026\/01\/Screenshot_20260119_122204_Menu-90-768x480.jpg 768w, https:\/\/havteam.me\/wp-content\/uploads\/2026\/01\/Screenshot_20260119_122204_Menu-90-1536x960.jpg 1536w, https:\/\/havteam.me\/wp-content\/uploads\/2026\/01\/Screenshot_20260119_122204_Menu-90-600x375.jpg 600w, https:\/\/havteam.me\/wp-content\/uploads\/2026\/01\/Screenshot_20260119_122204_Menu-90.jpg 1920w\" sizes=\"(max-width: 1024px) 100vw, 1024px\" \/><figcaption class=\"wp-element-caption\">M\u1eb7c \u0111\u1ecbnh<\/figcaption><\/figure>\n<\/div>\n\n\n\n<div class=\"wp-block-column is-layout-flow wp-block-column-is-layout-flow\">\n<figure class=\"wp-block-image aligncenter size-large\"><img loading=\"lazy\" decoding=\"async\" width=\"1024\" height=\"640\" src=\"https:\/\/www.havteam.me\/wp-content\/uploads\/2026\/01\/Screenshot_20260119_122249_Menu-90-1024x640.jpg\" alt=\"\" class=\"wp-image-4264\" srcset=\"https:\/\/havteam.me\/wp-content\/uploads\/2026\/01\/Screenshot_20260119_122249_Menu-90-1024x640.jpg 1024w, https:\/\/havteam.me\/wp-content\/uploads\/2026\/01\/Screenshot_20260119_122249_Menu-90-300x188.jpg 300w, https:\/\/havteam.me\/wp-content\/uploads\/2026\/01\/Screenshot_20260119_122249_Menu-90-768x480.jpg 768w, https:\/\/havteam.me\/wp-content\/uploads\/2026\/01\/Screenshot_20260119_122249_Menu-90-1536x960.jpg 1536w, https:\/\/havteam.me\/wp-content\/uploads\/2026\/01\/Screenshot_20260119_122249_Menu-90-600x375.jpg 600w, https:\/\/havteam.me\/wp-content\/uploads\/2026\/01\/Screenshot_20260119_122249_Menu-90.jpg 1920w\" sizes=\"(max-width: 1024px) 100vw, 1024px\" \/><figcaption class=\"wp-element-caption\">Demo \u1ea8n c\u00e1c bi\u1ec3u t\u01b0\u1ee3ng<\/figcaption><\/figure>\n<\/div>\n<\/div>\n\n\n\n<p>Nhi\u1ec1u Phone m\u00e0n h\u00ecnh nh\u1ecf , bi\u1ec3u t\u01b0\u1ee3ng ch\u1ea1y Xe s\u1ebd n\u1eb1m tr\u00ean 2 bi\u1ec3u t\u01b0\u1ee3ng Farm Pass v\u00e0 Booster<br>Khi Auto ch\u1ea1y xe d\u1ec5 nh\u1ea5n nh\u1ea7m , H\u1ed7 tr\u1ee3 t\u1ea1m \u1ea9n khi Auto Xe \u0111\u1ec3 kh\u00f4ng b\u1ecb nh\u1ea5n s\u1eed d\u1ee5ng nh\u1ea7m.<\/p>\n\n\n\n<p><\/p>\n","protected":false},"excerpt":{"rendered":"<p>Giao Di\u1ec7n C\u1eeda H\u00e0ng Ch\u1ee9c N\u0103ng H\u1ed7 tr\u1ee3 Supercell ID Token Nh\u00e2n B\u1ea3n B\u00e0n ph\u00edm \u1ee8ng d\u1ee5ng C\u00e0i \u0110\u1eb7t M\u1eb7c [&hellip;]<\/p>\n","protected":false},"author":1,"featured_media":0,"parent":0,"menu_order":0,"comment_status":"closed","ping_status":"closed","template":"","meta":{"site-sidebar-layout":"default","site-content-layout":"","ast-site-content-layout":"","site-content-style":"default","site-sidebar-style":"default","ast-global-header-display":"","ast-banner-title-visibility":"","ast-main-header-display":"","ast-hfb-above-header-display":"","ast-hfb-below-header-display":"","ast-hfb-mobile-header-display":"","site-post-title":"disabled","ast-breadcrumbs-content":"","ast-featured-img":"","footer-sml-layout":"","ast-disable-related-posts":"","theme-transparent-header-meta":"","adv-header-id-meta":"","stick-header-meta":"","header-above-stick-meta":"","header-main-stick-meta":"","header-below-stick-meta":"","astra-migrate-meta-layouts":"default","ast-page-background-enabled":"default","ast-page-background-meta":{"desktop":{"background-color":"var(--ast-global-color-5)","background-image":"","background-repeat":"repeat","background-position":"center center","background-size":"auto","background-attachment":"scroll","background-type":"","background-media":"","overlay-type":"","overlay-color":"","overlay-opacity":"","overlay-gradient":""},"tablet":{"background-color":"","background-image":"","background-repeat":"repeat","background-position":"center center","background-size":"auto","background-attachment":"scroll","background-type":"","background-media":"","overlay-type":"","overlay-color":"","overlay-opacity":"","overlay-gradient":""},"mobile":{"background-color":"","background-image":"","background-repeat":"repeat","background-position":"center center","background-size":"auto","background-attachment":"scroll","background-type":"","background-media":"","overlay-type":"","overlay-color":"","overlay-opacity":"","overlay-gradient":""}},"ast-content-background-meta":{"desktop":{"background-color":"var(--ast-global-color-4)","background-image":"","background-repeat":"repeat","background-position":"center center","background-size":"auto","background-attachment":"scroll","background-type":"","background-media":"","overlay-type":"","overlay-color":"","overlay-opacity":"","overlay-gradient":""},"tablet":{"background-color":"var(--ast-global-color-4)","background-image":"","background-repeat":"repeat","background-position":"center center","background-size":"auto","background-attachment":"scroll","background-type":"","background-media":"","overlay-type":"","overlay-color":"","overlay-opacity":"","overlay-gradient":""},"mobile":{"background-color":"var(--ast-global-color-4)","background-image":"","background-repeat":"repeat","background-position":"center center","background-size":"auto","background-attachment":"scroll","background-type":"","background-media":"","overlay-type":"","overlay-color":"","overlay-opacity":"","overlay-gradient":""}},"footnotes":""},"class_list":["post-638","page","type-page","status-publish","hentry"],"_links":{"self":[{"href":"https:\/\/www.havteam.me\/index.php?rest_route=\/wp\/v2\/pages\/638","targetHints":{"allow":["GET"]}}],"collection":[{"href":"https:\/\/www.havteam.me\/index.php?rest_route=\/wp\/v2\/pages"}],"about":[{"href":"https:\/\/www.havteam.me\/index.php?rest_route=\/wp\/v2\/types\/page"}],"author":[{"embeddable":true,"href":"https:\/\/www.havteam.me\/index.php?rest_route=\/wp\/v2\/users\/1"}],"replies":[{"embeddable":true,"href":"https:\/\/www.havteam.me\/index.php?rest_route=%2Fwp%2Fv2%2Fcomments&post=638"}],"version-history":[{"count":36,"href":"https:\/\/www.havteam.me\/index.php?rest_route=\/wp\/v2\/pages\/638\/revisions"}],"predecessor-version":[{"id":5527,"href":"https:\/\/www.havteam.me\/index.php?rest_route=\/wp\/v2\/pages\/638\/revisions\/5527"}],"wp:attachment":[{"href":"https:\/\/www.havteam.me\/index.php?rest_route=%2Fwp%2Fv2%2Fmedia&parent=638"}],"curies":[{"name":"wp","href":"https:\/\/api.w.org\/{rel}","templated":true}]}}