{"id":5789,"date":"2026-04-15T04:02:51","date_gmt":"2026-04-15T04:02:51","guid":{"rendered":"https:\/\/havteam.me\/?page_id=5789"},"modified":"2026-04-19T03:00:55","modified_gmt":"2026-04-19T03:00:55","slug":"khac-phuc-loi-thuong-gap","status":"publish","type":"page","link":"https:\/\/www.havteam.me\/?page_id=5789","title":{"rendered":"Kh\u1eafc ph\u1ee5c l\u1ed7i th\u01b0\u1eddng g\u1eb7p"},"content":{"rendered":"\n<div class=\"wp-block-media-text is-stacked-on-mobile\" style=\"grid-template-columns:31% auto\"><figure class=\"wp-block-media-text__media\"><img fetchpriority=\"high\" decoding=\"async\" width=\"1024\" height=\"674\" src=\"https:\/\/www.havteam.me\/wp-content\/uploads\/2026\/04\/Screenshot_20260416_155419_FX-Pro-1024x674.jpg\" alt=\"\" class=\"wp-image-5815 size-full\" srcset=\"https:\/\/havteam.me\/wp-content\/uploads\/2026\/04\/Screenshot_20260416_155419_FX-Pro-1024x674.jpg 1024w, https:\/\/havteam.me\/wp-content\/uploads\/2026\/04\/Screenshot_20260416_155419_FX-Pro-300x197.jpg 300w, https:\/\/havteam.me\/wp-content\/uploads\/2026\/04\/Screenshot_20260416_155419_FX-Pro-768x505.jpg 768w, https:\/\/havteam.me\/wp-content\/uploads\/2026\/04\/Screenshot_20260416_155419_FX-Pro-600x395.jpg 600w, https:\/\/havteam.me\/wp-content\/uploads\/2026\/04\/Screenshot_20260416_155419_FX-Pro.jpg 1365w\" sizes=\"(max-width: 1024px) 100vw, 1024px\" \/><\/figure><div class=\"wp-block-media-text__content\">\n<p><strong><mark style=\"background-color:rgba(0, 0, 0, 0);color:#ff6900\" class=\"has-inline-color\">C\u00e1c ti\u1ec7n \u00edch kh\u00f4ng \u0111\u1ea7y \u0111\u1ee7<\/mark><\/strong><br>\ud83d\udc49 Thi\u1ebft b\u1ecb Ch\u01b0a t\u1ea3i File l\u00ean \u0111\u1ea7y \u0111\u1ee7<br>Kh\u1eafc ph\u1ee5c : <br>1. Kh\u1edfi \u0111\u1ed9ng l\u1ea1i \u0111i\u1ec7n tho\u1ea1i<br>2. C\u00e0i \u0111\u1eb7t l\u1ea1i FOX<\/p>\n<\/div><\/div>\n\n\n\n<p><\/p>\n\n\n\n<div class=\"wp-block-media-text is-stacked-on-mobile\" style=\"grid-template-columns:31% auto\"><figure class=\"wp-block-media-text__media\"><img decoding=\"async\" width=\"874\" height=\"941\" src=\"https:\/\/www.havteam.me\/wp-content\/uploads\/2026\/04\/fix.jpg\" alt=\"\" class=\"wp-image-5790 size-full\" srcset=\"https:\/\/havteam.me\/wp-content\/uploads\/2026\/04\/fix.jpg 874w, https:\/\/havteam.me\/wp-content\/uploads\/2026\/04\/fix-279x300.jpg 279w, https:\/\/havteam.me\/wp-content\/uploads\/2026\/04\/fix-768x827.jpg 768w, https:\/\/havteam.me\/wp-content\/uploads\/2026\/04\/fix-600x646.jpg 600w\" sizes=\"(max-width: 874px) 100vw, 874px\" \/><\/figure><div class=\"wp-block-media-text__content\">\n<p><strong><mark style=\"background-color:rgba(0, 0, 0, 0);color:#ff6900\" class=\"has-inline-color\">Kh\u00f4ng v\u00e0o \u0111\u01b0\u1ee3c menu FOX<br><\/mark><\/strong>\ud83d\udc49 V\u1ea5n \u0111\u1ec1 do m\u1ea1ng Internet<br>Kh\u1eafc ph\u1ee5c : S\u1eed d\u1ee5ng th\u00eam App VPN<br>V\u00ed d\u1ee5 1.1.1.1 c\u00e0i t\u1eeb CH Play<\/p>\n<\/div><\/div>\n\n\n\n<p><\/p>\n\n\n\n<div class=\"wp-block-media-text is-stacked-on-mobile\" style=\"grid-template-columns:31% auto\"><figure class=\"wp-block-media-text__media\"><img decoding=\"async\" width=\"685\" height=\"1024\" src=\"https:\/\/www.havteam.me\/wp-content\/uploads\/2025\/12\/Screenshot_20251216-114335_FX-Pro-685x1024.jpg\" alt=\"\" class=\"wp-image-4040 size-full\" srcset=\"https:\/\/havteam.me\/wp-content\/uploads\/2025\/12\/Screenshot_20251216-114335_FX-Pro-685x1024.jpg 685w, https:\/\/havteam.me\/wp-content\/uploads\/2025\/12\/Screenshot_20251216-114335_FX-Pro-201x300.jpg 201w, https:\/\/havteam.me\/wp-content\/uploads\/2025\/12\/Screenshot_20251216-114335_FX-Pro-768x1147.jpg 768w, https:\/\/havteam.me\/wp-content\/uploads\/2025\/12\/Screenshot_20251216-114335_FX-Pro-600x896.jpg 600w, https:\/\/havteam.me\/wp-content\/uploads\/2025\/12\/Screenshot_20251216-114335_FX-Pro.jpg 840w\" sizes=\"(max-width: 685px) 100vw, 685px\" \/><\/figure><div class=\"wp-block-media-text__content\">\n<p><mark style=\"background-color:rgba(0, 0, 0, 0);color:#ff6900\" class=\"has-inline-color\"><strong>Max Device Reached<br><\/strong><\/mark>\ud83d\udc49 \u0110\u00e3 nh\u1eadp key l\u00ean thi\u1ebft b\u1ecb m\u1edbi<br><a href=\"https:\/\/www.havteam.me\/?page_id=4039\" target=\"_blank\" rel=\"noopener\"><strong>Kh\u1eafc ph\u1ee5c &gt;&gt;<\/strong><\/a><\/p>\n<\/div><\/div>\n\n\n\n<p><\/p>\n","protected":false},"excerpt":{"rendered":"<p>C\u00e1c ti\u1ec7n \u00edch kh\u00f4ng \u0111\u1ea7y \u0111\u1ee7\ud83d\udc49 Thi\u1ebft b\u1ecb Ch\u01b0a t\u1ea3i File l\u00ean \u0111\u1ea7y \u0111\u1ee7Kh\u1eafc ph\u1ee5c : 1. Kh\u1edfi \u0111\u1ed9ng l\u1ea1i [&hellip;]<\/p>\n","protected":false},"author":1,"featured_media":0,"parent":0,"menu_order":0,"comment_status":"closed","ping_status":"closed","template":"","meta":{"site-sidebar-layout":"default","site-content-layout":"","ast-site-content-layout":"default","site-content-style":"default","site-sidebar-style":"default","ast-global-header-display":"","ast-banner-title-visibility":"","ast-main-header-display":"","ast-hfb-above-header-display":"","ast-hfb-below-header-display":"","ast-hfb-mobile-header-display":"","site-post-title":"","ast-breadcrumbs-content":"","ast-featured-img":"","footer-sml-layout":"","ast-disable-related-posts":"","theme-transparent-header-meta":"","adv-header-id-meta":"","stick-header-meta":"","header-above-stick-meta":"","header-main-stick-meta":"","header-below-stick-meta":"","astra-migrate-meta-layouts":"default","ast-page-background-enabled":"default","ast-page-background-meta":{"desktop":{"background-color":"var(--ast-global-color-5)","background-image":"","background-repeat":"repeat","background-position":"center center","background-size":"auto","background-attachment":"scroll","background-type":"","background-media":"","overlay-type":"","overlay-color":"","overlay-opacity":"","overlay-gradient":""},"tablet":{"background-color":"","background-image":"","background-repeat":"repeat","background-position":"center center","background-size":"auto","background-attachment":"scroll","background-type":"","background-media":"","overlay-type":"","overlay-color":"","overlay-opacity":"","overlay-gradient":""},"mobile":{"background-color":"","background-image":"","background-repeat":"repeat","background-position":"center center","background-size":"auto","background-attachment":"scroll","background-type":"","background-media":"","overlay-type":"","overlay-color":"","overlay-opacity":"","overlay-gradient":""}},"ast-content-background-meta":{"desktop":{"background-color":"var(--ast-global-color-4)","background-image":"","background-repeat":"repeat","background-position":"center center","background-size":"auto","background-attachment":"scroll","background-type":"","background-media":"","overlay-type":"","overlay-color":"","overlay-opacity":"","overlay-gradient":""},"tablet":{"background-color":"var(--ast-global-color-4)","background-image":"","background-repeat":"repeat","background-position":"center center","background-size":"auto","background-attachment":"scroll","background-type":"","background-media":"","overlay-type":"","overlay-color":"","overlay-opacity":"","overlay-gradient":""},"mobile":{"background-color":"var(--ast-global-color-4)","background-image":"","background-repeat":"repeat","background-position":"center center","background-size":"auto","background-attachment":"scroll","background-type":"","background-media":"","overlay-type":"","overlay-color":"","overlay-opacity":"","overlay-gradient":""}},"footnotes":""},"class_list":["post-5789","page","type-page","status-publish","hentry"],"_links":{"self":[{"href":"https:\/\/www.havteam.me\/index.php?rest_route=\/wp\/v2\/pages\/5789","targetHints":{"allow":["GET"]}}],"collection":[{"href":"https:\/\/www.havteam.me\/index.php?rest_route=\/wp\/v2\/pages"}],"about":[{"href":"https:\/\/www.havteam.me\/index.php?rest_route=\/wp\/v2\/types\/page"}],"author":[{"embeddable":true,"href":"https:\/\/www.havteam.me\/index.php?rest_route=\/wp\/v2\/users\/1"}],"replies":[{"embeddable":true,"href":"https:\/\/www.havteam.me\/index.php?rest_route=%2Fwp%2Fv2%2Fcomments&post=5789"}],"version-history":[{"count":7,"href":"https:\/\/www.havteam.me\/index.php?rest_route=\/wp\/v2\/pages\/5789\/revisions"}],"predecessor-version":[{"id":5876,"href":"https:\/\/www.havteam.me\/index.php?rest_route=\/wp\/v2\/pages\/5789\/revisions\/5876"}],"wp:attachment":[{"href":"https:\/\/www.havteam.me\/index.php?rest_route=%2Fwp%2Fv2%2Fmedia&parent=5789"}],"curies":[{"name":"wp","href":"https:\/\/api.w.org\/{rel}","templated":true}]}}