{"id":5744,"date":"2026-04-13T05:23:12","date_gmt":"2026-04-13T05:23:12","guid":{"rendered":"https:\/\/havteam.me\/?page_id=5744"},"modified":"2026-04-13T06:03:08","modified_gmt":"2026-04-13T06:03:08","slug":"cap-nhat","status":"publish","type":"page","link":"https:\/\/www.havteam.me\/?page_id=5744","title":{"rendered":"C\u1eadp nh\u1eadt v\u00e0 C\u00e0i \u0111\u1eb7t"},"content":{"rendered":"\n<div class=\"wp-block-media-text is-stacked-on-mobile\" style=\"grid-template-columns:37% auto\"><figure class=\"wp-block-media-text__media\"><img fetchpriority=\"high\" decoding=\"async\" width=\"1024\" height=\"516\" src=\"https:\/\/www.havteam.me\/wp-content\/uploads\/2026\/04\/Goc-1024x516.jpg\" alt=\"\" class=\"wp-image-5745 size-full\" srcset=\"https:\/\/havteam.me\/wp-content\/uploads\/2026\/04\/Goc-1024x516.jpg 1024w, https:\/\/havteam.me\/wp-content\/uploads\/2026\/04\/Goc-300x151.jpg 300w, https:\/\/havteam.me\/wp-content\/uploads\/2026\/04\/Goc-768x387.jpg 768w, https:\/\/havteam.me\/wp-content\/uploads\/2026\/04\/Goc-600x302.jpg 600w, https:\/\/havteam.me\/wp-content\/uploads\/2026\/04\/Goc.jpg 1362w\" sizes=\"(max-width: 1024px) 100vw, 1024px\" \/><\/figure><div class=\"wp-block-media-text__content\">\n<p><strong><a href=\"https:\/\/www.havteam.me\/?page_id=105\" target=\"_blank\" rel=\"noopener\">C\u00e1ch c\u1eadp nh\u1eadt, c\u00e0i \u0111\u1eb7t b\u1ea3n <mark style=\"background-color:rgba(0, 0, 0, 0);color:#ff6900\" class=\"has-inline-color\">HAY DAY<\/mark> g\u1ed1c >><\/a><\/strong><\/p>\n<\/div><\/div>\n\n\n\n<p><\/p>\n\n\n\n<div class=\"wp-block-media-text is-stacked-on-mobile\" style=\"grid-template-columns:37% auto\"><figure class=\"wp-block-media-text__media\"><img decoding=\"async\" width=\"922\" height=\"718\" src=\"https:\/\/www.havteam.me\/wp-content\/uploads\/2026\/04\/FF.jpg\" alt=\"\" class=\"wp-image-5746 size-full\" srcset=\"https:\/\/havteam.me\/wp-content\/uploads\/2026\/04\/FF.jpg 922w, https:\/\/havteam.me\/wp-content\/uploads\/2026\/04\/FF-300x234.jpg 300w, https:\/\/havteam.me\/wp-content\/uploads\/2026\/04\/FF-768x598.jpg 768w, https:\/\/havteam.me\/wp-content\/uploads\/2026\/04\/FF-600x467.jpg 600w\" sizes=\"(max-width: 922px) 100vw, 922px\" \/><\/figure><div class=\"wp-block-media-text__content\">\n<p><strong><a href=\"https:\/\/www.havteam.me\/?page_id=5759\" target=\"_blank\" rel=\"noopener\">C\u00e1ch c\u1eadp nh\u1eadt, c\u00e0i \u0111\u1eb7t b\u1ea3n <mark style=\"background-color:rgba(0, 0, 0, 0);color:#ff6900\" class=\"has-inline-color\">FOX<\/mark> m\u1edbi >><\/a><\/strong><\/p>\n<\/div><\/div>\n\n\n\n<p><\/p>\n","protected":false},"excerpt":{"rendered":"<p>C\u00e1ch c\u1eadp nh\u1eadt, c\u00e0i \u0111\u1eb7t b\u1ea3n HAY DAY g\u1ed1c >> C\u00e1ch c\u1eadp nh\u1eadt, c\u00e0i \u0111\u1eb7t b\u1ea3n FOX m\u1edbi >><\/p>\n","protected":false},"author":1,"featured_media":0,"parent":0,"menu_order":0,"comment_status":"closed","ping_status":"closed","template":"","meta":{"site-sidebar-layout":"default","site-content-layout":"","ast-site-content-layout":"default","site-content-style":"default","site-sidebar-style":"default","ast-global-header-display":"","ast-banner-title-visibility":"","ast-main-header-display":"","ast-hfb-above-header-display":"","ast-hfb-below-header-display":"","ast-hfb-mobile-header-display":"","site-post-title":"","ast-breadcrumbs-content":"","ast-featured-img":"","footer-sml-layout":"","ast-disable-related-posts":"","theme-transparent-header-meta":"","adv-header-id-meta":"","stick-header-meta":"","header-above-stick-meta":"","header-main-stick-meta":"","header-below-stick-meta":"","astra-migrate-meta-layouts":"default","ast-page-background-enabled":"default","ast-page-background-meta":{"desktop":{"background-color":"var(--ast-global-color-5)","background-image":"","background-repeat":"repeat","background-position":"center center","background-size":"auto","background-attachment":"scroll","background-type":"","background-media":"","overlay-type":"","overlay-color":"","overlay-opacity":"","overlay-gradient":""},"tablet":{"background-color":"","background-image":"","background-repeat":"repeat","background-position":"center center","background-size":"auto","background-attachment":"scroll","background-type":"","background-media":"","overlay-type":"","overlay-color":"","overlay-opacity":"","overlay-gradient":""},"mobile":{"background-color":"","background-image":"","background-repeat":"repeat","background-position":"center center","background-size":"auto","background-attachment":"scroll","background-type":"","background-media":"","overlay-type":"","overlay-color":"","overlay-opacity":"","overlay-gradient":""}},"ast-content-background-meta":{"desktop":{"background-color":"var(--ast-global-color-4)","background-image":"","background-repeat":"repeat","background-position":"center center","background-size":"auto","background-attachment":"scroll","background-type":"","background-media":"","overlay-type":"","overlay-color":"","overlay-opacity":"","overlay-gradient":""},"tablet":{"background-color":"var(--ast-global-color-4)","background-image":"","background-repeat":"repeat","background-position":"center center","background-size":"auto","background-attachment":"scroll","background-type":"","background-media":"","overlay-type":"","overlay-color":"","overlay-opacity":"","overlay-gradient":""},"mobile":{"background-color":"var(--ast-global-color-4)","background-image":"","background-repeat":"repeat","background-position":"center center","background-size":"auto","background-attachment":"scroll","background-type":"","background-media":"","overlay-type":"","overlay-color":"","overlay-opacity":"","overlay-gradient":""}},"footnotes":""},"class_list":["post-5744","page","type-page","status-publish","hentry"],"_links":{"self":[{"href":"https:\/\/www.havteam.me\/index.php?rest_route=\/wp\/v2\/pages\/5744","targetHints":{"allow":["GET"]}}],"collection":[{"href":"https:\/\/www.havteam.me\/index.php?rest_route=\/wp\/v2\/pages"}],"about":[{"href":"https:\/\/www.havteam.me\/index.php?rest_route=\/wp\/v2\/types\/page"}],"author":[{"embeddable":true,"href":"https:\/\/www.havteam.me\/index.php?rest_route=\/wp\/v2\/users\/1"}],"replies":[{"embeddable":true,"href":"https:\/\/www.havteam.me\/index.php?rest_route=%2Fwp%2Fv2%2Fcomments&post=5744"}],"version-history":[{"count":7,"href":"https:\/\/www.havteam.me\/index.php?rest_route=\/wp\/v2\/pages\/5744\/revisions"}],"predecessor-version":[{"id":5764,"href":"https:\/\/www.havteam.me\/index.php?rest_route=\/wp\/v2\/pages\/5744\/revisions\/5764"}],"wp:attachment":[{"href":"https:\/\/www.havteam.me\/index.php?rest_route=%2Fwp%2Fv2%2Fmedia&parent=5744"}],"curies":[{"name":"wp","href":"https:\/\/api.w.org\/{rel}","templated":true}]}}