{"id":5735,"date":"2026-04-12T16:12:12","date_gmt":"2026-04-12T16:12:12","guid":{"rendered":"https:\/\/havteam.me\/?page_id=5735"},"modified":"2026-04-13T04:59:06","modified_gmt":"2026-04-13T04:59:06","slug":"windows","status":"publish","type":"page","link":"https:\/\/www.havteam.me\/?page_id=5735","title":{"rendered":"Windows"},"content":{"rendered":"\n<figure class=\"wp-block-image aligncenter size-large is-resized\"><img fetchpriority=\"high\" decoding=\"async\" width=\"1024\" height=\"683\" src=\"https:\/\/havteam.me\/wp-content\/uploads\/2026\/04\/\u2014Pngtree\u2014rectangular-danger-warning-sign-in_14158921-1-1024x683.png\" alt=\"\" class=\"wp-image-5737\" style=\"aspect-ratio:1.4988095238095238;width:390px;height:auto\" srcset=\"https:\/\/havteam.me\/wp-content\/uploads\/2026\/04\/\u2014Pngtree\u2014rectangular-danger-warning-sign-in_14158921-1-1024x683.png 1024w, https:\/\/havteam.me\/wp-content\/uploads\/2026\/04\/\u2014Pngtree\u2014rectangular-danger-warning-sign-in_14158921-1-300x200.png 300w, https:\/\/havteam.me\/wp-content\/uploads\/2026\/04\/\u2014Pngtree\u2014rectangular-danger-warning-sign-in_14158921-1-768x512.png 768w, https:\/\/havteam.me\/wp-content\/uploads\/2026\/04\/\u2014Pngtree\u2014rectangular-danger-warning-sign-in_14158921-1-1536x1025.png 1536w, https:\/\/havteam.me\/wp-content\/uploads\/2026\/04\/\u2014Pngtree\u2014rectangular-danger-warning-sign-in_14158921-1-2048x1366.png 2048w, https:\/\/havteam.me\/wp-content\/uploads\/2026\/04\/\u2014Pngtree\u2014rectangular-danger-warning-sign-in_14158921-1-600x400.png 600w\" sizes=\"(max-width: 1024px) 100vw, 1024px\" \/><\/figure>\n\n\n\n<ul class=\"wp-block-list\">\n<li><strong><mark style=\"background-color:rgba(0, 0, 0, 0);color:#ff6900\" class=\"has-inline-color\">HAY DAY<\/mark><\/strong> c\u1ea5m s\u1eed d\u1ee5ng gi\u1ea3 l\u1eadp tr\u00ean <strong><mark style=\"background-color:rgba(0, 0, 0, 0);color:#ff6900\" class=\"has-inline-color\">M\u00e1y t\u00ednh<\/mark><\/strong>,&#8230; s\u1ebd b\u1ecb <strong><mark style=\"background-color:rgba(0, 0, 0, 0);color:#ff6900\" class=\"has-inline-color\">kh\u00f3a Shop<\/mark><\/strong> khi Scan<\/li>\n\n\n\n<li>Team kh\u00f4ng h\u01b0\u1edbng d\u1eabn c\u00e0i \u0111\u1eb7t tr\u00ean M\u00e1y T\u00ednh (PC)<\/li>\n\n\n\n<li><mark style=\"background-color:rgba(0, 0, 0, 0);color:#ff6900\" class=\"has-inline-color\"><strong>FOX<\/strong><\/mark> c\u0169ng s\u1ebd kh\u00f4ng h\u1ed7 tr\u1ee3 tr\u00ean PC !!!<\/li>\n<\/ul>\n\n\n\n<p><\/p>\n","protected":false},"excerpt":{"rendered":"","protected":false},"author":1,"featured_media":0,"parent":0,"menu_order":0,"comment_status":"closed","ping_status":"closed","template":"","meta":{"site-sidebar-layout":"default","site-content-layout":"","ast-site-content-layout":"default","site-content-style":"default","site-sidebar-style":"default","ast-global-header-display":"","ast-banner-title-visibility":"","ast-main-header-display":"","ast-hfb-above-header-display":"","ast-hfb-below-header-display":"","ast-hfb-mobile-header-display":"","site-post-title":"","ast-breadcrumbs-content":"","ast-featured-img":"","footer-sml-layout":"","ast-disable-related-posts":"","theme-transparent-header-meta":"","adv-header-id-meta":"","stick-header-meta":"","header-above-stick-meta":"","header-main-stick-meta":"","header-below-stick-meta":"","astra-migrate-meta-layouts":"default","ast-page-background-enabled":"default","ast-page-background-meta":{"desktop":{"background-color":"var(--ast-global-color-5)","background-image":"","background-repeat":"repeat","background-position":"center center","background-size":"auto","background-attachment":"scroll","background-type":"","background-media":"","overlay-type":"","overlay-color":"","overlay-opacity":"","overlay-gradient":""},"tablet":{"background-color":"","background-image":"","background-repeat":"repeat","background-position":"center center","background-size":"auto","background-attachment":"scroll","background-type":"","background-media":"","overlay-type":"","overlay-color":"","overlay-opacity":"","overlay-gradient":""},"mobile":{"background-color":"","background-image":"","background-repeat":"repeat","background-position":"center center","background-size":"auto","background-attachment":"scroll","background-type":"","background-media":"","overlay-type":"","overlay-color":"","overlay-opacity":"","overlay-gradient":""}},"ast-content-background-meta":{"desktop":{"background-color":"var(--ast-global-color-4)","background-image":"","background-repeat":"repeat","background-position":"center center","background-size":"auto","background-attachment":"scroll","background-type":"","background-media":"","overlay-type":"","overlay-color":"","overlay-opacity":"","overlay-gradient":""},"tablet":{"background-color":"var(--ast-global-color-4)","background-image":"","background-repeat":"repeat","background-position":"center center","background-size":"auto","background-attachment":"scroll","background-type":"","background-media":"","overlay-type":"","overlay-color":"","overlay-opacity":"","overlay-gradient":""},"mobile":{"background-color":"var(--ast-global-color-4)","background-image":"","background-repeat":"repeat","background-position":"center center","background-size":"auto","background-attachment":"scroll","background-type":"","background-media":"","overlay-type":"","overlay-color":"","overlay-opacity":"","overlay-gradient":""}},"footnotes":""},"class_list":["post-5735","page","type-page","status-publish","hentry"],"_links":{"self":[{"href":"https:\/\/www.havteam.me\/index.php?rest_route=\/wp\/v2\/pages\/5735","targetHints":{"allow":["GET"]}}],"collection":[{"href":"https:\/\/www.havteam.me\/index.php?rest_route=\/wp\/v2\/pages"}],"about":[{"href":"https:\/\/www.havteam.me\/index.php?rest_route=\/wp\/v2\/types\/page"}],"author":[{"embeddable":true,"href":"https:\/\/www.havteam.me\/index.php?rest_route=\/wp\/v2\/users\/1"}],"replies":[{"embeddable":true,"href":"https:\/\/www.havteam.me\/index.php?rest_route=%2Fwp%2Fv2%2Fcomments&post=5735"}],"version-history":[{"count":3,"href":"https:\/\/www.havteam.me\/index.php?rest_route=\/wp\/v2\/pages\/5735\/revisions"}],"predecessor-version":[{"id":5742,"href":"https:\/\/www.havteam.me\/index.php?rest_route=\/wp\/v2\/pages\/5735\/revisions\/5742"}],"wp:attachment":[{"href":"https:\/\/www.havteam.me\/index.php?rest_route=%2Fwp%2Fv2%2Fmedia&parent=5735"}],"curies":[{"name":"wp","href":"https:\/\/api.w.org\/{rel}","templated":true}]}}