{"id":5642,"date":"2026-04-07T15:53:17","date_gmt":"2026-04-07T15:53:17","guid":{"rendered":"https:\/\/havteam.me\/?page_id=5642"},"modified":"2026-04-13T05:42:25","modified_gmt":"2026-04-13T05:42:25","slug":"huong-dan-su-dung","status":"publish","type":"page","link":"https:\/\/www.havteam.me\/?page_id=5642","title":{"rendered":"H\u01b0\u1edbng d\u1eabn s\u1eed d\u1ee5ng"},"content":{"rendered":"\n<div class=\"wp-block-buttons is-content-justification-left is-nowrap is-layout-flex wp-container-core-buttons-is-layout-92e17da2 wp-block-buttons-is-layout-flex\">\n<div class=\"wp-block-button is-style-outline is-style-outline--1\"><a class=\"wp-block-button__link wp-element-button\" href=\"https:\/\/www.havteam.me\/?page_id=3942\" target=\"_blank\" rel=\"noopener\">1<\/a><\/div>\n\n\n\n<div class=\"wp-block-button is-style-outline is-style-outline--2\"><a class=\"wp-block-button__link wp-element-button\" href=\"https:\/\/www.havteam.me\/?page_id=3950\" target=\"_blank\" rel=\"noopener\">2<\/a><\/div>\n\n\n\n<div class=\"wp-block-button is-style-fill\"><a class=\"wp-block-button__link wp-element-button\">3<\/a><\/div>\n<\/div>\n\n\n\n<figure class=\"wp-block-image aligncenter size-full is-resized\"><img fetchpriority=\"high\" decoding=\"async\" width=\"901\" height=\"411\" src=\"https:\/\/www.havteam.me\/wp-content\/uploads\/2026\/04\/Screenshot_20260409_212641_One-UI-Home.jpg\" alt=\"\" class=\"wp-image-5660\" style=\"aspect-ratio:2.1922594380869103;width:506px;height:auto\" srcset=\"https:\/\/havteam.me\/wp-content\/uploads\/2026\/04\/Screenshot_20260409_212641_One-UI-Home.jpg 901w, https:\/\/havteam.me\/wp-content\/uploads\/2026\/04\/Screenshot_20260409_212641_One-UI-Home-300x137.jpg 300w, https:\/\/havteam.me\/wp-content\/uploads\/2026\/04\/Screenshot_20260409_212641_One-UI-Home-768x350.jpg 768w, https:\/\/havteam.me\/wp-content\/uploads\/2026\/04\/Screenshot_20260409_212641_One-UI-Home-600x274.jpg 600w\" sizes=\"(max-width: 901px) 100vw, 901px\" \/><\/figure>\n\n\n\n<p class=\"has-text-align-left\"><a href=\"https:\/\/www.havteam.me\/?page_id=4195\" target=\"_blank\" rel=\"noopener\">\ud83d\udc49<\/a>C\u00e0i \u0111\u1eb7t <strong><mark style=\"background-color:rgba(0, 0, 0, 0);color:#ff6900\" class=\"has-inline-color\">FOX <\/mark><\/strong> ho\u00e0n th\u00e0nh > V\u00e0o b\u1ea3n Mod > Nh\u1eadp <strong><mark style=\"background-color:rgba(0, 0, 0, 0);color:#ff6900\" class=\"has-inline-color\"><span class=\"notranslate\">Key <\/span><\/mark><\/strong> v\u00e0o s\u1eed d\u1ee5ng.<br>B\u1eaft bu\u1ed9c c\u00e0i \u0111\u1eb7t <strong><mark style=\"background-color:rgba(0, 0, 0, 0);color:#ff6900\" class=\"has-inline-color\">Hay Day<\/mark> (G\u1ed1c)<\/strong>, c\u00f3 th\u1ec3 v\u00e0o tab <strong><mark style=\"background-color:rgba(0, 0, 0, 0);color:#ff6900\" class=\"has-inline-color\">\u1ee8ng d\u1ee5ng<\/mark><\/strong> tr\u00ean FOX \u0111\u1ec3 c\u00e0i \u0111\u1eb7t <br>Ho\u1eb7c t\u1ea3i v\u1ec1 c\u00e0i \u0111\u1eb7t th\u1ee7 c\u00f4ng <a href=\"https:\/\/www.havteam.me\/?page_id=4195\" target=\"_blank\" rel=\"noopener\">\ud83d\udc49<\/a><strong><a href=\"https:\/\/www.havteam.me\/?page_id=105\" target=\"_blank\" rel=\"noopener\">T\u1ea1i \u0111\u00e2y<\/a><\/strong><\/p>\n\n\n\n<figure class=\"wp-block-image aligncenter size-large is-resized\"><img decoding=\"async\" width=\"1024\" height=\"887\" src=\"https:\/\/www.havteam.me\/wp-content\/uploads\/2026\/04\/login-1024x887.jpg\" alt=\"\" class=\"wp-image-5664\" style=\"aspect-ratio:1.1544559339052618;width:516px;height:auto\" srcset=\"https:\/\/havteam.me\/wp-content\/uploads\/2026\/04\/login-1024x887.jpg 1024w, https:\/\/havteam.me\/wp-content\/uploads\/2026\/04\/login-300x260.jpg 300w, https:\/\/havteam.me\/wp-content\/uploads\/2026\/04\/login-768x665.jpg 768w, https:\/\/havteam.me\/wp-content\/uploads\/2026\/04\/login-600x520.jpg 600w, https:\/\/havteam.me\/wp-content\/uploads\/2026\/04\/login.jpg 1200w\" sizes=\"(max-width: 1024px) 100vw, 1024px\" \/><\/figure>\n\n\n\n<p><strong>\u0110\u0103ng nh\u1eadp Farm (\u0110\u00e3 \u0111\u0103ng k\u00fd mail) v\u00e0o FOX <br><\/strong><a href=\"https:\/\/www.havteam.me\/?page_id=4195\" target=\"_blank\" rel=\"noopener\">\ud83d\udc49Android &gt; Ti\u1ec7n \u00edch &gt; Supercell iD &gt; Xem th\u00eam &gt;&gt;<\/a><\/p>\n\n\n\n<p>C\u00e1c h\u01b0\u1edbng d\u1eabn s\u1eed d\u1ee5ng kh\u00e1c <br>\ud83d\udc49<a href=\"https:\/\/www.havteam.me\/?page_id=110\" target=\"_blank\" rel=\"noopener\">Android &gt; Ti\u1ec7n \u00edch &gt; &#8230;<\/a><\/p>\n\n\n\n<p>D\u00f9ng FOX c\u00f3 an to\u00e0n kh\u00f4ng?<br>\ud83d\udc49<a href=\"https:\/\/www.havteam.me\/?page_id=1384\" target=\"_blank\" rel=\"noopener\">Tr\u1ea3 l\u1eddi nh\u1eefng c\u00e2u h\u1ecfi th\u01b0\u1eddng g\u1eb7p &#8230;<\/a><\/p>\n\n\n\n<h4 class=\"wp-block-heading has-text-align-center\">Website ch\u1ecdn ng\u00f4n ng\u1eef b\u1ea1n c\u00f3 th\u1ec3 \u0111\u1ecdc<\/h4>\n\n\n\n<figure class=\"wp-block-image aligncenter size-full is-resized\"><img decoding=\"async\" width=\"1536\" height=\"1353\" src=\"https:\/\/www.havteam.me\/wp-content\/uploads\/2026\/04\/IMG_5741.jpg\" alt=\"\" class=\"wp-image-5647\" style=\"aspect-ratio:1.1352569882777277;width:489px;height:auto\" srcset=\"https:\/\/havteam.me\/wp-content\/uploads\/2026\/04\/IMG_5741.jpg 1536w, https:\/\/havteam.me\/wp-content\/uploads\/2026\/04\/IMG_5741-300x264.jpg 300w, https:\/\/havteam.me\/wp-content\/uploads\/2026\/04\/IMG_5741-1024x902.jpg 1024w, https:\/\/havteam.me\/wp-content\/uploads\/2026\/04\/IMG_5741-768x677.jpg 768w, https:\/\/havteam.me\/wp-content\/uploads\/2026\/04\/IMG_5741-600x529.jpg 600w\" sizes=\"(max-width: 1536px) 100vw, 1536px\" \/><\/figure>\n\n\n\n<p><\/p>\n","protected":false},"excerpt":{"rendered":"<p>\ud83d\udc49C\u00e0i \u0111\u1eb7t FOX ho\u00e0n th\u00e0nh > V\u00e0o b\u1ea3n Mod > Nh\u1eadp Key v\u00e0o s\u1eed d\u1ee5ng.B\u1eaft bu\u1ed9c c\u00e0i \u0111\u1eb7t Hay Day [&hellip;]<\/p>\n","protected":false},"author":1,"featured_media":0,"parent":0,"menu_order":0,"comment_status":"closed","ping_status":"closed","template":"","meta":{"site-sidebar-layout":"default","site-content-layout":"","ast-site-content-layout":"default","site-content-style":"default","site-sidebar-style":"default","ast-global-header-display":"","ast-banner-title-visibility":"","ast-main-header-display":"","ast-hfb-above-header-display":"","ast-hfb-below-header-display":"","ast-hfb-mobile-header-display":"","site-post-title":"","ast-breadcrumbs-content":"","ast-featured-img":"","footer-sml-layout":"","ast-disable-related-posts":"","theme-transparent-header-meta":"","adv-header-id-meta":"","stick-header-meta":"","header-above-stick-meta":"","header-main-stick-meta":"","header-below-stick-meta":"","astra-migrate-meta-layouts":"default","ast-page-background-enabled":"default","ast-page-background-meta":{"desktop":{"background-color":"var(--ast-global-color-5)","background-image":"","background-repeat":"repeat","background-position":"center center","background-size":"auto","background-attachment":"scroll","background-type":"","background-media":"","overlay-type":"","overlay-color":"","overlay-opacity":"","overlay-gradient":""},"tablet":{"background-color":"","background-image":"","background-repeat":"repeat","background-position":"center center","background-size":"auto","background-attachment":"scroll","background-type":"","background-media":"","overlay-type":"","overlay-color":"","overlay-opacity":"","overlay-gradient":""},"mobile":{"background-color":"","background-image":"","background-repeat":"repeat","background-position":"center center","background-size":"auto","background-attachment":"scroll","background-type":"","background-media":"","overlay-type":"","overlay-color":"","overlay-opacity":"","overlay-gradient":""}},"ast-content-background-meta":{"desktop":{"background-color":"var(--ast-global-color-4)","background-image":"","background-repeat":"repeat","background-position":"center center","background-size":"auto","background-attachment":"scroll","background-type":"","background-media":"","overlay-type":"","overlay-color":"","overlay-opacity":"","overlay-gradient":""},"tablet":{"background-color":"var(--ast-global-color-4)","background-image":"","background-repeat":"repeat","background-position":"center center","background-size":"auto","background-attachment":"scroll","background-type":"","background-media":"","overlay-type":"","overlay-color":"","overlay-opacity":"","overlay-gradient":""},"mobile":{"background-color":"var(--ast-global-color-4)","background-image":"","background-repeat":"repeat","background-position":"center center","background-size":"auto","background-attachment":"scroll","background-type":"","background-media":"","overlay-type":"","overlay-color":"","overlay-opacity":"","overlay-gradient":""}},"footnotes":""},"class_list":["post-5642","page","type-page","status-publish","hentry"],"_links":{"self":[{"href":"https:\/\/www.havteam.me\/index.php?rest_route=\/wp\/v2\/pages\/5642","targetHints":{"allow":["GET"]}}],"collection":[{"href":"https:\/\/www.havteam.me\/index.php?rest_route=\/wp\/v2\/pages"}],"about":[{"href":"https:\/\/www.havteam.me\/index.php?rest_route=\/wp\/v2\/types\/page"}],"author":[{"embeddable":true,"href":"https:\/\/www.havteam.me\/index.php?rest_route=\/wp\/v2\/users\/1"}],"replies":[{"embeddable":true,"href":"https:\/\/www.havteam.me\/index.php?rest_route=%2Fwp%2Fv2%2Fcomments&post=5642"}],"version-history":[{"count":20,"href":"https:\/\/www.havteam.me\/index.php?rest_route=\/wp\/v2\/pages\/5642\/revisions"}],"predecessor-version":[{"id":5757,"href":"https:\/\/www.havteam.me\/index.php?rest_route=\/wp\/v2\/pages\/5642\/revisions\/5757"}],"wp:attachment":[{"href":"https:\/\/www.havteam.me\/index.php?rest_route=%2Fwp%2Fv2%2Fmedia&parent=5642"}],"curies":[{"name":"wp","href":"https:\/\/api.w.org\/{rel}","templated":true}]}}