{"id":5602,"date":"2026-04-01T16:03:13","date_gmt":"2026-04-01T16:03:13","guid":{"rendered":"https:\/\/havteam.me\/?page_id=5602"},"modified":"2026-04-08T02:27:23","modified_gmt":"2026-04-08T02:27:23","slug":"mo-file-farm-sc-id-da-luu-bang-chuong-trinh-khac","status":"publish","type":"page","link":"https:\/\/www.havteam.me\/?page_id=5602","title":{"rendered":"M\u1edf File Farm (SC iD) \u0111\u00e3 l\u01b0u b\u1eb1ng ch\u01b0\u01a1ng tr\u00ecnh kh\u00e1c"},"content":{"rendered":"\n<p>1. Copy  <strong><mark style=\"background-color:rgba(0, 0, 0, 0)\" class=\"has-inline-color has-ast-global-color-8-color\">File Farm<\/mark><\/strong>  v\u00e0o thi\u1ebft b\u1ecb \u0111\u00e3 c\u00e0i \u0111\u1eb7t FOX<br>2. Gi\u1ea3i n\u00e9n (N\u1ebfu c\u00f3)<br>3. D\u00f9ng qu\u1ea3n l\u00fd file tr\u00ean \u0110i\u1ec7n tho\u1ea1i ch\u00e9p  <strong><mark style=\"background-color:rgba(0, 0, 0, 0)\" class=\"has-inline-color has-ast-global-color-8-color\">File Farm<\/mark><\/strong>  v\u00e0o th\u01b0 m\u1ee5c  <strong><mark style=\"background-color:rgba(0, 0, 0, 0);color:#ff6900\" class=\"has-inline-color\">HAV_ProfileiD <\/mark><\/strong><br>4. N\u1ebfu \u0111\u00fang \u0111\u1ecbnh d\u1ea1ng Farm s\u1ebd xu\u1ea5t hi\u1ec7n tr\u00ean FOX t\u1ea1i <strong>Tab Supercell iD<\/strong><br> ch\u1ecdn \u0111\u1ec3 m\u1edf  Farm ..<br>* File Farm l\u00e0 1 th\u01b0 m\u1ee5c ch\u1ee9a c\u00e1c File XML (C\u1ea5u t\u1ea1o c\u1ee7a 1 Farm)<\/p>\n\n\n\n<figure class=\"wp-block-image\"><img decoding=\"async\" width=\"192\" height=\"192\" src=\"https:\/\/www.havteam.me\/wp-content\/uploads\/2025\/06\/5617387a-2832-4d35-a625-a67372e75358.jpg\" alt=\"\" class=\"wp-image-2713\" srcset=\"https:\/\/havteam.me\/wp-content\/uploads\/2025\/06\/5617387a-2832-4d35-a625-a67372e75358.jpg 192w, https:\/\/havteam.me\/wp-content\/uploads\/2025\/06\/5617387a-2832-4d35-a625-a67372e75358-100x100.jpg 100w, https:\/\/havteam.me\/wp-content\/uploads\/2025\/06\/5617387a-2832-4d35-a625-a67372e75358-64x64.jpg 64w, https:\/\/havteam.me\/wp-content\/uploads\/2025\/06\/5617387a-2832-4d35-a625-a67372e75358-150x150.jpg 150w\" sizes=\"(max-width: 192px) 100vw, 192px\" \/><\/figure>\n\n\n\n<p><\/p>\n","protected":false},"excerpt":{"rendered":"<p>1. Copy File Farm v\u00e0o thi\u1ebft b\u1ecb \u0111\u00e3 c\u00e0i \u0111\u1eb7t FOX2. Gi\u1ea3i n\u00e9n (N\u1ebfu c\u00f3)3. D\u00f9ng qu\u1ea3n l\u00fd file tr\u00ean [&hellip;]<\/p>\n","protected":false},"author":1,"featured_media":0,"parent":0,"menu_order":0,"comment_status":"closed","ping_status":"closed","template":"","meta":{"site-sidebar-layout":"default","site-content-layout":"","ast-site-content-layout":"default","site-content-style":"default","site-sidebar-style":"default","ast-global-header-display":"","ast-banner-title-visibility":"","ast-main-header-display":"","ast-hfb-above-header-display":"","ast-hfb-below-header-display":"","ast-hfb-mobile-header-display":"","site-post-title":"","ast-breadcrumbs-content":"","ast-featured-img":"","footer-sml-layout":"","ast-disable-related-posts":"","theme-transparent-header-meta":"","adv-header-id-meta":"","stick-header-meta":"","header-above-stick-meta":"","header-main-stick-meta":"","header-below-stick-meta":"","astra-migrate-meta-layouts":"default","ast-page-background-enabled":"default","ast-page-background-meta":{"desktop":{"background-color":"var(--ast-global-color-5)","background-image":"","background-repeat":"repeat","background-position":"center center","background-size":"auto","background-attachment":"scroll","background-type":"","background-media":"","overlay-type":"","overlay-color":"","overlay-opacity":"","overlay-gradient":""},"tablet":{"background-color":"","background-image":"","background-repeat":"repeat","background-position":"center center","background-size":"auto","background-attachment":"scroll","background-type":"","background-media":"","overlay-type":"","overlay-color":"","overlay-opacity":"","overlay-gradient":""},"mobile":{"background-color":"","background-image":"","background-repeat":"repeat","background-position":"center center","background-size":"auto","background-attachment":"scroll","background-type":"","background-media":"","overlay-type":"","overlay-color":"","overlay-opacity":"","overlay-gradient":""}},"ast-content-background-meta":{"desktop":{"background-color":"var(--ast-global-color-4)","background-image":"","background-repeat":"repeat","background-position":"center center","background-size":"auto","background-attachment":"scroll","background-type":"","background-media":"","overlay-type":"","overlay-color":"","overlay-opacity":"","overlay-gradient":""},"tablet":{"background-color":"var(--ast-global-color-4)","background-image":"","background-repeat":"repeat","background-position":"center center","background-size":"auto","background-attachment":"scroll","background-type":"","background-media":"","overlay-type":"","overlay-color":"","overlay-opacity":"","overlay-gradient":""},"mobile":{"background-color":"var(--ast-global-color-4)","background-image":"","background-repeat":"repeat","background-position":"center center","background-size":"auto","background-attachment":"scroll","background-type":"","background-media":"","overlay-type":"","overlay-color":"","overlay-opacity":"","overlay-gradient":""}},"footnotes":""},"class_list":["post-5602","page","type-page","status-publish","hentry"],"_links":{"self":[{"href":"https:\/\/www.havteam.me\/index.php?rest_route=\/wp\/v2\/pages\/5602","targetHints":{"allow":["GET"]}}],"collection":[{"href":"https:\/\/www.havteam.me\/index.php?rest_route=\/wp\/v2\/pages"}],"about":[{"href":"https:\/\/www.havteam.me\/index.php?rest_route=\/wp\/v2\/types\/page"}],"author":[{"embeddable":true,"href":"https:\/\/www.havteam.me\/index.php?rest_route=\/wp\/v2\/users\/1"}],"replies":[{"embeddable":true,"href":"https:\/\/www.havteam.me\/index.php?rest_route=%2Fwp%2Fv2%2Fcomments&post=5602"}],"version-history":[{"count":5,"href":"https:\/\/www.havteam.me\/index.php?rest_route=\/wp\/v2\/pages\/5602\/revisions"}],"predecessor-version":[{"id":5657,"href":"https:\/\/www.havteam.me\/index.php?rest_route=\/wp\/v2\/pages\/5602\/revisions\/5657"}],"wp:attachment":[{"href":"https:\/\/www.havteam.me\/index.php?rest_route=%2Fwp%2Fv2%2Fmedia&parent=5602"}],"curies":[{"name":"wp","href":"https:\/\/api.w.org\/{rel}","templated":true}]}}