{"id":5148,"date":"2026-03-25T11:50:47","date_gmt":"2026-03-25T11:50:47","guid":{"rendered":"https:\/\/havteam.me\/?page_id=5148"},"modified":"2026-03-25T11:57:46","modified_gmt":"2026-03-25T11:57:46","slug":"menu-fox-nut-chuc-nang","status":"publish","type":"page","link":"https:\/\/www.havteam.me\/?page_id=5148","title":{"rendered":"N\u00fat ch\u1ee9c n\u0103ng"},"content":{"rendered":"\n<div class=\"wp-block-media-text is-stacked-on-mobile\" style=\"grid-template-columns:41% auto\"><figure class=\"wp-block-media-text__media\"><img fetchpriority=\"high\" decoding=\"async\" width=\"840\" height=\"744\" src=\"https:\/\/www.havteam.me\/wp-content\/uploads\/2025\/06\/z6730940193237_66192089af161ee9125eb320c044c18e-1.jpg\" alt=\"\" class=\"wp-image-2779 size-full\" srcset=\"https:\/\/havteam.me\/wp-content\/uploads\/2025\/06\/z6730940193237_66192089af161ee9125eb320c044c18e-1.jpg 840w, https:\/\/havteam.me\/wp-content\/uploads\/2025\/06\/z6730940193237_66192089af161ee9125eb320c044c18e-1-600x531.jpg 600w, https:\/\/havteam.me\/wp-content\/uploads\/2025\/06\/z6730940193237_66192089af161ee9125eb320c044c18e-1-64x57.jpg 64w, https:\/\/havteam.me\/wp-content\/uploads\/2025\/06\/z6730940193237_66192089af161ee9125eb320c044c18e-1-300x266.jpg 300w, https:\/\/havteam.me\/wp-content\/uploads\/2025\/06\/z6730940193237_66192089af161ee9125eb320c044c18e-1-768x680.jpg 768w\" sizes=\"(max-width: 840px) 100vw, 840px\" \/><\/figure><div class=\"wp-block-media-text__content\">\n<p class=\"has-text-align-left\"><mark style=\"background-color:rgba(0, 0, 0, 0);color:#ff6900\" class=\"has-inline-color\">\ud83d\udc49<\/mark> <strong><mark style=\"background-color:rgba(0, 0, 0, 0);color:#ff6900\" class=\"has-inline-color\"><span class=\"notranslate\">HAV TEAM <\/span><\/mark><\/strong> (<strong>Nh\u1ea5n<\/strong> <strong>\u1ea8n \/ Hi\u1ec7n thu g\u1ecdn menu)<br>_ S\u1ed1 l\u00e0 H\u1ea1n d\u00f9ng c\u1ee7a key (Quy \u0111\u1ecbnh 1 th\u00e1ng 30 ng\u00e0y)<br>_ Phi\u00ean b\u1ea3n &amp; ng\u00e0y c\u1eadp nh\u1eadt (<strong>D\u00f2ng m\u00e0u \u0111\u1ecf)<\/strong><br>_ Phi\u00ean b\u1ea3n Android <strong>&amp;<\/strong> Ram\u2026 c\u1ee7a Thi\u1ebft b\u1ecb (<strong>D\u00f2ng m\u00e0u tr\u1eafng<\/strong>)<br>&#8212;&#8212;&#8212;N\u00daT CH\u1ee8C N\u0102NG&#8212;&#8212;&#8211;<br>\u25b6\ufe0f<mark style=\"background-color:rgba(0, 0, 0, 0);color:#00d084\" class=\"has-inline-color\"><span class=\"notranslate\">Start<\/span><\/mark> : <\/strong>V\u00e0o game<strong><br>\u21a9\ufe0f<mark style=\"background-color:rgba(0, 0, 0, 0)\" class=\"has-inline-color has-ast-global-color-1-color\"><span class=\"notranslate\">Reload<\/span><\/mark> :<\/strong> T\u1ea3i l\u1ea1i d\u1eef li\u1ec7u m\u1edbi cho FOX <br><strong><mark style=\"background-color:rgba(0, 0, 0, 0)\" class=\"has-inline-color has-ast-global-color-2-color\">* N\u1ebfu c\u00f3 l\u1ed7i ti\u1ec7n \u00edch<\/mark><br>\ud83d\udd04<mark style=\"background-color:rgba(0, 0, 0, 0);color:#ff6900\" class=\"has-inline-color\"><span class=\"notranslate\">Renew<\/span><\/mark> : <\/strong>Li\u00ean h\u1ec7 Ad gia h\u1ea1n cho key FOX <br><strong><mark style=\"background-color:rgba(0, 0, 0, 0)\" class=\"has-inline-color has-ast-global-color-2-color\">* B\u1ea1n c\u00f3 th\u1ec3 xem m\u00e3 key b\u1ea1n \u0111ang d\u00f9ng<\/mark><br>\u21aa\ufe0f<mark style=\"background-color:rgba(0, 0, 0, 0);color:#f78da7\" class=\"has-inline-color\"><span class=\"notranslate\">Change<\/span><\/mark> : <\/strong>\u0110\u1ed5i key sang \u0111i\u1ec7n tho\u1ea1i kh\u00e1c <br> <mark style=\"background-color:rgba(0, 0, 0, 0);color:#ff6900\" class=\"has-inline-color\">\ud83d\udc49<\/mark> <strong><a href=\"https:\/\/www.havteam.me\/?page_id=4039\" target=\"_blank\" rel=\"noopener\"><mark style=\"background-color:rgba(0, 0, 0, 0);color:#9b51e0\" class=\"has-inline-color\">X<mark style=\"background-color:rgba(0, 0, 0, 0)\" class=\"has-inline-color has-ast-global-color-2-color\"><\/mark>emth\u00eam &gt;&gt;<\/mark><\/a><\/strong><br><strong><mark style=\"background-color:rgba(0, 0, 0, 0)\" class=\"has-inline-color has-ast-global-color-2-color\">* Tr\u01b0\u1edbc khi Reset \u0110i\u1ec7n tho\u1ea1i n\u00ean nh\u1ea5n, V\u00ec Reset \u0111i\u1ec7n tho\u1ea1i s\u1ebd th\u00e0nh thi\u1ebft b\u1ecb m\u1edbi<br><\/mark>\u27a1\ufe0f<mark style=\"background-color:rgba(0, 0, 0, 0);color:#cf2e2e\" class=\"has-inline-color\"><span class=\"notranslate\">Log Out<\/span><\/mark> : <\/strong>Tho\u00e1t key \u0111ang d\u00f9ng \u0111\u1ec3 \u0111\u1ed5i sang lo\u1ea1i key kh\u00e1c<br>V\u00ed d\u1ee5 : D\u00f9ng key Decor <br>Sau khi d\u00f9ng key Decor c\u00f3 th\u1ec3 \u0111\u0103ng nh\u1eadp l\u1ea1i key Svip c\u00f2n h\u1ea1n d\u00f9ng tr\u01b0\u1edbc \u0111\u00f3<br><mark style=\"background-color:rgba(0, 0, 0, 0);color:#ff6900\" class=\"has-inline-color\">\ud83d\udc49<\/mark> <strong><mark style=\"background-color:rgba(0, 0, 0, 0);color:#9b51e0\" class=\"has-inline-color\">Menu Mod<\/mark><\/strong> (Nh\u1ea5n v\u00e0o thay \u0111\u1ed5i Server)<br><\/p>\n<\/div><\/div>\n","protected":false},"excerpt":{"rendered":"<p>\ud83d\udc49 HAV TEAM (Nh\u1ea5n \u1ea8n \/ Hi\u1ec7n thu g\u1ecdn menu)_ S\u1ed1 l\u00e0 H\u1ea1n d\u00f9ng c\u1ee7a key (Quy \u0111\u1ecbnh 1 th\u00e1ng [&hellip;]<\/p>\n","protected":false},"author":1,"featured_media":0,"parent":0,"menu_order":0,"comment_status":"closed","ping_status":"closed","template":"","meta":{"site-sidebar-layout":"default","site-content-layout":"","ast-site-content-layout":"default","site-content-style":"default","site-sidebar-style":"default","ast-global-header-display":"","ast-banner-title-visibility":"","ast-main-header-display":"","ast-hfb-above-header-display":"","ast-hfb-below-header-display":"","ast-hfb-mobile-header-display":"","site-post-title":"","ast-breadcrumbs-content":"","ast-featured-img":"","footer-sml-layout":"","ast-disable-related-posts":"","theme-transparent-header-meta":"","adv-header-id-meta":"","stick-header-meta":"","header-above-stick-meta":"","header-main-stick-meta":"","header-below-stick-meta":"","astra-migrate-meta-layouts":"default","ast-page-background-enabled":"default","ast-page-background-meta":{"desktop":{"background-color":"var(--ast-global-color-5)","background-image":"","background-repeat":"repeat","background-position":"center center","background-size":"auto","background-attachment":"scroll","background-type":"","background-media":"","overlay-type":"","overlay-color":"","overlay-opacity":"","overlay-gradient":""},"tablet":{"background-color":"","background-image":"","background-repeat":"repeat","background-position":"center center","background-size":"auto","background-attachment":"scroll","background-type":"","background-media":"","overlay-type":"","overlay-color":"","overlay-opacity":"","overlay-gradient":""},"mobile":{"background-color":"","background-image":"","background-repeat":"repeat","background-position":"center center","background-size":"auto","background-attachment":"scroll","background-type":"","background-media":"","overlay-type":"","overlay-color":"","overlay-opacity":"","overlay-gradient":""}},"ast-content-background-meta":{"desktop":{"background-color":"var(--ast-global-color-4)","background-image":"","background-repeat":"repeat","background-position":"center center","background-size":"auto","background-attachment":"scroll","background-type":"","background-media":"","overlay-type":"","overlay-color":"","overlay-opacity":"","overlay-gradient":""},"tablet":{"background-color":"var(--ast-global-color-4)","background-image":"","background-repeat":"repeat","background-position":"center center","background-size":"auto","background-attachment":"scroll","background-type":"","background-media":"","overlay-type":"","overlay-color":"","overlay-opacity":"","overlay-gradient":""},"mobile":{"background-color":"var(--ast-global-color-4)","background-image":"","background-repeat":"repeat","background-position":"center center","background-size":"auto","background-attachment":"scroll","background-type":"","background-media":"","overlay-type":"","overlay-color":"","overlay-opacity":"","overlay-gradient":""}},"footnotes":""},"class_list":["post-5148","page","type-page","status-publish","hentry"],"_links":{"self":[{"href":"https:\/\/www.havteam.me\/index.php?rest_route=\/wp\/v2\/pages\/5148","targetHints":{"allow":["GET"]}}],"collection":[{"href":"https:\/\/www.havteam.me\/index.php?rest_route=\/wp\/v2\/pages"}],"about":[{"href":"https:\/\/www.havteam.me\/index.php?rest_route=\/wp\/v2\/types\/page"}],"author":[{"embeddable":true,"href":"https:\/\/www.havteam.me\/index.php?rest_route=\/wp\/v2\/users\/1"}],"replies":[{"embeddable":true,"href":"https:\/\/www.havteam.me\/index.php?rest_route=%2Fwp%2Fv2%2Fcomments&post=5148"}],"version-history":[{"count":2,"href":"https:\/\/www.havteam.me\/index.php?rest_route=\/wp\/v2\/pages\/5148\/revisions"}],"predecessor-version":[{"id":5154,"href":"https:\/\/www.havteam.me\/index.php?rest_route=\/wp\/v2\/pages\/5148\/revisions\/5154"}],"wp:attachment":[{"href":"https:\/\/www.havteam.me\/index.php?rest_route=%2Fwp%2Fv2%2Fmedia&parent=5148"}],"curies":[{"name":"wp","href":"https:\/\/api.w.org\/{rel}","templated":true}]}}