{"id":5024,"date":"2026-03-04T10:32:28","date_gmt":"2026-03-04T10:32:28","guid":{"rendered":"https:\/\/havteam.me\/?page_id=5024"},"modified":"2026-03-04T10:46:39","modified_gmt":"2026-03-04T10:46:39","slug":"backup-farm-sc-id-thanh-file","status":"publish","type":"page","link":"https:\/\/www.havteam.me\/?page_id=5024","title":{"rendered":"Backup Farm (SC id) th\u00e0nh File"},"content":{"rendered":"\n<p>B\u01b0\u1edbc 1 : C\u1ea7n L\u01b0u Farm v\u00e0o FOX b\u1eb1ng c\u00e1ch \u0111\u0103ng nh\u1eadp mail<br>\ud83d\udc49 <a href=\"https:\/\/www.havteam.me\/?page_id=3547\" target=\"_blank\" rel=\"noopener\">C\u00e1ch l\u00e0m<\/a><\/p>\n\n\n\n<p>B\u01b0\u1edbc 2 : V\u00e0o Tr\u00ecnh qu\u1ea3n l\u00fd File tr\u00ean \u0110i\u1ec7n Tho\u1ea1i > v\u00e0o th\u01b0 m\u1ee5c\u00a0<strong>HAV_ProfileiD<\/strong><br>s\u1ebd th\u1ea5y c\u00e1c File Farm \u0111\u00e3 L\u01b0u t\u1eeb B\u01b0\u1edbc 1 . C\u00f3 th\u1ec3 L\u01b0u tr\u1eef c\u00e1c File d\u1eef li\u1ec7u Farm <\/p>\n\n\n\n<figure class=\"wp-block-image aligncenter size-large\"><img fetchpriority=\"high\" decoding=\"async\" width=\"1024\" height=\"879\" src=\"https:\/\/www.havteam.me\/wp-content\/uploads\/2025\/10\/rrr-1024x879.jpg\" alt=\"\" class=\"wp-image-3574\" srcset=\"https:\/\/havteam.me\/wp-content\/uploads\/2025\/10\/rrr-1024x879.jpg 1024w, https:\/\/havteam.me\/wp-content\/uploads\/2025\/10\/rrr-600x515.jpg 600w, https:\/\/havteam.me\/wp-content\/uploads\/2025\/10\/rrr-64x55.jpg 64w, https:\/\/havteam.me\/wp-content\/uploads\/2025\/10\/rrr-300x257.jpg 300w, https:\/\/havteam.me\/wp-content\/uploads\/2025\/10\/rrr-768x659.jpg 768w, https:\/\/havteam.me\/wp-content\/uploads\/2025\/10\/rrr-1536x1318.jpg 1536w, https:\/\/havteam.me\/wp-content\/uploads\/2025\/10\/rrr.jpg 1742w\" sizes=\"(max-width: 1024px) 100vw, 1024px\" \/><\/figure>\n","protected":false},"excerpt":{"rendered":"<p>B\u01b0\u1edbc 1 : C\u1ea7n L\u01b0u Farm v\u00e0o FOX b\u1eb1ng c\u00e1ch \u0111\u0103ng nh\u1eadp mail\ud83d\udc49 C\u00e1ch l\u00e0m B\u01b0\u1edbc 2 : V\u00e0o Tr\u00ecnh [&hellip;]<\/p>\n","protected":false},"author":1,"featured_media":0,"parent":0,"menu_order":0,"comment_status":"closed","ping_status":"closed","template":"","meta":{"site-sidebar-layout":"default","site-content-layout":"","ast-site-content-layout":"default","site-content-style":"default","site-sidebar-style":"default","ast-global-header-display":"","ast-banner-title-visibility":"","ast-main-header-display":"","ast-hfb-above-header-display":"","ast-hfb-below-header-display":"","ast-hfb-mobile-header-display":"","site-post-title":"disabled","ast-breadcrumbs-content":"","ast-featured-img":"","footer-sml-layout":"","ast-disable-related-posts":"","theme-transparent-header-meta":"","adv-header-id-meta":"","stick-header-meta":"","header-above-stick-meta":"","header-main-stick-meta":"","header-below-stick-meta":"","astra-migrate-meta-layouts":"default","ast-page-background-enabled":"default","ast-page-background-meta":{"desktop":{"background-color":"var(--ast-global-color-5)","background-image":"","background-repeat":"repeat","background-position":"center center","background-size":"auto","background-attachment":"scroll","background-type":"","background-media":"","overlay-type":"","overlay-color":"","overlay-opacity":"","overlay-gradient":""},"tablet":{"background-color":"","background-image":"","background-repeat":"repeat","background-position":"center center","background-size":"auto","background-attachment":"scroll","background-type":"","background-media":"","overlay-type":"","overlay-color":"","overlay-opacity":"","overlay-gradient":""},"mobile":{"background-color":"","background-image":"","background-repeat":"repeat","background-position":"center center","background-size":"auto","background-attachment":"scroll","background-type":"","background-media":"","overlay-type":"","overlay-color":"","overlay-opacity":"","overlay-gradient":""}},"ast-content-background-meta":{"desktop":{"background-color":"var(--ast-global-color-4)","background-image":"","background-repeat":"repeat","background-position":"center center","background-size":"auto","background-attachment":"scroll","background-type":"","background-media":"","overlay-type":"","overlay-color":"","overlay-opacity":"","overlay-gradient":""},"tablet":{"background-color":"var(--ast-global-color-4)","background-image":"","background-repeat":"repeat","background-position":"center center","background-size":"auto","background-attachment":"scroll","background-type":"","background-media":"","overlay-type":"","overlay-color":"","overlay-opacity":"","overlay-gradient":""},"mobile":{"background-color":"var(--ast-global-color-4)","background-image":"","background-repeat":"repeat","background-position":"center center","background-size":"auto","background-attachment":"scroll","background-type":"","background-media":"","overlay-type":"","overlay-color":"","overlay-opacity":"","overlay-gradient":""}},"footnotes":""},"class_list":["post-5024","page","type-page","status-publish","hentry"],"_links":{"self":[{"href":"https:\/\/www.havteam.me\/index.php?rest_route=\/wp\/v2\/pages\/5024","targetHints":{"allow":["GET"]}}],"collection":[{"href":"https:\/\/www.havteam.me\/index.php?rest_route=\/wp\/v2\/pages"}],"about":[{"href":"https:\/\/www.havteam.me\/index.php?rest_route=\/wp\/v2\/types\/page"}],"author":[{"embeddable":true,"href":"https:\/\/www.havteam.me\/index.php?rest_route=\/wp\/v2\/users\/1"}],"replies":[{"embeddable":true,"href":"https:\/\/www.havteam.me\/index.php?rest_route=%2Fwp%2Fv2%2Fcomments&post=5024"}],"version-history":[{"count":3,"href":"https:\/\/www.havteam.me\/index.php?rest_route=\/wp\/v2\/pages\/5024\/revisions"}],"predecessor-version":[{"id":5029,"href":"https:\/\/www.havteam.me\/index.php?rest_route=\/wp\/v2\/pages\/5024\/revisions\/5029"}],"wp:attachment":[{"href":"https:\/\/www.havteam.me\/index.php?rest_route=%2Fwp%2Fv2%2Fmedia&parent=5024"}],"curies":[{"name":"wp","href":"https:\/\/api.w.org\/{rel}","templated":true}]}}