{"id":4884,"date":"2026-02-22T14:35:42","date_gmt":"2026-02-22T14:35:42","guid":{"rendered":"https:\/\/havteam.me\/?page_id=4884"},"modified":"2026-02-22T15:07:56","modified_gmt":"2026-02-22T15:07:56","slug":"chuyen-doi-ma-farm-token-file-token","status":"publish","type":"page","link":"https:\/\/www.havteam.me\/?page_id=4884","title":{"rendered":"Chuy\u1ec3n \u0111\u1ed5i m\u00e3 Farm Token &lt;-> File Token"},"content":{"rendered":"\n<h4 class=\"wp-block-heading\"><mark style=\"background-color:rgba(0, 0, 0, 0);color:#ff6900\" class=\"has-inline-color\">1. M\u00e3 Token -> File Token <\/mark><\/h4>\n\n\n\n<p>-Sau khi <mark style=\"background-color:rgba(0, 0, 0, 0)\" class=\"has-inline-color has-ast-global-color-2-color\">m\u1edf Farm b\u1eb1ng <strong>M\u00e3 Token<\/strong> (ID,Pass) trong FOX<\/mark> \ud83d\udc49 <a href=\"https:\/\/www.havteam.me\/?page_id=3454\" target=\"_blank\" rel=\"noopener\">C\u00e1ch l\u00e0m<\/a><\/p>\n\n\n\n<p>-FOX s\u1ebd t\u1ea1o ra <strong>File Token<\/strong> c\u1ee7a Farm \u0111\u00f3 v\u00e0 l\u01b0u t\u1ea1i Th\u01b0 m\u1ee5c <strong><mark style=\"background-color:rgba(0, 0, 0, 0);color:#ff6900\" class=\"has-inline-color\">HAV_Profile<\/mark><\/strong> (Tr\u00ean \u0111i\u1ec7n tho\u1ea1i) <\/p>\n\n\n\n<figure class=\"wp-block-image aligncenter size-large is-resized\"><img fetchpriority=\"high\" decoding=\"async\" width=\"1024\" height=\"576\" src=\"https:\/\/www.havteam.me\/wp-content\/uploads\/2026\/02\/20260222_220346-1-1024x576.jpg\" alt=\"\" class=\"wp-image-4893\" style=\"aspect-ratio:1.7777957823097756;width:773px;height:auto\" srcset=\"https:\/\/havteam.me\/wp-content\/uploads\/2026\/02\/20260222_220346-1-1024x576.jpg 1024w, https:\/\/havteam.me\/wp-content\/uploads\/2026\/02\/20260222_220346-1-300x169.jpg 300w, https:\/\/havteam.me\/wp-content\/uploads\/2026\/02\/20260222_220346-1-768x432.jpg 768w, https:\/\/havteam.me\/wp-content\/uploads\/2026\/02\/20260222_220346-1-1536x864.jpg 1536w, https:\/\/havteam.me\/wp-content\/uploads\/2026\/02\/20260222_220346-1-2048x1152.jpg 2048w, https:\/\/havteam.me\/wp-content\/uploads\/2026\/02\/20260222_220346-1-600x338.jpg 600w\" sizes=\"(max-width: 1024px) 100vw, 1024px\" \/><figcaption class=\"wp-element-caption\"><mark style=\"background-color:rgba(0, 0, 0, 0);color:#ff6900\" class=\"has-inline-color\">M\u00e3 Token -> File Token <\/mark><\/figcaption><\/figure>\n\n\n\n<h4 class=\"wp-block-heading\"><mark style=\"background-color:rgba(0, 0, 0, 0);color:#ff6900\" class=\"has-inline-color\">2. File Token -> M\u00e3 Token <\/mark><\/h4>\n\n\n\n<p>-Sau khi ch\u00e9p<strong> File Token<\/strong> v\u00e0o FOX \ud83d\udc49 <a href=\"https:\/\/www.havteam.me\/?page_id=3457\" target=\"_blank\" rel=\"noopener\">C\u00e1ch l\u00e0m<\/a><\/p>\n\n\n\n<p>-T\u1ea1i tab token ch\u1ecdn Farm c\u1ea7n xem m\u00e3 Token \u0110\u00e8 gi\u1eef ch\u1ecdn &#8220;Ch\u1ec9nh s\u1eeda&#8221; \u0111\u1ec3 xem <strong><mark style=\"background-color:rgba(0, 0, 0, 0);color:#ff6900\" class=\"has-inline-color\">ID<\/mark><\/strong> v\u00e0 <strong><mark style=\"background-color:rgba(0, 0, 0, 0);color:#ff6900\" class=\"has-inline-color\">Pass Token<\/mark><\/strong> c\u1ee7a Farm <\/p>\n\n\n\n<figure class=\"wp-block-image aligncenter size-large is-resized\"><img decoding=\"async\" width=\"1024\" height=\"576\" src=\"https:\/\/www.havteam.me\/wp-content\/uploads\/2026\/02\/20260222_215117-1024x576.jpg\" alt=\"\" class=\"wp-image-4890\" style=\"aspect-ratio:1.7777957823097756;width:780px;height:auto\" srcset=\"https:\/\/havteam.me\/wp-content\/uploads\/2026\/02\/20260222_215117-1024x576.jpg 1024w, https:\/\/havteam.me\/wp-content\/uploads\/2026\/02\/20260222_215117-300x169.jpg 300w, https:\/\/havteam.me\/wp-content\/uploads\/2026\/02\/20260222_215117-768x432.jpg 768w, https:\/\/havteam.me\/wp-content\/uploads\/2026\/02\/20260222_215117-1536x864.jpg 1536w, https:\/\/havteam.me\/wp-content\/uploads\/2026\/02\/20260222_215117-2048x1152.jpg 2048w, https:\/\/havteam.me\/wp-content\/uploads\/2026\/02\/20260222_215117-600x338.jpg 600w\" sizes=\"(max-width: 1024px) 100vw, 1024px\" \/><figcaption class=\"wp-element-caption\"><mark style=\"background-color:rgba(0, 0, 0, 0);color:#ff6900\" class=\"has-inline-color\">File Token -> M\u00e3 Token<\/mark><\/figcaption><\/figure>\n\n\n\n<p><\/p>\n","protected":false},"excerpt":{"rendered":"<p>1. M\u00e3 Token -> File Token -Sau khi m\u1edf Farm b\u1eb1ng M\u00e3 Token (ID,Pass) trong FOX \ud83d\udc49 C\u00e1ch l\u00e0m -FOX [&hellip;]<\/p>\n","protected":false},"author":1,"featured_media":0,"parent":0,"menu_order":0,"comment_status":"closed","ping_status":"closed","template":"","meta":{"site-sidebar-layout":"default","site-content-layout":"","ast-site-content-layout":"default","site-content-style":"default","site-sidebar-style":"default","ast-global-header-display":"","ast-banner-title-visibility":"","ast-main-header-display":"","ast-hfb-above-header-display":"","ast-hfb-below-header-display":"","ast-hfb-mobile-header-display":"","site-post-title":"","ast-breadcrumbs-content":"","ast-featured-img":"","footer-sml-layout":"","ast-disable-related-posts":"","theme-transparent-header-meta":"","adv-header-id-meta":"","stick-header-meta":"","header-above-stick-meta":"","header-main-stick-meta":"","header-below-stick-meta":"","astra-migrate-meta-layouts":"default","ast-page-background-enabled":"default","ast-page-background-meta":{"desktop":{"background-color":"var(--ast-global-color-5)","background-image":"","background-repeat":"repeat","background-position":"center center","background-size":"auto","background-attachment":"scroll","background-type":"","background-media":"","overlay-type":"","overlay-color":"","overlay-opacity":"","overlay-gradient":""},"tablet":{"background-color":"","background-image":"","background-repeat":"repeat","background-position":"center center","background-size":"auto","background-attachment":"scroll","background-type":"","background-media":"","overlay-type":"","overlay-color":"","overlay-opacity":"","overlay-gradient":""},"mobile":{"background-color":"","background-image":"","background-repeat":"repeat","background-position":"center center","background-size":"auto","background-attachment":"scroll","background-type":"","background-media":"","overlay-type":"","overlay-color":"","overlay-opacity":"","overlay-gradient":""}},"ast-content-background-meta":{"desktop":{"background-color":"var(--ast-global-color-4)","background-image":"","background-repeat":"repeat","background-position":"center center","background-size":"auto","background-attachment":"scroll","background-type":"","background-media":"","overlay-type":"","overlay-color":"","overlay-opacity":"","overlay-gradient":""},"tablet":{"background-color":"var(--ast-global-color-4)","background-image":"","background-repeat":"repeat","background-position":"center center","background-size":"auto","background-attachment":"scroll","background-type":"","background-media":"","overlay-type":"","overlay-color":"","overlay-opacity":"","overlay-gradient":""},"mobile":{"background-color":"var(--ast-global-color-4)","background-image":"","background-repeat":"repeat","background-position":"center center","background-size":"auto","background-attachment":"scroll","background-type":"","background-media":"","overlay-type":"","overlay-color":"","overlay-opacity":"","overlay-gradient":""}},"footnotes":""},"class_list":["post-4884","page","type-page","status-publish","hentry"],"_links":{"self":[{"href":"https:\/\/www.havteam.me\/index.php?rest_route=\/wp\/v2\/pages\/4884","targetHints":{"allow":["GET"]}}],"collection":[{"href":"https:\/\/www.havteam.me\/index.php?rest_route=\/wp\/v2\/pages"}],"about":[{"href":"https:\/\/www.havteam.me\/index.php?rest_route=\/wp\/v2\/types\/page"}],"author":[{"embeddable":true,"href":"https:\/\/www.havteam.me\/index.php?rest_route=\/wp\/v2\/users\/1"}],"replies":[{"embeddable":true,"href":"https:\/\/www.havteam.me\/index.php?rest_route=%2Fwp%2Fv2%2Fcomments&post=4884"}],"version-history":[{"count":4,"href":"https:\/\/www.havteam.me\/index.php?rest_route=\/wp\/v2\/pages\/4884\/revisions"}],"predecessor-version":[{"id":4895,"href":"https:\/\/www.havteam.me\/index.php?rest_route=\/wp\/v2\/pages\/4884\/revisions\/4895"}],"wp:attachment":[{"href":"https:\/\/www.havteam.me\/index.php?rest_route=%2Fwp%2Fv2%2Fmedia&parent=4884"}],"curies":[{"name":"wp","href":"https:\/\/api.w.org\/{rel}","templated":true}]}}