{"id":4195,"date":"2026-01-05T05:42:07","date_gmt":"2026-01-05T05:42:07","guid":{"rendered":"https:\/\/havteam.me\/?page_id=4195"},"modified":"2026-04-07T14:55:36","modified_gmt":"2026-04-07T14:55:36","slug":"mo-farm-bang-mail","status":"publish","type":"page","link":"https:\/\/www.havteam.me\/?page_id=4195","title":{"rendered":"M\u1edf Farm b\u1eb1ng Mail"},"content":{"rendered":"\n<h4 class=\"wp-block-heading\">B\u01b0\u1edbc 1 : V\u00e0o FOX &gt; Nh\u1ea5n &#8220;Start&#8221; \u0111\u1ec3 v\u00e0o Game<\/h4>\n\n\n\n<figure class=\"wp-block-image aligncenter size-full is-resized\"><img fetchpriority=\"high\" decoding=\"async\" width=\"840\" height=\"227\" src=\"https:\/\/www.havteam.me\/wp-content\/uploads\/2026\/01\/Screenshot_20260105-123929_FX-Pro.jpg\" alt=\"\" class=\"wp-image-4199\" style=\"aspect-ratio:3.7006264197700833;width:366px;height:auto\" srcset=\"https:\/\/havteam.me\/wp-content\/uploads\/2026\/01\/Screenshot_20260105-123929_FX-Pro.jpg 840w, https:\/\/havteam.me\/wp-content\/uploads\/2026\/01\/Screenshot_20260105-123929_FX-Pro-300x81.jpg 300w, https:\/\/havteam.me\/wp-content\/uploads\/2026\/01\/Screenshot_20260105-123929_FX-Pro-768x208.jpg 768w, https:\/\/havteam.me\/wp-content\/uploads\/2026\/01\/Screenshot_20260105-123929_FX-Pro-600x162.jpg 600w\" sizes=\"(max-width: 840px) 100vw, 840px\" \/><\/figure>\n\n\n\n<figure class=\"wp-block-image aligncenter size-full is-resized\"><img decoding=\"async\" width=\"715\" height=\"838\" src=\"https:\/\/www.havteam.me\/wp-content\/uploads\/2026\/01\/Screenshot_20260105-124605_FX-Pro.jpg\" alt=\"\" class=\"wp-image-4201\" style=\"aspect-ratio:0.8532192202271075;width:204px;height:auto\" srcset=\"https:\/\/havteam.me\/wp-content\/uploads\/2026\/01\/Screenshot_20260105-124605_FX-Pro.jpg 715w, https:\/\/havteam.me\/wp-content\/uploads\/2026\/01\/Screenshot_20260105-124605_FX-Pro-256x300.jpg 256w, https:\/\/havteam.me\/wp-content\/uploads\/2026\/01\/Screenshot_20260105-124605_FX-Pro-600x703.jpg 600w\" sizes=\"(max-width: 715px) 100vw, 715px\" \/><\/figure>\n\n\n\n<figure class=\"wp-block-image aligncenter size-large is-resized\"><img decoding=\"async\" width=\"1024\" height=\"283\" src=\"https:\/\/www.havteam.me\/wp-content\/uploads\/2026\/01\/Screenshot_20260105-124607_FX-Pro-1024x283.jpg\" alt=\"\" class=\"wp-image-4204\" style=\"aspect-ratio:3.6125405710522602;width:521px;height:auto\" srcset=\"https:\/\/havteam.me\/wp-content\/uploads\/2026\/01\/Screenshot_20260105-124607_FX-Pro-1024x283.jpg 1024w, https:\/\/havteam.me\/wp-content\/uploads\/2026\/01\/Screenshot_20260105-124607_FX-Pro-300x83.jpg 300w, https:\/\/havteam.me\/wp-content\/uploads\/2026\/01\/Screenshot_20260105-124607_FX-Pro-768x213.jpg 768w, https:\/\/havteam.me\/wp-content\/uploads\/2026\/01\/Screenshot_20260105-124607_FX-Pro-1536x425.jpg 1536w, https:\/\/havteam.me\/wp-content\/uploads\/2026\/01\/Screenshot_20260105-124607_FX-Pro-600x166.jpg 600w, https:\/\/havteam.me\/wp-content\/uploads\/2026\/01\/Screenshot_20260105-124607_FX-Pro.jpg 1575w\" sizes=\"(max-width: 1024px) 100vw, 1024px\" \/><\/figure>\n\n\n\n<h4 class=\"wp-block-heading\"><strong>B\u01b0\u1edbc 2 : Nh\u1eadp Mail<\/strong> \u0111\u00e3 \u0111\u0103ng k\u00fd<\/h4>\n\n\n\n<figure class=\"wp-block-image aligncenter size-large is-resized\"><img loading=\"lazy\" decoding=\"async\" width=\"1024\" height=\"670\" src=\"https:\/\/www.havteam.me\/wp-content\/uploads\/2026\/01\/Screenshot_20260105-125345_FX-Pro-1024x670.jpg\" alt=\"\" class=\"wp-image-4208\" style=\"aspect-ratio:1.5283078943702613;width:608px;height:auto\" srcset=\"https:\/\/havteam.me\/wp-content\/uploads\/2026\/01\/Screenshot_20260105-125345_FX-Pro-1024x670.jpg 1024w, https:\/\/havteam.me\/wp-content\/uploads\/2026\/01\/Screenshot_20260105-125345_FX-Pro-300x196.jpg 300w, https:\/\/havteam.me\/wp-content\/uploads\/2026\/01\/Screenshot_20260105-125345_FX-Pro-768x503.jpg 768w, https:\/\/havteam.me\/wp-content\/uploads\/2026\/01\/Screenshot_20260105-125345_FX-Pro-1536x1005.jpg 1536w, https:\/\/havteam.me\/wp-content\/uploads\/2026\/01\/Screenshot_20260105-125345_FX-Pro-2048x1340.jpg 2048w, https:\/\/havteam.me\/wp-content\/uploads\/2026\/01\/Screenshot_20260105-125345_FX-Pro-600x393.jpg 600w\" sizes=\"(max-width: 1024px) 100vw, 1024px\" \/><\/figure>\n\n\n\n<h4 class=\"wp-block-heading\"><strong>M\u1edf Mail l\u1ea5y m\u00e3 6 Code x\u00e1c nh\u1eadn nh\u1eadp v\u00e0o<\/strong> &gt; V\u00e0o Farm<\/h4>\n\n\n\n<h3 class=\"wp-block-heading has-text-align-center\"><strong>\u26a0\ufe0f<\/strong><mark style=\"background-color:rgba(0, 0, 0, 0);color:#fcb900\" class=\"has-inline-color\"><strong>L\u01b0u \u00fd<\/strong> !<\/mark><\/h3>\n\n\n\n<h3 class=\"wp-block-heading has-text-align-center\"><strong><mark style=\"background-color:rgba(0, 0, 0, 0);color:#ff6900\" class=\"has-inline-color\">Team kh\u00f4ng qu\u1ea3n l\u00fd Code x\u00e1c nh\u1eadn g\u1eedi v\u1ec1 Mail. M\u00e3 code n\u00e0y thu\u1ed9c quy\u1ec1n qu\u1ea3n l\u00fd c\u1ee7a Server Supercell<\/mark><\/strong><\/h3>\n\n\n\n<figure class=\"wp-block-embed is-type-video is-provider-youtube wp-block-embed-youtube wp-embed-aspect-4-3 wp-has-aspect-ratio\"><div class=\"wp-block-embed__wrapper\">\n<iframe title=\"Login Mail in FOX\" width=\"500\" height=\"375\" src=\"https:\/\/www.youtube.com\/embed\/mmwtgaJY0h8?feature=oembed\" frameborder=\"0\" allow=\"accelerometer; autoplay; clipboard-write; encrypted-media; gyroscope; picture-in-picture; web-share\" referrerpolicy=\"strict-origin-when-cross-origin\" allowfullscreen><\/iframe>\n<\/div><\/figure>\n","protected":false},"excerpt":{"rendered":"<p>B\u01b0\u1edbc 1 : V\u00e0o FOX &gt; Nh\u1ea5n &#8220;Start&#8221; \u0111\u1ec3 v\u00e0o Game B\u01b0\u1edbc 2 : Nh\u1eadp Mail \u0111\u00e3 \u0111\u0103ng k\u00fd M\u1edf [&hellip;]<\/p>\n","protected":false},"author":1,"featured_media":0,"parent":0,"menu_order":0,"comment_status":"closed","ping_status":"closed","template":"","meta":{"site-sidebar-layout":"default","site-content-layout":"","ast-site-content-layout":"default","site-content-style":"default","site-sidebar-style":"default","ast-global-header-display":"","ast-banner-title-visibility":"","ast-main-header-display":"","ast-hfb-above-header-display":"","ast-hfb-below-header-display":"","ast-hfb-mobile-header-display":"","site-post-title":"","ast-breadcrumbs-content":"","ast-featured-img":"","footer-sml-layout":"","ast-disable-related-posts":"","theme-transparent-header-meta":"","adv-header-id-meta":"","stick-header-meta":"","header-above-stick-meta":"","header-main-stick-meta":"","header-below-stick-meta":"","astra-migrate-meta-layouts":"default","ast-page-background-enabled":"default","ast-page-background-meta":{"desktop":{"background-color":"var(--ast-global-color-5)","background-image":"","background-repeat":"repeat","background-position":"center center","background-size":"auto","background-attachment":"scroll","background-type":"","background-media":"","overlay-type":"","overlay-color":"","overlay-opacity":"","overlay-gradient":""},"tablet":{"background-color":"","background-image":"","background-repeat":"repeat","background-position":"center center","background-size":"auto","background-attachment":"scroll","background-type":"","background-media":"","overlay-type":"","overlay-color":"","overlay-opacity":"","overlay-gradient":""},"mobile":{"background-color":"","background-image":"","background-repeat":"repeat","background-position":"center center","background-size":"auto","background-attachment":"scroll","background-type":"","background-media":"","overlay-type":"","overlay-color":"","overlay-opacity":"","overlay-gradient":""}},"ast-content-background-meta":{"desktop":{"background-color":"var(--ast-global-color-4)","background-image":"","background-repeat":"repeat","background-position":"center center","background-size":"auto","background-attachment":"scroll","background-type":"","background-media":"","overlay-type":"","overlay-color":"","overlay-opacity":"","overlay-gradient":""},"tablet":{"background-color":"var(--ast-global-color-4)","background-image":"","background-repeat":"repeat","background-position":"center center","background-size":"auto","background-attachment":"scroll","background-type":"","background-media":"","overlay-type":"","overlay-color":"","overlay-opacity":"","overlay-gradient":""},"mobile":{"background-color":"var(--ast-global-color-4)","background-image":"","background-repeat":"repeat","background-position":"center center","background-size":"auto","background-attachment":"scroll","background-type":"","background-media":"","overlay-type":"","overlay-color":"","overlay-opacity":"","overlay-gradient":""}},"footnotes":""},"class_list":["post-4195","page","type-page","status-publish","hentry"],"_links":{"self":[{"href":"https:\/\/www.havteam.me\/index.php?rest_route=\/wp\/v2\/pages\/4195","targetHints":{"allow":["GET"]}}],"collection":[{"href":"https:\/\/www.havteam.me\/index.php?rest_route=\/wp\/v2\/pages"}],"about":[{"href":"https:\/\/www.havteam.me\/index.php?rest_route=\/wp\/v2\/types\/page"}],"author":[{"embeddable":true,"href":"https:\/\/www.havteam.me\/index.php?rest_route=\/wp\/v2\/users\/1"}],"replies":[{"embeddable":true,"href":"https:\/\/www.havteam.me\/index.php?rest_route=%2Fwp%2Fv2%2Fcomments&post=4195"}],"version-history":[{"count":13,"href":"https:\/\/www.havteam.me\/index.php?rest_route=\/wp\/v2\/pages\/4195\/revisions"}],"predecessor-version":[{"id":5628,"href":"https:\/\/www.havteam.me\/index.php?rest_route=\/wp\/v2\/pages\/4195\/revisions\/5628"}],"wp:attachment":[{"href":"https:\/\/www.havteam.me\/index.php?rest_route=%2Fwp%2Fv2%2Fmedia&parent=4195"}],"curies":[{"name":"wp","href":"https:\/\/api.w.org\/{rel}","templated":true}]}}