{"id":4108,"date":"2025-12-26T07:55:20","date_gmt":"2025-12-26T07:55:20","guid":{"rendered":"https:\/\/havteam.me\/?page_id=4108"},"modified":"2026-02-23T10:56:46","modified_gmt":"2026-02-23T10:56:46","slug":"tien-ich-ban-phim-hav","status":"publish","type":"page","link":"https:\/\/www.havteam.me\/?page_id=4108","title":{"rendered":"Ti\u1ec7n \u00edch b\u00e0n ph\u00edm HAV"},"content":{"rendered":"\n<figure class=\"wp-block-image aligncenter size-large is-resized\"><img fetchpriority=\"high\" decoding=\"async\" width=\"1024\" height=\"418\" src=\"https:\/\/www.havteam.me\/wp-content\/uploads\/2025\/12\/Screenshot_20251226_150156_Samsung-Notes-1-1024x418.jpg\" alt=\"\" class=\"wp-image-4114\" style=\"aspect-ratio:2.4498149601884043;width:782px;height:auto\" srcset=\"https:\/\/havteam.me\/wp-content\/uploads\/2025\/12\/Screenshot_20251226_150156_Samsung-Notes-1-1024x418.jpg 1024w, https:\/\/havteam.me\/wp-content\/uploads\/2025\/12\/Screenshot_20251226_150156_Samsung-Notes-1-300x123.jpg 300w, https:\/\/havteam.me\/wp-content\/uploads\/2025\/12\/Screenshot_20251226_150156_Samsung-Notes-1-768x314.jpg 768w, https:\/\/havteam.me\/wp-content\/uploads\/2025\/12\/Screenshot_20251226_150156_Samsung-Notes-1-1536x627.jpg 1536w, https:\/\/havteam.me\/wp-content\/uploads\/2025\/12\/Screenshot_20251226_150156_Samsung-Notes-1-600x245.jpg 600w, https:\/\/havteam.me\/wp-content\/uploads\/2025\/12\/Screenshot_20251226_150156_Samsung-Notes-1.jpg 1920w\" sizes=\"(max-width: 1024px) 100vw, 1024px\" \/><figcaption class=\"wp-element-caption\">Chuy\u1ec5n \u0111\u1ed5i gi\u1eefa c\u00e1c ch\u1ebf d\u1ed9 b\u00e0n ph\u00edm HAV<\/figcaption><\/figure>\n\n\n\n<h4 class=\"wp-block-heading\"><strong><mark style=\"background-color:rgba(0, 0, 0, 0);color:#fcb900\" class=\"has-inline-color\">A . M\u1eb7c \u0111\u1ecbnh<\/mark><\/strong><br>C\u00f3 kh\u1ea3 n\u0103ng ghim nhi\u1ec1u v\u1eadt ph\u1ea9m b\u1eb1ng iCon \u0111\u1ec3 t\u00ecm ki\u1ebfm nhanh t\u1ea1i 2 kho<br>-C\u00f3 kh\u1ea3 n\u0103ng t\u00ecm ki\u1ebfm c\u00e1c v\u1eadt ph\u1ea9m b\u1eb1ng h\u00ecnh \u1ea3nh (Ph\u1ee5 thu\u1ed9c v\u00e0o ng\u00f4n ng\u1eef Anh &amp; Vi\u1ec7t)<br>-\u0110\u00e8 gi\u1eef iCon ph\u00edm (Ghim | B\u1ecf ghim) . Nh\u1ea5n 2 l\u1ea7n iCon ph\u00edm hi\u1ec7n l\u1ea1i b\u00e0n ph\u00edm<\/h4>\n\n\n\n<h4 class=\"wp-block-heading\"><strong><mark style=\"background-color:rgba(0, 0, 0, 0);color:#fcb900\" class=\"has-inline-color\">B . Ch\u1ebf \u0111\u1ed9 Ch\u1eef<\/mark><\/strong><br>Nh\u1ea5n | + | th\u00eam c\u00e1c t\u1eeb kh\u00f3a mu\u1ed1n t\u00ecm ki\u1ebfm (C\u00f3 th\u1ec3 \u0111i\u1ec1n s\u1ed1 LV)<br>-H\u1ed7 tr\u1ee3 \u0111a ng\u00f4n ng\u1eef<br>-\u0110\u00e8 gi\u1eef iCon ph\u00edm (Ghim | B\u1ecf ghim) . Nh\u1ea5n 2 l\u1ea7n iCon ph\u00edm hi\u1ec7n l\u1ea1i b\u00e0n ph\u00edm<br><\/h4>\n\n\n\n<figure class=\"wp-block-image aligncenter size-large is-resized\"><img decoding=\"async\" width=\"1024\" height=\"719\" src=\"https:\/\/www.havteam.me\/wp-content\/uploads\/2025\/12\/Screenshot_20251226_152503_Samsung-Notes-1024x719.jpg\" alt=\"\" class=\"wp-image-4120\" style=\"aspect-ratio:1.4242094969031838;width:651px;height:auto\" srcset=\"https:\/\/havteam.me\/wp-content\/uploads\/2025\/12\/Screenshot_20251226_152503_Samsung-Notes-1024x719.jpg 1024w, https:\/\/havteam.me\/wp-content\/uploads\/2025\/12\/Screenshot_20251226_152503_Samsung-Notes-300x211.jpg 300w, https:\/\/havteam.me\/wp-content\/uploads\/2025\/12\/Screenshot_20251226_152503_Samsung-Notes-768x540.jpg 768w, https:\/\/havteam.me\/wp-content\/uploads\/2025\/12\/Screenshot_20251226_152503_Samsung-Notes-1536x1079.jpg 1536w, https:\/\/havteam.me\/wp-content\/uploads\/2025\/12\/Screenshot_20251226_152503_Samsung-Notes-600x422.jpg 600w, https:\/\/havteam.me\/wp-content\/uploads\/2025\/12\/Screenshot_20251226_152503_Samsung-Notes.jpg 1920w\" sizes=\"(max-width: 1024px) 100vw, 1024px\" \/><\/figure>\n\n\n\n<p>V\u00ed d\u1ee5: (C\u00f3 th\u1ec3 copy v\u00e0o) <br>B\u01a1,B\u00e1nh,Cam,C\u00e1,C\u00e0,C\u01a1m,Chanh,Ch\u00e1o,Chi\u00ean,Cupcake,Donut,D\u1ee9a,\u0110\u1eadu,\u0110\u01b0\u1eddng,H\u00e0nh,H\u1ea7m,H\u01b0\u01a1ng,Hoa,Kem,K\u1eb9o,K\u1eb9p,Khoai t\u00e2y,L\u1ea9u,L\u00f4ng,M\u00e2m x\u00f4i,M\u00ec,M\u1ef3,M\u1ee9t,M\u0169,N\u1ebfn,Ng\u00f4,N\u01b0\u1edbc \u00e9p,Ong,\u1edat,Ph\u00f4 mai,Pizza,Rau,Salad,S\u00f4 c\u00f4 la,Sinh t\u1ed1,Sushi,S\u00fap,S\u1eefa,Taco,T\u00f4m,Tinh d\u1ea7u,Th\u1ecbt,Tr\u00e1i c\u00e2y,Tr\u00e0,Tr\u1ee9ng,X\u00e0 ph\u00f2ng,X\u1ed1t<\/p>\n\n\n\n<h4 class=\"wp-block-heading\">C\u00f3 th\u1ec3 t\u1ea1o b\u00e0n ph\u00edm t\u1eeb kh\u00f3a v\u1edbi c\u00e1c Ng\u00f4n ng\u1eef kh\u00e1c \ud83d\udc49 <a href=\"https:\/\/www.youtube.com\/watch?v=qCV2DebFnVI\" target=\"_blank\" rel=\"noopener\">Xem clip demo<\/a><\/h4>\n\n\n\n<h4 class=\"wp-block-heading\"><strong><mark style=\"background-color:rgba(0, 0, 0, 0);color:#fcb900\" class=\"has-inline-color\">C . Ch\u1ebf \u0111\u1ed9 M\u00e0u <\/mark><\/strong><br>-C\u00f3 kh\u1ea3 n\u0103ng t\u00ecm ki\u1ebfm c\u00e1c v\u1eadt ph\u1ea9m b\u1eb1ng m\u00e3 m\u00e0u quy \u0111\u1ecbnh<br><mark style=\"background-color:rgba(0, 0, 0, 0);color:#ff6900\" class=\"has-inline-color\">*Ch\u1ec9 t\u00ecm ki\u1ebfm Th\u1ef1c ph\u1ea9m<\/mark><br>-\u0110\u00e8 gi\u1eef iCon ph\u00edm (Ghim | B\u1ecf ghim) . Nh\u1ea5n 2 l\u1ea7n iCon ph\u00edm hi\u1ec7n l\u1ea1i b\u00e0n ph\u00edm<br><\/h4>\n\n\n\n<figure class=\"wp-block-image aligncenter size-large\"><img decoding=\"async\" width=\"1024\" height=\"320\" src=\"https:\/\/www.havteam.me\/wp-content\/uploads\/2025\/12\/Screenshot_20251226_153515_Samsung-Notes-1024x320.jpg\" alt=\"\" class=\"wp-image-4121\" srcset=\"https:\/\/havteam.me\/wp-content\/uploads\/2025\/12\/Screenshot_20251226_153515_Samsung-Notes-1024x320.jpg 1024w, https:\/\/havteam.me\/wp-content\/uploads\/2025\/12\/Screenshot_20251226_153515_Samsung-Notes-300x94.jpg 300w, https:\/\/havteam.me\/wp-content\/uploads\/2025\/12\/Screenshot_20251226_153515_Samsung-Notes-768x240.jpg 768w, https:\/\/havteam.me\/wp-content\/uploads\/2025\/12\/Screenshot_20251226_153515_Samsung-Notes-1536x480.jpg 1536w, https:\/\/havteam.me\/wp-content\/uploads\/2025\/12\/Screenshot_20251226_153515_Samsung-Notes-600x188.jpg 600w, https:\/\/havteam.me\/wp-content\/uploads\/2025\/12\/Screenshot_20251226_153515_Samsung-Notes.jpg 1920w\" sizes=\"(max-width: 1024px) 100vw, 1024px\" \/><\/figure>\n\n\n\n<figure class=\"wp-block-embed is-type-video is-provider-youtube wp-block-embed-youtube wp-embed-aspect-4-3 wp-has-aspect-ratio\"><div class=\"wp-block-embed__wrapper\">\n<iframe title=\"HAV Keyboard\" width=\"500\" height=\"375\" src=\"https:\/\/www.youtube.com\/embed\/twQ6rBTLEc4?feature=oembed\" frameborder=\"0\" allow=\"accelerometer; autoplay; clipboard-write; encrypted-media; gyroscope; picture-in-picture; web-share\" referrerpolicy=\"strict-origin-when-cross-origin\" allowfullscreen><\/iframe>\n<\/div><figcaption class=\"wp-element-caption\">Demo<\/figcaption><\/figure>\n","protected":false},"excerpt":{"rendered":"<p>A . M\u1eb7c \u0111\u1ecbnhC\u00f3 kh\u1ea3 n\u0103ng ghim nhi\u1ec1u v\u1eadt ph\u1ea9m b\u1eb1ng iCon \u0111\u1ec3 t\u00ecm ki\u1ebfm nhanh t\u1ea1i 2 kho-C\u00f3 kh\u1ea3 [&hellip;]<\/p>\n","protected":false},"author":1,"featured_media":0,"parent":0,"menu_order":0,"comment_status":"closed","ping_status":"closed","template":"","meta":{"site-sidebar-layout":"default","site-content-layout":"","ast-site-content-layout":"default","site-content-style":"default","site-sidebar-style":"default","ast-global-header-display":"","ast-banner-title-visibility":"","ast-main-header-display":"","ast-hfb-above-header-display":"","ast-hfb-below-header-display":"","ast-hfb-mobile-header-display":"","site-post-title":"","ast-breadcrumbs-content":"","ast-featured-img":"","footer-sml-layout":"","ast-disable-related-posts":"","theme-transparent-header-meta":"","adv-header-id-meta":"","stick-header-meta":"","header-above-stick-meta":"","header-main-stick-meta":"","header-below-stick-meta":"","astra-migrate-meta-layouts":"default","ast-page-background-enabled":"default","ast-page-background-meta":{"desktop":{"background-color":"var(--ast-global-color-5)","background-image":"","background-repeat":"repeat","background-position":"center center","background-size":"auto","background-attachment":"scroll","background-type":"","background-media":"","overlay-type":"","overlay-color":"","overlay-opacity":"","overlay-gradient":""},"tablet":{"background-color":"","background-image":"","background-repeat":"repeat","background-position":"center center","background-size":"auto","background-attachment":"scroll","background-type":"","background-media":"","overlay-type":"","overlay-color":"","overlay-opacity":"","overlay-gradient":""},"mobile":{"background-color":"","background-image":"","background-repeat":"repeat","background-position":"center center","background-size":"auto","background-attachment":"scroll","background-type":"","background-media":"","overlay-type":"","overlay-color":"","overlay-opacity":"","overlay-gradient":""}},"ast-content-background-meta":{"desktop":{"background-color":"var(--ast-global-color-4)","background-image":"","background-repeat":"repeat","background-position":"center center","background-size":"auto","background-attachment":"scroll","background-type":"","background-media":"","overlay-type":"","overlay-color":"","overlay-opacity":"","overlay-gradient":""},"tablet":{"background-color":"var(--ast-global-color-4)","background-image":"","background-repeat":"repeat","background-position":"center center","background-size":"auto","background-attachment":"scroll","background-type":"","background-media":"","overlay-type":"","overlay-color":"","overlay-opacity":"","overlay-gradient":""},"mobile":{"background-color":"var(--ast-global-color-4)","background-image":"","background-repeat":"repeat","background-position":"center center","background-size":"auto","background-attachment":"scroll","background-type":"","background-media":"","overlay-type":"","overlay-color":"","overlay-opacity":"","overlay-gradient":""}},"footnotes":""},"class_list":["post-4108","page","type-page","status-publish","hentry"],"_links":{"self":[{"href":"https:\/\/www.havteam.me\/index.php?rest_route=\/wp\/v2\/pages\/4108","targetHints":{"allow":["GET"]}}],"collection":[{"href":"https:\/\/www.havteam.me\/index.php?rest_route=\/wp\/v2\/pages"}],"about":[{"href":"https:\/\/www.havteam.me\/index.php?rest_route=\/wp\/v2\/types\/page"}],"author":[{"embeddable":true,"href":"https:\/\/www.havteam.me\/index.php?rest_route=\/wp\/v2\/users\/1"}],"replies":[{"embeddable":true,"href":"https:\/\/www.havteam.me\/index.php?rest_route=%2Fwp%2Fv2%2Fcomments&post=4108"}],"version-history":[{"count":10,"href":"https:\/\/www.havteam.me\/index.php?rest_route=\/wp\/v2\/pages\/4108\/revisions"}],"predecessor-version":[{"id":4899,"href":"https:\/\/www.havteam.me\/index.php?rest_route=\/wp\/v2\/pages\/4108\/revisions\/4899"}],"wp:attachment":[{"href":"https:\/\/www.havteam.me\/index.php?rest_route=%2Fwp%2Fv2%2Fmedia&parent=4108"}],"curies":[{"name":"wp","href":"https:\/\/api.w.org\/{rel}","templated":true}]}}