{"id":4104,"date":"2025-12-24T02:35:44","date_gmt":"2025-12-24T02:35:44","guid":{"rendered":"https:\/\/havteam.me\/?page_id=4104"},"modified":"2026-02-19T07:31:30","modified_gmt":"2026-02-19T07:31:30","slug":"ban-phim-hav","status":"publish","type":"page","link":"https:\/\/www.havteam.me\/?page_id=4104","title":{"rendered":"B\u00e0n ph\u00edm HAV"},"content":{"rendered":"\n<figure class=\"wp-block-image aligncenter size-large\"><img fetchpriority=\"high\" decoding=\"async\" width=\"1024\" height=\"367\" src=\"https:\/\/www.havteam.me\/wp-content\/uploads\/2025\/03\/z6451447939003_ded197ed0ea53a07ef381566dc3754b4-1024x367.jpg\" alt=\"\" class=\"wp-image-667\" srcset=\"https:\/\/havteam.me\/wp-content\/uploads\/2025\/03\/z6451447939003_ded197ed0ea53a07ef381566dc3754b4-1024x367.jpg 1024w, https:\/\/havteam.me\/wp-content\/uploads\/2025\/03\/z6451447939003_ded197ed0ea53a07ef381566dc3754b4-600x215.jpg 600w, https:\/\/havteam.me\/wp-content\/uploads\/2025\/03\/z6451447939003_ded197ed0ea53a07ef381566dc3754b4-64x23.jpg 64w, https:\/\/havteam.me\/wp-content\/uploads\/2025\/03\/z6451447939003_ded197ed0ea53a07ef381566dc3754b4-300x108.jpg 300w, https:\/\/havteam.me\/wp-content\/uploads\/2025\/03\/z6451447939003_ded197ed0ea53a07ef381566dc3754b4-768x275.jpg 768w, https:\/\/havteam.me\/wp-content\/uploads\/2025\/03\/z6451447939003_ded197ed0ea53a07ef381566dc3754b4-1536x551.jpg 1536w, https:\/\/havteam.me\/wp-content\/uploads\/2025\/03\/z6451447939003_ded197ed0ea53a07ef381566dc3754b4.jpg 1768w\" sizes=\"(max-width: 1024px) 100vw, 1024px\" \/><\/figure>\n\n\n\n<p><strong>C\u00e0i \u0111\u1eb7t<\/strong><br>1. V\u00e0o FOX Pro<br>2. <strong><mark style=\"background-color:rgba(0, 0, 0, 0)\" class=\"has-inline-color has-ast-global-color-2-color\">Nh\u1eadp key t\u1ea1i<\/mark><mark style=\"background-color:rgba(0, 0, 0, 0);color:#fcb900\" class=\"has-inline-color\"> Tab B\u00e0n ph\u00edm &gt; K\u00edch ho\u1ea1ch xong &gt; C\u00e0i \u0111\u1eb7t &#8230;<\/mark><\/strong><br><\/p>\n\n\n\n<figure class=\"wp-block-embed is-type-video is-provider-youtube wp-block-embed-youtube wp-embed-aspect-4-3 wp-has-aspect-ratio\"><div class=\"wp-block-embed__wrapper\">\n<iframe title=\"Active &amp; Settings HAV keyboard\" width=\"500\" height=\"375\" src=\"https:\/\/www.youtube.com\/embed\/CS7w6aaLv8U?feature=oembed\" frameborder=\"0\" allow=\"accelerometer; autoplay; clipboard-write; encrypted-media; gyroscope; picture-in-picture; web-share\" referrerpolicy=\"strict-origin-when-cross-origin\" allowfullscreen><\/iframe>\n<\/div><\/figure>\n","protected":false},"excerpt":{"rendered":"<p>C\u00e0i \u0111\u1eb7t1. V\u00e0o FOX Pro2. Nh\u1eadp key t\u1ea1i Tab B\u00e0n ph\u00edm &gt; K\u00edch ho\u1ea1ch xong &gt; C\u00e0i \u0111\u1eb7t &#8230;<\/p>\n","protected":false},"author":1,"featured_media":0,"parent":0,"menu_order":0,"comment_status":"closed","ping_status":"closed","template":"","meta":{"site-sidebar-layout":"default","site-content-layout":"","ast-site-content-layout":"default","site-content-style":"default","site-sidebar-style":"default","ast-global-header-display":"","ast-banner-title-visibility":"","ast-main-header-display":"","ast-hfb-above-header-display":"","ast-hfb-below-header-display":"","ast-hfb-mobile-header-display":"","site-post-title":"","ast-breadcrumbs-content":"","ast-featured-img":"","footer-sml-layout":"","ast-disable-related-posts":"","theme-transparent-header-meta":"","adv-header-id-meta":"","stick-header-meta":"","header-above-stick-meta":"","header-main-stick-meta":"","header-below-stick-meta":"","astra-migrate-meta-layouts":"default","ast-page-background-enabled":"default","ast-page-background-meta":{"desktop":{"background-color":"var(--ast-global-color-5)","background-image":"","background-repeat":"repeat","background-position":"center center","background-size":"auto","background-attachment":"scroll","background-type":"","background-media":"","overlay-type":"","overlay-color":"","overlay-opacity":"","overlay-gradient":""},"tablet":{"background-color":"","background-image":"","background-repeat":"repeat","background-position":"center center","background-size":"auto","background-attachment":"scroll","background-type":"","background-media":"","overlay-type":"","overlay-color":"","overlay-opacity":"","overlay-gradient":""},"mobile":{"background-color":"","background-image":"","background-repeat":"repeat","background-position":"center center","background-size":"auto","background-attachment":"scroll","background-type":"","background-media":"","overlay-type":"","overlay-color":"","overlay-opacity":"","overlay-gradient":""}},"ast-content-background-meta":{"desktop":{"background-color":"var(--ast-global-color-4)","background-image":"","background-repeat":"repeat","background-position":"center center","background-size":"auto","background-attachment":"scroll","background-type":"","background-media":"","overlay-type":"","overlay-color":"","overlay-opacity":"","overlay-gradient":""},"tablet":{"background-color":"var(--ast-global-color-4)","background-image":"","background-repeat":"repeat","background-position":"center center","background-size":"auto","background-attachment":"scroll","background-type":"","background-media":"","overlay-type":"","overlay-color":"","overlay-opacity":"","overlay-gradient":""},"mobile":{"background-color":"var(--ast-global-color-4)","background-image":"","background-repeat":"repeat","background-position":"center center","background-size":"auto","background-attachment":"scroll","background-type":"","background-media":"","overlay-type":"","overlay-color":"","overlay-opacity":"","overlay-gradient":""}},"footnotes":""},"class_list":["post-4104","page","type-page","status-publish","hentry"],"_links":{"self":[{"href":"https:\/\/www.havteam.me\/index.php?rest_route=\/wp\/v2\/pages\/4104","targetHints":{"allow":["GET"]}}],"collection":[{"href":"https:\/\/www.havteam.me\/index.php?rest_route=\/wp\/v2\/pages"}],"about":[{"href":"https:\/\/www.havteam.me\/index.php?rest_route=\/wp\/v2\/types\/page"}],"author":[{"embeddable":true,"href":"https:\/\/www.havteam.me\/index.php?rest_route=\/wp\/v2\/users\/1"}],"replies":[{"embeddable":true,"href":"https:\/\/www.havteam.me\/index.php?rest_route=%2Fwp%2Fv2%2Fcomments&post=4104"}],"version-history":[{"count":2,"href":"https:\/\/www.havteam.me\/index.php?rest_route=\/wp\/v2\/pages\/4104\/revisions"}],"predecessor-version":[{"id":4848,"href":"https:\/\/www.havteam.me\/index.php?rest_route=\/wp\/v2\/pages\/4104\/revisions\/4848"}],"wp:attachment":[{"href":"https:\/\/www.havteam.me\/index.php?rest_route=%2Fwp%2Fv2%2Fmedia&parent=4104"}],"curies":[{"name":"wp","href":"https:\/\/api.w.org\/{rel}","templated":true}]}}