{"id":4097,"date":"2025-12-24T02:19:36","date_gmt":"2025-12-24T02:19:36","guid":{"rendered":"https:\/\/havteam.me\/?page_id=4097"},"modified":"2025-12-26T08:59:53","modified_gmt":"2025-12-26T08:59:53","slug":"kich-hoat-ban-phim-hav-free","status":"publish","type":"page","link":"https:\/\/www.havteam.me\/?page_id=4097","title":{"rendered":"K\u00edch ho\u1ea1t b\u00e0n ph\u00edm HAV (Free)"},"content":{"rendered":"\n<h4 class=\"wp-block-heading\">Khi b\u1ea1n mua Key Svip b\u1ea1n c\u00f3 th\u1ec3 k\u00edch ho\u1ea1t s\u1eed d\u1ee5ng b\u00e0n ph\u00edm HAV c\u01a1 b\u1ea3n<br>T\u00ecm nhanh c\u00e1c v\u1eadt ph\u1ea9m trong Game kh\u00f4ng c\u1ea7n \u0111\u00e1nh ch\u1eef \u0111\u1ec3 t\u00ecm ki\u1ebfm<br><\/h4>\n\n\n\n<h4 class=\"wp-block-heading\">Samsung<br>C\u00e0i \u0111\u1eb7t &gt; Qu\u1ea3n l\u00fd chung &gt; Danh s\u00e1ch v\u00e0 m\u1eb7c \u0111\u1ecbnh b\u00e0n ph\u00edm &gt; FOX Pro (On) K\u00edch ho\u1ea1t<\/h4>\n\n\n\n<h4 class=\"wp-block-heading\">Oppo<br>C\u00e0i \u0111\u1eb7t &gt; C\u00e0i \u0111\u1eb7t b\u1ed5 sung &gt; B\u00e0n ph\u00edm v\u00e0 ph\u01b0\u01a1ng ph\u00e1p nh\u1eadp &gt; FOX Pro (On) K\u00edch ho\u1ea1t<\/h4>\n\n\n\n<p><mark style=\"background-color:rgba(0, 0, 0, 0);color:#ff6900\" class=\"has-inline-color\">*** T\u01b0\u01a1ng t\u1ef1 v\u00e0o c\u00e0i \u0111\u1eb7t tr\u00ean c\u00e1c d\u00f2ng \u0111i\u1ec7n tho\u1ea1i kh\u00e1c<\/mark><\/p>\n\n\n\n<p><\/p>\n","protected":false},"excerpt":{"rendered":"<p>Khi b\u1ea1n mua Key Svip b\u1ea1n c\u00f3 th\u1ec3 k\u00edch ho\u1ea1t s\u1eed d\u1ee5ng b\u00e0n ph\u00edm HAV c\u01a1 b\u1ea3nT\u00ecm nhanh c\u00e1c v\u1eadt [&hellip;]<\/p>\n","protected":false},"author":1,"featured_media":0,"parent":0,"menu_order":0,"comment_status":"closed","ping_status":"closed","template":"","meta":{"site-sidebar-layout":"default","site-content-layout":"","ast-site-content-layout":"default","site-content-style":"default","site-sidebar-style":"default","ast-global-header-display":"","ast-banner-title-visibility":"","ast-main-header-display":"","ast-hfb-above-header-display":"","ast-hfb-below-header-display":"","ast-hfb-mobile-header-display":"","site-post-title":"","ast-breadcrumbs-content":"","ast-featured-img":"","footer-sml-layout":"","ast-disable-related-posts":"","theme-transparent-header-meta":"","adv-header-id-meta":"","stick-header-meta":"","header-above-stick-meta":"","header-main-stick-meta":"","header-below-stick-meta":"","astra-migrate-meta-layouts":"default","ast-page-background-enabled":"default","ast-page-background-meta":{"desktop":{"background-color":"var(--ast-global-color-5)","background-image":"","background-repeat":"repeat","background-position":"center center","background-size":"auto","background-attachment":"scroll","background-type":"","background-media":"","overlay-type":"","overlay-color":"","overlay-opacity":"","overlay-gradient":""},"tablet":{"background-color":"","background-image":"","background-repeat":"repeat","background-position":"center center","background-size":"auto","background-attachment":"scroll","background-type":"","background-media":"","overlay-type":"","overlay-color":"","overlay-opacity":"","overlay-gradient":""},"mobile":{"background-color":"","background-image":"","background-repeat":"repeat","background-position":"center center","background-size":"auto","background-attachment":"scroll","background-type":"","background-media":"","overlay-type":"","overlay-color":"","overlay-opacity":"","overlay-gradient":""}},"ast-content-background-meta":{"desktop":{"background-color":"var(--ast-global-color-4)","background-image":"","background-repeat":"repeat","background-position":"center center","background-size":"auto","background-attachment":"scroll","background-type":"","background-media":"","overlay-type":"","overlay-color":"","overlay-opacity":"","overlay-gradient":""},"tablet":{"background-color":"var(--ast-global-color-4)","background-image":"","background-repeat":"repeat","background-position":"center center","background-size":"auto","background-attachment":"scroll","background-type":"","background-media":"","overlay-type":"","overlay-color":"","overlay-opacity":"","overlay-gradient":""},"mobile":{"background-color":"var(--ast-global-color-4)","background-image":"","background-repeat":"repeat","background-position":"center center","background-size":"auto","background-attachment":"scroll","background-type":"","background-media":"","overlay-type":"","overlay-color":"","overlay-opacity":"","overlay-gradient":""}},"footnotes":""},"class_list":["post-4097","page","type-page","status-publish","hentry"],"_links":{"self":[{"href":"https:\/\/www.havteam.me\/index.php?rest_route=\/wp\/v2\/pages\/4097","targetHints":{"allow":["GET"]}}],"collection":[{"href":"https:\/\/www.havteam.me\/index.php?rest_route=\/wp\/v2\/pages"}],"about":[{"href":"https:\/\/www.havteam.me\/index.php?rest_route=\/wp\/v2\/types\/page"}],"author":[{"embeddable":true,"href":"https:\/\/www.havteam.me\/index.php?rest_route=\/wp\/v2\/users\/1"}],"replies":[{"embeddable":true,"href":"https:\/\/www.havteam.me\/index.php?rest_route=%2Fwp%2Fv2%2Fcomments&post=4097"}],"version-history":[{"count":4,"href":"https:\/\/www.havteam.me\/index.php?rest_route=\/wp\/v2\/pages\/4097\/revisions"}],"predecessor-version":[{"id":4132,"href":"https:\/\/www.havteam.me\/index.php?rest_route=\/wp\/v2\/pages\/4097\/revisions\/4132"}],"wp:attachment":[{"href":"https:\/\/www.havteam.me\/index.php?rest_route=%2Fwp%2Fv2%2Fmedia&parent=4097"}],"curies":[{"name":"wp","href":"https:\/\/api.w.org\/{rel}","templated":true}]}}