{"id":4039,"date":"2025-12-16T05:02:18","date_gmt":"2025-12-16T05:02:18","guid":{"rendered":"https:\/\/havteam.me\/?page_id=4039"},"modified":"2026-02-06T04:03:01","modified_gmt":"2026-02-06T04:03:01","slug":"change-key","status":"publish","type":"page","link":"https:\/\/www.havteam.me\/?page_id=4039","title":{"rendered":"Change Key"},"content":{"rendered":"\n<figure class=\"wp-block-image aligncenter size-large\"><img fetchpriority=\"high\" decoding=\"async\" width=\"1024\" height=\"215\" src=\"https:\/\/www.havteam.me\/wp-content\/uploads\/2025\/09\/FOX-PRO-1024x215.png\" alt=\"\" class=\"wp-image-3342\" srcset=\"https:\/\/havteam.me\/wp-content\/uploads\/2025\/09\/FOX-PRO-1024x215.png 1024w, https:\/\/havteam.me\/wp-content\/uploads\/2025\/09\/FOX-PRO-600x126.png 600w, https:\/\/havteam.me\/wp-content\/uploads\/2025\/09\/FOX-PRO-64x13.png 64w, https:\/\/havteam.me\/wp-content\/uploads\/2025\/09\/FOX-PRO-300x63.png 300w, https:\/\/havteam.me\/wp-content\/uploads\/2025\/09\/FOX-PRO-768x161.png 768w, https:\/\/havteam.me\/wp-content\/uploads\/2025\/09\/FOX-PRO-1536x323.png 1536w, https:\/\/havteam.me\/wp-content\/uploads\/2025\/09\/FOX-PRO.png 2000w\" sizes=\"(max-width: 1024px) 100vw, 1024px\" \/><\/figure>\n\n\n\n<figure class=\"wp-block-image aligncenter size-large is-resized\"><img decoding=\"async\" width=\"685\" height=\"1024\" src=\"https:\/\/www.havteam.me\/wp-content\/uploads\/2025\/12\/Screenshot_20251216-114335_FX-Pro-685x1024.jpg\" alt=\"\" class=\"wp-image-4040\" style=\"aspect-ratio:0.6689504684591204;width:515px;height:auto\" srcset=\"https:\/\/havteam.me\/wp-content\/uploads\/2025\/12\/Screenshot_20251216-114335_FX-Pro-685x1024.jpg 685w, https:\/\/havteam.me\/wp-content\/uploads\/2025\/12\/Screenshot_20251216-114335_FX-Pro-201x300.jpg 201w, https:\/\/havteam.me\/wp-content\/uploads\/2025\/12\/Screenshot_20251216-114335_FX-Pro-768x1147.jpg 768w, https:\/\/havteam.me\/wp-content\/uploads\/2025\/12\/Screenshot_20251216-114335_FX-Pro-600x896.jpg 600w, https:\/\/havteam.me\/wp-content\/uploads\/2025\/12\/Screenshot_20251216-114335_FX-Pro.jpg 840w\" sizes=\"(max-width: 685px) 100vw, 685px\" \/><figcaption class=\"wp-element-caption\">Key ch\u1ec9 s\u1eed d\u1ee5ng tr\u00ean 1 thi\u1ebft b\u1ecb<\/figcaption><\/figure>\n\n\n\n<h4 class=\"wp-block-heading has-text-align-center\">Khi nh\u1eadp key qua \u0110i\u1ec7n Tho\u1ea1i m\u1edbi s\u1ebd hi\u1ec7n th\u00f4ng b\u00e1o l\u1ed7i tr\u00ean, v\u00ec 1 key ch\u1ec9 s\u1eed d\u1ee5ng tr\u00ean 1 \u0111i\u1ec7n tho\u1ea1i<br>L\u01b0u \u00fd : Reset \u0110i\u1ec7n tho\u1ea1i c\u0169ng s\u1ebd th\u00e0nh \u0111i\u1ec7n tho\u1ea1i m\u1edbi, n\u00ean tr\u01b0\u1edbc khi Reset ph\u1ea3i nh\u1ea5n &#8220;Change&#8221;<\/h4>\n\n\n\n<h3 class=\"wp-block-heading has-text-align-center\">Kh\u1eafc Ph\u1ee5c : <mark style=\"background-color:rgba(0, 0, 0, 0);color:#ff6900\" class=\"has-inline-color\"><strong>C\u00e1ch Chuy\u1ec3n Key sang thi\u1ebft b\u1ecb m\u1edbi<\/strong><\/mark><\/h3>\n\n\n\n<p><strong>C\u00e1ch 1 :<\/strong> (C\u00f3 thi\u1ebft b\u1ecb C\u0169)<br>&#8211; Tr\u00ean \u0111i\u1ec7n tho\u1ea1i c\u0169 v\u00e0o FOX Pro<br>&#8211; Nh\u1ea5n n\u00fat &#8220;<strong><mark style=\"background-color:rgba(0, 0, 0, 0);color:#ff6900\" class=\"has-inline-color\">Change<\/mark><\/strong>&#8221; t\u1ea1i menu<br>&#8211; Sau \u0111\u00f3 nh\u1eadp key \u0111\u00f3 sang \u0111i\u1ec7n tho\u1ea1i m\u1edbi<br>* S\u1eed d\u1ee5ng ngay sau khi nh\u1ea5n chuy\u1ec3n \u0111\u1ed5i v\u00e0 H\u1ea1n d\u00f9ng s\u1ebd tr\u1eeb <strong><mark style=\"background-color:rgba(0, 0, 0, 0);color:#ff6900\" class=\"has-inline-color\">1<\/mark><\/strong> ng\u00e0y s\u1eed d\u1ee5ng<\/p>\n\n\n\n<figure class=\"wp-block-image aligncenter size-large is-resized\"><img decoding=\"async\" width=\"1024\" height=\"264\" src=\"https:\/\/www.havteam.me\/wp-content\/uploads\/2025\/12\/UI-new-1024x264.jpg\" alt=\"\" class=\"wp-image-4065\" style=\"aspect-ratio:3.878958271678011;width:436px;height:auto\" srcset=\"https:\/\/havteam.me\/wp-content\/uploads\/2025\/12\/UI-new-1024x264.jpg 1024w, https:\/\/havteam.me\/wp-content\/uploads\/2025\/12\/UI-new-300x77.jpg 300w, https:\/\/havteam.me\/wp-content\/uploads\/2025\/12\/UI-new-768x198.jpg 768w, https:\/\/havteam.me\/wp-content\/uploads\/2025\/12\/UI-new-1536x396.jpg 1536w, https:\/\/havteam.me\/wp-content\/uploads\/2025\/12\/UI-new-2048x528.jpg 2048w, https:\/\/havteam.me\/wp-content\/uploads\/2025\/12\/UI-new-600x155.jpg 600w\" sizes=\"(max-width: 1024px) 100vw, 1024px\" \/><\/figure>\n\n\n\n<p><strong>C\u00e1ch 2 :<\/strong> (Kh\u00f4ng c\u00f3 thi\u1ebft b\u1ecb c\u0169)<br>&#8211; Li\u00ean h\u1ec7 Admin n\u1ebfu b\u1ea1n kh\u00f4ng c\u00f3 Thi\u1ebft b\u1ecb c\u0169<br>&#8211; \u0110i\u1ec1u ki\u1ec7n b\u1ea1n ph\u1ea3i l\u00e0 ch\u1ee7 s\u1eed h\u1eefu Key c\u1ea7n thay \u0111\u1ed5i<br>* S\u1eed d\u1ee5ng ngay sau khi Admin chuy\u1ec3n \u0111\u1ed5i v\u00e0 H\u1ea1n d\u00f9ng s\u1ebd tr\u1eeb <strong><mark style=\"background-color:rgba(0, 0, 0, 0);color:#ff6900\" class=\"has-inline-color\">2<\/mark><\/strong> ng\u00e0y s\u1eed d\u1ee5ng<\/p>\n\n\n\n<h4 class=\"wp-block-heading has-text-align-center\">\ud83d\udcacLi\u00ean h\u1ec7 Admin<\/h4>\n\n\n\n<div class=\"wp-block-columns is-not-stacked-on-mobile is-layout-flex wp-container-core-columns-is-layout-a5331a9e wp-block-columns-is-layout-flex\" style=\"padding-top:0;padding-right:0;padding-bottom:0;padding-left:0\">\n<div class=\"wp-block-column is-layout-flow wp-block-column-is-layout-flow\">\n<figure class=\"wp-block-image aligncenter size-full is-resized\"><a href=\"https:\/\/m.me\/Fox.HAV\" target=\"_blank\" rel=\" noreferrer noopener\"><img loading=\"lazy\" decoding=\"async\" width=\"378\" height=\"344\" src=\"https:\/\/www.havteam.me\/wp-content\/uploads\/2025\/04\/1.png\" alt=\"\" class=\"wp-image-1349\" style=\"width:auto;height:60px\" srcset=\"https:\/\/havteam.me\/wp-content\/uploads\/2025\/04\/1.png 378w, https:\/\/havteam.me\/wp-content\/uploads\/2025\/04\/1-64x58.png 64w, https:\/\/havteam.me\/wp-content\/uploads\/2025\/04\/1-300x273.png 300w\" sizes=\"(max-width: 378px) 100vw, 378px\" \/><\/a><\/figure>\n<\/div>\n\n\n\n<div class=\"wp-block-column is-layout-flow wp-block-column-is-layout-flow\">\n<figure class=\"wp-block-image aligncenter size-full is-resized\"><a href=\"https:\/\/t.me\/HAV710\" target=\"_blank\" rel=\" noreferrer noopener\"><img loading=\"lazy\" decoding=\"async\" width=\"378\" height=\"344\" src=\"https:\/\/www.havteam.me\/wp-content\/uploads\/2025\/04\/2.png\" alt=\"\" class=\"wp-image-1350\" style=\"width:auto;height:60px\" srcset=\"https:\/\/havteam.me\/wp-content\/uploads\/2025\/04\/2.png 378w, https:\/\/havteam.me\/wp-content\/uploads\/2025\/04\/2-64x58.png 64w, https:\/\/havteam.me\/wp-content\/uploads\/2025\/04\/2-300x273.png 300w\" sizes=\"(max-width: 378px) 100vw, 378px\" \/><\/a><\/figure>\n<\/div>\n\n\n\n<div class=\"wp-block-column is-layout-flow wp-block-column-is-layout-flow\">\n<figure class=\"wp-block-image aligncenter size-full is-resized\"><a href=\"https:\/\/zalo.me\/0977889669\" target=\"_blank\" rel=\" noreferrer noopener\"><img loading=\"lazy\" decoding=\"async\" width=\"378\" height=\"344\" src=\"https:\/\/www.havteam.me\/wp-content\/uploads\/2025\/04\/3.png\" alt=\"\" class=\"wp-image-1351\" style=\"width:auto;height:60px\" srcset=\"https:\/\/havteam.me\/wp-content\/uploads\/2025\/04\/3.png 378w, https:\/\/havteam.me\/wp-content\/uploads\/2025\/04\/3-64x58.png 64w, https:\/\/havteam.me\/wp-content\/uploads\/2025\/04\/3-300x273.png 300w\" sizes=\"(max-width: 378px) 100vw, 378px\" \/><\/a><\/figure>\n<\/div>\n<\/div>\n\n\n\n<p><\/p>\n\n\n\n<h5 class=\"wp-block-heading has-text-align-center\"><strong><mark style=\"background-color:rgba(0, 0, 0, 0);color:#ff6900\" class=\"has-inline-color\">M\u00e3 key ch\u1ec9 l\u00e0 m\u1eadt kh\u1ea9u m\u1edf \u1ee9ng d\u1ee5ng FOX. Khi chuy\u1ec3n Key qua \u0111i\u1ec7n tho\u1ea1i m\u1edbi d\u1eef li\u1ec7u Farm kh\u00f4ng t\u1ef1 di chuy\u1ec3n qua \u0111i\u1ec7n tho\u1ea1i m\u1edbi. V\u00ec d\u1eef li\u1ec7u Farm n\u1eb1m trong b\u1ed9 nh\u1edb l\u01b0u tr\u1eef tr\u00ean \u0111i\u1ec7n tho\u1ea1i<\/mark><\/strong><\/h5>\n\n\n\n<div class=\"wp-block-columns is-not-stacked-on-mobile is-layout-flex wp-container-core-columns-is-layout-76136483 wp-block-columns-is-layout-flex\" style=\"margin-top:0;margin-bottom:0;padding-top:0;padding-right:0;padding-bottom:0;padding-left:0\">\n<div class=\"wp-block-column is-layout-flow wp-block-column-is-layout-flow\" style=\"flex-basis:66.66%\">\n<h5 class=\"wp-block-heading\"><strong>1. Di chuy\u1ec3n, Chia s\u1ebb Farm<\/strong> <strong>SC iD<\/strong><\/h5>\n<\/div>\n\n\n\n<div class=\"wp-block-column is-layout-flow wp-block-column-is-layout-flow\" style=\"flex-basis:33.33%\">\n<p><a href=\"https:\/\/www.havteam.me\/?page_id=3566\" target=\"_blank\" rel=\"noopener\">Xem th\u00eam &gt;<\/a><\/p>\n<\/div>\n<\/div>\n\n\n\n<div class=\"wp-block-columns is-not-stacked-on-mobile is-layout-flex wp-container-core-columns-is-layout-76136483 wp-block-columns-is-layout-flex\" style=\"margin-top:0;margin-bottom:0;padding-top:0;padding-right:0;padding-bottom:0;padding-left:0\">\n<div class=\"wp-block-column is-layout-flow wp-block-column-is-layout-flow\" style=\"flex-basis:66.66%\">\n<h5 class=\"wp-block-heading\">2. <strong>Di chuy\u1ec3n, Chia s\u1ebb Farm Token<\/strong><\/h5>\n<\/div>\n\n\n\n<div class=\"wp-block-column is-layout-flow wp-block-column-is-layout-flow\" style=\"flex-basis:33.33%\">\n<p><a href=\"https:\/\/www.havteam.me\/?page_id=3515\" target=\"_blank\" rel=\"noopener\">Xem th\u00eam &gt;<\/a><\/p>\n<\/div>\n<\/div>\n","protected":false},"excerpt":{"rendered":"<p>Khi nh\u1eadp key qua \u0110i\u1ec7n Tho\u1ea1i m\u1edbi s\u1ebd hi\u1ec7n th\u00f4ng b\u00e1o l\u1ed7i tr\u00ean, v\u00ec 1 key ch\u1ec9 s\u1eed d\u1ee5ng tr\u00ean [&hellip;]<\/p>\n","protected":false},"author":1,"featured_media":0,"parent":0,"menu_order":0,"comment_status":"closed","ping_status":"closed","template":"","meta":{"site-sidebar-layout":"default","site-content-layout":"","ast-site-content-layout":"default","site-content-style":"default","site-sidebar-style":"default","ast-global-header-display":"","ast-banner-title-visibility":"","ast-main-header-display":"","ast-hfb-above-header-display":"","ast-hfb-below-header-display":"","ast-hfb-mobile-header-display":"","site-post-title":"disabled","ast-breadcrumbs-content":"","ast-featured-img":"","footer-sml-layout":"","ast-disable-related-posts":"","theme-transparent-header-meta":"","adv-header-id-meta":"","stick-header-meta":"","header-above-stick-meta":"","header-main-stick-meta":"","header-below-stick-meta":"","astra-migrate-meta-layouts":"default","ast-page-background-enabled":"default","ast-page-background-meta":{"desktop":{"background-color":"var(--ast-global-color-5)","background-image":"","background-repeat":"repeat","background-position":"center center","background-size":"auto","background-attachment":"scroll","background-type":"","background-media":"","overlay-type":"","overlay-color":"","overlay-opacity":"","overlay-gradient":""},"tablet":{"background-color":"","background-image":"","background-repeat":"repeat","background-position":"center center","background-size":"auto","background-attachment":"scroll","background-type":"","background-media":"","overlay-type":"","overlay-color":"","overlay-opacity":"","overlay-gradient":""},"mobile":{"background-color":"","background-image":"","background-repeat":"repeat","background-position":"center center","background-size":"auto","background-attachment":"scroll","background-type":"","background-media":"","overlay-type":"","overlay-color":"","overlay-opacity":"","overlay-gradient":""}},"ast-content-background-meta":{"desktop":{"background-color":"var(--ast-global-color-4)","background-image":"","background-repeat":"repeat","background-position":"center center","background-size":"auto","background-attachment":"scroll","background-type":"","background-media":"","overlay-type":"","overlay-color":"","overlay-opacity":"","overlay-gradient":""},"tablet":{"background-color":"var(--ast-global-color-4)","background-image":"","background-repeat":"repeat","background-position":"center center","background-size":"auto","background-attachment":"scroll","background-type":"","background-media":"","overlay-type":"","overlay-color":"","overlay-opacity":"","overlay-gradient":""},"mobile":{"background-color":"var(--ast-global-color-4)","background-image":"","background-repeat":"repeat","background-position":"center center","background-size":"auto","background-attachment":"scroll","background-type":"","background-media":"","overlay-type":"","overlay-color":"","overlay-opacity":"","overlay-gradient":""}},"footnotes":""},"class_list":["post-4039","page","type-page","status-publish","hentry"],"_links":{"self":[{"href":"https:\/\/www.havteam.me\/index.php?rest_route=\/wp\/v2\/pages\/4039","targetHints":{"allow":["GET"]}}],"collection":[{"href":"https:\/\/www.havteam.me\/index.php?rest_route=\/wp\/v2\/pages"}],"about":[{"href":"https:\/\/www.havteam.me\/index.php?rest_route=\/wp\/v2\/types\/page"}],"author":[{"embeddable":true,"href":"https:\/\/www.havteam.me\/index.php?rest_route=\/wp\/v2\/users\/1"}],"replies":[{"embeddable":true,"href":"https:\/\/www.havteam.me\/index.php?rest_route=%2Fwp%2Fv2%2Fcomments&post=4039"}],"version-history":[{"count":17,"href":"https:\/\/www.havteam.me\/index.php?rest_route=\/wp\/v2\/pages\/4039\/revisions"}],"predecessor-version":[{"id":4801,"href":"https:\/\/www.havteam.me\/index.php?rest_route=\/wp\/v2\/pages\/4039\/revisions\/4801"}],"wp:attachment":[{"href":"https:\/\/www.havteam.me\/index.php?rest_route=%2Fwp%2Fv2%2Fmedia&parent=4039"}],"curies":[{"name":"wp","href":"https:\/\/api.w.org\/{rel}","templated":true}]}}