{"id":3942,"date":"2025-11-23T06:38:42","date_gmt":"2025-11-23T06:38:42","guid":{"rendered":"https:\/\/havteam.me\/?page_id=3942"},"modified":"2026-04-09T16:06:58","modified_gmt":"2026-04-09T16:06:58","slug":"tat-google-play-protect-truoc-khi-cai-dat-mod","status":"publish","type":"page","link":"https:\/\/www.havteam.me\/?page_id=3942","title":{"rendered":"H\u01b0\u1edbng d\u1eabn t\u1ea3i"},"content":{"rendered":"\n<div class=\"wp-block-buttons is-content-justification-left is-nowrap is-layout-flex wp-container-core-buttons-is-layout-92e17da2 wp-block-buttons-is-layout-flex\">\n<div class=\"wp-block-button is-style-fill\"><a class=\"wp-block-button__link wp-element-button\"> 1<\/a><\/div>\n\n\n\n<div class=\"wp-block-button is-style-outline is-style-outline--1\"><a class=\"wp-block-button__link wp-element-button\" href=\"https:\/\/www.havteam.me\/?page_id=3950\" target=\"_blank\" rel=\"noopener\"> 2 <\/a><\/div>\n\n\n\n<div class=\"wp-block-button is-style-outline is-style-outline--2\"><a class=\"wp-block-button__link wp-element-button\" href=\"https:\/\/www.havteam.me\/?page_id=5642\" target=\"_blank\" rel=\"noopener\">3<\/a><\/div>\n<\/div>\n\n\n\n<h5 class=\"wp-block-heading has-text-align-left\">B\u01b0\u1edbc 1 : T\u1eaft &#8220;<strong><mark style=\"background-color:rgba(0, 0, 0, 0);color:#ff6900\" class=\"has-inline-color\">Google Play Protect<\/mark><\/strong>&#8221;  <br><br>\u27a4 V\u00e0o  CH Play (tr\u00ean \u0111i\u1ec7n tho\u1ea1i) \u27a4 \u0111\u1ebfn T\u00e0i kho\u1ea3n \u27a4 ch\u1ecdn  <mark style=\"background-color:rgba(0, 0, 0, 0);color:#ff6900\" class=\"has-inline-color\">Play Protect<\/mark>  \u27a4 nh\u1ea5n \u2699\ufe0f C\u00e0i \u0111\u1eb7t \u27a4 T\u1eaft \ud83d\udcf4 &#8220;Qu\u00e9t \u1ee9ng d\u1ee5ng&#8230;. &#8221; \u27a4 Xong.<br><strong>L\u00e0m ti\u1ebfp<\/strong> \u27a4 <a href=\"https:\/\/www.havteam.me\/?page_id=3950\" target=\"_blank\" rel=\"noopener\">B\u01b0\u1edbc 2 : C\u00e0i \u0111\u1eb7t<\/a><\/h5>\n\n\n\n<p><\/p>\n\n\n\n<figure class=\"wp-block-embed aligncenter is-type-video is-provider-youtube wp-block-embed-youtube wp-embed-aspect-16-9 wp-has-aspect-ratio\"><div class=\"wp-block-embed__wrapper\">\n<iframe title=\"OFF &quot;Google Play Protect&quot;\" width=\"422\" height=\"750\" src=\"https:\/\/www.youtube.com\/embed\/cabjxUdi8qY?feature=oembed\" frameborder=\"0\" allow=\"accelerometer; autoplay; clipboard-write; encrypted-media; gyroscope; picture-in-picture; web-share\" referrerpolicy=\"strict-origin-when-cross-origin\" allowfullscreen><\/iframe>\n<\/div><figcaption class=\"wp-element-caption\">Xem clip H\u01b0\u1edbng d\u1eabn<\/figcaption><\/figure>\n\n\n\n<p><\/p>\n","protected":false},"excerpt":{"rendered":"<p>B\u01b0\u1edbc 1 : T\u1eaft &#8220;Google Play Protect&#8221; \u27a4 V\u00e0o CH Play (tr\u00ean \u0111i\u1ec7n tho\u1ea1i) \u27a4 \u0111\u1ebfn T\u00e0i kho\u1ea3n \u27a4 ch\u1ecdn [&hellip;]<\/p>\n","protected":false},"author":1,"featured_media":0,"parent":0,"menu_order":0,"comment_status":"closed","ping_status":"closed","template":"","meta":{"site-sidebar-layout":"default","site-content-layout":"","ast-site-content-layout":"default","site-content-style":"default","site-sidebar-style":"default","ast-global-header-display":"","ast-banner-title-visibility":"","ast-main-header-display":"","ast-hfb-above-header-display":"","ast-hfb-below-header-display":"","ast-hfb-mobile-header-display":"","site-post-title":"","ast-breadcrumbs-content":"","ast-featured-img":"","footer-sml-layout":"","ast-disable-related-posts":"","theme-transparent-header-meta":"","adv-header-id-meta":"","stick-header-meta":"","header-above-stick-meta":"","header-main-stick-meta":"","header-below-stick-meta":"","astra-migrate-meta-layouts":"default","ast-page-background-enabled":"default","ast-page-background-meta":{"desktop":{"background-color":"var(--ast-global-color-5)","background-image":"","background-repeat":"repeat","background-position":"center center","background-size":"auto","background-attachment":"scroll","background-type":"","background-media":"","overlay-type":"","overlay-color":"","overlay-opacity":"","overlay-gradient":""},"tablet":{"background-color":"","background-image":"","background-repeat":"repeat","background-position":"center center","background-size":"auto","background-attachment":"scroll","background-type":"","background-media":"","overlay-type":"","overlay-color":"","overlay-opacity":"","overlay-gradient":""},"mobile":{"background-color":"","background-image":"","background-repeat":"repeat","background-position":"center center","background-size":"auto","background-attachment":"scroll","background-type":"","background-media":"","overlay-type":"","overlay-color":"","overlay-opacity":"","overlay-gradient":""}},"ast-content-background-meta":{"desktop":{"background-color":"var(--ast-global-color-4)","background-image":"","background-repeat":"repeat","background-position":"center center","background-size":"auto","background-attachment":"scroll","background-type":"","background-media":"","overlay-type":"","overlay-color":"","overlay-opacity":"","overlay-gradient":""},"tablet":{"background-color":"var(--ast-global-color-4)","background-image":"","background-repeat":"repeat","background-position":"center center","background-size":"auto","background-attachment":"scroll","background-type":"","background-media":"","overlay-type":"","overlay-color":"","overlay-opacity":"","overlay-gradient":""},"mobile":{"background-color":"var(--ast-global-color-4)","background-image":"","background-repeat":"repeat","background-position":"center center","background-size":"auto","background-attachment":"scroll","background-type":"","background-media":"","overlay-type":"","overlay-color":"","overlay-opacity":"","overlay-gradient":""}},"footnotes":""},"class_list":["post-3942","page","type-page","status-publish","hentry"],"_links":{"self":[{"href":"https:\/\/www.havteam.me\/index.php?rest_route=\/wp\/v2\/pages\/3942","targetHints":{"allow":["GET"]}}],"collection":[{"href":"https:\/\/www.havteam.me\/index.php?rest_route=\/wp\/v2\/pages"}],"about":[{"href":"https:\/\/www.havteam.me\/index.php?rest_route=\/wp\/v2\/types\/page"}],"author":[{"embeddable":true,"href":"https:\/\/www.havteam.me\/index.php?rest_route=\/wp\/v2\/users\/1"}],"replies":[{"embeddable":true,"href":"https:\/\/www.havteam.me\/index.php?rest_route=%2Fwp%2Fv2%2Fcomments&post=3942"}],"version-history":[{"count":87,"href":"https:\/\/www.havteam.me\/index.php?rest_route=\/wp\/v2\/pages\/3942\/revisions"}],"predecessor-version":[{"id":5701,"href":"https:\/\/www.havteam.me\/index.php?rest_route=\/wp\/v2\/pages\/3942\/revisions\/5701"}],"wp:attachment":[{"href":"https:\/\/www.havteam.me\/index.php?rest_route=%2Fwp%2Fv2%2Fmedia&parent=3942"}],"curies":[{"name":"wp","href":"https:\/\/api.w.org\/{rel}","templated":true}]}}