{"id":3928,"date":"2025-11-23T05:45:39","date_gmt":"2025-11-23T05:45:39","guid":{"rendered":"https:\/\/havteam.me\/?page_id=3928"},"modified":"2026-01-03T15:39:50","modified_gmt":"2026-01-03T15:39:50","slug":"khong-bat-cap-quyen-tu-dong-duoc-hoac-bi-tu-choi-cap-quyen","status":"publish","type":"page","link":"https:\/\/www.havteam.me\/?page_id=3928","title":{"rendered":"Kh\u00f4ng b\u1eadt c\u1ea5p quy\u1ec1n t\u1ef1 \u0111\u1ed9ng \u0111\u01b0\u1ee3c, ho\u1eb7c b\u1ecb t\u1eeb ch\u1ed1i c\u1ea5p quy\u1ec1n"},"content":{"rendered":"\n<h5 class=\"wp-block-heading\">\ud83d\udcf4 <strong>Kh\u00f4ng b\u1eadt c\u1ea5p quy\u1ec1n t\u1ef1 \u0111\u1ed9ng \u0111\u01b0\u1ee3c, ho\u1eb7c b\u1ecb t\u1eeb ch\u1ed1i c\u1ea5p quy\u1ec1n<\/strong> <strong><mark style=\"background-color:rgba(0, 0, 0, 0);color:#ff6900\" class=\"has-inline-color\">(App was denied access)<\/mark><\/strong><\/h5>\n\n\n\n<figure class=\"wp-block-image aligncenter size-large is-resized\"><img fetchpriority=\"high\" decoding=\"async\" width=\"1024\" height=\"830\" src=\"https:\/\/www.havteam.me\/wp-content\/uploads\/2025\/10\/539885989_743698818671155_2448602957008598717_n-1024x830.jpg\" alt=\"\" class=\"wp-image-3538\" style=\"width:600px;height:auto\" srcset=\"https:\/\/havteam.me\/wp-content\/uploads\/2025\/10\/539885989_743698818671155_2448602957008598717_n-1024x830.jpg 1024w, https:\/\/havteam.me\/wp-content\/uploads\/2025\/10\/539885989_743698818671155_2448602957008598717_n-600x486.jpg 600w, https:\/\/havteam.me\/wp-content\/uploads\/2025\/10\/539885989_743698818671155_2448602957008598717_n-64x52.jpg 64w, https:\/\/havteam.me\/wp-content\/uploads\/2025\/10\/539885989_743698818671155_2448602957008598717_n-300x243.jpg 300w, https:\/\/havteam.me\/wp-content\/uploads\/2025\/10\/539885989_743698818671155_2448602957008598717_n-768x623.jpg 768w, https:\/\/havteam.me\/wp-content\/uploads\/2025\/10\/539885989_743698818671155_2448602957008598717_n-1536x1245.jpg 1536w, https:\/\/havteam.me\/wp-content\/uploads\/2025\/10\/539885989_743698818671155_2448602957008598717_n.jpg 2048w\" sizes=\"(max-width: 1024px) 100vw, 1024px\" \/><\/figure>\n\n\n\n<p><strong><img decoding=\"async\" height=\"16\" width=\"16\" src=\"https:\/\/static.xx.fbcdn.net\/images\/emoji.php\/v9\/t51\/1\/16\/1f449.png\" alt=\"\ud83d\udc49\">Kh\u1eafc ph\u1ee5c <\/strong><\/p>\n\n\n\n<p>C\u00e0i \u0111\u1eb7t tr\u00ean \u0111i\u1ec7n tho\u1ea1i > \u1ee8ng d\u1ee5ng > Ch\u1ecdn Qu\u1ea3n l\u00fd \u1ee9ng d\u1ee5ng.<br>T\u00ecm v\u00e0 nh\u1ea5n v\u00e0o F<img decoding=\"async\" height=\"16\" width=\"16\" src=\"https:\/\/static.xx.fbcdn.net\/images\/emoji.php\/v9\/t3a\/1\/16\/1f98a.png\" alt=\"\ud83e\udd8a\">X Pro (hay Beta) \u0111ang b\u1ecb ch\u1eb7n c\u1ea5p quy\u1ec1n trong danh s\u00e1ch.<br>Tr\u00ean m\u00e0n h\u00ecnh &#8220;Th\u00f4ng tin \u1ee9ng d\u1ee5ng&#8221; nh\u1ea5n v\u00e0o bi\u1ec3u t\u01b0\u1ee3ng d\u1ea5u ba ch\u1ea5m (\u22ee) \u1edf g\u00f3c tr\u00ean c\u00f9ng b\u00ean ph\u1ea3i. (H\u00ecnh 2)<br>M\u1ed9t menu nh\u1ecf s\u1ebd hi\u1ec7n ra, h\u00e3y ch\u1ecdn &#8220;Cho ph\u00e9p c\u00e0i \u0111\u1eb7t b\u1ecb h\u1ea1n ch\u1ebf&#8221;<br>(Allow restricted settings).<br>B\u1ea1n c\u00f3 th\u1ec3 s\u1ebd c\u1ea7n x\u00e1c nh\u1eadn b\u1eb1ng m\u1eadt kh\u1ea9u ho\u1eb7c v\u00e2n tay c\u1ee7a m\u00ecnh n\u1ebfu y\u00eau c\u1ea7u<br>Sau khi b\u1ea1n \u0111\u00e3 &#8220;Cho ph\u00e9p c\u00e0i \u0111\u1eb7t b\u1ecb h\u1ea1n ch\u1ebf&#8221;, h\u00e3y quay l\u1ea1i v\u00e0 th\u1ef1c hi\u1ec7n c\u00e1c b\u01b0\u1edbc c\u1ea5p quy\u1ec1n &#8220;Hi\u1ec3n th\u1ecb tr\u00ean \u1ee9ng d\u1ee5ng kh\u00e1c&#8221;<\/p>\n\n\n\n<p><\/p>\n","protected":false},"excerpt":{"rendered":"<p>\ud83d\udcf4 Kh\u00f4ng b\u1eadt c\u1ea5p quy\u1ec1n t\u1ef1 \u0111\u1ed9ng \u0111\u01b0\u1ee3c, ho\u1eb7c b\u1ecb t\u1eeb ch\u1ed1i c\u1ea5p quy\u1ec1n (App was denied access) Kh\u1eafc ph\u1ee5c [&hellip;]<\/p>\n","protected":false},"author":1,"featured_media":0,"parent":0,"menu_order":0,"comment_status":"closed","ping_status":"closed","template":"","meta":{"site-sidebar-layout":"default","site-content-layout":"","ast-site-content-layout":"default","site-content-style":"default","site-sidebar-style":"default","ast-global-header-display":"","ast-banner-title-visibility":"","ast-main-header-display":"","ast-hfb-above-header-display":"","ast-hfb-below-header-display":"","ast-hfb-mobile-header-display":"","site-post-title":"disabled","ast-breadcrumbs-content":"","ast-featured-img":"","footer-sml-layout":"","ast-disable-related-posts":"","theme-transparent-header-meta":"","adv-header-id-meta":"","stick-header-meta":"","header-above-stick-meta":"","header-main-stick-meta":"","header-below-stick-meta":"","astra-migrate-meta-layouts":"default","ast-page-background-enabled":"default","ast-page-background-meta":{"desktop":{"background-color":"var(--ast-global-color-5)","background-image":"","background-repeat":"repeat","background-position":"center center","background-size":"auto","background-attachment":"scroll","background-type":"","background-media":"","overlay-type":"","overlay-color":"","overlay-opacity":"","overlay-gradient":""},"tablet":{"background-color":"","background-image":"","background-repeat":"repeat","background-position":"center center","background-size":"auto","background-attachment":"scroll","background-type":"","background-media":"","overlay-type":"","overlay-color":"","overlay-opacity":"","overlay-gradient":""},"mobile":{"background-color":"","background-image":"","background-repeat":"repeat","background-position":"center center","background-size":"auto","background-attachment":"scroll","background-type":"","background-media":"","overlay-type":"","overlay-color":"","overlay-opacity":"","overlay-gradient":""}},"ast-content-background-meta":{"desktop":{"background-color":"var(--ast-global-color-4)","background-image":"","background-repeat":"repeat","background-position":"center center","background-size":"auto","background-attachment":"scroll","background-type":"","background-media":"","overlay-type":"","overlay-color":"","overlay-opacity":"","overlay-gradient":""},"tablet":{"background-color":"var(--ast-global-color-4)","background-image":"","background-repeat":"repeat","background-position":"center center","background-size":"auto","background-attachment":"scroll","background-type":"","background-media":"","overlay-type":"","overlay-color":"","overlay-opacity":"","overlay-gradient":""},"mobile":{"background-color":"var(--ast-global-color-4)","background-image":"","background-repeat":"repeat","background-position":"center center","background-size":"auto","background-attachment":"scroll","background-type":"","background-media":"","overlay-type":"","overlay-color":"","overlay-opacity":"","overlay-gradient":""}},"footnotes":""},"class_list":["post-3928","page","type-page","status-publish","hentry"],"_links":{"self":[{"href":"https:\/\/www.havteam.me\/index.php?rest_route=\/wp\/v2\/pages\/3928","targetHints":{"allow":["GET"]}}],"collection":[{"href":"https:\/\/www.havteam.me\/index.php?rest_route=\/wp\/v2\/pages"}],"about":[{"href":"https:\/\/www.havteam.me\/index.php?rest_route=\/wp\/v2\/types\/page"}],"author":[{"embeddable":true,"href":"https:\/\/www.havteam.me\/index.php?rest_route=\/wp\/v2\/users\/1"}],"replies":[{"embeddable":true,"href":"https:\/\/www.havteam.me\/index.php?rest_route=%2Fwp%2Fv2%2Fcomments&post=3928"}],"version-history":[{"count":3,"href":"https:\/\/www.havteam.me\/index.php?rest_route=\/wp\/v2\/pages\/3928\/revisions"}],"predecessor-version":[{"id":4170,"href":"https:\/\/www.havteam.me\/index.php?rest_route=\/wp\/v2\/pages\/3928\/revisions\/4170"}],"wp:attachment":[{"href":"https:\/\/www.havteam.me\/index.php?rest_route=%2Fwp%2Fv2%2Fmedia&parent=3928"}],"curies":[{"name":"wp","href":"https:\/\/api.w.org\/{rel}","templated":true}]}}