{"id":3566,"date":"2025-10-11T04:20:22","date_gmt":"2025-10-11T04:20:22","guid":{"rendered":"https:\/\/havteam.me\/?page_id=3566"},"modified":"2026-01-19T14:13:17","modified_gmt":"2026-01-19T14:13:17","slug":"di-chuyen-chia-se-farm-sc-id","status":"publish","type":"page","link":"https:\/\/www.havteam.me\/?page_id=3566","title":{"rendered":"Di chuy\u1ec3n, Chia s\u1ebb Farm SC iD"},"content":{"rendered":"\n<h3 class=\"wp-block-heading\">T\u1ea5t c\u1ea3 c\u00e1c Farm SC iD \u0111\u01b0\u1ee3c l\u01b0u t\u1ea1i th\u01b0 m\u1ee5c <mark style=\"background-color:rgba(0, 0, 0, 0);color:#ff6900\" class=\"has-inline-color\">HAV_ProfileiD<\/mark> trong b\u1ed9 nh\u1edb l\u01b0u tr\u1eef c\u1ee7a \u0111i\u1ec7n tho\u1ea1i<br>Mu\u1ed1n di chuy\u1ec3n hay chia s\u1ebd Farm cho b\u1ea1n b\u00e8 ho\u1eb7c qua \u0111i\u1ec7n tho\u1ea1i kh\u00e1c ?<\/h3>\n\n\n\n<h2 class=\"wp-block-heading has-text-align-center\">H\u01b0\u1edbng d\u1eabn<\/h2>\n\n\n\n<h4 class=\"wp-block-heading\"><mark style=\"background-color:rgba(0, 0, 0, 0)\" class=\"has-inline-color has-ast-global-color-0-color\">C\u00e1ch 1 . V\u00e0o Qu\u1ea3n l\u00fd file c\u1ee7a \u0111i\u1ec7n tho\u1ea1i (Ch\u1ecdn hi\u1ec3n th\u1ecb t\u1ea5t c\u1ea3)<br><\/mark>&#8211; V\u00e0o th\u01b0 m\u1ee5c <mark style=\"background-color:rgba(0, 0, 0, 0);color:#ff6900\" class=\"has-inline-color\">HAV_ProfileiD<\/mark> tr\u00ean \u0110i\u1ec7n tho\u1ea1i c\u0169 ch\u1ee9a d\u1eef li\u1ec7u c\u1ea7n di chuy\u1ec3n<br>&#8211; Copy d\u1eef li\u1ec7u Farm t\u1eeb &#8220;Qu\u1ea3n l\u00fd File tr\u00ean \u0110i\u1ec7n tho\u1ea1i&#8221; (\u1ee8ng d\u1ee5ng m\u1eb7c \u0111\u1ecbnh tr\u00ean \u0111i\u1ec7n tho\u1ea1i)<br>&#8211; C\u00e0i \u0111\u1eb7t FOX tr\u00ean \u0110i\u1ec7n tho\u1ea1i m\u1edbi<br>&#8211; Ch\u00e9p , chia s\u1ebd &#8230;. d\u1eef li\u1ec7u \u0111\u00e3 nh\u1eadn t\u1eeb \u0110i\u1ec7n tho\u1ea1i C\u0169 v\u00e0o th\u01b0 m\u1ee5c <mark style=\"background-color:rgba(0, 0, 0, 0);color:#ff6900\" class=\"has-inline-color\">HAV_ProfileiD<\/mark> tr\u00ean \u0110i\u1ec7n tho\u1ea1i m\u1edbi .<br><\/h4>\n\n\n\n<figure class=\"wp-block-image aligncenter size-large\"><img fetchpriority=\"high\" decoding=\"async\" width=\"1024\" height=\"879\" src=\"https:\/\/www.havteam.me\/wp-content\/uploads\/2025\/10\/rrr-1024x879.jpg\" alt=\"\" class=\"wp-image-3574\" srcset=\"https:\/\/havteam.me\/wp-content\/uploads\/2025\/10\/rrr-1024x879.jpg 1024w, https:\/\/havteam.me\/wp-content\/uploads\/2025\/10\/rrr-600x515.jpg 600w, https:\/\/havteam.me\/wp-content\/uploads\/2025\/10\/rrr-64x55.jpg 64w, https:\/\/havteam.me\/wp-content\/uploads\/2025\/10\/rrr-300x257.jpg 300w, https:\/\/havteam.me\/wp-content\/uploads\/2025\/10\/rrr-768x659.jpg 768w, https:\/\/havteam.me\/wp-content\/uploads\/2025\/10\/rrr-1536x1318.jpg 1536w, https:\/\/havteam.me\/wp-content\/uploads\/2025\/10\/rrr.jpg 1742w\" sizes=\"(max-width: 1024px) 100vw, 1024px\" \/><\/figure>\n\n\n\n<figure class=\"wp-block-image aligncenter size-full\"><img decoding=\"async\" width=\"492\" height=\"312\" src=\"https:\/\/www.havteam.me\/wp-content\/uploads\/2026\/01\/Untitled-1.jpg\" alt=\"\" class=\"wp-image-4292\" srcset=\"https:\/\/havteam.me\/wp-content\/uploads\/2026\/01\/Untitled-1.jpg 492w, https:\/\/havteam.me\/wp-content\/uploads\/2026\/01\/Untitled-1-300x190.jpg 300w\" sizes=\"(max-width: 492px) 100vw, 492px\" \/><\/figure>\n\n\n\n<h4 class=\"wp-block-heading\"><mark style=\"background-color:rgba(0, 0, 0, 0)\" class=\"has-inline-color has-ast-global-color-0-color\">C\u00e1ch 2 . Chia s\u1ebd tr\u1ef1c ti\u1ebfp t\u1eeb menu FOX<br><\/mark>&#8211; Ch\u1ecdn D\u1eef li\u1ec7u c\u1ea7n chia s\u1ebb t\u1ea1i menu FOX tr\u00ean \u0110i\u1ec7n tho\u1ea1i c\u0169 (\u0110\u00e8 gi\u1eef \u0111\u1ec3 ch\u1ecdn)<br>&#8211; Ch\u1ecdn &#8220;Chia s\u1ebd&#8221; \u0111\u1ebfn Mail , Cloud, &#8230;.<br>&#8211; C\u00e0i \u0111\u1eb7t FOX tr\u00ean \u0110i\u1ec7n tho\u1ea1i m\u1edbi<br>&#8211; Qua \u0110i\u1ec7n tho\u1ea1i m\u1edbi &#8230; ch\u00e9p d\u1eef li\u1ec7u \u0111\u00e3 nh\u1eadn v\u00e0o th\u01b0 m\u1ee5c <mark style=\"background-color:rgba(0, 0, 0, 0);color:#ff6900\" class=\"has-inline-color\">HAV_ProfileiD<\/mark> (Gi\u1ea3i n\u00e9n file Zip)<br>* Nh\u1eadp <mark style=\"background-color:rgba(0, 0, 0, 0);color:#ff6900\" class=\"has-inline-color\">M\u1eadt kh\u1ea9u<\/mark> n\u1ebfu c\u00f3 (M\u1eadt kh\u1ea9u \u0111\u01b0\u1ee3c t\u1ea1o ra trong qu\u00e1 tr\u00ecnh L\u01b0u)<br><\/h4>\n\n\n\n<figure class=\"wp-block-image aligncenter size-large is-resized\"><img decoding=\"async\" width=\"791\" height=\"1024\" src=\"https:\/\/www.havteam.me\/wp-content\/uploads\/2025\/10\/sss-1-791x1024.jpg\" alt=\"\" class=\"wp-image-3579\" style=\"width:440px;height:auto\" srcset=\"https:\/\/havteam.me\/wp-content\/uploads\/2025\/10\/sss-1-791x1024.jpg 791w, https:\/\/havteam.me\/wp-content\/uploads\/2025\/10\/sss-1-600x776.jpg 600w, https:\/\/havteam.me\/wp-content\/uploads\/2025\/10\/sss-1-64x83.jpg 64w, https:\/\/havteam.me\/wp-content\/uploads\/2025\/10\/sss-1-232x300.jpg 232w, https:\/\/havteam.me\/wp-content\/uploads\/2025\/10\/sss-1-768x994.jpg 768w, https:\/\/havteam.me\/wp-content\/uploads\/2025\/10\/sss-1.jpg 840w\" sizes=\"(max-width: 791px) 100vw, 791px\" \/><\/figure>\n\n\n\n<figure class=\"wp-block-image aligncenter size-full\"><img loading=\"lazy\" decoding=\"async\" width=\"492\" height=\"312\" src=\"https:\/\/www.havteam.me\/wp-content\/uploads\/2026\/01\/Untitled-1-1.jpg\" alt=\"\" class=\"wp-image-4294\" srcset=\"https:\/\/havteam.me\/wp-content\/uploads\/2026\/01\/Untitled-1-1.jpg 492w, https:\/\/havteam.me\/wp-content\/uploads\/2026\/01\/Untitled-1-1-300x190.jpg 300w\" sizes=\"(max-width: 492px) 100vw, 492px\" \/><\/figure>\n\n\n\n<h4 class=\"wp-block-heading\"><mark style=\"background-color:rgba(0, 0, 0, 0)\" class=\"has-inline-color has-ast-global-color-0-color\">C\u00e1ch 3 . Nh\u1eadp Mail l\u1ea1i l\u00ean thi\u1ebft b\u1ecb m\u1edbi<\/mark><\/h4>\n\n\n\n<p class=\"has-text-align-center\"><a href=\"https:\/\/www.havteam.me\/?page_id=4195\" target=\"_blank\" rel=\"noopener\">Xem th\u00eam ><\/a><\/p>\n\n\n\n<p>S\u1ebd c\u00f3 Mail c\u1ea3nh b\u00e1o \u0110\u0103ng nh\u1eadp tr\u00ean thi\u1ebft b\u1ecb m\u1edbi.<br>B\u1ea1n c\u00f3 th\u1ec3 x\u00e1c nh\u1eadn \u0111\u1ec3 Tho\u00e1t \u0111\u0103ng nh\u1eadp ho\u00e0n to\u00e0n tr\u00ean \u0110i\u1ec7n tho\u1ea1i c\u0169<\/p>\n\n\n\n<figure class=\"wp-block-image aligncenter size-full\"><img loading=\"lazy\" decoding=\"async\" width=\"840\" height=\"413\" src=\"https:\/\/www.havteam.me\/wp-content\/uploads\/2026\/01\/Screenshot_20260119-210708_Proton-Mail.jpg\" alt=\"\" class=\"wp-image-4304\" srcset=\"https:\/\/havteam.me\/wp-content\/uploads\/2026\/01\/Screenshot_20260119-210708_Proton-Mail.jpg 840w, https:\/\/havteam.me\/wp-content\/uploads\/2026\/01\/Screenshot_20260119-210708_Proton-Mail-300x148.jpg 300w, https:\/\/havteam.me\/wp-content\/uploads\/2026\/01\/Screenshot_20260119-210708_Proton-Mail-768x378.jpg 768w, https:\/\/havteam.me\/wp-content\/uploads\/2026\/01\/Screenshot_20260119-210708_Proton-Mail-600x295.jpg 600w\" sizes=\"(max-width: 840px) 100vw, 840px\" \/><\/figure>\n\n\n\n<p><\/p>\n","protected":false},"excerpt":{"rendered":"<p>T\u1ea5t c\u1ea3 c\u00e1c Farm SC iD \u0111\u01b0\u1ee3c l\u01b0u t\u1ea1i th\u01b0 m\u1ee5c HAV_ProfileiD trong b\u1ed9 nh\u1edb l\u01b0u tr\u1eef c\u1ee7a \u0111i\u1ec7n tho\u1ea1iMu\u1ed1n [&hellip;]<\/p>\n","protected":false},"author":1,"featured_media":0,"parent":0,"menu_order":0,"comment_status":"closed","ping_status":"closed","template":"","meta":{"site-sidebar-layout":"default","site-content-layout":"","ast-site-content-layout":"","site-content-style":"default","site-sidebar-style":"default","ast-global-header-display":"","ast-banner-title-visibility":"","ast-main-header-display":"","ast-hfb-above-header-display":"","ast-hfb-below-header-display":"","ast-hfb-mobile-header-display":"","site-post-title":"","ast-breadcrumbs-content":"","ast-featured-img":"","footer-sml-layout":"","ast-disable-related-posts":"","theme-transparent-header-meta":"","adv-header-id-meta":"","stick-header-meta":"","header-above-stick-meta":"","header-main-stick-meta":"","header-below-stick-meta":"","astra-migrate-meta-layouts":"default","ast-page-background-enabled":"default","ast-page-background-meta":{"desktop":{"background-color":"var(--ast-global-color-5)","background-image":"","background-repeat":"repeat","background-position":"center center","background-size":"auto","background-attachment":"scroll","background-type":"","background-media":"","overlay-type":"","overlay-color":"","overlay-opacity":"","overlay-gradient":""},"tablet":{"background-color":"","background-image":"","background-repeat":"repeat","background-position":"center center","background-size":"auto","background-attachment":"scroll","background-type":"","background-media":"","overlay-type":"","overlay-color":"","overlay-opacity":"","overlay-gradient":""},"mobile":{"background-color":"","background-image":"","background-repeat":"repeat","background-position":"center center","background-size":"auto","background-attachment":"scroll","background-type":"","background-media":"","overlay-type":"","overlay-color":"","overlay-opacity":"","overlay-gradient":""}},"ast-content-background-meta":{"desktop":{"background-color":"var(--ast-global-color-4)","background-image":"","background-repeat":"repeat","background-position":"center center","background-size":"auto","background-attachment":"scroll","background-type":"","background-media":"","overlay-type":"","overlay-color":"","overlay-opacity":"","overlay-gradient":""},"tablet":{"background-color":"var(--ast-global-color-4)","background-image":"","background-repeat":"repeat","background-position":"center center","background-size":"auto","background-attachment":"scroll","background-type":"","background-media":"","overlay-type":"","overlay-color":"","overlay-opacity":"","overlay-gradient":""},"mobile":{"background-color":"var(--ast-global-color-4)","background-image":"","background-repeat":"repeat","background-position":"center center","background-size":"auto","background-attachment":"scroll","background-type":"","background-media":"","overlay-type":"","overlay-color":"","overlay-opacity":"","overlay-gradient":""}},"footnotes":""},"class_list":["post-3566","page","type-page","status-publish","hentry"],"_links":{"self":[{"href":"https:\/\/www.havteam.me\/index.php?rest_route=\/wp\/v2\/pages\/3566","targetHints":{"allow":["GET"]}}],"collection":[{"href":"https:\/\/www.havteam.me\/index.php?rest_route=\/wp\/v2\/pages"}],"about":[{"href":"https:\/\/www.havteam.me\/index.php?rest_route=\/wp\/v2\/types\/page"}],"author":[{"embeddable":true,"href":"https:\/\/www.havteam.me\/index.php?rest_route=\/wp\/v2\/users\/1"}],"replies":[{"embeddable":true,"href":"https:\/\/www.havteam.me\/index.php?rest_route=%2Fwp%2Fv2%2Fcomments&post=3566"}],"version-history":[{"count":21,"href":"https:\/\/www.havteam.me\/index.php?rest_route=\/wp\/v2\/pages\/3566\/revisions"}],"predecessor-version":[{"id":4306,"href":"https:\/\/www.havteam.me\/index.php?rest_route=\/wp\/v2\/pages\/3566\/revisions\/4306"}],"wp:attachment":[{"href":"https:\/\/www.havteam.me\/index.php?rest_route=%2Fwp%2Fv2%2Fmedia&parent=3566"}],"curies":[{"name":"wp","href":"https:\/\/api.w.org\/{rel}","templated":true}]}}