{"id":3547,"date":"2025-10-11T03:43:17","date_gmt":"2025-10-11T03:43:17","guid":{"rendered":"https:\/\/havteam.me\/?page_id=3547"},"modified":"2026-04-07T15:26:31","modified_gmt":"2026-04-07T15:26:31","slug":"luu-farm-bang-mail-sc-id","status":"publish","type":"page","link":"https:\/\/www.havteam.me\/?page_id=3547","title":{"rendered":"L\u01b0u Farm \u0111\u00e3 c\u00f3 Mail (SC iD) v\u00e0o FOX"},"content":{"rendered":"\n<h3 class=\"wp-block-heading has-text-align-center\">V\u00e0o FOX &gt; Supercell ID tab<\/h3>\n\n\n\n<div class=\"wp-block-media-text\" style=\"padding-top:0;padding-right:0;padding-bottom:0;padding-left:0;grid-template-columns:30% auto\"><figure class=\"wp-block-media-text__media\"><img fetchpriority=\"high\" decoding=\"async\" width=\"840\" height=\"643\" src=\"https:\/\/www.havteam.me\/wp-content\/uploads\/2025\/08\/1.jpg\" alt=\"\" class=\"wp-image-3127 size-full\" srcset=\"https:\/\/havteam.me\/wp-content\/uploads\/2025\/08\/1.jpg 840w, https:\/\/havteam.me\/wp-content\/uploads\/2025\/08\/1-600x459.jpg 600w, https:\/\/havteam.me\/wp-content\/uploads\/2025\/08\/1-64x49.jpg 64w, https:\/\/havteam.me\/wp-content\/uploads\/2025\/08\/1-300x230.jpg 300w, https:\/\/havteam.me\/wp-content\/uploads\/2025\/08\/1-768x588.jpg 768w\" sizes=\"(max-width: 840px) 100vw, 840px\" \/><\/figure><div class=\"wp-block-media-text__content\">\n<h5 class=\"wp-block-heading has-text-align-center\">B1. Nh\u1ea5n n\u00fat &#8220;Danh s\u00e1ch&#8221; \u0111\u1ec3 hi\u1ec7n Danh s\u00e1ch n\u1ed5i<br><\/h5>\n<\/div><\/div>\n\n\n\n<h2 class=\"wp-block-heading\"><\/h2>\n\n\n\n<div class=\"wp-block-media-text\" style=\"padding-top:0;padding-right:0;padding-bottom:0;padding-left:0;grid-template-columns:30% auto\"><figure class=\"wp-block-media-text__media\"><img decoding=\"async\" width=\"840\" height=\"646\" src=\"https:\/\/www.havteam.me\/wp-content\/uploads\/2025\/08\/2.jpg\" alt=\"\" class=\"wp-image-3128 size-full\" srcset=\"https:\/\/havteam.me\/wp-content\/uploads\/2025\/08\/2.jpg 840w, https:\/\/havteam.me\/wp-content\/uploads\/2025\/08\/2-600x461.jpg 600w, https:\/\/havteam.me\/wp-content\/uploads\/2025\/08\/2-64x49.jpg 64w, https:\/\/havteam.me\/wp-content\/uploads\/2025\/08\/2-300x231.jpg 300w, https:\/\/havteam.me\/wp-content\/uploads\/2025\/08\/2-768x591.jpg 768w\" sizes=\"(max-width: 840px) 100vw, 840px\" \/><\/figure><div class=\"wp-block-media-text__content\">\n<h5 class=\"wp-block-heading has-text-align-center\">B2. Nh\u1ea5n n\u00fat &#8221; Start Game&#8221; <br>* Login Mail Farm (C\u1ea7n l\u01b0u)<br><\/h5>\n<\/div><\/div>\n\n\n\n<div class=\"wp-block-media-text\" style=\"margin-top:0;margin-right:0;margin-bottom:0;margin-left:0;padding-top:0;padding-right:0;padding-bottom:0;padding-left:0;grid-template-columns:30% auto\"><figure class=\"wp-block-media-text__media\"><img decoding=\"async\" width=\"840\" height=\"1010\" src=\"https:\/\/www.havteam.me\/wp-content\/uploads\/2025\/08\/333333.jpg\" alt=\"\" class=\"wp-image-3136 size-full\" srcset=\"https:\/\/havteam.me\/wp-content\/uploads\/2025\/08\/333333.jpg 840w, https:\/\/havteam.me\/wp-content\/uploads\/2025\/08\/333333-600x721.jpg 600w, https:\/\/havteam.me\/wp-content\/uploads\/2025\/08\/333333-64x77.jpg 64w, https:\/\/havteam.me\/wp-content\/uploads\/2025\/08\/333333-250x300.jpg 250w, https:\/\/havteam.me\/wp-content\/uploads\/2025\/08\/333333-768x923.jpg 768w\" sizes=\"(max-width: 840px) 100vw, 840px\" \/><\/figure><div class=\"wp-block-media-text__content\">\n<h5 class=\"wp-block-heading has-text-align-center\"><br>B3. Nh\u1ea5n bi\u1ec3u t\u01b0\u1ee3ng &#8220;\u0110\u00e1m M\u00e2y&#8221; trong Danh s\u00e1ch n\u1ed5i <br>(\u0110\u00e3 m\u1edf \u1edf B1)<br><\/h5>\n\n\n\n<p><br><br><\/p>\n<\/div><\/div>\n\n\n\n<div class=\"wp-block-media-text\" style=\"margin-top:0;margin-right:0;margin-bottom:0;margin-left:0;padding-top:0;padding-right:0;padding-bottom:0;padding-left:0;grid-template-columns:30% auto\"><figure class=\"wp-block-media-text__media\"><img loading=\"lazy\" decoding=\"async\" width=\"840\" height=\"1010\" src=\"https:\/\/www.havteam.me\/wp-content\/uploads\/2025\/08\/4444.jpg\" alt=\"\" class=\"wp-image-3135 size-full\" srcset=\"https:\/\/havteam.me\/wp-content\/uploads\/2025\/08\/4444.jpg 840w, https:\/\/havteam.me\/wp-content\/uploads\/2025\/08\/4444-600x721.jpg 600w, https:\/\/havteam.me\/wp-content\/uploads\/2025\/08\/4444-64x77.jpg 64w, https:\/\/havteam.me\/wp-content\/uploads\/2025\/08\/4444-250x300.jpg 250w, https:\/\/havteam.me\/wp-content\/uploads\/2025\/08\/4444-768x923.jpg 768w\" sizes=\"(max-width: 840px) 100vw, 840px\" \/><\/figure><div class=\"wp-block-media-text__content\">\n<h5 class=\"wp-block-heading has-text-align-center\">B4. Nh\u1eadp T\u00ean Farm , ch\u1ecdn &#8220;L\u01b0u&#8221;<br>T\u01b0\u01a1ng t\u1ef1 Login Mail v\u00e0o Farm 2,&#8230; l\u1eb7p l\u1ea1i <br>* L\u01b0u cho c\u00e1c Farm kh\u00e1c<br><br><\/h5>\n<\/div><\/div>\n\n\n\n<p class=\"has-text-align-center\"><mark style=\"background-color:rgba(0, 0, 0, 0);color:#fcb900\" class=\"has-inline-color\"><strong>*** M\u00e3 h\u00f3a h\u1ed3 s\u01a1 <\/strong><\/mark><mark style=\"background-color:rgba(0, 0, 0, 0)\" class=\"has-inline-color has-ast-global-color-2-color\"><br><strong>\u0110\u1eb7t m\u1eadt kh\u1ea9u cho h\u1ed3 s\u01a1 Farm<br>C\u00f3 t\u00e1c d\u1ee5ng b\u1ea3o m\u1eadt chia s\u1ebd file qua thi\u1ebft b\u1ecb kh\u00e1c<\/strong><\/mark><\/p>\n\n\n\n<figure class=\"wp-block-embed is-type-video is-provider-youtube wp-block-embed-youtube wp-embed-aspect-4-3 wp-has-aspect-ratio\"><div class=\"wp-block-embed__wrapper\">\n<iframe title=\"SAVE FARM \" width=\"500\" height=\"375\" src=\"https:\/\/www.youtube.com\/embed\/tqK0lpBGDdI?feature=oembed\" frameborder=\"0\" allow=\"accelerometer; autoplay; clipboard-write; encrypted-media; gyroscope; picture-in-picture; web-share\" referrerpolicy=\"strict-origin-when-cross-origin\" allowfullscreen><\/iframe>\n<\/div><\/figure>\n\n\n\n<h3 class=\"wp-block-heading has-text-align-center\">C\u00e2u h\u1ecfi th\u01b0\u1eddng g\u1eb7p<\/h3>\n\n\n\n<ol class=\"wp-block-list\">\n<li>L\u01b0u \u0111\u01b0\u1ee3c bao nhi\u00eau FARM ?<br>Tr\u1ea3 l\u1eddi : L\u01b0u Farm s\u1ebd l\u01b0u file v\u00e0o Dung l\u01b0\u1ee3ng c\u1ee7a Thi\u1ebft b\u1ecb, ph\u1ee5 thu\u1ed9c v\u00e0o Dung l\u01b0\u1ee3ng tr\u1ed1ng c\u1ee7a Thi\u1ebft b\u1ecb .<br>Dung l\u01b0\u1ee3ng Data Farm 1 th\u01b0 m\u1ee5c (ch\u1ee9a nhi\u1ec1u File xml) l\u01b0u l\u1ea1i t\u1ea7m 100KB &#8211; 600KB<\/li>\n<\/ol>\n","protected":false},"excerpt":{"rendered":"<p>V\u00e0o FOX &gt; Supercell ID tab B1. Nh\u1ea5n n\u00fat &#8220;Danh s\u00e1ch&#8221; \u0111\u1ec3 hi\u1ec7n Danh s\u00e1ch n\u1ed5i B2. Nh\u1ea5n n\u00fat &#8221; [&hellip;]<\/p>\n","protected":false},"author":1,"featured_media":0,"parent":0,"menu_order":0,"comment_status":"closed","ping_status":"closed","template":"","meta":{"site-sidebar-layout":"default","site-content-layout":"","ast-site-content-layout":"","site-content-style":"default","site-sidebar-style":"default","ast-global-header-display":"","ast-banner-title-visibility":"","ast-main-header-display":"","ast-hfb-above-header-display":"","ast-hfb-below-header-display":"","ast-hfb-mobile-header-display":"","site-post-title":"","ast-breadcrumbs-content":"","ast-featured-img":"","footer-sml-layout":"","ast-disable-related-posts":"","theme-transparent-header-meta":"","adv-header-id-meta":"","stick-header-meta":"","header-above-stick-meta":"","header-main-stick-meta":"","header-below-stick-meta":"","astra-migrate-meta-layouts":"default","ast-page-background-enabled":"default","ast-page-background-meta":{"desktop":{"background-color":"var(--ast-global-color-5)","background-image":"","background-repeat":"repeat","background-position":"center center","background-size":"auto","background-attachment":"scroll","background-type":"","background-media":"","overlay-type":"","overlay-color":"","overlay-opacity":"","overlay-gradient":""},"tablet":{"background-color":"","background-image":"","background-repeat":"repeat","background-position":"center center","background-size":"auto","background-attachment":"scroll","background-type":"","background-media":"","overlay-type":"","overlay-color":"","overlay-opacity":"","overlay-gradient":""},"mobile":{"background-color":"","background-image":"","background-repeat":"repeat","background-position":"center center","background-size":"auto","background-attachment":"scroll","background-type":"","background-media":"","overlay-type":"","overlay-color":"","overlay-opacity":"","overlay-gradient":""}},"ast-content-background-meta":{"desktop":{"background-color":"var(--ast-global-color-4)","background-image":"","background-repeat":"repeat","background-position":"center center","background-size":"auto","background-attachment":"scroll","background-type":"","background-media":"","overlay-type":"","overlay-color":"","overlay-opacity":"","overlay-gradient":""},"tablet":{"background-color":"var(--ast-global-color-4)","background-image":"","background-repeat":"repeat","background-position":"center center","background-size":"auto","background-attachment":"scroll","background-type":"","background-media":"","overlay-type":"","overlay-color":"","overlay-opacity":"","overlay-gradient":""},"mobile":{"background-color":"var(--ast-global-color-4)","background-image":"","background-repeat":"repeat","background-position":"center center","background-size":"auto","background-attachment":"scroll","background-type":"","background-media":"","overlay-type":"","overlay-color":"","overlay-opacity":"","overlay-gradient":""}},"footnotes":""},"class_list":["post-3547","page","type-page","status-publish","hentry"],"_links":{"self":[{"href":"https:\/\/www.havteam.me\/index.php?rest_route=\/wp\/v2\/pages\/3547","targetHints":{"allow":["GET"]}}],"collection":[{"href":"https:\/\/www.havteam.me\/index.php?rest_route=\/wp\/v2\/pages"}],"about":[{"href":"https:\/\/www.havteam.me\/index.php?rest_route=\/wp\/v2\/types\/page"}],"author":[{"embeddable":true,"href":"https:\/\/www.havteam.me\/index.php?rest_route=\/wp\/v2\/users\/1"}],"replies":[{"embeddable":true,"href":"https:\/\/www.havteam.me\/index.php?rest_route=%2Fwp%2Fv2%2Fcomments&post=3547"}],"version-history":[{"count":5,"href":"https:\/\/www.havteam.me\/index.php?rest_route=\/wp\/v2\/pages\/3547\/revisions"}],"predecessor-version":[{"id":5632,"href":"https:\/\/www.havteam.me\/index.php?rest_route=\/wp\/v2\/pages\/3547\/revisions\/5632"}],"wp:attachment":[{"href":"https:\/\/www.havteam.me\/index.php?rest_route=%2Fwp%2Fv2%2Fmedia&parent=3547"}],"curies":[{"name":"wp","href":"https:\/\/api.w.org\/{rel}","templated":true}]}}