{"id":3515,"date":"2025-10-07T08:29:12","date_gmt":"2025-10-07T08:29:12","guid":{"rendered":"https:\/\/havteam.me\/?page_id=3515"},"modified":"2026-03-27T10:49:22","modified_gmt":"2026-03-27T10:49:22","slug":"di-chuyen-chia-se-farm-token-tu-fox","status":"publish","type":"page","link":"https:\/\/www.havteam.me\/?page_id=3515","title":{"rendered":"Di chuy\u1ec3n, Chia s\u1ebb Farm Token"},"content":{"rendered":"\n<h3 class=\"wp-block-heading has-text-align-left\"> <mark style=\"background-color:rgba(0, 0, 0, 0);color:#ff6900\" class=\"has-inline-color\">I.<\/mark> <mark style=\"background-color:rgba(0, 0, 0, 0);color:#ff6900\" class=\"has-inline-color\">Android qua Android<\/mark> \ud83d\udcf1\ud83d\udcf2<\/h3>\n\n\n\n<h4 class=\"wp-block-heading has-text-align-center\">Mu\u1ed1n di chuy\u1ec3n hay chia s\u1ebd File Token qua \u0111i\u1ec7n tho\u1ea1i kh\u00e1c hay cho b\u1ea1n b\u00e8 ?<\/h4>\n\n\n\n<h4 class=\"wp-block-heading\"><mark style=\"background-color:rgba(0, 0, 0, 0)\" class=\"has-inline-color has-ast-global-color-0-color\">C\u00e1ch 1 . G\u1eedi ID v\u00e0 Pass Token<\/mark><br>Ch\u1ecdn Farm Token (\u0111\u00e8 gi\u1eef) &gt; ch\u1ecdn Ch\u1ec9nh s\u1eeda<br>Copy ID v\u00e0 Pass Token &#8230;<\/h4>\n\n\n\n<figure class=\"wp-block-image aligncenter size-large is-resized\"><img fetchpriority=\"high\" decoding=\"async\" width=\"1024\" height=\"899\" src=\"https:\/\/www.havteam.me\/wp-content\/uploads\/2025\/11\/111-1024x899.jpg\" alt=\"\" class=\"wp-image-3624\" style=\"width:952px;height:auto\" srcset=\"https:\/\/havteam.me\/wp-content\/uploads\/2025\/11\/111-1024x899.jpg 1024w, https:\/\/havteam.me\/wp-content\/uploads\/2025\/11\/111-600x527.jpg 600w, https:\/\/havteam.me\/wp-content\/uploads\/2025\/11\/111-64x56.jpg 64w, https:\/\/havteam.me\/wp-content\/uploads\/2025\/11\/111-300x263.jpg 300w, https:\/\/havteam.me\/wp-content\/uploads\/2025\/11\/111-768x674.jpg 768w, https:\/\/havteam.me\/wp-content\/uploads\/2025\/11\/111-1536x1349.jpg 1536w, https:\/\/havteam.me\/wp-content\/uploads\/2025\/11\/111.jpg 1700w\" sizes=\"(max-width: 1024px) 100vw, 1024px\" \/><\/figure>\n\n\n\n<h4 class=\"wp-block-heading\"><mark style=\"background-color:rgba(0, 0, 0, 0)\" class=\"has-inline-color has-ast-global-color-0-color\">C\u00e1ch 2 . G\u1eedi File<\/mark><br>-V\u00e0o Qu\u1ea3n l\u00fd file c\u1ee7a \u0111i\u1ec7n tho\u1ea1i (Ch\u1ecdn hi\u1ec3n th\u1ecb t\u1ea5t c\u1ea3)<br>&#8211; V\u00e0o th\u01b0 m\u1ee5c <mark style=\"background-color:rgba(0, 0, 0, 0);color:#ff6900\" class=\"has-inline-color\">HAV_Profile<\/mark> <br>-Copy File Farm c\u1ea7n t\u1eeb Qu\u1ea3n l\u00fd File tr\u00ean \u0110i\u1ec7n tho\u1ea1i (\u1ee8ng d\u1ee5ng m\u1eb7c \u0111\u1ecbnh tr\u00ean \u0111i\u1ec7n tho\u1ea1i)<br>-Qua thi\u1ebft b\u1ecb kh\u00e1c &#8230; ch\u00e9p \u0111\u00fang v\u00e0o th\u01b0 m\u1ee5c <mark style=\"background-color:rgba(0, 0, 0, 0);color:#ff6900\" class=\"has-inline-color\">HAV_Profile<\/mark><\/h4>\n\n\n\n<figure class=\"wp-block-image aligncenter size-large is-resized\"><img decoding=\"async\" width=\"1024\" height=\"596\" src=\"https:\/\/www.havteam.me\/wp-content\/uploads\/2025\/10\/sss-1024x596.jpg\" alt=\"\" class=\"wp-image-3519\" style=\"width:1000px\" srcset=\"https:\/\/havteam.me\/wp-content\/uploads\/2025\/10\/sss-1024x596.jpg 1024w, https:\/\/havteam.me\/wp-content\/uploads\/2025\/10\/sss-600x349.jpg 600w, https:\/\/havteam.me\/wp-content\/uploads\/2025\/10\/sss-64x37.jpg 64w, https:\/\/havteam.me\/wp-content\/uploads\/2025\/10\/sss-300x175.jpg 300w, https:\/\/havteam.me\/wp-content\/uploads\/2025\/10\/sss-768x447.jpg 768w, https:\/\/havteam.me\/wp-content\/uploads\/2025\/10\/sss-1536x894.jpg 1536w, https:\/\/havteam.me\/wp-content\/uploads\/2025\/10\/sss.jpg 1877w\" sizes=\"(max-width: 1024px) 100vw, 1024px\" \/><\/figure>\n\n\n\n<h4 class=\"wp-block-heading\"><mark style=\"background-color:rgba(0, 0, 0, 0)\" class=\"has-inline-color has-ast-global-color-0-color\">C\u00e1ch 3 . Chia s\u1ebd file tr\u1ef1c ti\u1ebfp t\u1eeb menu FOX<\/mark><br>-Ch\u1ecdn Th\u01b0 m\u1ee5c hay Farm token c\u1ea7n chia s\u1ebd (\u0110\u00e8 gi\u1eef)<br>-Ch\u1ecdn &#8220;Chia s\u1ebd&#8221; \u0111\u1ebfn Mail , Cloud, &#8230;.<br>-Qua thi\u1ebft b\u1ecb kh\u00e1c &#8230; ch\u00e9p \u0111\u00fang v\u00e0o th\u01b0 m\u1ee5c <mark style=\"background-color:rgba(0, 0, 0, 0);color:#ff6900\" class=\"has-inline-color\">HAV_Profile<\/mark> (\u0110\u00e3 gi\u1ea3i n\u00e9n Zip)<br><\/h4>\n\n\n\n<figure class=\"wp-block-image aligncenter size-large is-resized\"><img decoding=\"async\" width=\"1024\" height=\"626\" src=\"https:\/\/www.havteam.me\/wp-content\/uploads\/2025\/10\/sh-1-1024x626.jpg\" alt=\"\" class=\"wp-image-3518\" style=\"width:1000px\" srcset=\"https:\/\/havteam.me\/wp-content\/uploads\/2025\/10\/sh-1-1024x626.jpg 1024w, https:\/\/havteam.me\/wp-content\/uploads\/2025\/10\/sh-1-600x367.jpg 600w, https:\/\/havteam.me\/wp-content\/uploads\/2025\/10\/sh-1-64x39.jpg 64w, https:\/\/havteam.me\/wp-content\/uploads\/2025\/10\/sh-1-300x183.jpg 300w, https:\/\/havteam.me\/wp-content\/uploads\/2025\/10\/sh-1-768x469.jpg 768w, https:\/\/havteam.me\/wp-content\/uploads\/2025\/10\/sh-1-1536x938.jpg 1536w, https:\/\/havteam.me\/wp-content\/uploads\/2025\/10\/sh-1.jpg 1696w\" sizes=\"(max-width: 1024px) 100vw, 1024px\" \/><\/figure>\n\n\n\n<h3 class=\"wp-block-heading has-text-align-left\"> <mark style=\"background-color:rgba(0, 0, 0, 0);color:#ff6900\" class=\"has-inline-color\">II.<\/mark> <mark style=\"background-color:rgba(0, 0, 0, 0);color:#ff6900\" class=\"has-inline-color\">M\u00e1y t\u00ednh (PC) qua Android<\/mark> \ud83d\udcbb\ud83d\udcf2<\/h3>\n\n\n\n<p>1. D\u00f9ng c\u00e1p k\u1ebft n\u1ed1i ch\u00e9p tr\u1ef1c ti\u1ebfp qua Android ho\u1eb7c g\u1eedi <strong><mark style=\"background-color:rgba(0, 0, 0, 0)\" class=\"has-inline-color has-ast-global-color-0-color\">File Token<\/mark><\/strong> qua <strong>Mail, Facebook, Zalo, Tele,  Drive , Cloud,&#8230;<\/strong> \u0111\u1ebfn \u0111i\u1ec7n tho\u1ea1i c\u1ea7n m\u1edf file l\u01b0u l\u1ea1i,<br>2. D\u00f9ng Qu\u1ea3n l\u00fd file tr\u00ean thi\u1ebft b\u1ecb ch\u00e9p <strong><mark style=\"background-color:rgba(0, 0, 0, 0)\" class=\"has-inline-color has-ast-global-color-0-color\">File Token<\/mark><\/strong> \u0111\u00e3 l\u01b0u \u1edf B1 v\u00e0o th\u01b0 m\u1ee5c <strong><mark style=\"background-color:rgba(0, 0, 0, 0);color:#ff6900\" class=\"has-inline-color\">HAV_Profile<\/mark><\/strong> <br>3. N\u1ebfu ch\u00e9p \u0111\u00fang th\u01b0 m\u1ee5c, \u0111\u00fang \u0111\u1ecbnh d\u1ea1ng c\u00e1c Farm Token s\u1ebd hi\u1ec3n th\u1ecb t\u1ea1i danh s\u00e1ch Token tr\u00ean Menu<\/p>\n\n\n\n<figure class=\"wp-block-image aligncenter size-large is-resized\"><img loading=\"lazy\" decoding=\"async\" width=\"1024\" height=\"683\" src=\"https:\/\/www.havteam.me\/wp-content\/uploads\/2026\/03\/file_00000000a31c72089527e433aeaa8660-1024x683.png\" alt=\"\" class=\"wp-image-5268\" style=\"aspect-ratio:1.5000097658157385;width:372px;height:auto\" srcset=\"https:\/\/havteam.me\/wp-content\/uploads\/2026\/03\/file_00000000a31c72089527e433aeaa8660-1024x683.png 1024w, https:\/\/havteam.me\/wp-content\/uploads\/2026\/03\/file_00000000a31c72089527e433aeaa8660-300x200.png 300w, https:\/\/havteam.me\/wp-content\/uploads\/2026\/03\/file_00000000a31c72089527e433aeaa8660-768x512.png 768w, https:\/\/havteam.me\/wp-content\/uploads\/2026\/03\/file_00000000a31c72089527e433aeaa8660-600x400.png 600w, https:\/\/havteam.me\/wp-content\/uploads\/2026\/03\/file_00000000a31c72089527e433aeaa8660.png 1536w\" sizes=\"(max-width: 1024px) 100vw, 1024px\" \/><\/figure>\n\n\n\n<p><\/p>\n","protected":false},"excerpt":{"rendered":"<p>I. Android qua Android \ud83d\udcf1\ud83d\udcf2 Mu\u1ed1n di chuy\u1ec3n hay chia s\u1ebd File Token qua \u0111i\u1ec7n tho\u1ea1i kh\u00e1c hay cho b\u1ea1n [&hellip;]<\/p>\n","protected":false},"author":1,"featured_media":0,"parent":0,"menu_order":0,"comment_status":"closed","ping_status":"closed","template":"","meta":{"site-sidebar-layout":"default","site-content-layout":"","ast-site-content-layout":"","site-content-style":"default","site-sidebar-style":"default","ast-global-header-display":"","ast-banner-title-visibility":"","ast-main-header-display":"","ast-hfb-above-header-display":"","ast-hfb-below-header-display":"","ast-hfb-mobile-header-display":"","site-post-title":"","ast-breadcrumbs-content":"","ast-featured-img":"","footer-sml-layout":"","ast-disable-related-posts":"","theme-transparent-header-meta":"","adv-header-id-meta":"","stick-header-meta":"","header-above-stick-meta":"","header-main-stick-meta":"","header-below-stick-meta":"","astra-migrate-meta-layouts":"default","ast-page-background-enabled":"default","ast-page-background-meta":{"desktop":{"background-color":"var(--ast-global-color-5)","background-image":"","background-repeat":"repeat","background-position":"center center","background-size":"auto","background-attachment":"scroll","background-type":"","background-media":"","overlay-type":"","overlay-color":"","overlay-opacity":"","overlay-gradient":""},"tablet":{"background-color":"","background-image":"","background-repeat":"repeat","background-position":"center center","background-size":"auto","background-attachment":"scroll","background-type":"","background-media":"","overlay-type":"","overlay-color":"","overlay-opacity":"","overlay-gradient":""},"mobile":{"background-color":"","background-image":"","background-repeat":"repeat","background-position":"center center","background-size":"auto","background-attachment":"scroll","background-type":"","background-media":"","overlay-type":"","overlay-color":"","overlay-opacity":"","overlay-gradient":""}},"ast-content-background-meta":{"desktop":{"background-color":"var(--ast-global-color-4)","background-image":"","background-repeat":"repeat","background-position":"center center","background-size":"auto","background-attachment":"scroll","background-type":"","background-media":"","overlay-type":"","overlay-color":"","overlay-opacity":"","overlay-gradient":""},"tablet":{"background-color":"var(--ast-global-color-4)","background-image":"","background-repeat":"repeat","background-position":"center center","background-size":"auto","background-attachment":"scroll","background-type":"","background-media":"","overlay-type":"","overlay-color":"","overlay-opacity":"","overlay-gradient":""},"mobile":{"background-color":"var(--ast-global-color-4)","background-image":"","background-repeat":"repeat","background-position":"center center","background-size":"auto","background-attachment":"scroll","background-type":"","background-media":"","overlay-type":"","overlay-color":"","overlay-opacity":"","overlay-gradient":""}},"footnotes":"[]"},"class_list":["post-3515","page","type-page","status-publish","hentry"],"_links":{"self":[{"href":"https:\/\/www.havteam.me\/index.php?rest_route=\/wp\/v2\/pages\/3515","targetHints":{"allow":["GET"]}}],"collection":[{"href":"https:\/\/www.havteam.me\/index.php?rest_route=\/wp\/v2\/pages"}],"about":[{"href":"https:\/\/www.havteam.me\/index.php?rest_route=\/wp\/v2\/types\/page"}],"author":[{"embeddable":true,"href":"https:\/\/www.havteam.me\/index.php?rest_route=\/wp\/v2\/users\/1"}],"replies":[{"embeddable":true,"href":"https:\/\/www.havteam.me\/index.php?rest_route=%2Fwp%2Fv2%2Fcomments&post=3515"}],"version-history":[{"count":26,"href":"https:\/\/www.havteam.me\/index.php?rest_route=\/wp\/v2\/pages\/3515\/revisions"}],"predecessor-version":[{"id":5279,"href":"https:\/\/www.havteam.me\/index.php?rest_route=\/wp\/v2\/pages\/3515\/revisions\/5279"}],"wp:attachment":[{"href":"https:\/\/www.havteam.me\/index.php?rest_route=%2Fwp%2Fv2%2Fmedia&parent=3515"}],"curies":[{"name":"wp","href":"https:\/\/api.w.org\/{rel}","templated":true}]}}