{"id":3457,"date":"2025-10-03T02:34:58","date_gmt":"2025-10-03T02:34:58","guid":{"rendered":"https:\/\/havteam.me\/?page_id=3457"},"modified":"2026-04-01T16:07:01","modified_gmt":"2026-04-01T16:07:01","slug":"cach-mo-bang-file-token-chep-vao-phone-mo-tren-fox","status":"publish","type":"page","link":"https:\/\/www.havteam.me\/?page_id=3457","title":{"rendered":"C\u00e1ch m\u1edf file Token ch\u00e9p v\u00e0o Phone m\u1edf tr\u00ean FOX"},"content":{"rendered":"\n<h4 class=\"wp-block-heading has-text-align-center wp-embed-aspect-4-3 wp-has-aspect-ratio\">* C\u00e1c <strong><mark style=\"background-color:rgba(0, 0, 0, 0);color:#cf2e2e\" class=\"has-inline-color\">FILE <\/mark><\/strong>token ch\u00e9p v\u00e0o th\u01b0 m\u1ee5c <strong><mark style=\"background-color:rgba(0, 0, 0, 0);color:#f709bb\" class=\"has-inline-color\">HAV_Profile<\/mark><\/strong> trong b\u1ed9 nh\u1edb l\u01b0u tr\u1eef \u0111i\u1ec7n tho\u1ea1i<br>(X\u00f3a F\ud83e\udd8aX kh\u00f4ng \u1ea3nh h\u01b0\u1edfng g\u00ec \u0111\u1ebfn<strong><mark style=\"background-color:rgba(0, 0, 0, 0);color:#cf2e2e\" class=\"has-inline-color\"> FILE<\/mark><\/strong> Token , v\u00ec File n\u1eb1m trong b\u1ed9 nh\u1edb l\u01b0u tr\u1eef c\u1ee7a \u0110i\u1ec7n tho\u1ea1i)<\/h4>\n\n\n\n<h2 class=\"wp-block-heading has-text-align-center wp-embed-aspect-4-3 wp-has-aspect-ratio\">I. H\u01b0\u1edbng d\u1eabn s\u1eed d\u1ee5ng<\/h2>\n\n\n\n<p>B1. V\u00e0o Qu\u1ea3n l\u00fd File tr\u00ean \u0111i\u1ec7n tho\u1ea1i &gt; B\u1ed9 nh\u1edb trong &gt; HAV_Profile<br><\/p>\n\n\n\n<figure class=\"wp-block-image aligncenter size-full is-resized\"><img fetchpriority=\"high\" decoding=\"async\" width=\"2000\" height=\"2000\" src=\"https:\/\/www.havteam.me\/wp-content\/uploads\/2026\/02\/33d5ca80-a0e1-4b23-ad96-4a9b21969658-1.jpg\" alt=\"\" class=\"wp-image-4787\" style=\"aspect-ratio:1.0427871304458518;width:467px;height:auto\" srcset=\"https:\/\/havteam.me\/wp-content\/uploads\/2026\/02\/33d5ca80-a0e1-4b23-ad96-4a9b21969658-1.jpg 2000w, https:\/\/havteam.me\/wp-content\/uploads\/2026\/02\/33d5ca80-a0e1-4b23-ad96-4a9b21969658-1-300x300.jpg 300w, https:\/\/havteam.me\/wp-content\/uploads\/2026\/02\/33d5ca80-a0e1-4b23-ad96-4a9b21969658-1-1024x1024.jpg 1024w, https:\/\/havteam.me\/wp-content\/uploads\/2026\/02\/33d5ca80-a0e1-4b23-ad96-4a9b21969658-1-150x150.jpg 150w, https:\/\/havteam.me\/wp-content\/uploads\/2026\/02\/33d5ca80-a0e1-4b23-ad96-4a9b21969658-1-768x768.jpg 768w, https:\/\/havteam.me\/wp-content\/uploads\/2026\/02\/33d5ca80-a0e1-4b23-ad96-4a9b21969658-1-1536x1536.jpg 1536w, https:\/\/havteam.me\/wp-content\/uploads\/2026\/02\/33d5ca80-a0e1-4b23-ad96-4a9b21969658-1-600x600.jpg 600w, https:\/\/havteam.me\/wp-content\/uploads\/2026\/02\/33d5ca80-a0e1-4b23-ad96-4a9b21969658-1-100x100.jpg 100w\" sizes=\"(max-width: 2000px) 100vw, 2000px\" \/><figcaption class=\"wp-element-caption\">Hi\u1ec3n th\u1ecb t\u1ea5t c\u1ea3 file \u1ea9n<\/figcaption><\/figure>\n\n\n\n<p>B2. Copy File Token Farm v\u00e0o th\u01b0 m\u1ee5c <strong><mark style=\"background-color:rgba(0, 0, 0, 0);color:#ff6900\" class=\"has-inline-color\">HAV_Profile<\/mark><\/strong> <br>L\u01b0u \u00fd ch\u1ec9 \u0111\u1ecdc file \u0111\u00e3 gi\u1ea3i n\u00e9n <\/p>\n\n\n\n<figure class=\"wp-block-image aligncenter size-full is-resized\"><img decoding=\"async\" width=\"840\" height=\"391\" src=\"https:\/\/www.havteam.me\/wp-content\/uploads\/2026\/02\/1da00549-574f-4b30-bf9c-e1764fde0a9f.jpg\" alt=\"\" class=\"wp-image-4797\" style=\"aspect-ratio:2.1483834871917837;width:477px;height:auto\" srcset=\"https:\/\/havteam.me\/wp-content\/uploads\/2026\/02\/1da00549-574f-4b30-bf9c-e1764fde0a9f.jpg 840w, https:\/\/havteam.me\/wp-content\/uploads\/2026\/02\/1da00549-574f-4b30-bf9c-e1764fde0a9f-300x140.jpg 300w, https:\/\/havteam.me\/wp-content\/uploads\/2026\/02\/1da00549-574f-4b30-bf9c-e1764fde0a9f-768x357.jpg 768w, https:\/\/havteam.me\/wp-content\/uploads\/2026\/02\/1da00549-574f-4b30-bf9c-e1764fde0a9f-600x279.jpg 600w\" sizes=\"(max-width: 840px) 100vw, 840px\" \/><\/figure>\n\n\n\n<p>B3. M\u1edf FOX &gt; Tab Token &gt; S\u1ebd th\u1ea5y Farm token \u0111\u00e3 ch\u00e9p v\u00e0o<\/p>\n\n\n\n<figure class=\"wp-block-embed is-type-video is-provider-youtube wp-block-embed-youtube wp-embed-aspect-16-9 wp-has-aspect-ratio\"><div class=\"wp-block-embed__wrapper\">\n<iframe title=\"Ch\u00e9p File Farm tr\u1eafng v\u00e0o th\u01b0 M\u1ee5c HAV_Profile\" width=\"500\" height=\"281\" src=\"https:\/\/www.youtube.com\/embed\/XKdmDRZoKUw?feature=oembed\" frameborder=\"0\" allow=\"accelerometer; autoplay; clipboard-write; encrypted-media; gyroscope; picture-in-picture; web-share\" referrerpolicy=\"strict-origin-when-cross-origin\" allowfullscreen><\/iframe>\n<\/div><\/figure>\n\n\n\n<h2 class=\"wp-block-heading has-text-align-center wp-embed-aspect-4-3 wp-has-aspect-ratio\">II. M\u1edf file t\u1eeb c\u00e1c \u1ee8ng d\u1ee5ng kh\u00e1c<\/h2>\n\n\n\n<div class=\"wp-block-media-text\" style=\"grid-template-columns:15% auto\"><figure class=\"wp-block-media-text__media\"><img decoding=\"async\" width=\"192\" height=\"192\" src=\"https:\/\/www.havteam.me\/wp-content\/uploads\/2025\/06\/b12cf640-59d8-4e70-af38-0a1df1fa40c7.jpg\" alt=\"\" class=\"wp-image-2714 size-full\" srcset=\"https:\/\/havteam.me\/wp-content\/uploads\/2025\/06\/b12cf640-59d8-4e70-af38-0a1df1fa40c7.jpg 192w, https:\/\/havteam.me\/wp-content\/uploads\/2025\/06\/b12cf640-59d8-4e70-af38-0a1df1fa40c7-100x100.jpg 100w, https:\/\/havteam.me\/wp-content\/uploads\/2025\/06\/b12cf640-59d8-4e70-af38-0a1df1fa40c7-64x64.jpg 64w, https:\/\/havteam.me\/wp-content\/uploads\/2025\/06\/b12cf640-59d8-4e70-af38-0a1df1fa40c7-150x150.jpg 150w\" sizes=\"(max-width: 192px) 100vw, 192px\" \/><\/figure><div class=\"wp-block-media-text__content\">\n<p>1.Gi\u1ea3i n\u00e9n th\u00e0nh th\u01b0 m\u1ee5c ch\u1ee9a c\u00e1c file XML<br>2. Ch\u00e9p file v\u00e0o th\u01b0 m\u1ee5c <strong><mark style=\"background-color:rgba(0, 0, 0, 0);color:#ff6900\" class=\"has-inline-color\">HAV_Profile<\/mark><\/strong> tr\u00ean thi\u1ebft b\u1ecb c\u00f3 c\u00e0i FOX<\/p>\n<\/div><\/div>\n\n\n\n<h2 class=\"wp-block-heading has-text-align-center wp-embed-aspect-4-3 wp-has-aspect-ratio\">III. M\u1edf b\u1eb1ng List t\u1ea1o s\u1eb3n<\/h2>\n\n\n\n<figure class=\"wp-block-embed aligncenter is-type-video is-provider-youtube wp-block-embed-youtube wp-embed-aspect-4-3 wp-has-aspect-ratio\"><div class=\"wp-block-embed__wrapper\">\n<iframe title=\"M\u1edf Farm tr\u1eafng b\u1eb1ng ListFarmToken.csv\" width=\"500\" height=\"375\" src=\"https:\/\/www.youtube.com\/embed\/nfPrtobZeYI?feature=oembed\" frameborder=\"0\" allow=\"accelerometer; autoplay; clipboard-write; encrypted-media; gyroscope; picture-in-picture; web-share\" referrerpolicy=\"strict-origin-when-cross-origin\" allowfullscreen><\/iframe>\n<\/div><figcaption class=\"wp-element-caption\">M\u1edf b\u1eb1ng List t\u1ea1o s\u1eb3n <strong><mark style=\"background-color:rgba(0, 0, 0, 0);color:#f11111\" class=\"has-inline-color\">ListFarmToken.csv<\/mark><\/strong><\/figcaption><\/figure>\n\n\n\n<p><\/p>\n","protected":false},"excerpt":{"rendered":"<p>* C\u00e1c FILE token ch\u00e9p v\u00e0o th\u01b0 m\u1ee5c HAV_Profile trong b\u1ed9 nh\u1edb l\u01b0u tr\u1eef \u0111i\u1ec7n tho\u1ea1i(X\u00f3a F\ud83e\udd8aX kh\u00f4ng \u1ea3nh h\u01b0\u1edfng [&hellip;]<\/p>\n","protected":false},"author":1,"featured_media":0,"parent":0,"menu_order":0,"comment_status":"closed","ping_status":"closed","template":"","meta":{"site-sidebar-layout":"default","site-content-layout":"","ast-site-content-layout":"","site-content-style":"default","site-sidebar-style":"default","ast-global-header-display":"","ast-banner-title-visibility":"","ast-main-header-display":"","ast-hfb-above-header-display":"","ast-hfb-below-header-display":"","ast-hfb-mobile-header-display":"","site-post-title":"","ast-breadcrumbs-content":"","ast-featured-img":"","footer-sml-layout":"","ast-disable-related-posts":"","theme-transparent-header-meta":"","adv-header-id-meta":"","stick-header-meta":"","header-above-stick-meta":"","header-main-stick-meta":"","header-below-stick-meta":"","astra-migrate-meta-layouts":"default","ast-page-background-enabled":"default","ast-page-background-meta":{"desktop":{"background-color":"var(--ast-global-color-5)","background-image":"","background-repeat":"repeat","background-position":"center center","background-size":"auto","background-attachment":"scroll","background-type":"","background-media":"","overlay-type":"","overlay-color":"","overlay-opacity":"","overlay-gradient":""},"tablet":{"background-color":"","background-image":"","background-repeat":"repeat","background-position":"center center","background-size":"auto","background-attachment":"scroll","background-type":"","background-media":"","overlay-type":"","overlay-color":"","overlay-opacity":"","overlay-gradient":""},"mobile":{"background-color":"","background-image":"","background-repeat":"repeat","background-position":"center center","background-size":"auto","background-attachment":"scroll","background-type":"","background-media":"","overlay-type":"","overlay-color":"","overlay-opacity":"","overlay-gradient":""}},"ast-content-background-meta":{"desktop":{"background-color":"var(--ast-global-color-4)","background-image":"","background-repeat":"repeat","background-position":"center center","background-size":"auto","background-attachment":"scroll","background-type":"","background-media":"","overlay-type":"","overlay-color":"","overlay-opacity":"","overlay-gradient":""},"tablet":{"background-color":"var(--ast-global-color-4)","background-image":"","background-repeat":"repeat","background-position":"center center","background-size":"auto","background-attachment":"scroll","background-type":"","background-media":"","overlay-type":"","overlay-color":"","overlay-opacity":"","overlay-gradient":""},"mobile":{"background-color":"var(--ast-global-color-4)","background-image":"","background-repeat":"repeat","background-position":"center center","background-size":"auto","background-attachment":"scroll","background-type":"","background-media":"","overlay-type":"","overlay-color":"","overlay-opacity":"","overlay-gradient":""}},"footnotes":""},"class_list":["post-3457","page","type-page","status-publish","hentry"],"_links":{"self":[{"href":"https:\/\/www.havteam.me\/index.php?rest_route=\/wp\/v2\/pages\/3457","targetHints":{"allow":["GET"]}}],"collection":[{"href":"https:\/\/www.havteam.me\/index.php?rest_route=\/wp\/v2\/pages"}],"about":[{"href":"https:\/\/www.havteam.me\/index.php?rest_route=\/wp\/v2\/types\/page"}],"author":[{"embeddable":true,"href":"https:\/\/www.havteam.me\/index.php?rest_route=\/wp\/v2\/users\/1"}],"replies":[{"embeddable":true,"href":"https:\/\/www.havteam.me\/index.php?rest_route=%2Fwp%2Fv2%2Fcomments&post=3457"}],"version-history":[{"count":15,"href":"https:\/\/www.havteam.me\/index.php?rest_route=\/wp\/v2\/pages\/3457\/revisions"}],"predecessor-version":[{"id":5606,"href":"https:\/\/www.havteam.me\/index.php?rest_route=\/wp\/v2\/pages\/3457\/revisions\/5606"}],"wp:attachment":[{"href":"https:\/\/www.havteam.me\/index.php?rest_route=%2Fwp%2Fv2%2Fmedia&parent=3457"}],"curies":[{"name":"wp","href":"https:\/\/api.w.org\/{rel}","templated":true}]}}