{"id":202,"date":"2025-03-26T17:26:18","date_gmt":"2025-03-26T17:26:18","guid":{"rendered":"https:\/\/havteam.me\/?page_id=202"},"modified":"2026-03-29T11:26:07","modified_gmt":"2026-03-29T11:26:07","slug":"hav-keyboard","status":"publish","type":"page","link":"https:\/\/www.havteam.me\/?page_id=202","title":{"rendered":"HAV Keyboard"},"content":{"rendered":"\n<figure class=\"wp-block-table is-style-regular\"><table class=\"has-fixed-layout\"><tbody><tr><td><mark style=\"background-color:rgba(0, 0, 0, 0)\" class=\"has-inline-color has-ast-global-color-0-color\"><a href=\"https:\/\/www.havteam.me\/?page_id=631\" title=\"\" target=\"_blank\" rel=\"noopener\">Giao Di\u1ec7n<\/a><\/mark><\/td><td><mark style=\"background-color:rgba(0, 0, 0, 0)\" class=\"has-inline-color has-ast-global-color-0-color\"><a href=\"https:\/\/www.havteam.me\/?page_id=853\" title=\"\" target=\"_blank\" rel=\"noopener\">C\u1eeda H\u00e0ng<\/a><\/mark><\/td><td><mark style=\"background-color:rgba(0, 0, 0, 0)\" class=\"has-inline-color has-ast-global-color-0-color\"><a href=\"https:\/\/www.havteam.me\/?page_id=859\" title=\"\" target=\"_blank\" rel=\"noopener\">Ch\u1ee9c N\u0103ng<\/a><\/mark><\/td><\/tr><tr><td><mark style=\"background-color:rgba(0, 0, 0, 0)\" class=\"has-inline-color has-ast-global-color-0-color\"><a href=\"https:\/\/www.havteam.me\/?page_id=638\" title=\"\" target=\"_blank\" rel=\"noopener\">H\u1ed7 tr\u1ee3<\/a><\/mark><\/td><td><mark style=\"background-color:rgba(0, 0, 0, 0)\" class=\"has-inline-color has-ast-global-color-0-color\"><a href=\"https:\/\/www.havteam.me\/?page_id=650\" title=\"\" target=\"_blank\" rel=\"noopener\"><span class=\"notranslate\">Supercell ID<\/span><\/a><\/mark><\/td><td><mark style=\"background-color:rgba(0, 0, 0, 0)\" class=\"has-inline-color has-ast-global-color-0-color\"><a href=\"https:\/\/www.havteam.me\/?page_id=866\" title=\"\" target=\"_blank\" rel=\"noopener\"><span class=\"notranslate\">Token<\/span><\/a><\/mark><\/td><\/tr><tr><td><mark style=\"background-color:rgba(0, 0, 0, 0)\" class=\"has-inline-color has-ast-global-color-0-color\"><a href=\"https:\/\/www.havteam.me\/?page_id=840\" title=\"\" target=\"_blank\" rel=\"noopener\">Nh\u00e2n B\u1ea3n<\/a><\/mark><\/td><td><mark style=\"background-color:rgba(0, 0, 0, 0)\" class=\"has-inline-color has-ast-global-color-2-color\"><strong>B\u00e0n ph\u00edm<\/strong><\/mark><\/td><td><mark style=\"background-color:rgba(0, 0, 0, 0)\" class=\"has-inline-color has-ast-global-color-0-color\"><a href=\"https:\/\/www.havteam.me\/?page_id=873\" title=\"\" target=\"_blank\" rel=\"noopener\">\u1ee8ng d\u1ee5ng<\/a><\/mark><\/td><\/tr><tr><td><mark style=\"background-color:rgba(0, 0, 0, 0)\" class=\"has-inline-color has-ast-global-color-0-color\"><a href=\"https:\/\/www.havteam.me\/?page_id=846\" title=\"\" target=\"_blank\" rel=\"noopener\">C\u00e0i \u0110\u1eb7t<\/a><\/mark><\/td><td><mark style=\"background-color:rgba(0, 0, 0, 0)\" class=\"has-inline-color has-ast-global-color-0-color\"><a href=\"https:\/\/www.havteam.me\/?page_id=3421\" target=\"_blank\" rel=\"noopener\">M\u1eb7c \u0111\u1ecbnh<\/a><\/mark><\/td><td><mark style=\"background-color:rgba(0, 0, 0, 0)\" class=\"has-inline-color has-ast-global-color-0-color\"><a title=\"\" href=\"https:\/\/www.havteam.me\/?page_id=110\" target=\"_blank\" rel=\"noopener\">\u21a9 Tr\u1edf v\u1ec1<\/a><\/mark><\/td><\/tr><\/tbody><\/table><\/figure>\n\n\n\n<div class=\"wp-block-columns is-not-stacked-on-mobile is-layout-flex wp-container-core-columns-is-layout-07b7b7eb wp-block-columns-is-layout-flex\" style=\"padding-top:0;padding-right:0;padding-bottom:0;padding-left:0\">\n<div class=\"wp-block-column is-layout-flow wp-block-column-is-layout-flow\" style=\"flex-basis:65%\">\n<h4 class=\"wp-block-heading\"><strong>HAV Keyboard<\/strong><\/h4>\n<\/div>\n\n\n\n<div class=\"wp-block-column is-layout-flow wp-block-column-is-layout-flow\" style=\"flex-basis:35%\">\n<div class=\"wp-block-buttons is-content-justification-right is-layout-flex wp-container-core-buttons-is-layout-d445cf74 wp-block-buttons-is-layout-flex\">\n<div class=\"wp-block-button is-style-outline is-style-outline--1\"><a class=\"wp-block-button__link wp-element-button\" href=\"https:\/\/www.havteam.me\/?page_id=116\" target=\"_blank\" rel=\"noopener\"><mark style=\"background-color:rgba(0, 0, 0, 0)\" class=\"has-inline-color has-ast-global-color-2-color\"><strong>Mua<\/strong><\/mark> \ud83d\udd11<\/a><\/div>\n<\/div>\n<\/div>\n<\/div>\n\n\n\n<p><strong>M\u1ed9t b\u00e0n ph\u00edm ri\u00eang \u0111\u01b0\u1ee3c t\u1ea1o b\u1edfi Team HAV \u0111\u1ec3 t\u00ecm v\u1eadt ph\u1ea9m nhanh &#8230;<\/strong><br>C\u00f3 phi\u00ean b\u1ea3n Free v\u00e0 phi\u00ean b\u1ea3n c\u00f3 Ph\u00ed v\u1edbi nhi\u1ec1u ti\u1ec7n \u00edch h\u01a1n (mua Key b\u00e0n ph\u00edm \u0111\u1ec3 s\u1eed d\u1ee5ng)<\/p>\n\n\n\n<figure class=\"wp-block-image aligncenter size-large\"><img fetchpriority=\"high\" decoding=\"async\" width=\"1024\" height=\"347\" src=\"https:\/\/www.havteam.me\/wp-content\/uploads\/2025\/03\/key4-1024x347.jpg\" alt=\"\" class=\"wp-image-203\" srcset=\"https:\/\/havteam.me\/wp-content\/uploads\/2025\/03\/key4-1024x347.jpg 1024w, https:\/\/havteam.me\/wp-content\/uploads\/2025\/03\/key4-600x203.jpg 600w, https:\/\/havteam.me\/wp-content\/uploads\/2025\/03\/key4-64x22.jpg 64w, https:\/\/havteam.me\/wp-content\/uploads\/2025\/03\/key4-300x102.jpg 300w, https:\/\/havteam.me\/wp-content\/uploads\/2025\/03\/key4-768x260.jpg 768w, https:\/\/havteam.me\/wp-content\/uploads\/2025\/03\/key4-1536x520.jpg 1536w, https:\/\/havteam.me\/wp-content\/uploads\/2025\/03\/key4.jpg 2045w\" sizes=\"(max-width: 1024px) 100vw, 1024px\" \/><figcaption class=\"wp-element-caption\"><mark style=\"background-color:rgba(0, 0, 0, 0)\" class=\"has-inline-color has-ast-global-color-2-color\">T\u00ecm ki\u1ebfm nhanh v\u1eadt ph\u1ea9m b\u1eb1ng b\u00e0n ph\u00edm h\u00ecnh \u1ea3nh ti\u1ec7n d\u1ee5ng<\/mark><\/figcaption><\/figure>\n\n\n\n<p><\/p>\n\n\n\n<div class=\"wp-block-columns is-not-stacked-on-mobile is-layout-flex wp-container-core-columns-is-layout-76136483 wp-block-columns-is-layout-flex\" style=\"margin-top:0;margin-bottom:0;padding-top:0;padding-right:0;padding-bottom:0;padding-left:0\">\n<div class=\"wp-block-column is-layout-flow wp-block-column-is-layout-flow\" style=\"flex-basis:66.66%\">\n<h5 class=\"wp-block-heading\">1. <strong>Ti\u1ec7n \u00edch b\u00e0n ph\u00edm HAV<\/strong><\/h5>\n<\/div>\n\n\n\n<div class=\"wp-block-column is-layout-flow wp-block-column-is-layout-flow\" style=\"flex-basis:33.33%\">\n<p><a href=\"https:\/\/www.havteam.me\/?page_id=4108\" target=\"_blank\" rel=\"noopener\">Xem th\u00eam &gt;<\/a><\/p>\n<\/div>\n<\/div>\n\n\n\n<div class=\"wp-block-columns is-not-stacked-on-mobile is-layout-flex wp-container-core-columns-is-layout-76136483 wp-block-columns-is-layout-flex\" style=\"margin-top:0;margin-bottom:0;padding-top:0;padding-right:0;padding-bottom:0;padding-left:0\">\n<div class=\"wp-block-column is-layout-flow wp-block-column-is-layout-flow\" style=\"flex-basis:66.66%\">\n<h5 class=\"wp-block-heading\">2. <strong>K\u00edch ho\u1ea1t b\u00e0n ph\u00edm Free<\/strong><\/h5>\n<\/div>\n\n\n\n<div class=\"wp-block-column is-layout-flow wp-block-column-is-layout-flow\" style=\"flex-basis:33.33%\">\n<p><a href=\"https:\/\/www.havteam.me\/?page_id=4097\" target=\"_blank\" rel=\"noopener\">Xem th\u00eam &gt;<\/a><\/p>\n<\/div>\n<\/div>\n\n\n\n<div class=\"wp-block-columns is-not-stacked-on-mobile is-layout-flex wp-container-core-columns-is-layout-76136483 wp-block-columns-is-layout-flex\" style=\"margin-top:0;margin-bottom:0;padding-top:0;padding-right:0;padding-bottom:0;padding-left:0\">\n<div class=\"wp-block-column is-layout-flow wp-block-column-is-layout-flow\" style=\"flex-basis:66.66%\">\n<h5 class=\"wp-block-heading\">3. <strong>C\u00e0i \u0111\u1eb7t b\u00e0n ph\u00edm c\u00f3 ph\u00ed<\/strong><\/h5>\n<\/div>\n\n\n\n<div class=\"wp-block-column is-layout-flow wp-block-column-is-layout-flow\" style=\"flex-basis:33.33%\">\n<p><a href=\"https:\/\/www.havteam.me\/?page_id=4104\" target=\"_blank\" rel=\"noopener\">Xem th\u00eam &gt;<\/a><\/p>\n<\/div>\n<\/div>\n\n\n\n<h2 class=\"wp-block-heading has-text-align-center\">C\u00e2u h\u1ecfi th\u01b0\u1eddng G\u1eb7p<\/h2>\n\n\n\n<p>\u2753 C\u00e1ch b\u00e1n nhanh <strong>1 v\u1eadt ph\u1ea9m<\/strong> trong kho l\u00ean Shop ?<br>\ud83e\udd8a C\u00f3 th\u1ec3 Ghim v\u1eadt ph\u1ea9m \u0111\u00f3 v\u00e0 nh\u1ea5n ch\u1ecdn \u0111\u1ec3 b\u00e1n l\u00ean Shop <br>\ud83d\udc49 <a href=\"https:\/\/youtu.be\/0JSOA52P5PY\" target=\"_blank\" rel=\"noopener\"><strong>Xem Clip<\/strong> <strong>demo<\/strong><\/a><\/p>\n\n\n\n<p>\u2753 C\u00e1ch b\u00e1n nhanh <strong>nhi\u1ec1u v\u1eadt ph\u1ea9m<\/strong> \u0111\u01b0\u1ee3c ch\u1ecdn s\u1eb3n trong kho l\u00ean Shop ?<br>\ud83e\udd8a C\u00f3 th\u1ec3 Ghim c\u00e1c v\u1eadt ph\u1ea9m \u0111\u00f3 v\u00e0 ch\u1ecdn \u0111\u1ec3 b\u00e1n l\u00ean Shop <br>\ud83d\udc49 <strong><a href=\"https:\/\/youtu.be\/aukH-UvG9tQ\" target=\"_blank\" rel=\"noopener\">Xem Clip demo<\/a><\/strong><\/p>\n\n\n\n<p>\u2753 C\u00e1ch b\u00e1n nhanh <strong>t\u1ea5t c\u1ea3 Sinh t\u1ed1 hay M\u1ee9t<\/strong> , &#8230; l\u00e0m sao ch\u1ecdn nhanh \u0111\u01b0\u1ee3c ?<br>\ud83e\udd8a C\u00f3 th\u1ec3 t\u1ea1o t\u1eeb kh\u00f3a &#8220;Sinh t\u1ed1&#8221; v\u00e0 Ghim n\u00fat v\u1eeba t\u1ea1o \u0111\u1ec3 c\u00f3 th\u1ec3 t\u00ecm ki\u1ebfm nh\u00f3m v\u1eadt ph\u1ea9m \u0111\u1ec3 b\u00e1n l\u00ean Shop <br>\ud83d\udc49 <a href=\"https:\/\/youtu.be\/Aweb88hn9Qw\" target=\"_blank\" rel=\"noopener\"><strong>Xem Clip demo<\/strong><\/a><\/p>\n\n\n\n<p>\u2753 Ki\u1ebfm nhanh v\u1eadt ph\u1ea9m thi\u1ebfu khi ch\u1ea1y xe &#8230; ?<br>\ud83e\udd8a C\u00f3 th\u1ec3 t\u00ecm ki\u1ebfm v\u1eadt ph\u1ea9m b\u1eb1ng ch\u1ebf \u0111\u1ed9 m\u00e0u <br>\ud83d\udc49 <a href=\"https:\/\/www.youtube.com\/watch?v=tEbNeb9OYjM\" target=\"_blank\" rel=\"noopener\"><strong>Xem Clip demo<\/strong><\/a><\/p>\n\n\n\n<p><\/p>\n","protected":false},"excerpt":{"rendered":"<p>Giao Di\u1ec7n C\u1eeda H\u00e0ng Ch\u1ee9c N\u0103ng H\u1ed7 tr\u1ee3 Supercell ID Token Nh\u00e2n B\u1ea3n B\u00e0n ph\u00edm \u1ee8ng d\u1ee5ng C\u00e0i \u0110\u1eb7t M\u1eb7c [&hellip;]<\/p>\n","protected":false},"author":1,"featured_media":0,"parent":0,"menu_order":0,"comment_status":"closed","ping_status":"closed","template":"","meta":{"site-sidebar-layout":"default","site-content-layout":"","ast-site-content-layout":"","site-content-style":"default","site-sidebar-style":"default","ast-global-header-display":"","ast-banner-title-visibility":"","ast-main-header-display":"","ast-hfb-above-header-display":"","ast-hfb-below-header-display":"","ast-hfb-mobile-header-display":"","site-post-title":"disabled","ast-breadcrumbs-content":"","ast-featured-img":"","footer-sml-layout":"","ast-disable-related-posts":"","theme-transparent-header-meta":"","adv-header-id-meta":"","stick-header-meta":"","header-above-stick-meta":"","header-main-stick-meta":"","header-below-stick-meta":"","astra-migrate-meta-layouts":"default","ast-page-background-enabled":"default","ast-page-background-meta":{"desktop":{"background-color":"var(--ast-global-color-5)","background-image":"","background-repeat":"repeat","background-position":"center center","background-size":"auto","background-attachment":"scroll","background-type":"","background-media":"","overlay-type":"","overlay-color":"","overlay-opacity":"","overlay-gradient":""},"tablet":{"background-color":"","background-image":"","background-repeat":"repeat","background-position":"center center","background-size":"auto","background-attachment":"scroll","background-type":"","background-media":"","overlay-type":"","overlay-color":"","overlay-opacity":"","overlay-gradient":""},"mobile":{"background-color":"","background-image":"","background-repeat":"repeat","background-position":"center center","background-size":"auto","background-attachment":"scroll","background-type":"","background-media":"","overlay-type":"","overlay-color":"","overlay-opacity":"","overlay-gradient":""}},"ast-content-background-meta":{"desktop":{"background-color":"var(--ast-global-color-4)","background-image":"","background-repeat":"repeat","background-position":"center center","background-size":"auto","background-attachment":"scroll","background-type":"","background-media":"","overlay-type":"","overlay-color":"","overlay-opacity":"","overlay-gradient":""},"tablet":{"background-color":"var(--ast-global-color-4)","background-image":"","background-repeat":"repeat","background-position":"center center","background-size":"auto","background-attachment":"scroll","background-type":"","background-media":"","overlay-type":"","overlay-color":"","overlay-opacity":"","overlay-gradient":""},"mobile":{"background-color":"var(--ast-global-color-4)","background-image":"","background-repeat":"repeat","background-position":"center center","background-size":"auto","background-attachment":"scroll","background-type":"","background-media":"","overlay-type":"","overlay-color":"","overlay-opacity":"","overlay-gradient":""}},"footnotes":""},"class_list":["post-202","page","type-page","status-publish","hentry"],"_links":{"self":[{"href":"https:\/\/www.havteam.me\/index.php?rest_route=\/wp\/v2\/pages\/202","targetHints":{"allow":["GET"]}}],"collection":[{"href":"https:\/\/www.havteam.me\/index.php?rest_route=\/wp\/v2\/pages"}],"about":[{"href":"https:\/\/www.havteam.me\/index.php?rest_route=\/wp\/v2\/types\/page"}],"author":[{"embeddable":true,"href":"https:\/\/www.havteam.me\/index.php?rest_route=\/wp\/v2\/users\/1"}],"replies":[{"embeddable":true,"href":"https:\/\/www.havteam.me\/index.php?rest_route=%2Fwp%2Fv2%2Fcomments&post=202"}],"version-history":[{"count":63,"href":"https:\/\/www.havteam.me\/index.php?rest_route=\/wp\/v2\/pages\/202\/revisions"}],"predecessor-version":[{"id":5522,"href":"https:\/\/www.havteam.me\/index.php?rest_route=\/wp\/v2\/pages\/202\/revisions\/5522"}],"wp:attachment":[{"href":"https:\/\/www.havteam.me\/index.php?rest_route=%2Fwp%2Fv2%2Fmedia&parent=202"}],"curies":[{"name":"wp","href":"https:\/\/api.w.org\/{rel}","templated":true}]}}