{"id":1882,"date":"2025-04-28T04:41:22","date_gmt":"2025-04-28T04:41:22","guid":{"rendered":"https:\/\/havteam.me\/?page_id=1882"},"modified":"2026-04-18T16:07:13","modified_gmt":"2026-04-18T16:07:13","slug":"dang-ky","status":"publish","type":"page","link":"https:\/\/www.havteam.me\/?page_id=1882","title":{"rendered":"\u0110\u0103ng k\u00fd"},"content":{"rendered":"\n<div class=\"wp-block-columns is-not-stacked-on-mobile is-layout-flex wp-container-core-columns-is-layout-a5331a9e wp-block-columns-is-layout-flex\" style=\"padding-top:0;padding-right:0;padding-bottom:0;padding-left:0\">\n<div class=\"wp-block-column is-layout-flow wp-block-column-is-layout-flow\" style=\"flex-basis:50%\">\n<h4 class=\"wp-block-heading\"><strong>\u0110\u0103ng k\u00fd<\/strong><\/h4>\n<\/div>\n\n\n\n<div class=\"wp-block-column is-layout-flow wp-block-column-is-layout-flow\" style=\"flex-basis:50%\">\n<div class=\"wp-block-buttons is-content-justification-right is-layout-flex wp-container-core-buttons-is-layout-d445cf74 wp-block-buttons-is-layout-flex\">\n<div class=\"wp-block-button is-style-outline is-style-outline--1\"><a class=\"wp-block-button__link wp-element-button\" href=\"https:\/\/www.havteam.me\/?page_id=2974\" target=\"_blank\" rel=\"noopener\"><mark style=\"background-color:rgba(0, 0, 0, 0)\" class=\"has-inline-color has-ast-global-color-2-color\">Gi\u00e1<\/mark><\/a><\/div>\n<\/div>\n<\/div>\n<\/div>\n\n\n\n<figure class=\"wp-block-image aligncenter size-full is-resized\"><a href=\"http:\/\/HAVstore.xyz\" target=\"_blank\" rel=\" noreferrer noopener\"><img fetchpriority=\"high\" decoding=\"async\" width=\"1024\" height=\"215\" src=\"https:\/\/www.havteam.me\/wp-content\/uploads\/2025\/04\/store-1-1024x215-1.png\" alt=\"\" class=\"wp-image-1912\" style=\"aspect-ratio:4.763064176175594;width:624px;height:auto\" srcset=\"https:\/\/havteam.me\/wp-content\/uploads\/2025\/04\/store-1-1024x215-1.png 1024w, https:\/\/havteam.me\/wp-content\/uploads\/2025\/04\/store-1-1024x215-1-600x126.png 600w, https:\/\/havteam.me\/wp-content\/uploads\/2025\/04\/store-1-1024x215-1-64x13.png 64w, https:\/\/havteam.me\/wp-content\/uploads\/2025\/04\/store-1-1024x215-1-300x63.png 300w, https:\/\/havteam.me\/wp-content\/uploads\/2025\/04\/store-1-1024x215-1-768x161.png 768w\" sizes=\"(max-width: 1024px) 100vw, 1024px\" \/><\/a><\/figure>\n\n\n\n<p>B\u01b0\u1edbc 1 : L\u1ea5y UDID c\u1ee7a Phone \ud83d\udc49<a title=\"\" href=\"https:\/\/youtu.be\/Tlwp4pTh_VY\" target=\"_blank\" rel=\"noopener\"><strong>C\u00e1ch l\u1ea5y<\/strong><\/a> \ud83c\udfac<br>B\u01b0\u1edbc 2 : G\u1eedi UDID cho Admin \u0111\u0103ng k\u00fd \ud83d\udc49<a title=\"\" href=\"http:\/\/m.me\/Fox.HAV\" target=\"_blank\" rel=\"noopener\"><strong>G\u1eedi<\/strong><\/a> <br>B\u01b0\u1edbc 3 : \ud83d\udc49Xem <a href=\"https:\/\/www.havteam.me\/?page_id=2974\" target=\"_blank\" rel=\"noopener\"><strong>Gi\u00e1<\/strong> v\u00e0 <strong>Thanh to\u00e1n<\/strong><\/a> \ud83d\udcb0<br>B\u01b0\u1edbc 4 : \u0110\u1ee3i Admin \u0111\u0103ng k\u00fd <strong><mark style=\"background-color:rgba(0, 0, 0, 0);color:#e94e1d\" class=\"has-inline-color\">4 ng\u00e0y<\/mark><\/strong> sau \u23f3<br>B\u01b0\u1edbc 5 : Khi \u0111\u0103ng k\u00fd th\u00e0nh c\u00f4ng<br>\ud83d\udc69\ud83c\udffb\u200d\ud83d\udcbbAdmin c\u1ea5p quy\u1ec1n truy c\u1eadp \ud83d\udc49<strong><a href=\"https:\/\/HAVstore.xyz\" target=\"_blank\" rel=\"noreferrer noopener\">HAV Store<\/a><\/strong> \ud83d\udd17<br><\/p>\n\n\n\n<h4 class=\"wp-block-heading has-text-align-left\">\ud83d\udcf2 C\u00e1ch \u0111\u0103ng nh\u1eadp v\u00e0o Store<\/h4>\n\n\n\n<p>D\u00f9ng UDID c\u1ee7a m\u00e1y \u0111\u00e3 \u0111\u0103ng k\u00fd th\u00e0nh c\u00f4ng \u0111\u0103ng nh\u1eadp v\u00e0o<br>\ud83d\udc49<strong><a href=\"https:\/\/HAVstore.xyz\" target=\"_blank\" rel=\"noreferrer noopener\">HAV Store<\/a><\/strong> \ud83d\udd17<br>\ud83d\udca5B\u1ea1n c\u00f3 th\u1ec3 t\u1ea3i t\u1ea5t c\u1ea3 \u1ee9ng d\u1ee5ng , game v\u1ec1 s\u1eed d\u1ee5ng \u2714\ufe0f<\/p>\n\n\n\n<p>C\u00e1ch t\u1ea3i Game, \u1ee9ng d\u1ee5ng t\u1eeb HAV Store ?<br>\ud83d\udc49<a href=\"https:\/\/youtu.be\/cckibEdRwlw\" target=\"_blank\" rel=\"noreferrer noopener\">C\u00e1ch t\u1ea3i<\/a><\/p>\n\n\n\n<p>M\u1edf ch\u1ee9c n\u0103ng Nh\u00e0 Ph\u00e1t tri\u1ec3n ?<br>\ud83d\udc49 <a href=\"https:\/\/youtu.be\/tyEklE6ww1o\" target=\"_blank\" rel=\"noreferrer noopener\">C\u00e1ch m\u1edf<\/a><\/p>\n\n\n\n<p>C\u00e1ch Sign \u1ee9ng d\u1ee5ng ngo\u00e0i HAV Store ?<br>\ud83d\udc49 C\u00e1ch Sign&#8230; (\u0110ang c\u1eadp nh\u1eadt)<\/p>\n","protected":false},"excerpt":{"rendered":"<p>\u0110\u0103ng k\u00fd B\u01b0\u1edbc 1 : L\u1ea5y UDID c\u1ee7a Phone \ud83d\udc49C\u00e1ch l\u1ea5y \ud83c\udfacB\u01b0\u1edbc 2 : G\u1eedi UDID cho Admin \u0111\u0103ng k\u00fd [&hellip;]<\/p>\n","protected":false},"author":1,"featured_media":0,"parent":0,"menu_order":0,"comment_status":"closed","ping_status":"closed","template":"","meta":{"site-sidebar-layout":"default","site-content-layout":"","ast-site-content-layout":"","site-content-style":"default","site-sidebar-style":"default","ast-global-header-display":"","ast-banner-title-visibility":"","ast-main-header-display":"","ast-hfb-above-header-display":"","ast-hfb-below-header-display":"","ast-hfb-mobile-header-display":"","site-post-title":"disabled","ast-breadcrumbs-content":"","ast-featured-img":"","footer-sml-layout":"","ast-disable-related-posts":"","theme-transparent-header-meta":"","adv-header-id-meta":"","stick-header-meta":"","header-above-stick-meta":"","header-main-stick-meta":"","header-below-stick-meta":"","astra-migrate-meta-layouts":"default","ast-page-background-enabled":"default","ast-page-background-meta":{"desktop":{"background-color":"var(--ast-global-color-5)","background-image":"","background-repeat":"repeat","background-position":"center center","background-size":"auto","background-attachment":"scroll","background-type":"","background-media":"","overlay-type":"","overlay-color":"","overlay-opacity":"","overlay-gradient":""},"tablet":{"background-color":"","background-image":"","background-repeat":"repeat","background-position":"center center","background-size":"auto","background-attachment":"scroll","background-type":"","background-media":"","overlay-type":"","overlay-color":"","overlay-opacity":"","overlay-gradient":""},"mobile":{"background-color":"","background-image":"","background-repeat":"repeat","background-position":"center center","background-size":"auto","background-attachment":"scroll","background-type":"","background-media":"","overlay-type":"","overlay-color":"","overlay-opacity":"","overlay-gradient":""}},"ast-content-background-meta":{"desktop":{"background-color":"var(--ast-global-color-4)","background-image":"","background-repeat":"repeat","background-position":"center center","background-size":"auto","background-attachment":"scroll","background-type":"","background-media":"","overlay-type":"","overlay-color":"","overlay-opacity":"","overlay-gradient":""},"tablet":{"background-color":"var(--ast-global-color-4)","background-image":"","background-repeat":"repeat","background-position":"center center","background-size":"auto","background-attachment":"scroll","background-type":"","background-media":"","overlay-type":"","overlay-color":"","overlay-opacity":"","overlay-gradient":""},"mobile":{"background-color":"var(--ast-global-color-4)","background-image":"","background-repeat":"repeat","background-position":"center center","background-size":"auto","background-attachment":"scroll","background-type":"","background-media":"","overlay-type":"","overlay-color":"","overlay-opacity":"","overlay-gradient":""}},"footnotes":""},"class_list":["post-1882","page","type-page","status-publish","hentry"],"_links":{"self":[{"href":"https:\/\/www.havteam.me\/index.php?rest_route=\/wp\/v2\/pages\/1882","targetHints":{"allow":["GET"]}}],"collection":[{"href":"https:\/\/www.havteam.me\/index.php?rest_route=\/wp\/v2\/pages"}],"about":[{"href":"https:\/\/www.havteam.me\/index.php?rest_route=\/wp\/v2\/types\/page"}],"author":[{"embeddable":true,"href":"https:\/\/www.havteam.me\/index.php?rest_route=\/wp\/v2\/users\/1"}],"replies":[{"embeddable":true,"href":"https:\/\/www.havteam.me\/index.php?rest_route=%2Fwp%2Fv2%2Fcomments&post=1882"}],"version-history":[{"count":24,"href":"https:\/\/www.havteam.me\/index.php?rest_route=\/wp\/v2\/pages\/1882\/revisions"}],"predecessor-version":[{"id":5847,"href":"https:\/\/www.havteam.me\/index.php?rest_route=\/wp\/v2\/pages\/1882\/revisions\/5847"}],"wp:attachment":[{"href":"https:\/\/www.havteam.me\/index.php?rest_route=%2Fwp%2Fv2%2Fmedia&parent=1882"}],"curies":[{"name":"wp","href":"https:\/\/api.w.org\/{rel}","templated":true}]}}