{"id":178,"date":"2025-03-26T16:03:08","date_gmt":"2025-03-26T16:03:08","guid":{"rendered":"https:\/\/havteam.me\/?page_id=178"},"modified":"2026-04-02T12:17:04","modified_gmt":"2026-04-02T12:17:04","slug":"key-decor","status":"publish","type":"page","link":"https:\/\/www.havteam.me\/?page_id=178","title":{"rendered":"Key Decor"},"content":{"rendered":"\n<div class=\"wp-block-columns is-not-stacked-on-mobile is-layout-flex wp-container-core-columns-is-layout-07b7b7eb wp-block-columns-is-layout-flex\" style=\"padding-top:0;padding-right:0;padding-bottom:0;padding-left:0\">\n<div class=\"wp-block-column is-layout-flow wp-block-column-is-layout-flow\" style=\"flex-basis:50%\">\n<h3 class=\"wp-block-heading\">Ti\u1ec7n \u00edch<\/h3>\n<\/div>\n\n\n\n<div class=\"wp-block-column is-layout-flow wp-block-column-is-layout-flow\" style=\"flex-basis:55%\">\n<div class=\"wp-block-buttons is-content-justification-right is-nowrap is-layout-flex wp-container-core-buttons-is-layout-5355fa85 wp-block-buttons-is-layout-flex\">\n<div class=\"wp-block-button is-style-outline is-style-outline--1\"><a class=\"wp-block-button__link wp-element-button\" href=\"https:\/\/www.havteam.me\/?page_id=3942\" target=\"_blank\" rel=\"noopener\">\ud83d\udce5<\/a><\/div>\n<\/div>\n<\/div>\n<\/div>\n\n\n\n<p><\/p>\n\n\n\n<div class=\"wp-block-columns is-not-stacked-on-mobile is-layout-flex wp-container-core-columns-is-layout-a5331a9e wp-block-columns-is-layout-flex\" style=\"padding-top:0;padding-right:0;padding-bottom:0;padding-left:0\">\n<div class=\"wp-block-column is-layout-flow wp-block-column-is-layout-flow\">\n<h2 class=\"wp-block-heading has-text-align-center\"> \u22c6\u22c5\u2606\u22c5\u22c6 <br><span class=\"notranslate\">KEY DECOR<\/span><\/h2>\n<\/div>\n\n\n\n<div class=\"wp-block-column is-layout-flow wp-block-column-is-layout-flow\" style=\"padding-top:0;padding-right:0;padding-bottom:0;padding-left:0\">\n<div class=\"wp-block-columns is-not-stacked-on-mobile is-layout-flex wp-container-core-columns-is-layout-28f84493 wp-block-columns-is-layout-flex\">\n<div class=\"wp-block-column is-layout-flow wp-block-column-is-layout-flow\">\n<figure class=\"wp-block-image aligncenter size-full is-resized wp-duotone-grayscale\"><a href=\"https:\/\/www.havteam.me\/?page_id=110\" target=\"_blank\" rel=\"noopener\"><img fetchpriority=\"high\" decoding=\"async\" width=\"730\" height=\"726\" src=\"https:\/\/www.havteam.me\/wp-content\/uploads\/2025\/04\/Svip111.png\" alt=\"\" class=\"wp-image-1841\" style=\"object-fit:cover;width:70px;height:70px\" srcset=\"https:\/\/havteam.me\/wp-content\/uploads\/2025\/04\/Svip111.png 730w, https:\/\/havteam.me\/wp-content\/uploads\/2025\/04\/Svip111-100x100.png 100w, https:\/\/havteam.me\/wp-content\/uploads\/2025\/04\/Svip111-600x597.png 600w, https:\/\/havteam.me\/wp-content\/uploads\/2025\/04\/Svip111-64x64.png 64w, https:\/\/havteam.me\/wp-content\/uploads\/2025\/04\/Svip111-300x298.png 300w, https:\/\/havteam.me\/wp-content\/uploads\/2025\/04\/Svip111-150x150.png 150w\" sizes=\"(max-width: 730px) 100vw, 730px\" \/><\/a><\/figure>\n<\/div>\n\n\n\n<div class=\"wp-block-column is-layout-flow wp-block-column-is-layout-flow\">\n<figure class=\"wp-block-image aligncenter size-full is-resized has-custom-border is-style-default\" style=\"margin-top:0;margin-bottom:0\"><img decoding=\"async\" width=\"730\" height=\"726\" src=\"https:\/\/www.havteam.me\/wp-content\/uploads\/2025\/04\/decor2.png\" alt=\"\" class=\"wp-image-1842\" style=\"border-style:none;border-width:0px;border-radius:0px;object-fit:cover;width:70px;height:70px\" srcset=\"https:\/\/havteam.me\/wp-content\/uploads\/2025\/04\/decor2.png 730w, https:\/\/havteam.me\/wp-content\/uploads\/2025\/04\/decor2-100x100.png 100w, https:\/\/havteam.me\/wp-content\/uploads\/2025\/04\/decor2-600x597.png 600w, https:\/\/havteam.me\/wp-content\/uploads\/2025\/04\/decor2-64x64.png 64w, https:\/\/havteam.me\/wp-content\/uploads\/2025\/04\/decor2-300x298.png 300w, https:\/\/havteam.me\/wp-content\/uploads\/2025\/04\/decor2-150x150.png 150w\" sizes=\"(max-width: 730px) 100vw, 730px\" \/><\/figure>\n<\/div>\n<\/div>\n<\/div>\n<\/div>\n\n\n\n<p><\/p>\n\n\n\n<h4 class=\"wp-block-heading\"><strong>L\u1ea5y c\u00e1c trang tr\u00ed trong c\u00e1c \u00d4 \u0111\u1ea5t b\u00ean \u0111\u01b0\u1eddng, kh\u00f4ng c\u1ea7n m\u1edf \u0111\u1ea5t.<\/strong><\/h4>\n\n\n\n<p class=\"has-text-align-left\">\ud83d\udca5Kh\u00f4ng ch\u1eb7t c\u00e2y, n\u1ed5 \u0111\u00e1 ,&#8230; Ch\u1ec9 thu c\u1ea5t c\u00e1c trang tr\u00ed v\u00e0o kho nh\u01b0 Clip HD<br>\ud83d\udca5Trong th\u1eddi h\u1ea1n c\u1ee7a Key c\u00f3 th\u1ec3 \u0111\u0103ng nh\u1eadp nhi\u1ec1u Farm \u0111\u1ec3 l\u1ea5y<br>\ud83d\udca5 Key Decor ch\u1ec9 s\u1eed d\u1ee5ng \u0111\u01b0\u1ee3c tr\u00ean ver FOX Pro<br><strong><mark style=\"background-color:rgba(0, 0, 0, 0);color:#ff6900\" class=\"has-inline-color\">*** Nhi\u1ec1u Farm s\u1ebd b\u1ecb Reload ho\u1eb7c Out Farm , c\u1ee9 nhanh tay \u0111\u1ed5i Farm l\u1ea5y trang tr\u00ed c\u1ea5t v\u00e0o kho &#8230;.<\/mark><\/strong><\/p>\n\n\n\n<p>B\u1eb1ng c\u00e1ch n\u00e0o ?<br>1. D\u00f9ng b\u1ea3n FOX Pro \ud83d\udc49 <strong><a href=\"https:\/\/www.havteam.me\/?page_id=3942\" target=\"_blank\" rel=\"noopener\">T\u1ea3i t\u1ea1i \u0111\u00e2y<\/a><\/strong><br>2. Mua Key Decor \ud83d\udc49 <a href=\"https:\/\/www.havteam.me\/?page_id=116\" target=\"_blank\" rel=\"noopener\">Mua t\u1ea1i \u0111\u00e2y<\/a><br>3. Nh\u1eadp Key (2) v\u00e0o FOX Pro<br>N\u1ebfu b\u1ea1n \u0111ang s\u1eed d\u1ee5ng Key Svip, c\u00f3 th\u1ec3 Sign Out key t\u1eeb Menu, <br>Sau khi s\u1eed d\u1ee5ng xong Key Decor , c\u00f3 th\u1ec3 \u0111\u0103ng nh\u1eadp l\u1ea1i key Svip<br>4. Login Mail Farm c\u1ea7n l\u1ea5y <br>(C\u00f3 th\u1ec3 \u0111\u0103ng nh\u1eadp nhi\u1ec1u Farm l\u1ea5y trang tr\u00ed, trong th\u1eddi h\u1ea1n Key)<br>5. C\u1ea5t trang tr\u00ed v\u00e0o Kho (Xem video \ud83d\udc47)<\/p>\n\n\n\n<figure class=\"wp-block-video\"><video height=\"720\" style=\"aspect-ratio: 900 \/ 720;\" width=\"900\" controls src=\"https:\/\/www.havteam.me\/wp-content\/uploads\/2025\/04\/FOX.mp4\"><\/video><\/figure>\n","protected":false},"excerpt":{"rendered":"<p>Ti\u1ec7n \u00edch \u22c6\u22c5\u2606\u22c5\u22c6 KEY DECOR L\u1ea5y c\u00e1c trang tr\u00ed trong c\u00e1c \u00d4 \u0111\u1ea5t b\u00ean \u0111\u01b0\u1eddng, kh\u00f4ng c\u1ea7n m\u1edf \u0111\u1ea5t. \ud83d\udca5Kh\u00f4ng [&hellip;]<\/p>\n","protected":false},"author":1,"featured_media":0,"parent":0,"menu_order":0,"comment_status":"closed","ping_status":"closed","template":"","meta":{"site-sidebar-layout":"default","site-content-layout":"","ast-site-content-layout":"","site-content-style":"default","site-sidebar-style":"default","ast-global-header-display":"","ast-banner-title-visibility":"","ast-main-header-display":"","ast-hfb-above-header-display":"","ast-hfb-below-header-display":"","ast-hfb-mobile-header-display":"","site-post-title":"disabled","ast-breadcrumbs-content":"","ast-featured-img":"","footer-sml-layout":"","ast-disable-related-posts":"","theme-transparent-header-meta":"","adv-header-id-meta":"","stick-header-meta":"","header-above-stick-meta":"","header-main-stick-meta":"","header-below-stick-meta":"","astra-migrate-meta-layouts":"default","ast-page-background-enabled":"default","ast-page-background-meta":{"desktop":{"background-color":"var(--ast-global-color-5)","background-image":"","background-repeat":"repeat","background-position":"center center","background-size":"auto","background-attachment":"scroll","background-type":"","background-media":"","overlay-type":"","overlay-color":"","overlay-opacity":"","overlay-gradient":""},"tablet":{"background-color":"","background-image":"","background-repeat":"repeat","background-position":"center center","background-size":"auto","background-attachment":"scroll","background-type":"","background-media":"","overlay-type":"","overlay-color":"","overlay-opacity":"","overlay-gradient":""},"mobile":{"background-color":"","background-image":"","background-repeat":"repeat","background-position":"center center","background-size":"auto","background-attachment":"scroll","background-type":"","background-media":"","overlay-type":"","overlay-color":"","overlay-opacity":"","overlay-gradient":""}},"ast-content-background-meta":{"desktop":{"background-color":"var(--ast-global-color-4)","background-image":"","background-repeat":"repeat","background-position":"center center","background-size":"auto","background-attachment":"scroll","background-type":"","background-media":"","overlay-type":"","overlay-color":"","overlay-opacity":"","overlay-gradient":""},"tablet":{"background-color":"var(--ast-global-color-4)","background-image":"","background-repeat":"repeat","background-position":"center center","background-size":"auto","background-attachment":"scroll","background-type":"","background-media":"","overlay-type":"","overlay-color":"","overlay-opacity":"","overlay-gradient":""},"mobile":{"background-color":"var(--ast-global-color-4)","background-image":"","background-repeat":"repeat","background-position":"center center","background-size":"auto","background-attachment":"scroll","background-type":"","background-media":"","overlay-type":"","overlay-color":"","overlay-opacity":"","overlay-gradient":""}},"footnotes":""},"class_list":["post-178","page","type-page","status-publish","hentry"],"_links":{"self":[{"href":"https:\/\/www.havteam.me\/index.php?rest_route=\/wp\/v2\/pages\/178","targetHints":{"allow":["GET"]}}],"collection":[{"href":"https:\/\/www.havteam.me\/index.php?rest_route=\/wp\/v2\/pages"}],"about":[{"href":"https:\/\/www.havteam.me\/index.php?rest_route=\/wp\/v2\/types\/page"}],"author":[{"embeddable":true,"href":"https:\/\/www.havteam.me\/index.php?rest_route=\/wp\/v2\/users\/1"}],"replies":[{"embeddable":true,"href":"https:\/\/www.havteam.me\/index.php?rest_route=%2Fwp%2Fv2%2Fcomments&post=178"}],"version-history":[{"count":76,"href":"https:\/\/www.havteam.me\/index.php?rest_route=\/wp\/v2\/pages\/178\/revisions"}],"predecessor-version":[{"id":5609,"href":"https:\/\/www.havteam.me\/index.php?rest_route=\/wp\/v2\/pages\/178\/revisions\/5609"}],"wp:attachment":[{"href":"https:\/\/www.havteam.me\/index.php?rest_route=%2Fwp%2Fv2%2Fmedia&parent=178"}],"curies":[{"name":"wp","href":"https:\/\/api.w.org\/{rel}","templated":true}]}}