{"id":1384,"date":"2025-04-07T16:22:25","date_gmt":"2025-04-07T16:22:25","guid":{"rendered":"https:\/\/havteam.me\/?page_id=1384"},"modified":"2026-04-15T03:52:24","modified_gmt":"2026-04-15T03:52:24","slug":"cau-hoi-thuong-gap","status":"publish","type":"page","link":"https:\/\/www.havteam.me\/?page_id=1384","title":{"rendered":"C\u00e2u h\u1ecfi th\u01b0\u1eddng g\u1eb7p"},"content":{"rendered":"\n<figure class=\"wp-block-image aligncenter size-large is-resized\"><img fetchpriority=\"high\" decoding=\"async\" width=\"1024\" height=\"388\" src=\"https:\/\/www.havteam.me\/wp-content\/uploads\/2025\/05\/FAQ-1024x388.png\" alt=\"\" class=\"wp-image-2366\" style=\"aspect-ratio:2.639241270991905;width:422px;height:auto\" srcset=\"https:\/\/havteam.me\/wp-content\/uploads\/2025\/05\/FAQ-1024x388.png 1024w, https:\/\/havteam.me\/wp-content\/uploads\/2025\/05\/FAQ-600x227.png 600w, https:\/\/havteam.me\/wp-content\/uploads\/2025\/05\/FAQ-64x24.png 64w, https:\/\/havteam.me\/wp-content\/uploads\/2025\/05\/FAQ-300x114.png 300w, https:\/\/havteam.me\/wp-content\/uploads\/2025\/05\/FAQ-768x291.png 768w, https:\/\/havteam.me\/wp-content\/uploads\/2025\/05\/FAQ.png 1484w\" sizes=\"(max-width: 1024px) 100vw, 1024px\" \/><figcaption class=\"wp-element-caption\">C\u00e1c c\u00e2u h\u1ecfi th\u01b0\u1eddng g\u1eb7p (FAQ)<\/figcaption><\/figure>\n\n\n\n<p class=\"popmake-2413\">01<strong>\u2753D\u00f9ng F\ud83e\udd8aX c\u00f3 b\u1ecb kh\u00f3a kh\u00f4ng ? c\u00f3 b\u1ecb Ban kh\u00f4ng ? <\/strong>\ud83d\udc49 <strong>Tr\u1ea3 l\u1eddi<\/strong>&#8230;<\/p>\n\n\n\n<p class=\"popmake-2434\">02<strong>\u2753D\u00f9ng<\/strong> <strong>F<strong>\ud83e\udd8a<\/strong>X l\u00e0 t\u1ef1 \u0111\u1ed9ng c\u00e0o l\u00faa, Auto &#8230; , c\u00f3 Bug Kim c\u01b0\u01a1ng , Bug V\u1eadt ph\u1ea9m &#8230;?<\/strong>\ud83d\udc49 <strong>Tr\u1ea3 l\u1eddi<\/strong>&#8230;<\/p>\n\n\n\n<p class=\"popmake-2439\">03<strong>\u2753Gia h\u1ea1n Key c\u0169, \u0111\u1ed5i key m\u1edbi c\u00f3 c\u1ea7n \u0111\u0103ng nh\u1eadp l\u1ea1i Farm kh\u00f4ng ?<\/strong>\ud83d\udc49 <strong>Tr\u1ea3 l\u1eddi<\/strong>&#8230;<\/p>\n\n\n\n<p class=\"popmake-2444\">04<strong>\u2753\u0110\u0103ng nh\u1eadp Key c\u0169 qua \u0110i\u1ec7n tho\u1ea1i m\u1edbi th\u00ec d\u1eef li\u1ec7u \u1edf \u0111i\u1ec7n tho\u1ea1i c\u0169 c\u00f3 t\u1ef1 chuy\u1ec3n qua \u0111i\u1ec7n tho\u1ea1i m\u1edbi kh\u00f4ng ?<\/strong>\ud83d\udc49 <strong>Tr\u1ea3 l\u1eddi<\/strong>&#8230;<\/p>\n\n\n\n<p class=\"popmake-2449\">05<strong>\u2753X\u00f3a F\ud83e\udd8aX c\u00f3 m\u1ea5t D\u1eef li\u1ec7u Farm kh\u00f4ng ?<\/strong>\ud83d\udc49 <strong>Tr\u1ea3 l\u1eddi<\/strong>&#8230;<\/p>\n\n\n\n<p class=\"popmake-2456\">06<strong>\u2753Mu\u1ed1n \u0111\u1ed5i Key qua thi\u1ebft b\u1ecb m\u1edbi ?<\/strong>\ud83d\udc49 <strong>Tr\u1ea3 l\u1eddi<\/strong>&#8230;<\/p>\n\n\n\n<p class=\"popmake-2826\">07<strong>\u2753V\u00e0o \u1ee9ng d\u1ee5ng thanh to\u00e1n , th\u00f4ng b\u00e1o x\u00f3a <strong>F\ud83e\udd8aX<\/strong> ?<\/strong> \ud83d\udc49 <strong>Tr\u1ea3 l\u1eddi<\/strong>&#8230;<\/p>\n\n\n\n<p class=\"popmake-2471\">08<strong>\u2753iOs c\u00f3 \u0111\u0103ng nh\u1eadp \u0111\u01b0\u1ee3c Farm Token kh\u00f4ng ?<\/strong> \ud83d\udc49 <strong>Tr\u1ea3 l\u1eddi<\/strong>&#8230;<\/p>\n\n\n\n<p class=\"popmake-2903\">09<strong>\u2753Key c\u00f3 th\u1ec3 \u0111\u0103ng nh\u1eadp <strong><strong>F\ud83e\udd8aX<\/strong><\/strong><\/strong> v\u00e0 <strong style=\"font-weight: bold;\">F\ud83e\udd8aX<\/strong> <strong>beta tr\u00ean m\u1ed9t \u0110i\u1ec7n tho\u1ea1i kh\u00f4ng ?<\/strong> \ud83d\udc49 <strong>Tr\u1ea3 l\u1eddi<\/strong>&#8230;<\/p>\n\n\n\n<p class=\"popmake-2916\">12<strong>\u2753T\u1eaft t\u1ef1 \u0111\u1ed9ng c\u1eadp nh\u1eadt h\u1ec7 \u0111i\u1ec1u h\u00e0nh phi\u00ean b\u1ea3n Android ? <\/strong>\ud83d\udc49 <strong>Tr\u1ea3 l\u1eddi<\/strong>&#8230;<\/p>\n\n\n\n<p>***D\u1eef li\u1ec7u Farm (Farm c\u00f3 mail)<br>***Farm Token (Farm kh\u00f4ng mail)<\/p>\n\n\n\n<p><\/p>\n","protected":false},"excerpt":{"rendered":"<p>01\u2753D\u00f9ng F\ud83e\udd8aX c\u00f3 b\u1ecb kh\u00f3a kh\u00f4ng ? c\u00f3 b\u1ecb Ban kh\u00f4ng ? \ud83d\udc49 Tr\u1ea3 l\u1eddi&#8230; 02\u2753D\u00f9ng F\ud83e\udd8aX l\u00e0 t\u1ef1 \u0111\u1ed9ng [&hellip;]<\/p>\n","protected":false},"author":1,"featured_media":0,"parent":0,"menu_order":0,"comment_status":"closed","ping_status":"closed","template":"","meta":{"site-sidebar-layout":"default","site-content-layout":"","ast-site-content-layout":"","site-content-style":"default","site-sidebar-style":"default","ast-global-header-display":"","ast-banner-title-visibility":"","ast-main-header-display":"","ast-hfb-above-header-display":"","ast-hfb-below-header-display":"","ast-hfb-mobile-header-display":"","site-post-title":"disabled","ast-breadcrumbs-content":"","ast-featured-img":"","footer-sml-layout":"","ast-disable-related-posts":"","theme-transparent-header-meta":"","adv-header-id-meta":"","stick-header-meta":"","header-above-stick-meta":"","header-main-stick-meta":"","header-below-stick-meta":"","astra-migrate-meta-layouts":"default","ast-page-background-enabled":"default","ast-page-background-meta":{"desktop":{"background-color":"var(--ast-global-color-5)","background-image":"","background-repeat":"repeat","background-position":"center center","background-size":"auto","background-attachment":"scroll","background-type":"","background-media":"","overlay-type":"","overlay-color":"","overlay-opacity":"","overlay-gradient":""},"tablet":{"background-color":"","background-image":"","background-repeat":"repeat","background-position":"center center","background-size":"auto","background-attachment":"scroll","background-type":"","background-media":"","overlay-type":"","overlay-color":"","overlay-opacity":"","overlay-gradient":""},"mobile":{"background-color":"","background-image":"","background-repeat":"repeat","background-position":"center center","background-size":"auto","background-attachment":"scroll","background-type":"","background-media":"","overlay-type":"","overlay-color":"","overlay-opacity":"","overlay-gradient":""}},"ast-content-background-meta":{"desktop":{"background-color":"var(--ast-global-color-4)","background-image":"","background-repeat":"repeat","background-position":"center center","background-size":"auto","background-attachment":"scroll","background-type":"","background-media":"","overlay-type":"","overlay-color":"","overlay-opacity":"","overlay-gradient":""},"tablet":{"background-color":"var(--ast-global-color-4)","background-image":"","background-repeat":"repeat","background-position":"center center","background-size":"auto","background-attachment":"scroll","background-type":"","background-media":"","overlay-type":"","overlay-color":"","overlay-opacity":"","overlay-gradient":""},"mobile":{"background-color":"var(--ast-global-color-4)","background-image":"","background-repeat":"repeat","background-position":"center center","background-size":"auto","background-attachment":"scroll","background-type":"","background-media":"","overlay-type":"","overlay-color":"","overlay-opacity":"","overlay-gradient":""}},"footnotes":""},"class_list":["post-1384","page","type-page","status-publish","hentry"],"_links":{"self":[{"href":"https:\/\/www.havteam.me\/index.php?rest_route=\/wp\/v2\/pages\/1384","targetHints":{"allow":["GET"]}}],"collection":[{"href":"https:\/\/www.havteam.me\/index.php?rest_route=\/wp\/v2\/pages"}],"about":[{"href":"https:\/\/www.havteam.me\/index.php?rest_route=\/wp\/v2\/types\/page"}],"author":[{"embeddable":true,"href":"https:\/\/www.havteam.me\/index.php?rest_route=\/wp\/v2\/users\/1"}],"replies":[{"embeddable":true,"href":"https:\/\/www.havteam.me\/index.php?rest_route=%2Fwp%2Fv2%2Fcomments&post=1384"}],"version-history":[{"count":57,"href":"https:\/\/www.havteam.me\/index.php?rest_route=\/wp\/v2\/pages\/1384\/revisions"}],"predecessor-version":[{"id":5788,"href":"https:\/\/www.havteam.me\/index.php?rest_route=\/wp\/v2\/pages\/1384\/revisions\/5788"}],"wp:attachment":[{"href":"https:\/\/www.havteam.me\/index.php?rest_route=%2Fwp%2Fv2%2Fmedia&parent=1384"}],"curies":[{"name":"wp","href":"https:\/\/api.w.org\/{rel}","templated":true}]}}