{"id":116,"date":"2025-03-26T13:58:27","date_gmt":"2025-03-26T13:58:27","guid":{"rendered":"https:\/\/havteam.me\/?page_id=116"},"modified":"2026-04-25T06:11:47","modified_gmt":"2026-04-25T06:11:47","slug":"gia-key-thanh-toan","status":"publish","type":"page","link":"https:\/\/www.havteam.me\/?page_id=116","title":{"rendered":"Gi\u00e1 &amp; Thanh to\u00e1n"},"content":{"rendered":"\n<div class=\"wp-block-columns is-not-stacked-on-mobile is-layout-flex wp-container-core-columns-is-layout-07b7b7eb wp-block-columns-is-layout-flex\" style=\"padding-top:0;padding-right:0;padding-bottom:0;padding-left:0\">\n<div class=\"wp-block-column is-layout-flow wp-block-column-is-layout-flow\" style=\"flex-basis:50%\">\n<h3 class=\"wp-block-heading\">\ud83d\udcb8Gi\u00e1 Key Android<\/h3>\n<\/div>\n\n\n\n<div class=\"wp-block-column is-layout-flow wp-block-column-is-layout-flow\" style=\"flex-basis:50%\">\n<div class=\"wp-block-buttons is-content-justification-right is-nowrap is-layout-flex wp-container-core-buttons-is-layout-5355fa85 wp-block-buttons-is-layout-flex\">\n<div class=\"wp-block-button is-style-outline is-style-outline--1\"><a class=\"wp-block-button__link has-small-font-size has-custom-font-size wp-element-button\" href=\"https:\/\/www.havteam.me\/?page_id=2974\" target=\"_blank\" rel=\"noopener\"><mark style=\"background-color:rgba(0, 0, 0, 0)\" class=\"has-inline-color has-ast-global-color-2-color\">iOs<\/mark><\/a><\/div>\n<\/div>\n<\/div>\n<\/div>\n\n\n\n<p><\/p>\n\n\n\n<div class=\"wp-block-buttons is-content-justification-center is-layout-flex wp-container-core-buttons-is-layout-a89b3969 wp-block-buttons-is-layout-flex\">\n<div class=\"wp-block-button\"><a class=\"wp-block-button__link wp-element-button\">\ud83c\uddfb\ud83c\uddf3<strong><span class=\"notranslate\">VND<\/span><\/strong><\/a><\/div>\n\n\n\n<div class=\"wp-block-button is-style-outline is-style-outline--2\"><a class=\"wp-block-button__link wp-element-button\" href=\"https:\/\/www.havteam.me\/?page_id=2217\" target=\"_blank\" rel=\"noopener\">\ud83c\udf0d<span class=\"notranslate\">USDT<\/span><\/a><\/div>\n<\/div>\n\n\n\n<div class=\"wp-block-columns is-not-stacked-on-mobile is-layout-flex wp-container-core-columns-is-layout-98fb3ab0 wp-block-columns-is-layout-flex\" style=\"padding-top:0;padding-right:0;padding-bottom:0;padding-left:0\">\n<div class=\"wp-block-column is-layout-flow wp-block-column-is-layout-flow\">\n<h4 class=\"wp-block-heading has-text-align-left\">\ud83d\udd11 <a href=\"https:\/\/www.havteam.me\/?page_id=110\" target=\"_blank\" rel=\"noopener\"><mark style=\"background-color:rgba(0, 0, 0, 0)\" class=\"has-inline-color has-ast-global-color-2-color\">Svip<\/mark> <mark style=\"background-color:rgba(0, 0, 0, 0);color:#ff6900\" class=\"has-inline-color\">\u24d8<\/mark><\/a><br><br>\ud83d\udd11 <a href=\"https:\/\/www.havteam.me\/?page_id=202\" target=\"_blank\" rel=\"noopener\"><mark style=\"background-color:rgba(0, 0, 0, 0)\" class=\"has-inline-color has-ast-global-color-2-color\">B\u00e0n ph\u00edm<\/mark> <mark style=\"background-color:rgba(0, 0, 0, 0);color:#ff6900\" class=\"has-inline-color\">\u24d8<\/mark><\/a><mark style=\"background-color:rgba(0, 0, 0, 0)\" class=\"has-inline-color has-ast-global-color-2-color\"><br><\/mark><br>\ud83d\udd11 <a href=\"https:\/\/www.havteam.me\/?page_id=178\" target=\"_blank\" rel=\"noopener\"><mark style=\"background-color:rgba(0, 0, 0, 0)\" class=\"has-inline-color has-ast-global-color-2-color\">Decor<\/mark> <mark style=\"background-color:rgba(0, 0, 0, 0);color:#ff6900\" class=\"has-inline-color\">\u24d8<\/mark><\/a><br><\/h4>\n<\/div>\n\n\n\n<div class=\"wp-block-column is-layout-flow wp-block-column-is-layout-flow\">\n<h4 class=\"wp-block-heading\"> 20K \/ Th\u00e1ng<br><br> 10K \/ Th\u00e1ng<br><br> 10K \/ Gi\u1edd<\/h4>\n<\/div>\n<\/div>\n\n\n\n<figure class=\"wp-block-image aligncenter size-full\"><a href=\"https:\/\/www.havteam.me\/?page_id=4757\" target=\"_blank\" rel=\"noopener\"><img decoding=\"async\" width=\"170\" height=\"75\" src=\"https:\/\/www.havteam.me\/wp-content\/uploads\/2026\/04\/tt.png\" alt=\"\" class=\"wp-image-5775\"\/><\/a><\/figure>\n\n\n\n<div class=\"wp-block-columns is-not-stacked-on-mobile is-layout-flex wp-container-core-columns-is-layout-a5331a9e wp-block-columns-is-layout-flex\" style=\"padding-top:0;padding-right:0;padding-bottom:0;padding-left:0\">\n<div class=\"wp-block-column is-layout-flow wp-block-column-is-layout-flow\">\n<p class=\"has-text-align-center\">* Key m\u1edbi ch\u1ec9 t\u00ednh th\u1eddi gian khi \u0110\u0103ng nh\u1eadp <br>* Key Svip c\u00f3 th\u1ec3 mua v\u00e0 gia h\u1ea1n nhi\u1ec1u th\u00e1ng<br>* Key mua r\u00f9i kh\u00f4ng ho\u00e0n tr\u1ea3<\/p>\n<\/div>\n<\/div>\n\n\n\n<h4 class=\"wp-block-heading has-text-align-center\"><mark style=\"background-color:rgba(0, 0, 0, 0);color:#ff6900\" class=\"has-inline-color\">N\u1ebfu kh\u00f4ng th\u1ec3<\/mark> <strong><mark style=\"background-color:rgba(0, 0, 0, 0);color:#ff6900\" class=\"has-inline-color\">thanh to\u00e1n b\u1eb1ng VN\u0110 hay USDT <\/mark><\/strong><br><strong><mark style=\"background-color:rgba(0, 0, 0, 0);color:#ff6900\" class=\"has-inline-color\">C\u00f3 th\u1ec3 mua t\u1eeb \u0111\u1ed1i t\u00e1c c\u1ee7a Team<\/mark><\/strong> <mark style=\"background-color:rgba(0, 0, 0, 0);color:#ff6900\" class=\"has-inline-color\"><strong>v\u1edbi c\u00e1c h\u00ecnh th\u1ee9c thanh to\u00e1n kh\u00e1c<\/strong><\/mark> <mark style=\"background-color:rgba(0, 0, 0, 0);color:#ff6900\" class=\"has-inline-color\">.<\/mark><\/h4>\n\n\n\n<h1 class=\"wp-block-heading\"><strong><a href=\"https:\/\/www.havteam.me\/?page_id=4554\" data-type=\"page\" data-id=\"4554\" target=\"_blank\" rel=\"noopener\">\ud83c\uddee\ud83c\udde9<\/a><\/strong> <a href=\"https:\/\/www.havteam.me\/?page_id=4577\" target=\"_blank\" rel=\"noopener\">\ud83c\uddf9\ud83c\uddf7<\/a> <a href=\"https:\/\/www.havteam.me\/?page_id=4580\" target=\"_blank\" rel=\"noopener\">\ud83c\udde6\ud83c\uddff<\/a> <strong><a href=\"https:\/\/www.havteam.me\/?page_id=4573\" target=\"_blank\" rel=\"noopener\">\ud83c\udded\ud83c\uddf0<\/a> <a href=\"https:\/\/www.havteam.me\/?page_id=4503\" target=\"_blank\" rel=\"noopener\">\ud83c\udde8\ud83c\uddf3<\/a><\/strong> <strong><mark style=\"background-color:rgba(0, 0, 0, 0)\" class=\"has-inline-color has-ast-global-color-2-color\"><a href=\"https:\/\/www.havteam.me\/?page_id=4586\" data-type=\"page\" data-id=\"4586\" target=\"_blank\" rel=\"noopener\">\ud83c\uddf0\ud83c\udded<\/a><\/mark><\/strong> <strong><a href=\"https:\/\/www.havteam.me\/?page_id=4618\" data-type=\"page\" data-id=\"4618\" target=\"_blank\" rel=\"noopener\">\ud83c\uddf9\ud83c\udded<\/a> <a href=\"https:\/\/www.havteam.me\/?page_id=4615\" data-type=\"page\" data-id=\"4615\" target=\"_blank\" rel=\"noopener\">\ud83c\uddf1\ud83c\udde6<\/a><\/strong> <a href=\"https:\/\/www.havteam.me\/?page_id=4595\" data-type=\"page\" data-id=\"4595\" target=\"_blank\" rel=\"noopener\">\ud83c\udde7\ud83c\uddf7 \ud83c\uddec\ud83c\udded \ud83c\uddf2\ud83c\uddfe<\/a> <a href=\"https:\/\/www.havteam.me\/?page_id=4606\" data-type=\"page\" data-id=\"4606\" target=\"_blank\" rel=\"noopener\">\ud83c\uddf8\ud83c\udde6 \ud83c\udde7\ud83c\udded \ud83c\uddf0\ud83c\uddfc \ud83c\uddf6\ud83c\udde6 \ud83c\udde6\ud83c\uddea \ud83c\uddf4\ud83c\uddf2<\/a> <a href=\"https:\/\/www.havteam.me\/?page_id=4600\" data-type=\"page\" data-id=\"4600\" target=\"_blank\" rel=\"noopener\">\ud83c\uddee\ud83c\uddf3<\/a> <a href=\"https:\/\/www.havteam.me\/?page_id=4591\" data-type=\"page\" data-id=\"4591\" target=\"_blank\" rel=\"noopener\">\ud83c\uddee\ud83c\uddf6<\/a> <strong><a href=\"https:\/\/www.havteam.me\/?page_id=4627\" data-type=\"page\" data-id=\"4627\" target=\"_blank\" rel=\"noopener\">\ud83c\uddf5\ud83c\uddf0<\/a><\/strong> <a href=\"https:\/\/www.havteam.me\/?page_id=4624\" data-type=\"page\" data-id=\"4624\" target=\"_blank\" rel=\"noopener\">\ud83c\udde9\ud83c\uddea<\/a> <a href=\"https:\/\/www.havteam.me\/?page_id=4621\" data-type=\"page\" data-id=\"4621\" target=\"_blank\" rel=\"noopener\">\ud83c\uddf5\ud83c\uddf1<\/a> <a href=\"https:\/\/www.havteam.me\/?page_id=4611\" data-type=\"page\" data-id=\"4611\" target=\"_blank\" rel=\"noopener\">\ud83c\uddf7\ud83c\uddfa<\/a> <a href=\"https:\/\/www.havteam.me\/?page_id=4714\" target=\"_blank\" rel=\"noopener\">\ud83c\uddf5\ud83c\udded \ud83c\uddf9\ud83c\uddfc<\/a> <a href=\"https:\/\/www.havteam.me\/?page_id=4814\" target=\"_blank\" rel=\"noopener\">\ud83c\uddf8\ud83c\uddfe \ud83c\uddea\ud83c\uddec \ud83c\uddea\ud83c\uddf8<\/a><\/h1>\n\n\n\n<div class=\"wp-block-columns alignwide is-not-stacked-on-mobile is-layout-flex wp-container-core-columns-is-layout-a5331a9e wp-block-columns-is-layout-flex\" style=\"padding-top:0;padding-right:0;padding-bottom:0;padding-left:0\">\n<div class=\"wp-block-column is-vertically-aligned-center is-layout-flow wp-block-column-is-layout-flow\" style=\"padding-top:0;padding-right:0;padding-bottom:0;padding-left:0;flex-basis:19%\">\n<figure class=\"wp-block-image aligncenter size-large is-resized is-style-default\" style=\"margin-right:0;margin-left:0\"><a href=\"https:\/\/www.havteam.me\/?page_id=4549\" target=\"_blank\" rel=\"noopener\"><img fetchpriority=\"high\" decoding=\"async\" width=\"1024\" height=\"683\" src=\"https:\/\/www.havteam.me\/wp-content\/uploads\/2025\/03\/Flag_of_the_Arab_League-1024x683.png\" alt=\"\" class=\"wp-image-398\" style=\"width:30px\" srcset=\"https:\/\/havteam.me\/wp-content\/uploads\/2025\/03\/Flag_of_the_Arab_League-1024x683.png 1024w, https:\/\/havteam.me\/wp-content\/uploads\/2025\/03\/Flag_of_the_Arab_League-600x400.png 600w, https:\/\/havteam.me\/wp-content\/uploads\/2025\/03\/Flag_of_the_Arab_League-64x43.png 64w, https:\/\/havteam.me\/wp-content\/uploads\/2025\/03\/Flag_of_the_Arab_League-300x200.png 300w, https:\/\/havteam.me\/wp-content\/uploads\/2025\/03\/Flag_of_the_Arab_League-768x512.png 768w, https:\/\/havteam.me\/wp-content\/uploads\/2025\/03\/Flag_of_the_Arab_League-1536x1024.png 1536w, https:\/\/havteam.me\/wp-content\/uploads\/2025\/03\/Flag_of_the_Arab_League.png 1599w\" sizes=\"(max-width: 1024px) 100vw, 1024px\" \/><\/a><\/figure>\n<\/div>\n\n\n\n<div class=\"wp-block-column is-layout-flow wp-block-column-is-layout-flow\" style=\"flex-basis:81%\">\n<h4 class=\"wp-block-heading\">\ud83d\udc48  Click ch\u1ecdn  \u261d<\/h4>\n<\/div>\n<\/div>\n\n\n\n<p><\/p>\n\n\n\n<p class=\"has-text-align-center\"><strong><mark style=\"background-color:rgba(0, 0, 0, 0);color:#ff6900\" class=\"has-inline-color\">L\u01b0u \u00fd : Admin kh\u00f4ng qu\u1ea3n l\u00fd gi\u00e1 b\u00e1n, v\u00e0 th\u1eddi gian Online c\u1ee7a c\u00e1c \u0111\u1ed1i t\u00e1c<\/mark><\/strong><\/p>\n","protected":false},"excerpt":{"rendered":"<p>\ud83d\udcb8Gi\u00e1 Key Android \ud83d\udd11 Svip \u24d8 \ud83d\udd11 B\u00e0n ph\u00edm \u24d8\ud83d\udd11 Decor \u24d8 20K \/ Th\u00e1ng 10K \/ Th\u00e1ng 10K \/ [&hellip;]<\/p>\n","protected":false},"author":1,"featured_media":0,"parent":0,"menu_order":0,"comment_status":"closed","ping_status":"closed","template":"","meta":{"site-sidebar-layout":"default","site-content-layout":"","ast-site-content-layout":"","site-content-style":"default","site-sidebar-style":"default","ast-global-header-display":"","ast-banner-title-visibility":"","ast-main-header-display":"","ast-hfb-above-header-display":"","ast-hfb-below-header-display":"","ast-hfb-mobile-header-display":"","site-post-title":"disabled","ast-breadcrumbs-content":"","ast-featured-img":"","footer-sml-layout":"","ast-disable-related-posts":"","theme-transparent-header-meta":"","adv-header-id-meta":"","stick-header-meta":"","header-above-stick-meta":"","header-main-stick-meta":"","header-below-stick-meta":"","astra-migrate-meta-layouts":"default","ast-page-background-enabled":"default","ast-page-background-meta":{"desktop":{"background-color":"var(--ast-global-color-5)","background-image":"","background-repeat":"repeat","background-position":"center center","background-size":"auto","background-attachment":"scroll","background-type":"","background-media":"","overlay-type":"","overlay-color":"","overlay-opacity":"","overlay-gradient":""},"tablet":{"background-color":"","background-image":"","background-repeat":"repeat","background-position":"center center","background-size":"auto","background-attachment":"scroll","background-type":"","background-media":"","overlay-type":"","overlay-color":"","overlay-opacity":"","overlay-gradient":""},"mobile":{"background-color":"","background-image":"","background-repeat":"repeat","background-position":"center center","background-size":"auto","background-attachment":"scroll","background-type":"","background-media":"","overlay-type":"","overlay-color":"","overlay-opacity":"","overlay-gradient":""}},"ast-content-background-meta":{"desktop":{"background-color":"var(--ast-global-color-4)","background-image":"","background-repeat":"repeat","background-position":"center center","background-size":"auto","background-attachment":"scroll","background-type":"","background-media":"","overlay-type":"","overlay-color":"","overlay-opacity":"","overlay-gradient":""},"tablet":{"background-color":"var(--ast-global-color-4)","background-image":"","background-repeat":"repeat","background-position":"center center","background-size":"auto","background-attachment":"scroll","background-type":"","background-media":"","overlay-type":"","overlay-color":"","overlay-opacity":"","overlay-gradient":""},"mobile":{"background-color":"var(--ast-global-color-4)","background-image":"","background-repeat":"repeat","background-position":"center center","background-size":"auto","background-attachment":"scroll","background-type":"","background-media":"","overlay-type":"","overlay-color":"","overlay-opacity":"","overlay-gradient":""}},"footnotes":""},"class_list":["post-116","page","type-page","status-publish","hentry"],"_links":{"self":[{"href":"https:\/\/www.havteam.me\/index.php?rest_route=\/wp\/v2\/pages\/116","targetHints":{"allow":["GET"]}}],"collection":[{"href":"https:\/\/www.havteam.me\/index.php?rest_route=\/wp\/v2\/pages"}],"about":[{"href":"https:\/\/www.havteam.me\/index.php?rest_route=\/wp\/v2\/types\/page"}],"author":[{"embeddable":true,"href":"https:\/\/www.havteam.me\/index.php?rest_route=\/wp\/v2\/users\/1"}],"replies":[{"embeddable":true,"href":"https:\/\/www.havteam.me\/index.php?rest_route=%2Fwp%2Fv2%2Fcomments&post=116"}],"version-history":[{"count":511,"href":"https:\/\/www.havteam.me\/index.php?rest_route=\/wp\/v2\/pages\/116\/revisions"}],"predecessor-version":[{"id":5899,"href":"https:\/\/www.havteam.me\/index.php?rest_route=\/wp\/v2\/pages\/116\/revisions\/5899"}],"wp:attachment":[{"href":"https:\/\/www.havteam.me\/index.php?rest_route=%2Fwp%2Fv2%2Fmedia&parent=116"}],"curies":[{"name":"wp","href":"https:\/\/api.w.org\/{rel}","templated":true}]}}